{"id":972,"date":"2022-03-04T13:37:46","date_gmt":"2022-03-04T12:37:46","guid":{"rendered":"https:\/\/site.educa.madrid.org\/cp.pedrobrimonis.humanes\/?page_id=972"},"modified":"2024-05-20T14:25:45","modified_gmt":"2024-05-20T12:25:45","slug":"proyectos-de-educacion-fisica","status":"publish","type":"page","link":"https:\/\/site.educa.madrid.org\/cp.pedrobrimonis.humanes\/index.php\/proyectos\/proyectos-de-educacion-fisica\/","title":{"rendered":"Proyectos de Educaci\u00f3n F\u00edsica"},"content":{"rendered":"\n\t\t\t<!-- Flexy Breadcrumb -->\n\t\t\t<div class=\"fbc fbc-page\">\n\n\t\t\t\t<!-- Breadcrumb wrapper -->\n\t\t\t\t<div class=\"fbc-wrap\">\n\n\t\t\t\t\t<!-- Ordered list-->\n\t\t\t\t\t<ol class=\"fbc-items\" itemscope itemtype=\"https:\/\/schema.org\/BreadcrumbList\">\n\t\t\t\t\t\t            <li itemprop=\"itemListElement\" itemscope itemtype=\"https:\/\/schema.org\/ListItem\">\n                <span itemprop=\"name\">\n                    <!-- Home Link -->\n                    <a itemprop=\"item\" href=\"https:\/\/site.educa.madrid.org\/cp.pedrobrimonis.humanes\">\n                    \n                        Inicio                    <\/a>\n                <\/span>\n                <meta itemprop=\"position\" content=\"1\" \/><!-- Meta Position-->\n             <\/li><li><span class=\"fbc-separator\">\/<\/span><\/li><li class=\"active\" itemprop=\"itemListElement\" itemscope itemtype=\"https:\/\/schema.org\/ListItem\"><span itemprop=\"name\" title=\"Novedades\">Novedades<\/span><meta itemprop=\"position\" content=\"2\" \/><\/li>\t\t\t\t\t<\/ol>\n\t\t\t\t\t<div class=\"clearfix\"><\/div>\n\t\t\t\t<\/div>\n\t\t\t<\/div>\n\t\t\t\n\n\n\n<h2 class=\"wp-block-heading\">Proyectos de Educaci\u00f3n F\u00edsica<\/h2>\n\n\n\n<h3 class=\"wp-block-heading\"><a href=\"https:\/\/site.educa.madrid.org\/cp.pedrobrimonis.humanes\/index.php\/2024\/05\/17\/encuentros-por-el-juego-y-la-amistad-humanes-de-madrid-2024\/\" target=\"_blank\" rel=\"noreferrer noopener\">Encuentros por el Juego y la Amistad Humanes 2024<\/a><\/h3>\n\n\n\n<figure class=\"wp-block-image size-large is-resized\"><img loading=\"lazy\" decoding=\"async\" src=\"https:\/\/site.educa.madrid.org\/cp.pedrobrimonis.humanes\/\/wp-content\/uploads\/cp.pedrobrimonis.humanes\/2024\/05\/17encuentros_humanes_2024-724x1024.jpg\" alt=\"\" class=\"wp-image-4132\" width=\"181\" height=\"256\" title=\"XV Encuentros por el Juego y la Amistad de Humanes de Madrid\" srcset=\"https:\/\/site.educa.madrid.org\/cp.pedrobrimonis.humanes\/\/wp-content\/uploads\/cp.pedrobrimonis.humanes\/2024\/05\/17encuentros_humanes_2024-724x1024.jpg 724w, https:\/\/site.educa.madrid.org\/cp.pedrobrimonis.humanes\/\/wp-content\/uploads\/cp.pedrobrimonis.humanes\/2024\/05\/17encuentros_humanes_2024-212x300.jpg 212w, https:\/\/site.educa.madrid.org\/cp.pedrobrimonis.humanes\/\/wp-content\/uploads\/cp.pedrobrimonis.humanes\/2024\/05\/17encuentros_humanes_2024-768x1086.jpg 768w, https:\/\/site.educa.madrid.org\/cp.pedrobrimonis.humanes\/\/wp-content\/uploads\/cp.pedrobrimonis.humanes\/2024\/05\/17encuentros_humanes_2024-1086x1536.jpg 1086w, https:\/\/site.educa.madrid.org\/cp.pedrobrimonis.humanes\/\/wp-content\/uploads\/cp.pedrobrimonis.humanes\/2024\/05\/17encuentros_humanes_2024-1448x2048.jpg 1448w, https:\/\/site.educa.madrid.org\/cp.pedrobrimonis.humanes\/\/wp-content\/uploads\/cp.pedrobrimonis.humanes\/2024\/05\/17encuentros_humanes_2024-scaled.jpg 1810w\" sizes=\"auto, (max-width: 181px) 100vw, 181px\" \/><\/figure>\n\n\n\n<p>Desde este enlace puedes acceder a todas las noticias relacionadas con los XVII Encuentros por el Juego y la Amistad de Humanes de Madrid&nbsp; que se celebrar\u00e1n desde el 27 al 31 de mayo de 2024. <strong><a href=\"https:\/\/site.educa.madrid.org\/cp.pedrobrimonis.humanes\/index.php\/2024\/05\/17\/encuentros-por-el-juego-y-la-amistad-humanes-de-madrid-2024\/\" data-type=\"URL\" data-id=\"https:\/\/site.educa.madrid.org\/cp.pedrobrimonis.humanes\/index.php\/2024\/05\/17\/encuentros-por-el-juego-y-la-amistad-humanes-de-madrid-2024\/\">Leer m\u00e1s<\/a><\/strong>.<\/p>\n\n\n\n<p><\/p>\n\n\n\n<h3 class=\"wp-block-heading\"><a href=\"https:\/\/www.educa2.madrid.org\/web\/centro.cp.pedrobrimonis.humanes\/encuentros_deportivos\/-\/visor\/encuentros-por-el-juego-y-la-amistad-humanes-2019\" target=\"_blank\" rel=\"noreferrer noopener\">Encuentros por el Juego y la Amistad Humanes 2019<\/a><\/h3>\n\n\n\n<figure class=\"wp-block-image\"><img decoding=\"async\" src=\"https:\/\/www.educa2.madrid.org\/web\/educamadrid\/principal\/files\/b3ceed1c-d984-4dfe-87b4-a65be4c273ed\/15encuentros_humanes_2019p.png?thumbnail=true\" alt=\"XV Encuentros por el Juego y la Amistad de Humanes de Madrid\" title=\"XV Encuentros por el Juego y la Amistad de Humanes de Madrid\"\/><\/figure>\n\n\n\n<p>Desde este enlace puedes acceder a todas las noticias relacionadas con los XV Encuentros por el Juego y la Amistad de Humanes de Madrid&nbsp; que se celebrar\u00e1n desde el 27 al 31 de mayo de 2019. <strong><a rel=\"noreferrer noopener\" href=\"https:\/\/site.educa.madrid.org\/cp.pedrobrimonis.humanes\/index.php\/2019\/03\/16\/encuentros-por-el-juego-y-la-amistad-humanes-2019\/\" target=\"_blank\">Leer m\u00e1s<\/a><\/strong>.<\/p>\n\n\n\n<p><\/p>\n\n\n\n<h3 class=\"wp-block-heading\"><a href=\"https:\/\/site.educa.madrid.org\/cp.pedrobrimonis.humanes\/index.php\/2018\/03\/16\/encuentros-por-el-juego-y-la-amistad-humanes-2018\/\" target=\"_blank\" rel=\"noreferrer noopener\">Encuentros por el Juego y la Amistad Humanes 2018<\/a><\/h3>\n\n\n\n<figure class=\"wp-block-image\"><img decoding=\"async\" src=\"https:\/\/www.educa2.madrid.org\/web\/educamadrid\/principal\/files\/0d560bb8-ba71-41e8-b574-2e3902876a1c\/14encuentros_humanes_2018_2.png?thumbnail=true\" alt=\"Cartel Encuentros Humanes 2018.\" title=\"Cartel Encuentros Humanes 2018\"\/><\/figure>\n\n\n\n<p>Desde este enlace puedes acceder a todas las noticias relacionadas con los XIV Encuentros por el Juego y la Amistad de Humanes de Madrid&nbsp; que se celebrar\u00e1n desde el 28 de mayo al 1 de junio de 2018. <strong><a href=\"https:\/\/site.educa.madrid.org\/cp.pedrobrimonis.humanes\/index.php\/2018\/03\/16\/encuentros-por-el-juego-y-la-amistad-humanes-2018\/\">Leer m\u00e1s<\/a><\/strong>.<\/p>\n\n\n\n<h3 class=\"wp-block-heading\"><br><a href=\"https:\/\/www.educa2.madrid.org\/web\/centro.cp.pedrobrimonis.humanes\/encuentros_deportivos\/-\/visor\/juegos-tradicionales\">Juegos tradicionales<\/a><\/h3>\n\n\n\n<figure class=\"wp-block-image\"><img decoding=\"async\" src=\"https:\/\/www.educa2.madrid.org\/web\/educamadrid\/principal\/files\/f77e435e-0d11-4ff1-87d9-abb0490ce67f\/juegos_tradicionales.png?thumbnail=true\" alt=\"Imagen de juegos tradicionales\" title=\"Imagen de juegos tradicionales\"\/><\/figure>\n\n\n\n<p>El juego tradicional ha sido en repetidas ocasiones declarado como patrimonio cultural de la humanidad a trav\u00e9s de la UNESCO. El juego en general y el juego tradicional en especial es sin duda s\u00edmbolo y estandarte de nuestro patrimonio cultural. Simboliza el arraigo social, la comunicaci\u00f3n, las celebraciones y ceremonias sociales, en ocasiones\u2026&nbsp;<strong><a href=\"https:\/\/www.educa2.madrid.org\/web\/educamadrid\/principal\/files\/f77e435e-0d11-4ff1-87d9-abb0490ce67f\/index.html\" target=\"_blank\" rel=\"noreferrer noopener\">Acceso al contenido<\/a><\/strong>.<\/p>\n\n\n\n<h3 class=\"wp-block-heading\"><br><a href=\"https:\/\/www.educa2.madrid.org\/web\/centro.cp.pedrobrimonis.humanes\/encuentros_deportivos\/-\/visor\/materiales-curriculares-de-ed-fisica\">Materiales curriculares de Ed. F\u00edsica<\/a><\/h3>\n\n\n\n<figure class=\"wp-block-image\"><img decoding=\"async\" src=\"https:\/\/www.educa2.madrid.org\/web\/educamadrid\/principal\/files\/3fabf606-20e1-452d-b083-718aacf8a583\/aprendo_juego.jpg?thumbnail=true\" alt=\"Im\u00e1genes de Ed. F\u00edsica\" title=\"Im\u00e1genes de Ed. F\u00edsica\"\/><\/figure>\n\n\n\n<p>Desde esta secci\u00f3n puedes acceder a las webquest, los proyectos, los materiales curriculares y enlaces de inter\u00e9s en relaci\u00f3n al \u00e1rea de Educaci\u00f3n F\u00edsica.<strong> <a href=\"https:\/\/site.educa.madrid.org\/cp.pedrobrimonis.humanes\/index.php\/2010\/03\/16\/materiales-curriculares-de-ed-fisica\/\">Leer m\u00e1s<\/a><\/strong>.<\/p>\n","protected":false},"excerpt":{"rendered":"<p>Proyectos de Educaci\u00f3n F\u00edsica Encuentros por el Juego y la Amistad Humanes 2024 Desde este enlace puedes acceder a todas las noticias relacionadas con los XVII Encuentros por el Juego &#8230;<\/p>\n","protected":false},"author":5,"featured_media":0,"parent":147,"menu_order":27,"comment_status":"closed","ping_status":"closed","template":"","meta":{"footnotes":""},"folder":[],"class_list":["post-972","page","type-page","status-publish","hentry"],"rttpg_featured_image_url":null,"rttpg_author":{"display_name":"Eduardo Delgado Bernal","author_link":"https:\/\/site.educa.madrid.org\/cp.pedrobrimonis.humanes\/index.php\/author\/eduardo_delgado-bernal\/"},"rttpg_comment":0,"rttpg_category":false,"rttpg_excerpt":"Proyectos de Educaci\u00f3n F\u00edsica Encuentros por el Juego y la Amistad Humanes 2024 Desde este enlace puedes acceder a todas las noticias relacionadas con los XVII Encuentros por el Juego ...","post_mailing_queue_ids":[],"_links":{"self":[{"href":"https:\/\/site.educa.madrid.org\/cp.pedrobrimonis.humanes\/index.php\/wp-json\/wp\/v2\/pages\/972","targetHints":{"allow":["GET"]}}],"collection":[{"href":"https:\/\/site.educa.madrid.org\/cp.pedrobrimonis.humanes\/index.php\/wp-json\/wp\/v2\/pages"}],"about":[{"href":"https:\/\/site.educa.madrid.org\/cp.pedrobrimonis.humanes\/index.php\/wp-json\/wp\/v2\/types\/page"}],"author":[{"embeddable":true,"href":"https:\/\/site.educa.madrid.org\/cp.pedrobrimonis.humanes\/index.php\/wp-json\/wp\/v2\/users\/5"}],"replies":[{"embeddable":true,"href":"https:\/\/site.educa.madrid.org\/cp.pedrobrimonis.humanes\/index.php\/wp-json\/wp\/v2\/comments?post=972"}],"version-history":[{"count":10,"href":"https:\/\/site.educa.madrid.org\/cp.pedrobrimonis.humanes\/index.php\/wp-json\/wp\/v2\/pages\/972\/revisions"}],"predecessor-version":[{"id":4158,"href":"https:\/\/site.educa.madrid.org\/cp.pedrobrimonis.humanes\/index.php\/wp-json\/wp\/v2\/pages\/972\/revisions\/4158"}],"up":[{"embeddable":true,"href":"https:\/\/site.educa.madrid.org\/cp.pedrobrimonis.humanes\/index.php\/wp-json\/wp\/v2\/pages\/147"}],"wp:attachment":[{"href":"https:\/\/site.educa.madrid.org\/cp.pedrobrimonis.humanes\/index.php\/wp-json\/wp\/v2\/media?parent=972"}],"wp:term":[{"taxonomy":"folder","embeddable":true,"href":"https:\/\/site.educa.madrid.org\/cp.pedrobrimonis.humanes\/index.php\/wp-json\/wp\/v2\/folder?post=972"}],"curies":[{"name":"wp","href":"https:\/\/api.w.org\/{rel}","templated":true}]}}