{"id":976,"date":"2022-03-04T13:41:25","date_gmt":"2022-03-04T12:41:25","guid":{"rendered":"https:\/\/site.educa.madrid.org\/cp.pedrobrimonis.humanes\/?page_id=976"},"modified":"2023-05-26T07:32:51","modified_gmt":"2023-05-26T05:32:51","slug":"retotech","status":"publish","type":"page","link":"https:\/\/site.educa.madrid.org\/cp.pedrobrimonis.humanes\/index.php\/aula-virtual\/retotech\/","title":{"rendered":"RetoTech"},"content":{"rendered":"\n\t\t\t<!-- Flexy Breadcrumb -->\n\t\t\t<div class=\"fbc fbc-page\">\n\n\t\t\t\t<!-- Breadcrumb wrapper -->\n\t\t\t\t<div class=\"fbc-wrap\">\n\n\t\t\t\t\t<!-- Ordered list-->\n\t\t\t\t\t<ol class=\"fbc-items\" itemscope itemtype=\"https:\/\/schema.org\/BreadcrumbList\">\n\t\t\t\t\t\t            <li itemprop=\"itemListElement\" itemscope itemtype=\"https:\/\/schema.org\/ListItem\">\n                <span itemprop=\"name\">\n                    <!-- Home Link -->\n                    <a itemprop=\"item\" href=\"https:\/\/site.educa.madrid.org\/cp.pedrobrimonis.humanes\">\n                    \n                        Inicio                    <\/a>\n                <\/span>\n                <meta itemprop=\"position\" content=\"1\" \/><!-- Meta Position-->\n             <\/li><li><span class=\"fbc-separator\">\/<\/span><\/li><li class=\"active\" itemprop=\"itemListElement\" itemscope itemtype=\"https:\/\/schema.org\/ListItem\"><span itemprop=\"name\" title=\"Novedades\">Novedades<\/span><meta itemprop=\"position\" content=\"2\" \/><\/li>\t\t\t\t\t<\/ol>\n\t\t\t\t\t<div class=\"clearfix\"><\/div>\n\t\t\t\t<\/div>\n\t\t\t<\/div>\n\t\t\t\n\n\n\n<h2 class=\"wp-block-heading\">RetoTech<\/h2>\n\n\n\n<div class=\"wp-block-columns is-layout-flex wp-container-core-columns-is-layout-9d6595d7 wp-block-columns-is-layout-flex\">\n<div class=\"wp-block-column is-layout-flow wp-block-column-is-layout-flow\" style=\"flex-basis:33.33%\">\n<figure class=\"wp-block-image size-large\"><img loading=\"lazy\" decoding=\"async\" width=\"400\" height=\"251\" src=\"https:\/\/site.educa.madrid.org\/cp.pedrobrimonis.humanes\/\/wp-content\/uploads\/cp.pedrobrimonis.humanes\/2022\/03\/Retotech.png\" alt=\"Retotech\" class=\"wp-image-998\" srcset=\"https:\/\/site.educa.madrid.org\/cp.pedrobrimonis.humanes\/\/wp-content\/uploads\/cp.pedrobrimonis.humanes\/2022\/03\/Retotech.png 400w, https:\/\/site.educa.madrid.org\/cp.pedrobrimonis.humanes\/\/wp-content\/uploads\/cp.pedrobrimonis.humanes\/2022\/03\/Retotech-300x188.png 300w\" sizes=\"auto, (max-width: 400px) 100vw, 400px\" \/><\/figure>\n\n\n\n<h1 class=\"has-text-align-center wp-block-heading\">\u00bfQu\u00e9 es RetoTech?<\/h1>\n\n\n\n<figure class=\"wp-block-image\"><img decoding=\"async\" src=\"https:\/\/www.educa2.madrid.org\/web\/educamadrid\/principal\/files\/a31a7965-c5a9-4389-a15f-4cbc0cefe978\/retotech_inscripcion_web.jpg\" alt=\"\" title=\"Festival RetoTech\"\/><\/figure>\n\n\n\n<p>La Fundaci\u00f3n Endesa, a trav\u00e9s de RetoTech_Fundaci\u00f3n_Endesa y con el fin de contribuir e impulsar proyectos que transformen e innoven la educaci\u00f3n de los m\u00e1s j\u00f3venes, tiene el gusto de \u201cretar\u201d al personal docente y a los estudiantes de Primaria y Secundaria de la Comunidad Aut\u00f3noma de Madrid a realizar un<strong> proyecto tecnol\u00f3gico<\/strong> que resuelva una necesidad real de su entorno.<\/p>\n\n\n\n<p>El proyecto para Educaci\u00f3n Primaria deber\u00e1 integrar rob\u00f3tica con <strong>Arduino<\/strong> y elementos <strong>impresos en 3D<\/strong>, mientras que para Secundaria, deber\u00e1 integrar adem\u00e1s una aplicaci\u00f3n Android.<\/p>\n\n\n\n<p>La Fundaci\u00f3n Endesa dotar\u00e1 a todas los candidaturas seleccionadas con 10 kits de rob\u00f3tica basados en Arduino (ZUM kit). Adem\u00e1s, los centros de primera participaci\u00f3n (tanto de Educaci\u00f3n Primaria como de Secundaria) recibir\u00e1n una impresora 3D Witbox Go.<\/p>\n\n\n\n<p>M\u00e1s informaci\u00f3n en la web de <strong><a href=\"http:\/\/retotech.fundacionendesa.org\/\" target=\"_blank\" rel=\"noreferrer noopener\">RetoTech<\/a><\/strong><\/p>\n\n\n\n<p><\/p>\n\n\n\n<h1 class=\"has-text-align-center wp-block-heading\"> P\u00f3ster RetoTech<\/h1>\n\n\n\n<div class=\"wp-block-image\"><figure class=\"aligncenter\"><a href=\"https:\/\/www.educa2.madrid.org\/web\/educamadrid\/principal\/files\/a6d4d5ee-7ad1-46c3-b3d9-4e878691838a\/%C2%A1Nuestramascota%21.png?largeSize=true\" target=\"_blank\" rel=\"noreferrer noopener\"><img decoding=\"async\" src=\"https:\/\/www.educa2.madrid.org\/web\/educamadrid\/principal\/files\/a6d4d5ee-7ad1-46c3-b3d9-4e878691838a\/%C2%A1Nuestramascota%21.png?mediumSize=true\" alt=\"\" title=\"Nuestra mascota esquema\"\/><\/a><\/figure><\/div>\n\n\n\n<div class=\"wp-block-image\"><figure class=\"aligncenter\"><a href=\"https:\/\/www.educa2.madrid.org\/web\/educamadrid\/principal\/files\/bfc5f74d-e686-467e-86f3-d62192588c40\/Retotech\/RetoTech%202018.jpg?t=1516180198238\" target=\"_blank\" rel=\"noreferrer noopener\"><img decoding=\"async\" src=\"https:\/\/www.educa2.madrid.org\/web\/educamadrid\/principal\/files\/4553e89e-35d7-43ea-93b9-b8c31b3e6a50\/RetoTech%202018_thumb.png?mediumSize=true\" alt=\"\" title=\"P\u00f3ster retotech\"\/><\/a><\/figure><\/div>\n\n\n\n<h2 class=\"has-text-align-center wp-block-heading\"><span class=\"has-inline-color has-vivid-cyan-blue-color\"><a href=\"https:\/\/site.educa.madrid.org\/cp.pedrobrimonis.humanes\/index.php\/2022\/03\/16\/noticias-retotech\/\">Noticias RetoTech<\/a><\/span><\/h2>\n\n\n\n<h1 class=\"has-text-align-center wp-block-heading\">Twitter<\/h1>\n\n\n\n<p class=\"has-text-align-center\"><a rel=\"noreferrer noopener\" href=\"https:\/\/twitter.com\/hashtag\/retotech\" target=\"_blank\"><strong>Tweets sobre #retotech<\/strong><\/a><\/p>\n<\/div>\n\n\n\n<div class=\"wp-block-column is-layout-flow wp-block-column-is-layout-flow\" style=\"flex-basis:66.66%\">\n<h1 class=\"wp-block-heading\">RetoTech 2021\/2022<\/h1>\n\n\n\n<p>Nos alegra informaros de que <strong>nuestro colegio ha vuelto a ser seleccionado para participar en la VII Edici\u00f3n de RetoTech<\/strong>, en la categor\u00eda de Educaci\u00f3n Primaria.<\/p>\n\n\n\n<p>El <strong><a href=\"https:\/\/www.educa2.madrid.org\/web\/centro.cp.pedrobrimonis.humanes\/novedades-retotech\/-\/blogs\/festival-retotech?_33_redirect=https%3A%2F%2Fwww.educa2.madrid.org%2Fweb%2Fcentro.cp.pedrobrimonis.humanes%2Fnovedades-retotech%3Fp_p_id%3D33%26p_p_lifecycle%3D0%26p_p_state%3Dnormal%26p_p_mode%3Dview%26p_p_col_id%3Dcolumn-2%26p_p_col_count%3D1\" target=\"_blank\" rel=\"noreferrer noopener\">proyecto que presentamos la edici\u00f3n anterior<\/a>&nbsp;<\/strong>gust\u00f3 mucho a los asistentes. Este a\u00f1o tendremos la oportunidad de seguir aprendiendo y disfrutando con la rob\u00f3tica. \u00a1Gracias RetoTech!<\/p>\n\n\n\n<iframe loading=\"lazy\" src=\"https:\/\/mediateca.educa.madrid.org\/video\/xie3qvfc4ht3am92\/fs\" width=\"420\" height=\"315\" frameborder=\"0\" scrolling=\"no\" style=\"border:0;overflow:hidden\" allowfullscreen><\/iframe>\n\n\n\n<h1 class=\"wp-block-heading\">Renovaci\u00f3n del proyecto RetoTech<\/h1>\n\n\n\n<p>Nos alegra informaros de que <strong>nuestro colegio ha vuelto a ser seleccionado para participar en la III Edici\u00f3n de RetoTech<\/strong>, en la categor\u00eda de Educaci\u00f3n Primaria.<\/p>\n\n\n\n<p>El <strong><a href=\"https:\/\/www.educa2.madrid.org\/web\/centro.cp.pedrobrimonis.humanes\/novedades-retotech\/-\/blogs\/festival-retotech?_33_redirect=https%3A%2F%2Fwww.educa2.madrid.org%2Fweb%2Fcentro.cp.pedrobrimonis.humanes%2Fnovedades-retotech%3Fp_p_id%3D33%26p_p_lifecycle%3D0%26p_p_state%3Dnormal%26p_p_mode%3Dview%26p_p_col_id%3Dcolumn-2%26p_p_col_count%3D1\" target=\"_blank\" rel=\"noreferrer noopener\">proyecto que presentamos la edici\u00f3n anterior<\/a>&nbsp;<\/strong>gust\u00f3 mucho a los asistentes. Este a\u00f1o tendremos la oportunidad de seguir aprendiendo y disfrutando con la rob\u00f3tica. \u00a1Gracias RetoTech!<\/p>\n\n\n\n<figure class=\"wp-block-image\"><img decoding=\"async\" src=\"https:\/\/www.educa2.madrid.org\/web\/educamadrid\/principal\/files\/a3c37e47-8b91-4b17-92d0-f5b5b43e419b\/retotech18.jpg\" alt=\"\" title=\"RetoTech18\"\/><\/figure>\n\n\n\n<p>Este es el v\u00eddeo con el que present\u00e1bamos nuestra candidatura:<\/p>\n\n\n<p><iframe loading=\"lazy\" src=\"https:\/\/mediateca.educa.madrid.org\/video\/hej5uyn7va7s3j7j\/fs\" scrolling=\"no\" style=\"border:0;overflow:hidden\" allowfullscreen=\"\" width=\"420\" height=\"315\" frameborder=\"0\"><\/iframe><\/p>\n\n\n\n<p>\u00a1Nos volveremos a ver en el <strong>Festival RetoTech_Fundaci\u00f3n_Endesa<\/strong> a final de curso!<\/p>\n\n\n\n<p>Puedes consultar nuestros avances en la secci\u00f3n \u00ab<strong><a href=\"https:\/\/www.educa2.madrid.org\/web\/centro.cp.pedrobrimonis.humanes\/novedades-retotech\">Noticias Retotech<\/a><\/strong>\u00ab<\/p>\n\n\n\n<h1 class=\"wp-block-heading\">Concesi\u00f3n del proyecto RetoTech<\/h1>\n\n\n\n<p>Nos alegra informaros de que <strong>nuestro colegio ha sido seleccionado para participar en la II Edici\u00f3n de RetoTech<\/strong>, en la categor\u00eda de Educaci\u00f3n Primaria. Ha sido una selecci\u00f3n muy complicada por lo que nos debemos sentir muy orgullosos. Este proyecto permitir\u00e1 explorar el lado m\u00e1s cient\u00edfico-tecnol\u00f3gico del colegio y que los profesores detecten las habilidades m\u00e1s creativas e ingeniosas de los alumnos, a la vez que desarrollen aptitudes necesarias para trabajar en equipo, emprender, liderar un proyecto, gestionar el tiempo o tomar decisiones. Os dejamos el v\u00eddeo de presentaci\u00f3n de nuestro cole. <\/p>\n\n\n<p><iframe loading=\"lazy\" src=\"https:\/\/mediateca.educa.madrid.org\/video\/sppjynq7nwcek6et\/fs\" scrolling=\"no\" style=\"border:0;overflow:hidden\" allowfullscreen=\"\" width=\"420\" height=\"315\" frameborder=\"0\"><\/iframe><\/p>\n\n\n\n<p>El centro recibir\u00e1 diez kits de rob\u00f3tica y una impresora 3D. Adem\u00e1s, los profesores participantes podr\u00e1n asistir a tres cursos de formaci\u00f3n y recibir\u00e1n apoyo profesional para desarrollar sus trabajos. Todos los centros seleccionados elaborar\u00e1n y presentar\u00e1n sus proyectos tecnol\u00f3gicos en el<strong> Festival RetoTech_Fundaci\u00f3n_Endesa<\/strong>, que se celebrar\u00e1 en la sede de Endesa el 11 de junio.<\/p>\n\n\n\n<p>Puedes consultar nuestros avances en la secci\u00f3n \u00ab<strong><a rel=\"noreferrer noopener\" href=\"https:\/\/site.educa.madrid.org\/cp.pedrobrimonis.humanes\/index.php\/2022\/03\/16\/noticias-retotech\/\" target=\"_blank\">Noticias Reto<\/a><a href=\"https:\/\/site.educa.madrid.org\/cp.pedrobrimonis.humanes\/index.php\/2022\/03\/16\/noticias-retotech\/\" target=\"_blank\" rel=\"noreferrer noopener\">T<\/a><a href=\"https:\/\/site.educa.madrid.org\/cp.pedrobrimonis.humanes\/index.php\/2022\/03\/16\/noticias-retotech\/\">ech<\/a><\/strong>\u00ab<\/p>\n<\/div>\n<\/div>\n","protected":false},"excerpt":{"rendered":"<p>RetoTech \u00bfQu\u00e9 es RetoTech? La Fundaci\u00f3n Endesa, a trav\u00e9s de RetoTech_Fundaci\u00f3n_Endesa y con el fin de contribuir e impulsar proyectos que transformen e innoven la educaci\u00f3n de los m\u00e1s j\u00f3venes, &#8230;<\/p>\n","protected":false},"author":6,"featured_media":0,"parent":153,"menu_order":31,"comment_status":"closed","ping_status":"closed","template":"","meta":{"footnotes":""},"folder":[],"class_list":["post-976","page","type-page","status-publish","hentry"],"rttpg_featured_image_url":null,"rttpg_author":{"display_name":"Pablo Pesta\u00f1a Cardenas","author_link":"https:\/\/site.educa.madrid.org\/cp.pedrobrimonis.humanes\/index.php\/author\/pablo_pestaa-crdenas\/"},"rttpg_comment":0,"rttpg_category":false,"rttpg_excerpt":"RetoTech \u00bfQu\u00e9 es RetoTech? La Fundaci\u00f3n Endesa, a trav\u00e9s de RetoTech_Fundaci\u00f3n_Endesa y con el fin de contribuir e impulsar proyectos que transformen e innoven la educaci\u00f3n de los m\u00e1s j\u00f3venes, ...","post_mailing_queue_ids":[],"_links":{"self":[{"href":"https:\/\/site.educa.madrid.org\/cp.pedrobrimonis.humanes\/index.php\/wp-json\/wp\/v2\/pages\/976","targetHints":{"allow":["GET"]}}],"collection":[{"href":"https:\/\/site.educa.madrid.org\/cp.pedrobrimonis.humanes\/index.php\/wp-json\/wp\/v2\/pages"}],"about":[{"href":"https:\/\/site.educa.madrid.org\/cp.pedrobrimonis.humanes\/index.php\/wp-json\/wp\/v2\/types\/page"}],"author":[{"embeddable":true,"href":"https:\/\/site.educa.madrid.org\/cp.pedrobrimonis.humanes\/index.php\/wp-json\/wp\/v2\/users\/6"}],"replies":[{"embeddable":true,"href":"https:\/\/site.educa.madrid.org\/cp.pedrobrimonis.humanes\/index.php\/wp-json\/wp\/v2\/comments?post=976"}],"version-history":[{"count":9,"href":"https:\/\/site.educa.madrid.org\/cp.pedrobrimonis.humanes\/index.php\/wp-json\/wp\/v2\/pages\/976\/revisions"}],"predecessor-version":[{"id":1958,"href":"https:\/\/site.educa.madrid.org\/cp.pedrobrimonis.humanes\/index.php\/wp-json\/wp\/v2\/pages\/976\/revisions\/1958"}],"up":[{"embeddable":true,"href":"https:\/\/site.educa.madrid.org\/cp.pedrobrimonis.humanes\/index.php\/wp-json\/wp\/v2\/pages\/153"}],"wp:attachment":[{"href":"https:\/\/site.educa.madrid.org\/cp.pedrobrimonis.humanes\/index.php\/wp-json\/wp\/v2\/media?parent=976"}],"wp:term":[{"taxonomy":"folder","embeddable":true,"href":"https:\/\/site.educa.madrid.org\/cp.pedrobrimonis.humanes\/index.php\/wp-json\/wp\/v2\/folder?post=976"}],"curies":[{"name":"wp","href":"https:\/\/api.w.org\/{rel}","templated":true}]}}