{"id":978,"date":"2022-03-04T13:41:48","date_gmt":"2022-03-04T12:41:48","guid":{"rendered":"https:\/\/site.educa.madrid.org\/cp.pedrobrimonis.humanes\/?page_id=978"},"modified":"2023-10-18T07:31:31","modified_gmt":"2023-10-18T05:31:31","slug":"digicraft","status":"publish","type":"page","link":"https:\/\/site.educa.madrid.org\/cp.pedrobrimonis.humanes\/index.php\/aula-virtual\/digicraft\/","title":{"rendered":"DigiCraft"},"content":{"rendered":"\n\t\t\t<!-- Flexy Breadcrumb -->\n\t\t\t<div class=\"fbc fbc-page\">\n\n\t\t\t\t<!-- Breadcrumb wrapper -->\n\t\t\t\t<div class=\"fbc-wrap\">\n\n\t\t\t\t\t<!-- Ordered list-->\n\t\t\t\t\t<ol class=\"fbc-items\" itemscope itemtype=\"https:\/\/schema.org\/BreadcrumbList\">\n\t\t\t\t\t\t            <li itemprop=\"itemListElement\" itemscope itemtype=\"https:\/\/schema.org\/ListItem\">\n                <span itemprop=\"name\">\n                    <!-- Home Link -->\n                    <a itemprop=\"item\" href=\"https:\/\/site.educa.madrid.org\/cp.pedrobrimonis.humanes\">\n                    \n                        Inicio                    <\/a>\n                <\/span>\n                <meta itemprop=\"position\" content=\"1\" \/><!-- Meta Position-->\n             <\/li><li><span class=\"fbc-separator\">\/<\/span><\/li><li class=\"active\" itemprop=\"itemListElement\" itemscope itemtype=\"https:\/\/schema.org\/ListItem\"><span itemprop=\"name\" title=\"Novedades\">Novedades<\/span><meta itemprop=\"position\" content=\"2\" \/><\/li>\t\t\t\t\t<\/ol>\n\t\t\t\t\t<div class=\"clearfix\"><\/div>\n\t\t\t\t<\/div>\n\t\t\t<\/div>\n\t\t\t\n\n\n\n<h2 class=\"wp-block-heading\">DigiCraft<\/h2>\n\n\n\n<div class=\"wp-block-columns is-layout-flex wp-container-core-columns-is-layout-9d6595d7 wp-block-columns-is-layout-flex\">\n<div class=\"wp-block-column is-layout-flow wp-block-column-is-layout-flow\">\n<figure class=\"wp-block-image size-large\"><img loading=\"lazy\" decoding=\"async\" width=\"469\" height=\"285\" src=\"https:\/\/site.educa.madrid.org\/cp.pedrobrimonis.humanes\/\/wp-content\/uploads\/cp.pedrobrimonis.humanes\/2022\/03\/logodigicraft.png\" alt=\"Digicraft en tu cole\" class=\"wp-image-992\" srcset=\"https:\/\/site.educa.madrid.org\/cp.pedrobrimonis.humanes\/\/wp-content\/uploads\/cp.pedrobrimonis.humanes\/2022\/03\/logodigicraft.png 469w, https:\/\/site.educa.madrid.org\/cp.pedrobrimonis.humanes\/\/wp-content\/uploads\/cp.pedrobrimonis.humanes\/2022\/03\/logodigicraft-300x182.png 300w\" sizes=\"auto, (max-width: 469px) 100vw, 469px\" \/><\/figure>\n\n\n\n<p>Consulta la informaci\u00f3n sobre el proyecto <strong><a href=\"https:\/\/site.educa.madrid.org\/cp.pedrobrimonis.humanes\/index.php\/2023\/09\/18\/digicraft-centro-de-referencia\/\" target=\"_blank\" rel=\"noreferrer noopener\">AQU\u00cd<\/a><\/strong>.<\/p>\n\n\n\n<p>El CEIP Pedro Brimonis es centro de referencia de DIgiCraft en Espa\u00f1a&#8230; pulsa <a href=\"https:\/\/site.educa.madrid.org\/cp.pedrobrimonis.humanes\/index.php\/2023\/09\/18\/digicraft-centro-de-referencia\/\" target=\"_blank\" rel=\"noreferrer noopener\">aqu\u00ed<\/a> para seguir leyendo.<\/p>\n\n\n\n<p><strong>Realidad aumentada y videojuegos<\/strong><br>Actividades para adquirir competencias digitales a trav\u00e9s del uso de tecnolog\u00edas y herramientas que trabajan la realidad aumentada y los videojuegos.<\/p>\n\n\n\n<p>1. Evaluaci\u00f3n inicial.<\/p>\n\n\n\n<p>2. Creamos un videojuego.<\/p>\n\n\n\n<figure class=\"wp-block-embed is-type-video is-provider-youtube wp-block-embed-youtube wp-embed-aspect-16-9 wp-has-aspect-ratio\"><div class=\"wp-block-embed__wrapper\">\n<iframe loading=\"lazy\" title=\"\u00a1Creamos un videojuego!\" width=\"800\" height=\"450\" src=\"https:\/\/www.youtube.com\/embed\/yevc7Ry3JsY?feature=oembed\" frameborder=\"0\" allow=\"accelerometer; autoplay; clipboard-write; encrypted-media; gyroscope; picture-in-picture; web-share\" allowfullscreen><\/iframe>\n<\/div><\/figure>\n\n\n\n<figure class=\"wp-block-embed is-type-video is-provider-youtube wp-block-embed-youtube wp-embed-aspect-16-9 wp-has-aspect-ratio\"><div class=\"wp-block-embed__wrapper\">\n<iframe loading=\"lazy\" title=\"\u00a1Creamos un videojuego!\" width=\"800\" height=\"450\" src=\"https:\/\/www.youtube.com\/embed\/yevc7Ry3JsY?feature=oembed\" frameborder=\"0\" allow=\"accelerometer; autoplay; clipboard-write; encrypted-media; gyroscope; picture-in-picture; web-share\" allowfullscreen><\/iframe>\n<\/div><\/figure>\n\n\n\n<p>3. <strong>Proyecto con Makey-Makey<\/strong><\/p>\n\n\n\n<p>Usamos la placa controladora <a rel=\"noreferrer noopener\" href=\"https:\/\/youtu.be\/rfQqh7iCcOU\" target=\"_blank\"><strong>Makey-Makey<\/strong><\/a> para hacer un proyecto como estos:<\/p>\n\n\n\n<figure class=\"wp-block-embed is-type-video is-provider-youtube wp-block-embed-youtube wp-embed-aspect-16-9 wp-has-aspect-ratio\"><div class=\"wp-block-embed__wrapper\">\n<iframe loading=\"lazy\" title=\"Laberinto sonoro.\" width=\"800\" height=\"450\" src=\"https:\/\/www.youtube.com\/embed\/e6Ap0921dgg?feature=oembed\" frameborder=\"0\" allow=\"accelerometer; autoplay; clipboard-write; encrypted-media; gyroscope; picture-in-picture; web-share\" allowfullscreen><\/iframe>\n<\/div><\/figure>\n\n\n\n<figure class=\"wp-block-embed is-type-video is-provider-youtube wp-block-embed-youtube wp-embed-aspect-16-9 wp-has-aspect-ratio\"><div class=\"wp-block-embed__wrapper\">\n<iframe loading=\"lazy\" title=\"\u00a1Montemos un grupo de m\u00fasica!\" width=\"800\" height=\"450\" src=\"https:\/\/www.youtube.com\/embed\/y9i5btJNTc4?feature=oembed\" frameborder=\"0\" allow=\"accelerometer; autoplay; clipboard-write; encrypted-media; gyroscope; picture-in-picture; web-share\" allowfullscreen><\/iframe>\n<\/div><\/figure>\n<\/div>\n\n\n\n<div class=\"wp-block-column is-layout-flow wp-block-column-is-layout-flow\">\n<h2 class=\"wp-block-heading\">Trabajos finales Stop Motion<\/h2>\n\n\n\n<p>Trabajos de animaci\u00f3n realizados por nuestros alumnos y alumnas de 5\u00ba de Primaria del curso 2020\/2021.<\/p>\n\n\n<div class=\"wp-block-image\">\n<figure class=\"aligncenter\"><img decoding=\"async\" src=\"https:\/\/www.educa2.madrid.org\/web\/educamadrid\/principal\/files\/f0aa02f7-7863-4af7-b218-a39881c2863c\/Captura.JPG?t=1623829093828&amp;largeSize=true\" alt=\"\" title=\"Captura.JPG\"\/><\/figure>\n<\/div>\n\n\n<figure class=\"wp-block-table\"><table><tbody><tr><td>5\u00baA<\/td><td><strong>&#8211; <a rel=\"noreferrer noopener\" href=\"https:\/\/mediateca.educa.madrid.org\/video\/4akkjlpc26ehf2o7\" target=\"_blank\">La Historia del Perro Perdido<\/a> <br>&#8211; <a href=\"https:\/\/mediateca.educa.madrid.org\/video\/vm8je3kqurhcvcs5\">Los Secuestradores<\/a> <br>&#8211; <a href=\"https:\/\/mediateca.educa.madrid.org\/video\/s67qkp8jll1agzj5\">La Misteriosa Muerte<\/a> <br>&#8211; <a href=\"https:\/\/mediateca.educa.madrid.org\/video\/9i3qyt6bkwc8pjub\">Spain Drift<\/a> <br>&#8211; <a href=\"https:\/\/mediateca.educa.madrid.org\/video\/2e6jpod56u53gdsu\">Carrera de Coches<\/a> <br>&#8211; <a href=\"https:\/\/mediateca.educa.madrid.org\/video\/fo8cjkk1cnw7ggiu\">Los Vecinos<\/a> <br>&#8211; <a href=\"https:\/\/mediateca.educa.madrid.org\/video\/il11no8w3n9tp93d\">Los Compas x Fortnite<\/a><\/strong><\/td><\/tr><tr><td>5\u00baB<\/td><td><strong>&#8211; <a href=\"https:\/\/mediateca.educa.madrid.org\/video\/85bnh58dv183pnqq\">La Guerra Lego-Civil<\/a> <br>&#8211; <a href=\"https:\/\/mediateca.educa.madrid.org\/video\/rf2aecfl6otzqcxu\">La Guerra del Multiverso<\/a> <br>&#8211; <a href=\"https:\/\/mediateca.educa.madrid.org\/video\/lgdefoh6mi2w1djh\">Aventura en el Espacio<\/a> <br>&#8211; <a href=\"https:\/\/mediateca.educa.madrid.org\/video\/8fkmb8tf323swt96\">El Ladr\u00f3n<\/a> <br>&#8211; <a href=\"https:\/\/mediateca.educa.madrid.org\/video\/gryzcn89pbwyz6e4\">Los Pulpos<\/a> <br>&#8211; <a href=\"https:\/\/mediateca.educa.madrid.org\/video\/nubyh5tblw9suao4\">Sin T\u00edtulo<\/a><\/strong><\/td><\/tr><tr><td>5\u00baC<\/td><td><strong>&#8211; <a href=\"https:\/\/mediateca.educa.madrid.org\/video\/y88y7hnizs9mnu5m\">La Carrera \u00c9pica<\/a> <br>&#8211; <a href=\"https:\/\/mediateca.educa.madrid.org\/video\/6ea5vu5mz3i7jgow\">El Regreso de los Jedi<\/a> <br>&#8211; <a href=\"https:\/\/mediateca.educa.madrid.org\/video\/khl2t5o8gcnryk22\">Fight and Victory<\/a> <br>&#8211; <a href=\"https:\/\/mediateca.educa.madrid.org\/video\/1vyngiy9nvn2qea5\">Juego de Reglas<\/a> <br>&#8211; <a href=\"https:\/\/mediateca.educa.madrid.org\/video\/ojcstu9f3d2a22pe\">La Batalla Final<\/a> <br>&#8211; <a href=\"https:\/\/mediateca.educa.madrid.org\/video\/1b5aaitt8o5ea1xw\">La Guerra Mortal<\/a> <br>&#8211; <a href=\"https:\/\/mediateca.educa.madrid.org\/video\/yiywz5cn2jvvulln\">La Muerte Graciosa<\/a> <br>&#8211; <a href=\"https:\/\/mediateca.educa.madrid.org\/video\/hf8vijqj1ehbnipp\">La Gran Aventura<\/a> <br>&#8211; <a href=\"https:\/\/mediateca.educa.madrid.org\/video\/okyubpufr3zgfh2a\">Persecuci\u00f3n Policiaca<\/a><\/strong><\/td><\/tr><tr><td>5\u00baD<\/td><td><strong>&#8211; <a href=\"https:\/\/mediateca.educa.madrid.org\/video\/6c8lhvj7eq1mwksu\">La Batalla<\/a> <br>&#8211; <a href=\"https:\/\/mediateca.educa.madrid.org\/video\/un8m7cb4btorst4j\">Sin T\u00edtulo<\/a> <br>&#8211; <a href=\"https:\/\/mediateca.educa.madrid.org\/video\/v4cbwl7qre93zbp5\">Los Villanos Invaden la Ciudad<\/a> <br>&#8211; <a href=\"https:\/\/mediateca.educa.madrid.org\/video\/7jspyk9hyd8oooty\">Sin T\u00edtulo<\/a> <br>&#8211; <a href=\"https:\/\/mediateca.educa.madrid.org\/video\/6hap9qtlxyf9ijy8\">La Pelea Hist\u00f3rica<\/a> <br>&#8211; <a href=\"https:\/\/mediateca.educa.madrid.org\/video\/mwymt8muvxkzd6ed\">Las Aventuras de Mario y Luigi<\/a><\/strong><\/td><\/tr><\/tbody><\/table><\/figure>\n\n\n\n<h2 class=\"wp-block-heading\">Creando v\u00eddeos con Stop Motion<\/h2>\n\n\n\n<p>Continuamos con las actividades que nos propone el proyecto DigiCraft.<\/p>\n\n\n\n<p>En esta ocasi\u00f3n estamos creando v\u00eddeos con la t\u00e9cnica de Stop Motion.<\/p>\n\n\n\n<p>Pr\u00f3ximamente podr\u00e9is ver el resultado de nuestro esfuerzo.<\/p>\n\n\n<p><iframe loading=\"lazy\" src=\"https:\/\/mediateca.educa.madrid.org\/album\/4waj5vp5i8a367t1\/fs\" scrolling=\"no\" style=\"border:0;overflow:hidden\" allowfullscreen=\"\" width=\"410\" height=\"315\" frameborder=\"0\"><\/iframe><\/p>\n\n\n\n<h2 class=\"wp-block-heading\">Proyectos Makey-Makey 5\u00ba Primaria<\/h2>\n\n\n<p><iframe loading=\"lazy\" src=\"https:\/\/mediateca.educa.madrid.org\/video\/vfqo7o2pxxxmb5s8\/fs\" scrolling=\"no\" style=\"border:0;overflow:hidden\" allowfullscreen=\"\" width=\"410\" height=\"315\" frameborder=\"0\"><\/iframe><\/p>\n\n\n\n<h2 class=\"wp-block-heading\">Galer\u00eda de fotos DigiCraft<\/h2>\n\n\n<p><iframe loading=\"lazy\" src=\"https:\/\/mediateca.educa.madrid.org\/album\/lse9ervd7eb85arg\/fs\" scrolling=\"no\" style=\"border:0;overflow:hidden\" allowfullscreen=\"\" width=\"410\" height=\"315\" frameborder=\"0\"><\/iframe><\/p>\n<\/div>\n<\/div>\n","protected":false},"excerpt":{"rendered":"<p>DigiCraft Consulta la informaci\u00f3n sobre el proyecto AQU\u00cd. El CEIP Pedro Brimonis es centro de referencia de DIgiCraft en Espa\u00f1a&#8230; pulsa aqu\u00ed para seguir leyendo. Realidad aumentada y videojuegosActividades para &#8230;<\/p>\n","protected":false},"author":6,"featured_media":0,"parent":153,"menu_order":32,"comment_status":"closed","ping_status":"closed","template":"","meta":{"footnotes":""},"folder":[],"class_list":["post-978","page","type-page","status-publish","hentry"],"rttpg_featured_image_url":null,"rttpg_author":{"display_name":"Pablo Pesta\u00f1a Cardenas","author_link":"https:\/\/site.educa.madrid.org\/cp.pedrobrimonis.humanes\/index.php\/author\/pablo_pestaa-crdenas\/"},"rttpg_comment":0,"rttpg_category":false,"rttpg_excerpt":"DigiCraft Consulta la informaci\u00f3n sobre el proyecto AQU\u00cd. El CEIP Pedro Brimonis es centro de referencia de DIgiCraft en Espa\u00f1a&#8230; pulsa aqu\u00ed para seguir leyendo. Realidad aumentada y videojuegosActividades para ...","post_mailing_queue_ids":[],"_links":{"self":[{"href":"https:\/\/site.educa.madrid.org\/cp.pedrobrimonis.humanes\/index.php\/wp-json\/wp\/v2\/pages\/978","targetHints":{"allow":["GET"]}}],"collection":[{"href":"https:\/\/site.educa.madrid.org\/cp.pedrobrimonis.humanes\/index.php\/wp-json\/wp\/v2\/pages"}],"about":[{"href":"https:\/\/site.educa.madrid.org\/cp.pedrobrimonis.humanes\/index.php\/wp-json\/wp\/v2\/types\/page"}],"author":[{"embeddable":true,"href":"https:\/\/site.educa.madrid.org\/cp.pedrobrimonis.humanes\/index.php\/wp-json\/wp\/v2\/users\/6"}],"replies":[{"embeddable":true,"href":"https:\/\/site.educa.madrid.org\/cp.pedrobrimonis.humanes\/index.php\/wp-json\/wp\/v2\/comments?post=978"}],"version-history":[{"count":14,"href":"https:\/\/site.educa.madrid.org\/cp.pedrobrimonis.humanes\/index.php\/wp-json\/wp\/v2\/pages\/978\/revisions"}],"predecessor-version":[{"id":3581,"href":"https:\/\/site.educa.madrid.org\/cp.pedrobrimonis.humanes\/index.php\/wp-json\/wp\/v2\/pages\/978\/revisions\/3581"}],"up":[{"embeddable":true,"href":"https:\/\/site.educa.madrid.org\/cp.pedrobrimonis.humanes\/index.php\/wp-json\/wp\/v2\/pages\/153"}],"wp:attachment":[{"href":"https:\/\/site.educa.madrid.org\/cp.pedrobrimonis.humanes\/index.php\/wp-json\/wp\/v2\/media?parent=978"}],"wp:term":[{"taxonomy":"folder","embeddable":true,"href":"https:\/\/site.educa.madrid.org\/cp.pedrobrimonis.humanes\/index.php\/wp-json\/wp\/v2\/folder?post=978"}],"curies":[{"name":"wp","href":"https:\/\/api.w.org\/{rel}","templated":true}]}}