{"id":1117,"date":"2023-02-23T23:05:48","date_gmt":"2023-02-23T22:05:48","guid":{"rendered":"https:\/\/site.educa.madrid.org\/cp.pedroduque.madrid\/?page_id=1117"},"modified":"2026-03-09T13:53:02","modified_gmt":"2026-03-09T12:53:02","slug":"actividades-complementarias","status":"publish","type":"page","link":"https:\/\/site.educa.madrid.org\/cp.pedroduque.madrid\/index.php\/ser\/actividades-complementarias\/","title":{"rendered":"ACTIVIDADES COMPLEMENTARIAS"},"content":{"rendered":"\n<p class=\"has-pale-pink-color has-text-color has-link-color has-large-font-size wp-elements-263d3d1f6181c254bbeb7fe6e5609518\"><strong>Previsi\u00f3n de actividades extraescolares para el curso escolar 2026 \/ 2027<\/strong><\/p>\n\n\n\n<p>Las actividades complementarias se organizan por los tutores y otros especialistas con el objetivo de complementar los curr\u00edculos de\u00a0 las distintas \u00e1reas\/ materias\/asignaturas. La mayor\u00eda de ellas se desarrollan en horario escolar, aunque alguna podr\u00eda extenderse si los profesores consideran que dicha actividad, ya sea por el contenido o distancia del centro, as\u00ed lo requiere.\u00a0 La planificaci\u00f3n y organizaci\u00f3n de las actividades complementarias depender\u00e1 de los tutores y son recogidas anualmente en la P.G.A.<\/p>\n\n\n\n<div data-wp-interactive=\"core\/file\" class=\"wp-block-file\"><object data-wp-bind--hidden=\"!state.hasPdfPreview\" hidden class=\"wp-block-file__embed\" data=\"https:\/\/site.educa.madrid.org\/cp.pedroduque.madrid\/\/wp-content\/uploads\/cp.pedroduque.madrid\/2026\/03\/complem.-previstas-26-27.pdf\" type=\"application\/pdf\" style=\"width:100%;height:600px\" aria-label=\"Incrustado de complem. previstas 26-27.\"><\/object><a id=\"wp-block-file--media-5a4791d4-547e-4f79-82d8-dcead047d412\" href=\"https:\/\/site.educa.madrid.org\/cp.pedroduque.madrid\/\/wp-content\/uploads\/cp.pedroduque.madrid\/2026\/03\/complem.-previstas-26-27.pdf\">complem. previstas 26-27<\/a><a href=\"https:\/\/site.educa.madrid.org\/cp.pedroduque.madrid\/\/wp-content\/uploads\/cp.pedroduque.madrid\/2026\/03\/complem.-previstas-26-27.pdf\" class=\"wp-block-file__button wp-element-button\" download aria-describedby=\"wp-block-file--media-5a4791d4-547e-4f79-82d8-dcead047d412\">Descarga<\/a><\/div>\n\n\n\n<p class=\"has-text-align-center has-text-color has-link-color has-medium-font-size wp-elements-4dc16ffd2dfa4491af67c64899cabc34\" style=\"color:#53a6da\"><strong>Previsi\u00f3n de actividades extraescolares para el curso escolar 2025 \/ 2026<\/strong><\/p>\n\n\n\n<div data-wp-interactive=\"core\/file\" class=\"wp-block-file\"><object data-wp-bind--hidden=\"!state.hasPdfPreview\" hidden class=\"wp-block-file__embed\" data=\"https:\/\/site.educa.madrid.org\/cp.pedroduque.madrid\/\/wp-content\/uploads\/cp.pedroduque.madrid\/2025\/03\/complementrias-25-26.pdf\" type=\"application\/pdf\" style=\"width:100%;height:600px\" aria-label=\"Incrustado de complementrias 25-26.\"><\/object><a id=\"wp-block-file--media-876cd39a-88c4-4cd6-854e-487d2ac1de1c\" href=\"https:\/\/site.educa.madrid.org\/cp.pedroduque.madrid\/\/wp-content\/uploads\/cp.pedroduque.madrid\/2025\/03\/complementrias-25-26.pdf\">complementrias 25-26<\/a><a href=\"https:\/\/site.educa.madrid.org\/cp.pedroduque.madrid\/\/wp-content\/uploads\/cp.pedroduque.madrid\/2025\/03\/complementrias-25-26.pdf\" class=\"wp-block-file__button wp-element-button\" download aria-describedby=\"wp-block-file--media-876cd39a-88c4-4cd6-854e-487d2ac1de1c\">Descarga<\/a><\/div>\n\n\n\n<p><\/p>\n","protected":false},"excerpt":{"rendered":"<p>Previsi\u00f3n de actividades extraescolares para el curso escolar 2026 \/ 2027 Las actividades complementarias se organizan por los tutores y otros especialistas con el objetivo de complementar los curr\u00edculos de\u00a0 las distintas \u00e1reas\/ materias\/asignaturas. La mayor\u00eda de ellas se desarrollan en horario escolar, aunque alguna podr\u00eda extenderse si los profesores consideran que dicha actividad, ya [&hellip;]<\/p>\n","protected":false},"author":2,"featured_media":0,"parent":439,"menu_order":0,"comment_status":"closed","ping_status":"closed","template":"","meta":{"footnotes":""},"folder":[47],"class_list":["post-1117","page","type-page","status-publish","hentry"],"rttpg_featured_image_url":null,"rttpg_author":{"display_name":"tic.cp.pedroduque.madrid","author_link":"https:\/\/site.educa.madrid.org\/cp.pedroduque.madrid\/index.php\/author\/cuenta_tic-cp-pedroduque-madrid\/"},"rttpg_comment":0,"rttpg_category":" <a href=\"https:\/\/site.educa.madrid.org\/cp.pedroduque.madrid\/?taxonomy=folder&#038;term=servicios-1676996199\" rel=\"tag\">SERVICIOS<\/a>","rttpg_excerpt":"Previsi\u00f3n de actividades extraescolares para el curso escolar 2026 \/ 2027 Las actividades complementarias se organizan por los tutores y otros especialistas con el objetivo de complementar los curr\u00edculos de\u00a0 las distintas \u00e1reas\/ materias\/asignaturas. La mayor\u00eda de ellas se desarrollan en horario escolar, aunque alguna podr\u00eda extenderse si los profesores consideran que dicha actividad, ya&hellip;","post_mailing_queue_ids":[],"_links":{"self":[{"href":"https:\/\/site.educa.madrid.org\/cp.pedroduque.madrid\/index.php\/wp-json\/wp\/v2\/pages\/1117","targetHints":{"allow":["GET"]}}],"collection":[{"href":"https:\/\/site.educa.madrid.org\/cp.pedroduque.madrid\/index.php\/wp-json\/wp\/v2\/pages"}],"about":[{"href":"https:\/\/site.educa.madrid.org\/cp.pedroduque.madrid\/index.php\/wp-json\/wp\/v2\/types\/page"}],"author":[{"embeddable":true,"href":"https:\/\/site.educa.madrid.org\/cp.pedroduque.madrid\/index.php\/wp-json\/wp\/v2\/users\/2"}],"replies":[{"embeddable":true,"href":"https:\/\/site.educa.madrid.org\/cp.pedroduque.madrid\/index.php\/wp-json\/wp\/v2\/comments?post=1117"}],"version-history":[{"count":14,"href":"https:\/\/site.educa.madrid.org\/cp.pedroduque.madrid\/index.php\/wp-json\/wp\/v2\/pages\/1117\/revisions"}],"predecessor-version":[{"id":2211,"href":"https:\/\/site.educa.madrid.org\/cp.pedroduque.madrid\/index.php\/wp-json\/wp\/v2\/pages\/1117\/revisions\/2211"}],"up":[{"embeddable":true,"href":"https:\/\/site.educa.madrid.org\/cp.pedroduque.madrid\/index.php\/wp-json\/wp\/v2\/pages\/439"}],"wp:attachment":[{"href":"https:\/\/site.educa.madrid.org\/cp.pedroduque.madrid\/index.php\/wp-json\/wp\/v2\/media?parent=1117"}],"wp:term":[{"taxonomy":"folder","embeddable":true,"href":"https:\/\/site.educa.madrid.org\/cp.pedroduque.madrid\/index.php\/wp-json\/wp\/v2\/folder?post=1117"}],"curies":[{"name":"wp","href":"https:\/\/api.w.org\/{rel}","templated":true}]}}