{"id":1130,"date":"2023-02-24T13:36:30","date_gmt":"2023-02-24T12:36:30","guid":{"rendered":"https:\/\/site.educa.madrid.org\/cp.pedroduque.madrid\/?page_id=1130"},"modified":"2025-07-12T10:32:39","modified_gmt":"2025-07-12T08:32:39","slug":"horarios","status":"publish","type":"page","link":"https:\/\/site.educa.madrid.org\/cp.pedroduque.madrid\/index.php\/horarios\/","title":{"rendered":"HORARIOS"},"content":{"rendered":"\n<h2 class=\"wp-block-heading has-text-align-center\">HORARIO DEL CENTRO<\/h2>\n\n\n\n<p>El horario es de jornada partida. <\/p>\n\n\n\n<p>A continuaci\u00f3n se detalla la distribuci\u00f3n del horario escolar as\u00ed como de diferentes horarios de atenci\u00f3n por parte de: secretar\u00eda, direcci\u00f3n y jefatura de estudios, tutores\/as y\/o la encargada de comedor.<\/p>\n\n\n\n<figure class=\"wp-block-image size-full\"><img loading=\"lazy\" decoding=\"async\" width=\"1024\" height=\"766\" src=\"https:\/\/site.educa.madrid.org\/cp.pedroduque.madrid\/\/wp-content\/uploads\/cp.pedroduque.madrid\/2025\/07\/cuadro-horario-cambiado.jpg\" alt=\"\" class=\"wp-image-1983\" srcset=\"https:\/\/site.educa.madrid.org\/cp.pedroduque.madrid\/\/wp-content\/uploads\/cp.pedroduque.madrid\/2025\/07\/cuadro-horario-cambiado.jpg 1024w, https:\/\/site.educa.madrid.org\/cp.pedroduque.madrid\/\/wp-content\/uploads\/cp.pedroduque.madrid\/2025\/07\/cuadro-horario-cambiado-300x224.jpg 300w, https:\/\/site.educa.madrid.org\/cp.pedroduque.madrid\/\/wp-content\/uploads\/cp.pedroduque.madrid\/2025\/07\/cuadro-horario-cambiado-768x575.jpg 768w\" sizes=\"auto, (max-width: 1024px) 100vw, 1024px\" \/><\/figure>\n\n\n\n<hr class=\"wp-block-separator has-css-opacity is-style-wide\"\/>\n\n\n\n<figure class=\"wp-block-table is-style-stripes\"><table><tbody><tr><td class=\"has-text-align-center\" data-align=\"center\"><strong>HORARIO DE SECRETAR\u00cdA: <\/strong><br>Lunes, mi\u00e9rcoles y viernes de 09:15 a 10:00 h.  <br>Martes de 14:45 a 15.45 h. (oct. a mayo)<\/td><\/tr><tr><td class=\"has-text-align-center\" data-align=\"center\"><strong>HORARIO DE DIRECCI\u00d3N Y JEFATURA DE ESTUDIOS (Infantil, Primaria y Secundaria):<\/strong> <br>Martes, mi\u00e9rcoles y jueves de 9:30 a 10:30 h, previa petici\u00f3n de cita.<\/td><\/tr><tr><td class=\"has-text-align-center\" data-align=\"center\"><strong>HORARIO DE TUTOR\u00cdAS de Educaci\u00f3n Infantil y Educaci\u00f3n Primaria <\/strong> <br>Martes de 12:30 a 13:30 h (oct. a mayo) y de 13:00 a 14:00 h (sept. y junio), previa petici\u00f3n de cita.<\/td><\/tr><tr><td class=\"has-text-align-center\" data-align=\"center\"><strong>HORARIO DE ENCARGADA DE COMEDOR:<\/strong>  <br>Martes y jueves de 9:30 a 10:30 h, previa petici\u00f3n de cita.<\/td><\/tr><\/tbody><\/table><\/figure>\n\n\n\n<p class=\"has-text-align-center\"><code><a href=\"https:\/\/site.educa.madrid.org\/cp.pedroduque.madrid\/index.php\/contacto\/\"><img decoding=\"async\" style=\"width: 220px;\" src=\"https:\/\/site.educa.madrid.org\/cp.pedroduque.madrid\/\/wp-content\/uploads\/cp.pedroduque.madrid\/2021\/04\/carta.gif\" alt=\"\"><\/a><\/code><\/p>\n","protected":false},"excerpt":{"rendered":"<p>HORARIO DEL CENTRO El horario es de jornada partida. A continuaci\u00f3n se detalla la distribuci\u00f3n del horario escolar as\u00ed como de diferentes horarios de atenci\u00f3n por parte de: secretar\u00eda, direcci\u00f3n y jefatura de estudios, tutores\/as y\/o la encargada de comedor. HORARIO DE SECRETAR\u00cdA: Lunes, mi\u00e9rcoles y viernes de 09:15 a 10:00 h. Martes de 14:45 [&hellip;]<\/p>\n","protected":false},"author":2,"featured_media":0,"parent":0,"menu_order":0,"comment_status":"closed","ping_status":"closed","template":"","meta":{"footnotes":""},"folder":[48],"class_list":["post-1130","page","type-page","status-publish","hentry"],"rttpg_featured_image_url":null,"rttpg_author":{"display_name":"tic.cp.pedroduque.madrid","author_link":"https:\/\/site.educa.madrid.org\/cp.pedroduque.madrid\/index.php\/author\/cuenta_tic-cp-pedroduque-madrid\/"},"rttpg_comment":0,"rttpg_category":" <a href=\"https:\/\/site.educa.madrid.org\/cp.pedroduque.madrid\/?taxonomy=folder&#038;term=nuestro-centro-1676996207\" rel=\"tag\">NUESTRO CENTRO<\/a>","rttpg_excerpt":"HORARIO DEL CENTRO El horario es de jornada partida. A continuaci\u00f3n se detalla la distribuci\u00f3n del horario escolar as\u00ed como de diferentes horarios de atenci\u00f3n por parte de: secretar\u00eda, direcci\u00f3n y jefatura de estudios, tutores\/as y\/o la encargada de comedor. HORARIO DE SECRETAR\u00cdA: Lunes, mi\u00e9rcoles y viernes de 09:15 a 10:00 h. Martes de 14:45&hellip;","post_mailing_queue_ids":[],"_links":{"self":[{"href":"https:\/\/site.educa.madrid.org\/cp.pedroduque.madrid\/index.php\/wp-json\/wp\/v2\/pages\/1130","targetHints":{"allow":["GET"]}}],"collection":[{"href":"https:\/\/site.educa.madrid.org\/cp.pedroduque.madrid\/index.php\/wp-json\/wp\/v2\/pages"}],"about":[{"href":"https:\/\/site.educa.madrid.org\/cp.pedroduque.madrid\/index.php\/wp-json\/wp\/v2\/types\/page"}],"author":[{"embeddable":true,"href":"https:\/\/site.educa.madrid.org\/cp.pedroduque.madrid\/index.php\/wp-json\/wp\/v2\/users\/2"}],"replies":[{"embeddable":true,"href":"https:\/\/site.educa.madrid.org\/cp.pedroduque.madrid\/index.php\/wp-json\/wp\/v2\/comments?post=1130"}],"version-history":[{"count":9,"href":"https:\/\/site.educa.madrid.org\/cp.pedroduque.madrid\/index.php\/wp-json\/wp\/v2\/pages\/1130\/revisions"}],"predecessor-version":[{"id":1984,"href":"https:\/\/site.educa.madrid.org\/cp.pedroduque.madrid\/index.php\/wp-json\/wp\/v2\/pages\/1130\/revisions\/1984"}],"wp:attachment":[{"href":"https:\/\/site.educa.madrid.org\/cp.pedroduque.madrid\/index.php\/wp-json\/wp\/v2\/media?parent=1130"}],"wp:term":[{"taxonomy":"folder","embeddable":true,"href":"https:\/\/site.educa.madrid.org\/cp.pedroduque.madrid\/index.php\/wp-json\/wp\/v2\/folder?post=1130"}],"curies":[{"name":"wp","href":"https:\/\/api.w.org\/{rel}","templated":true}]}}