{"id":117,"date":"2021-04-13T20:24:47","date_gmt":"2021-04-13T18:24:47","guid":{"rendered":"https:\/\/site.educa.madrid.org\/cp.pedroduque.madrid\/?page_id=117"},"modified":"2023-02-21T17:33:06","modified_gmt":"2023-02-21T16:33:06","slug":"secretaria","status":"publish","type":"page","link":"https:\/\/site.educa.madrid.org\/cp.pedroduque.madrid\/index.php\/secretaria\/","title":{"rendered":"SECRETAR\u00cdA"},"content":{"rendered":"\n<p class=\"has-medium-font-size\"><strong>La secretar\u00eda se encarga de atender :<\/strong><\/p>\n\n\n\n<ol class=\"wp-block-list\"><li><strong>Comedor<\/strong>: altas, bajas, dietas, pagos, cambio de n\u00famero de cuenta, incidencias\u2026<\/li><\/ol>\n\n\n\n<ul class=\"wp-block-list\"><li>Las modificaciones de comedor, altas, bajas o n\u00fameros de cuenta hay que realizarlas 7 d\u00edas naturales antes de la finalizaci\u00f3n del mes.<\/li><li>Las bajas no justificadas de comedor no se proceder\u00e1n a su devoluci\u00f3n.<\/li><li>La <strong>ausencia del servicio de comedor,<\/strong> a partir de 3 d\u00edas consecutivos se descontar\u00e1 del siguiente recibo, con una deducci\u00f3n del 50% del importe correspondiente a los d\u00edas justificados previa solicitud mediante un escrito dirigido a Secretar\u00eda con la justificaci\u00f3n de la falta. <em>(Acuerdo Consejo Escolar ACTA N\u00ba 9 curso 2014-2015)<\/em><\/li><\/ul>\n\n\n\n<ol class=\"wp-block-list\" start=\"2\"><li><strong>Modificaci\u00f3n de datos <\/strong>personales de alumnos\/as y\/o tutores legales.<\/li><\/ol>\n\n\n\n<ul class=\"wp-block-list\"><li>Los cambios de <strong>autorizaciones <\/strong>en la recogida de los alumnos tendr\u00e1n una efectividad de 24h.<\/li><\/ul>\n\n\n\n<ol class=\"wp-block-list\" start=\"3\"><li>Becas y ayudas.<\/li><li>Problemas con gesti\u00f3n de Roble.<\/li><li><strong>Solicitud de certificados, documentaci\u00f3n<\/strong> acad\u00e9mica\/oficial y <strong>justificantes<\/strong> de asistencia a tutor\u00edas y\/o reuniones en el centro.<\/li><\/ol>\n\n\n\n<ul class=\"wp-block-list\"><li>Para cualquier petici\u00f3n de certificado o <strong>documentaci\u00f3n<\/strong>\u00a0 el plazo de recepci\u00f3n ser\u00e1 al menos de 48 horas.<\/li><\/ul>\n","protected":false},"excerpt":{"rendered":"<p>La secretar\u00eda se encarga de atender : Comedor: altas, bajas, dietas, pagos, cambio de n\u00famero de cuenta, incidencias\u2026 Las modificaciones de comedor, altas, bajas o n\u00fameros de cuenta hay que realizarlas 7 d\u00edas naturales antes de la finalizaci\u00f3n del mes. Las bajas no justificadas de comedor no se proceder\u00e1n a su devoluci\u00f3n. La ausencia del [&hellip;]<\/p>\n","protected":false},"author":2,"featured_media":0,"parent":0,"menu_order":0,"comment_status":"closed","ping_status":"closed","template":"","meta":{"footnotes":""},"folder":[46],"class_list":["post-117","page","type-page","status-publish","hentry"],"rttpg_featured_image_url":null,"rttpg_author":{"display_name":"tic.cp.pedroduque.madrid","author_link":"https:\/\/site.educa.madrid.org\/cp.pedroduque.madrid\/index.php\/author\/cuenta_tic-cp-pedroduque-madrid\/"},"rttpg_comment":0,"rttpg_category":" <a href=\"https:\/\/site.educa.madrid.org\/cp.pedroduque.madrid\/?taxonomy=folder&#038;term=secretaria-1676995534\" rel=\"tag\">SECRETARIA<\/a>","rttpg_excerpt":"La secretar\u00eda se encarga de atender : Comedor: altas, bajas, dietas, pagos, cambio de n\u00famero de cuenta, incidencias\u2026 Las modificaciones de comedor, altas, bajas o n\u00fameros de cuenta hay que realizarlas 7 d\u00edas naturales antes de la finalizaci\u00f3n del mes. Las bajas no justificadas de comedor no se proceder\u00e1n a su devoluci\u00f3n. La ausencia del&hellip;","post_mailing_queue_ids":[],"_links":{"self":[{"href":"https:\/\/site.educa.madrid.org\/cp.pedroduque.madrid\/index.php\/wp-json\/wp\/v2\/pages\/117","targetHints":{"allow":["GET"]}}],"collection":[{"href":"https:\/\/site.educa.madrid.org\/cp.pedroduque.madrid\/index.php\/wp-json\/wp\/v2\/pages"}],"about":[{"href":"https:\/\/site.educa.madrid.org\/cp.pedroduque.madrid\/index.php\/wp-json\/wp\/v2\/types\/page"}],"author":[{"embeddable":true,"href":"https:\/\/site.educa.madrid.org\/cp.pedroduque.madrid\/index.php\/wp-json\/wp\/v2\/users\/2"}],"replies":[{"embeddable":true,"href":"https:\/\/site.educa.madrid.org\/cp.pedroduque.madrid\/index.php\/wp-json\/wp\/v2\/comments?post=117"}],"version-history":[{"count":8,"href":"https:\/\/site.educa.madrid.org\/cp.pedroduque.madrid\/index.php\/wp-json\/wp\/v2\/pages\/117\/revisions"}],"predecessor-version":[{"id":727,"href":"https:\/\/site.educa.madrid.org\/cp.pedroduque.madrid\/index.php\/wp-json\/wp\/v2\/pages\/117\/revisions\/727"}],"wp:attachment":[{"href":"https:\/\/site.educa.madrid.org\/cp.pedroduque.madrid\/index.php\/wp-json\/wp\/v2\/media?parent=117"}],"wp:term":[{"taxonomy":"folder","embeddable":true,"href":"https:\/\/site.educa.madrid.org\/cp.pedroduque.madrid\/index.php\/wp-json\/wp\/v2\/folder?post=117"}],"curies":[{"name":"wp","href":"https:\/\/api.w.org\/{rel}","templated":true}]}}