{"id":125,"date":"2021-04-13T20:26:29","date_gmt":"2021-04-13T18:26:29","guid":{"rendered":"https:\/\/site.educa.madrid.org\/cp.pedroduque.madrid\/?page_id=125"},"modified":"2025-08-05T19:23:55","modified_gmt":"2025-08-05T17:23:55","slug":"contacto","status":"publish","type":"page","link":"https:\/\/site.educa.madrid.org\/cp.pedroduque.madrid\/index.php\/portada\/contacto\/","title":{"rendered":"CONTACTO"},"content":{"rendered":"\n<p style=\"font-size:clamp(14px, 0.875rem + ((1vw - 3.2px) * 0.455), 18px);px\"><strong>DATOS:<\/strong><\/p>\n\n\n\n<p><strong>Direcci\u00f3n &#8211; c\/ Marmolina 5, 28032 , Madrid<br>Tel\u00e9fono &#8211; 91 776 23 63<br>Fax &#8211; 91 191 12 73<\/strong><\/p>\n\n\n\n<div class=\"wp-block-group is-layout-flow wp-block-group-is-layout-flow\">\n<div class=\"wp-block-group is-layout-flow wp-block-group-is-layout-flow\">\n<iframe src=\"https:\/\/www.google.com\/maps\/embed?pb=!1m18!1m12!1m3!1d3038.5252445624774!2d-3.609463385050029!3d40.397213579367424!2m3!1f0!2f0!3f0!3m2!1i1024!2i768!4f13.1!3m3!1m2!1s0xd42256c9094fba3%3A0xbe7fd477e2cf64b9!2sCEIP%20Pedro%20Duque!5e0!3m2!1sca!2ses!4v1619373642378!5m2!1sca!2ses\" width=\"600\" height=\"450\" style=\"border:0;\" allowfullscreen=\"\" loading=\"lazy\"><\/iframe>\n<\/div>\n<\/div>\n\n\n\n<div style=\"height:20px\" aria-hidden=\"true\" class=\"wp-block-spacer\"><\/div>\n\n\n\n<div class=\"wp-block-group is-layout-flow wp-block-group-is-layout-flow\">\n<figure class=\"wp-block-image alignleft size-large is-resized\"><img loading=\"lazy\" decoding=\"async\" width=\"600\" height=\"400\" src=\"https:\/\/site.educa.madrid.org\/cp.pedroduque.madrid\/\/wp-content\/uploads\/cp.pedroduque.madrid\/2021\/04\/carta.gif\" alt=\"\" class=\"wp-image-352\" style=\"width:245px;height:162px\"\/><figcaption class=\"wp-element-caption\"><strong>CORREOS DE INTER\u00c9S<\/strong><\/figcaption><\/figure>\n\n\n\n<p><\/p>\n\n\n\n<p><\/p>\n\n\n\n<p><\/p>\n\n\n\n<p><\/p>\n<\/div>\n\n\n\n<div style=\"height:15px\" aria-hidden=\"true\" class=\"wp-block-spacer\"><\/div>\n\n\n\n<p><strong>Correo Oficial del Centro \/ Directora:  <mark style=\"background-color:rgba(0, 0, 0, 0)\" class=\"has-inline-color has-vivid-cyan-blue-color\"> cp.pedroduque.madrid@educa.madrid.org <\/mark><\/strong><\/p>\n\n\n\n<p><strong>Este correo lo atiende personalmente la directora del centro y es al que se debe dirigir toda la comunicaci\u00f3n oficial con el centro, a excepci\u00f3n de las solicitudes que se hacen a secretar\u00eda, las cuales se detallan a continuaci\u00f3n:<\/strong><\/p>\n\n\n\n<ol class=\"wp-block-list\">\n<li>1. <strong>Comedor:<\/strong> altas, bajas, dietas, pagos, cambio de n\u00famero de cuenta.<\/li>\n\n\n\n<li>2. Modificaci\u00f3n de <strong>datos personales<\/strong> de alumnos\/as y\/o tutores legales.<\/li>\n\n\n\n<li>3. Los cambios de <strong>autorizaciones<\/strong> en la recogida de los alumnos tendr\u00e1n una efectividad de 24h.<\/li>\n\n\n\n<li>4. Becas y <strong>ayudas<\/strong>.<\/li>\n\n\n\n<li>5. Problemas con gesti\u00f3n de<strong> Roble<\/strong>.<\/li>\n\n\n\n<li>6. <strong>Solicitud<\/strong> de certificados, documentaci\u00f3n acad\u00e9mica\/oficial y justificantes de asistencia a tutor\u00edas y\/o reuniones en el centro.<\/li>\n<\/ol>\n\n\n\n<p><strong>Correo de Secretar\u00eda &#8211; <mark style=\"background-color:rgba(0, 0, 0, 0)\" class=\"has-inline-color has-vivid-cyan-blue-color\">secretaria.cp.pedroduque.madrid@educa.madrid.org <\/mark><\/strong><\/p>\n\n\n\n<p><strong>Correo de Jefatura de Estudios  de Educaci\u00f3n Infantil y Educaci\u00f3n Primaria &#8211;<mark style=\"background-color:rgba(0, 0, 0, 0)\" class=\"has-inline-color has-vivid-cyan-blue-color\"> jestudios.cp.pedroduque.madrid@educa.madrid.org <\/mark><\/strong><\/p>\n\n\n\n<p><strong>Correo de Jefatura de Estudios  de Educaci\u00f3n Secundaria &#8211; <mark style=\"background-color:rgba(0, 0, 0, 0)\" class=\"has-inline-color has-vivid-cyan-blue-color\">jefaturaeso.cp.pedroduque.madrid@educa.madrid.org <\/mark><\/strong><\/p>\n\n\n\n<div data-wp-interactive=\"core\/file\" class=\"wp-block-file\"><object data-wp-bind--hidden=\"!state.hasPdfPreview\" hidden class=\"wp-block-file__embed\" data=\"https:\/\/site.educa.madrid.org\/cp.pedroduque.madrid\/\/wp-content\/uploads\/cp.pedroduque.madrid\/2024\/06\/Infografia_Tecnologia.pdf\" type=\"application\/pdf\" style=\"width:100%;height:600px\" aria-label=\"Incrustado de Infograf\u00eda_Tecnolog\u00eda.\"><\/object><a id=\"wp-block-file--media-348b26c8-ca56-484a-8975-50c3c3153403\" href=\"https:\/\/site.educa.madrid.org\/cp.pedroduque.madrid\/\/wp-content\/uploads\/cp.pedroduque.madrid\/2024\/06\/Infografia_Tecnologia.pdf\">Infograf\u00eda_Tecnolog\u00eda<\/a><a href=\"https:\/\/site.educa.madrid.org\/cp.pedroduque.madrid\/\/wp-content\/uploads\/cp.pedroduque.madrid\/2024\/06\/Infografia_Tecnologia.pdf\" class=\"wp-block-file__button wp-element-button\" download aria-describedby=\"wp-block-file--media-348b26c8-ca56-484a-8975-50c3c3153403\">Descarga<\/a><\/div>\n\n\n\n<div class=\"wp-block-group is-layout-flow wp-block-group-is-layout-flow\">\n<div class=\"wp-block-group is-layout-flow wp-block-group-is-layout-flow\"><\/div>\n<\/div>\n","protected":false},"excerpt":{"rendered":"<p>DATOS: Direcci\u00f3n &#8211; c\/ Marmolina 5, 28032 , MadridTel\u00e9fono &#8211; 91 776 23 63Fax &#8211; 91 191 12 73 Correo Oficial del Centro \/ Directora: cp.pedroduque.madrid@educa.madrid.org Este correo lo atiende personalmente la directora del centro y es al que se debe dirigir toda la comunicaci\u00f3n oficial con el centro, a excepci\u00f3n de las solicitudes que [&hellip;]<\/p>\n","protected":false},"author":2,"featured_media":0,"parent":140,"menu_order":0,"comment_status":"closed","ping_status":"closed","template":"","meta":{"footnotes":""},"folder":[48],"class_list":["post-125","page","type-page","status-publish","hentry"],"rttpg_featured_image_url":null,"rttpg_author":{"display_name":"tic.cp.pedroduque.madrid","author_link":"https:\/\/site.educa.madrid.org\/cp.pedroduque.madrid\/index.php\/author\/cuenta_tic-cp-pedroduque-madrid\/"},"rttpg_comment":0,"rttpg_category":" <a href=\"https:\/\/site.educa.madrid.org\/cp.pedroduque.madrid\/?taxonomy=folder&#038;term=nuestro-centro-1676996207\" rel=\"tag\">NUESTRO CENTRO<\/a>","rttpg_excerpt":"DATOS: Direcci\u00f3n &#8211; c\/ Marmolina 5, 28032 , MadridTel\u00e9fono &#8211; 91 776 23 63Fax &#8211; 91 191 12 73 Correo Oficial del Centro \/ Directora: cp.pedroduque.madrid@educa.madrid.org Este correo lo atiende personalmente la directora del centro y es al que se debe dirigir toda la comunicaci\u00f3n oficial con el centro, a excepci\u00f3n de las solicitudes que&hellip;","post_mailing_queue_ids":[],"_links":{"self":[{"href":"https:\/\/site.educa.madrid.org\/cp.pedroduque.madrid\/index.php\/wp-json\/wp\/v2\/pages\/125","targetHints":{"allow":["GET"]}}],"collection":[{"href":"https:\/\/site.educa.madrid.org\/cp.pedroduque.madrid\/index.php\/wp-json\/wp\/v2\/pages"}],"about":[{"href":"https:\/\/site.educa.madrid.org\/cp.pedroduque.madrid\/index.php\/wp-json\/wp\/v2\/types\/page"}],"author":[{"embeddable":true,"href":"https:\/\/site.educa.madrid.org\/cp.pedroduque.madrid\/index.php\/wp-json\/wp\/v2\/users\/2"}],"replies":[{"embeddable":true,"href":"https:\/\/site.educa.madrid.org\/cp.pedroduque.madrid\/index.php\/wp-json\/wp\/v2\/comments?post=125"}],"version-history":[{"count":36,"href":"https:\/\/site.educa.madrid.org\/cp.pedroduque.madrid\/index.php\/wp-json\/wp\/v2\/pages\/125\/revisions"}],"predecessor-version":[{"id":2073,"href":"https:\/\/site.educa.madrid.org\/cp.pedroduque.madrid\/index.php\/wp-json\/wp\/v2\/pages\/125\/revisions\/2073"}],"up":[{"embeddable":true,"href":"https:\/\/site.educa.madrid.org\/cp.pedroduque.madrid\/index.php\/wp-json\/wp\/v2\/pages\/140"}],"wp:attachment":[{"href":"https:\/\/site.educa.madrid.org\/cp.pedroduque.madrid\/index.php\/wp-json\/wp\/v2\/media?parent=125"}],"wp:term":[{"taxonomy":"folder","embeddable":true,"href":"https:\/\/site.educa.madrid.org\/cp.pedroduque.madrid\/index.php\/wp-json\/wp\/v2\/folder?post=125"}],"curies":[{"name":"wp","href":"https:\/\/api.w.org\/{rel}","templated":true}]}}