{"id":1494,"date":"2024-01-15T16:35:35","date_gmt":"2024-01-15T15:35:35","guid":{"rendered":"https:\/\/site.educa.madrid.org\/cp.pedroduque.madrid\/?page_id=1494"},"modified":"2024-01-15T16:35:37","modified_gmt":"2024-01-15T15:35:37","slug":"proyectos","status":"publish","type":"page","link":"https:\/\/site.educa.madrid.org\/cp.pedroduque.madrid\/index.php\/proyectos\/","title":{"rendered":"PROYECTOS"},"content":{"rendered":"\n<p>El CEIP Pedro Duque participa una serie de proyectos a lo largo del curso, tanto de colaboraci\u00f3n como diferentes fundaciones e instituciones (Fundaci\u00f3n Bot\u00edn, Fundaci\u00f3n Alicia Koplowitz, Teatro Real&#8230;) como proyectos propios. Estos proyectos son los siguientes:<\/p>\n\n\n\n<ul class=\"has-x-large-font-size wp-block-list\">\n<li><a href=\"https:\/\/site.educa.madrid.org\/cp.pedroduque.madrid\/index.php\/bilinguismo\/\" data-type=\"URL\" data-id=\"https:\/\/site.educa.madrid.org\/cp.pedroduque.madrid\/index.php\/bilinguismo\/\" target=\"_blank\" rel=\"noreferrer noopener\">Biling\u00fcismo<\/a><\/li>\n\n\n\n<li><a href=\"https:\/\/site.educa.madrid.org\/cp.pedroduque.madrid\/index.php\/educacion-responsable\/\" target=\"_blank\" rel=\"noreferrer noopener\">Educaci\u00f3n Responsable<\/a><\/li>\n\n\n\n<li><a href=\"https:\/\/site.educa.madrid.org\/cp.pedroduque.madrid\/index.php\/huerto-escolar\/\" data-type=\"URL\" data-id=\"https:\/\/site.educa.madrid.org\/cp.pedroduque.madrid\/index.php\/huerto-escolar\/\" target=\"_blank\" rel=\"noreferrer noopener\">Huerto Escolar<\/a><\/li>\n\n\n\n<li><a href=\"https:\/\/site.educa.madrid.org\/cp.pedroduque.madrid\/index.php\/mediadores\/\">Mediadores<\/a><\/li>\n\n\n\n<li><a href=\"https:\/\/site.educa.madrid.org\/cp.pedroduque.madrid\/index.php\/lova\/\" data-type=\"URL\" data-id=\"https:\/\/site.educa.madrid.org\/cp.pedroduque.madrid\/index.php\/lova\/\" target=\"_blank\" rel=\"noreferrer noopener\">L\u00d3VA<\/a><\/li>\n\n\n\n<li><a rel=\"noreferrer noopener\" href=\"https:\/\/site.educa.madrid.org\/cp.pedroduque.madrid\/index.php\/salud-mental\/\" data-type=\"URL\" data-id=\"https:\/\/site.educa.madrid.org\/cp.pedroduque.madrid\/index.php\/salud-mental\/\" target=\"_blank\">Salud Mental<\/a><\/li>\n\n\n\n<li><a href=\"https:\/\/site.educa.madrid.org\/cp.pedroduque.madrid\/index.php\/plan-digitalizacion\/\" data-type=\"URL\" data-id=\"https:\/\/site.educa.madrid.org\/cp.pedroduque.madrid\/index.php\/plan-digitalizacion\/\" target=\"_blank\" rel=\"noreferrer noopener\">Digitalizaci\u00f3n<\/a><\/li>\n<\/ul>\n","protected":false},"excerpt":{"rendered":"<p>El CEIP Pedro Duque participa una serie de proyectos a lo largo del curso, tanto de colaboraci\u00f3n como diferentes fundaciones e instituciones (Fundaci\u00f3n Bot\u00edn, Fundaci\u00f3n Alicia Koplowitz, Teatro Real&#8230;) como proyectos propios. Estos proyectos son los siguientes:<\/p>\n","protected":false},"author":2,"featured_media":0,"parent":0,"menu_order":0,"comment_status":"closed","ping_status":"closed","template":"","meta":{"footnotes":""},"folder":[],"class_list":["post-1494","page","type-page","status-publish","hentry"],"rttpg_featured_image_url":null,"rttpg_author":{"display_name":"tic.cp.pedroduque.madrid","author_link":"https:\/\/site.educa.madrid.org\/cp.pedroduque.madrid\/index.php\/author\/cuenta_tic-cp-pedroduque-madrid\/"},"rttpg_comment":0,"rttpg_category":false,"rttpg_excerpt":"El CEIP Pedro Duque participa una serie de proyectos a lo largo del curso, tanto de colaboraci\u00f3n como diferentes fundaciones e instituciones (Fundaci\u00f3n Bot\u00edn, Fundaci\u00f3n Alicia Koplowitz, Teatro Real&#8230;) como proyectos propios. Estos proyectos son los siguientes:","post_mailing_queue_ids":[],"_links":{"self":[{"href":"https:\/\/site.educa.madrid.org\/cp.pedroduque.madrid\/index.php\/wp-json\/wp\/v2\/pages\/1494","targetHints":{"allow":["GET"]}}],"collection":[{"href":"https:\/\/site.educa.madrid.org\/cp.pedroduque.madrid\/index.php\/wp-json\/wp\/v2\/pages"}],"about":[{"href":"https:\/\/site.educa.madrid.org\/cp.pedroduque.madrid\/index.php\/wp-json\/wp\/v2\/types\/page"}],"author":[{"embeddable":true,"href":"https:\/\/site.educa.madrid.org\/cp.pedroduque.madrid\/index.php\/wp-json\/wp\/v2\/users\/2"}],"replies":[{"embeddable":true,"href":"https:\/\/site.educa.madrid.org\/cp.pedroduque.madrid\/index.php\/wp-json\/wp\/v2\/comments?post=1494"}],"version-history":[{"count":2,"href":"https:\/\/site.educa.madrid.org\/cp.pedroduque.madrid\/index.php\/wp-json\/wp\/v2\/pages\/1494\/revisions"}],"predecessor-version":[{"id":1496,"href":"https:\/\/site.educa.madrid.org\/cp.pedroduque.madrid\/index.php\/wp-json\/wp\/v2\/pages\/1494\/revisions\/1496"}],"wp:attachment":[{"href":"https:\/\/site.educa.madrid.org\/cp.pedroduque.madrid\/index.php\/wp-json\/wp\/v2\/media?parent=1494"}],"wp:term":[{"taxonomy":"folder","embeddable":true,"href":"https:\/\/site.educa.madrid.org\/cp.pedroduque.madrid\/index.php\/wp-json\/wp\/v2\/folder?post=1494"}],"curies":[{"name":"wp","href":"https:\/\/api.w.org\/{rel}","templated":true}]}}