{"id":2190,"date":"2026-02-18T15:24:39","date_gmt":"2026-02-18T14:24:39","guid":{"rendered":"https:\/\/site.educa.madrid.org\/cp.pedroduque.madrid\/?page_id=2190"},"modified":"2026-03-11T17:17:32","modified_gmt":"2026-03-11T16:17:32","slug":"documentos-del-centro-2","status":"publish","type":"page","link":"https:\/\/site.educa.madrid.org\/cp.pedroduque.madrid\/index.php\/portada\/documentos-del-centro-2\/","title":{"rendered":"DOCUMENTOS ORGANIZATIVOS DE CENTRO"},"content":{"rendered":"\n<p class=\"has-medium-font-size\">Los centro educativos cuentan con autonom\u00eda pedag\u00f3gica, de organizaci\u00f3n y gesti\u00f3n para poder llevar a cabo modelos de funcionamiento propios. No obstante, dichos modelos siempre seguir\u00e1n la legislaci\u00f3n vigente y la normativa que desarrolla la misma.<\/p>\n\n\n\n<p class=\"has-medium-font-size\" style=\"font-style:normal;font-weight:400\">Los documentos organizativos del CEIPSO Pedro Duque se detallan a continuaci\u00f3n:<\/p>\n\n\n\n<ol class=\"wp-block-list has-black-color has-luminous-vivid-amber-to-luminous-vivid-orange-gradient-background has-text-color has-background has-medium-font-size\">\n<li><strong>Plan de Convivencia <\/strong>&#8211; los procedimientos de aplicaci\u00f3n de medidas correctoras, la resoluci\u00f3n pac\u00edfica de conflictos y actuaciones para la prevenci\u00f3n de la violencia de g\u00e9nero, igualdad y no discriminaci\u00f3n. Incluyen las <strong><em>normas de funcionamiento<\/em><\/strong> del centro. <strong> <a href=\"https:\/\/site.educa.madrid.org\/cp.pedroduque.madrid\/\/wp-content\/uploads\/cp.pedroduque.madrid\/2026\/03\/NUEVA-CONVIVENCIA.pdf\" data-type=\"link\" data-id=\"https:\/\/site.educa.madrid.org\/cp.pedroduque.madrid\/\/wp-content\/uploads\/cp.pedroduque.madrid\/2026\/02\/REVISION-CONVIVENCIA-1.pdf\" target=\"_blank\" rel=\"noreferrer noopener\">VER PLAN<\/a><\/strong><\/li>\n\n\n\n<li><strong>Proyecto Educativo del Centro (PEC) &#8211; <\/strong>es un instrumento para la gesti\u00f3n que enumera y define las notas de identidad del centro, formula los objetivos que pretende y expresa la estructura organizativa del centro.   <strong> <a href=\"https:\/\/drive.google.com\/file\/d\/1J9J1_KSejkWS1zmEzqSRdGW_DK6FIGry\/view?usp=share_link\">VER PEC<\/a><\/strong><\/li>\n\n\n\n<li><strong>Criterios de Calificaci\u00f3n &#8211; <\/strong>son los instrumentos&nbsp;<strong>que<\/strong>&nbsp;se utilizan para obtener el resultado de la&nbsp;<strong>calificaci\u00f3n<\/strong>&nbsp;del alumnado en una determinada evaluaci\u00f3n.<br><a href=\"https:\/\/site.educa.madrid.org\/cp.pedroduque.madrid\/\/wp-content\/uploads\/cp.pedroduque.madrid\/2025\/10\/criterios1.pdf\" data-type=\"link\" data-id=\"https:\/\/site.educa.madrid.org\/cp.pedroduque.madrid\/\/wp-content\/uploads\/cp.pedroduque.madrid\/2025\/03\/criterios-1o.pdf\" target=\"_blank\" rel=\"noreferrer noopener\">Criterios de calificaci\u00f3n de 1\u00ba<\/a><br><a href=\"https:\/\/site.educa.madrid.org\/cp.pedroduque.madrid\/\/wp-content\/uploads\/cp.pedroduque.madrid\/2025\/03\/criterios-2o-.pdf\" data-type=\"link\" data-id=\"https:\/\/site.educa.madrid.org\/cp.pedroduque.madrid\/\/wp-content\/uploads\/cp.pedroduque.madrid\/2025\/03\/criterios-1o.pdf\" target=\"_blank\" rel=\"noreferrer noopener\">Criterios de cal<\/a><a href=\"https:\/\/site.educa.madrid.org\/cp.pedroduque.madrid\/\/wp-content\/uploads\/cp.pedroduque.madrid\/2025\/10\/criterios-2o-.pdf\" data-type=\"link\" data-id=\"https:\/\/site.educa.madrid.org\/cp.pedroduque.madrid\/\/wp-content\/uploads\/cp.pedroduque.madrid\/2025\/03\/criterios-1o.pdf\" target=\"_blank\" rel=\"noreferrer noopener\">i<\/a><a href=\"https:\/\/site.educa.madrid.org\/cp.pedroduque.madrid\/\/wp-content\/uploads\/cp.pedroduque.madrid\/2025\/03\/criterios-2o-.pdf\" data-type=\"link\" data-id=\"https:\/\/site.educa.madrid.org\/cp.pedroduque.madrid\/\/wp-content\/uploads\/cp.pedroduque.madrid\/2025\/03\/criterios-1o.pdf\" target=\"_blank\" rel=\"noreferrer noopener\">ficaci\u00f3n de 2\u00ba<\/a><br><a href=\"https:\/\/site.educa.madrid.org\/cp.pedroduque.madrid\/\/wp-content\/uploads\/cp.pedroduque.madrid\/2025\/10\/criterios-3o.pdf\" data-type=\"link\" data-id=\"https:\/\/site.educa.madrid.org\/cp.pedroduque.madrid\/\/wp-content\/uploads\/cp.pedroduque.madrid\/2025\/03\/criterios-1o.pdf\" target=\"_blank\" rel=\"noreferrer noopener\">Criterios de calificaci\u00f3n de 3\u00ba<\/a><br><a href=\"https:\/\/site.educa.madrid.org\/cp.pedroduque.madrid\/\/wp-content\/uploads\/cp.pedroduque.madrid\/2025\/10\/criterios-4o.pdf\" data-type=\"link\" data-id=\"https:\/\/site.educa.madrid.org\/cp.pedroduque.madrid\/\/wp-content\/uploads\/cp.pedroduque.madrid\/2025\/03\/criterios-1o.pdf\" target=\"_blank\" rel=\"noreferrer noopener\">Criterios de calificaci\u00f3n de 4\u00ba<\/a><br><a href=\"https:\/\/site.educa.madrid.org\/cp.pedroduque.madrid\/\/wp-content\/uploads\/cp.pedroduque.madrid\/2025\/10\/criterios-5o.pdf\" data-type=\"link\" data-id=\"https:\/\/site.educa.madrid.org\/cp.pedroduque.madrid\/\/wp-content\/uploads\/cp.pedroduque.madrid\/2025\/03\/criterios-1o.pdf\" target=\"_blank\" rel=\"noreferrer noopener\">Criterios de calificaci\u00f3n de 5\u00ba<\/a><br><a href=\"https:\/\/site.educa.madrid.org\/cp.pedroduque.madrid\/\/wp-content\/uploads\/cp.pedroduque.madrid\/2025\/10\/criterios-6o.pdf\" data-type=\"link\" data-id=\"https:\/\/site.educa.madrid.org\/cp.pedroduque.madrid\/\/wp-content\/uploads\/cp.pedroduque.madrid\/2025\/03\/criterios-1o.pdf\" target=\"_blank\" rel=\"noreferrer noopener\">Criterios de calificaci\u00f3n de 6\u00ba<\/a><\/li>\n\n\n\n<li><strong>Plan de Digitalizaci\u00f3n de Centro<\/strong> &#8211; es un plan bianual financiado por la Uni\u00f3n Europea para para apoyar una adaptaci\u00f3n sostenible y eficaz de los sistemas de educaci\u00f3n y formaci\u00f3n a la era digital.<a href=\"https:\/\/site.educa.madrid.org\/cp.pedroduque.madrid\/\/wp-content\/uploads\/cp.pedroduque.madrid\/2025\/12\/PLAN-DIGITAL-2025_26.pdf\"> VER PDC<\/a><\/li>\n<\/ol>\n\n\n\n<p class=\"has-vivid-cyan-blue-color has-text-color has-link-color has-medium-font-size wp-elements-dabfb03550f2ed036f5ed1ac5a6a5947\">Procedimientos importantes de centro:<\/p>\n\n\n\n<p><strong>PROCEDIMIENTO DE RELAMACI\u00d3N DE CALIFICACIONES DE PRIMARIA<\/strong><\/p>\n\n\n\n<figure class=\"wp-block-image aligncenter size-large is-resized\"><img loading=\"lazy\" decoding=\"async\" width=\"410\" height=\"1024\" src=\"https:\/\/site.educa.madrid.org\/cp.pedroduque.madrid\/\/wp-content\/uploads\/cp.pedroduque.madrid\/2025\/03\/RECLAMACION-DE-NOTAS-DE-PRIMARIA-410x1024.png\" alt=\"\" class=\"wp-image-1880\" style=\"width:410px;height:auto\" srcset=\"https:\/\/site.educa.madrid.org\/cp.pedroduque.madrid\/\/wp-content\/uploads\/cp.pedroduque.madrid\/2025\/03\/RECLAMACION-DE-NOTAS-DE-PRIMARIA-410x1024.png 410w, https:\/\/site.educa.madrid.org\/cp.pedroduque.madrid\/\/wp-content\/uploads\/cp.pedroduque.madrid\/2025\/03\/RECLAMACION-DE-NOTAS-DE-PRIMARIA-120x300.png 120w, https:\/\/site.educa.madrid.org\/cp.pedroduque.madrid\/\/wp-content\/uploads\/cp.pedroduque.madrid\/2025\/03\/RECLAMACION-DE-NOTAS-DE-PRIMARIA-768x1920.png 768w, https:\/\/site.educa.madrid.org\/cp.pedroduque.madrid\/\/wp-content\/uploads\/cp.pedroduque.madrid\/2025\/03\/RECLAMACION-DE-NOTAS-DE-PRIMARIA.png 800w\" sizes=\"auto, (max-width: 410px) 100vw, 410px\" \/><\/figure>\n\n\n\n<div data-wp-interactive=\"core\/file\" class=\"wp-block-file\"><object data-wp-bind--hidden=\"!state.hasPdfPreview\" hidden class=\"wp-block-file__embed\" data=\"https:\/\/site.educa.madrid.org\/cp.pedroduque.madrid\/\/wp-content\/uploads\/cp.pedroduque.madrid\/2026\/03\/Reclamacion_Notas.-DE-PRIMARIA-1.pdf\" type=\"application\/pdf\" style=\"width:100%;height:600px\" aria-label=\"Incrustado de Reclamacion_Notas.-DE-PRIMARIA.\"><\/object><a id=\"wp-block-file--media-2e928e0a-480a-4367-a828-a7ab1b8d6458\" href=\"https:\/\/site.educa.madrid.org\/cp.pedroduque.madrid\/\/wp-content\/uploads\/cp.pedroduque.madrid\/2026\/03\/Reclamacion_Notas.-DE-PRIMARIA-1.pdf\">Reclamacion_Notas.-DE-PRIMARIA<\/a><a href=\"https:\/\/site.educa.madrid.org\/cp.pedroduque.madrid\/\/wp-content\/uploads\/cp.pedroduque.madrid\/2026\/03\/Reclamacion_Notas.-DE-PRIMARIA-1.pdf\" class=\"wp-block-file__button wp-element-button\" download aria-describedby=\"wp-block-file--media-2e928e0a-480a-4367-a828-a7ab1b8d6458\">Descarga<\/a><\/div>\n\n\n\n<p><strong>PROCEDIMIENTO DE RECLAMACI\u00d3N DE SECUNDARIA<\/strong><\/p>\n\n\n\n<figure class=\"wp-block-image aligncenter size-large\"><img loading=\"lazy\" decoding=\"async\" width=\"570\" height=\"1024\" src=\"https:\/\/site.educa.madrid.org\/cp.pedroduque.madrid\/\/wp-content\/uploads\/cp.pedroduque.madrid\/2026\/03\/Reclamacion_Calificaciones_ESO-1-570x1024.jpg\" alt=\"\" class=\"wp-image-2251\" srcset=\"https:\/\/site.educa.madrid.org\/cp.pedroduque.madrid\/\/wp-content\/uploads\/cp.pedroduque.madrid\/2026\/03\/Reclamacion_Calificaciones_ESO-1-570x1024.jpg 570w, https:\/\/site.educa.madrid.org\/cp.pedroduque.madrid\/\/wp-content\/uploads\/cp.pedroduque.madrid\/2026\/03\/Reclamacion_Calificaciones_ESO-1-167x300.jpg 167w, https:\/\/site.educa.madrid.org\/cp.pedroduque.madrid\/\/wp-content\/uploads\/cp.pedroduque.madrid\/2026\/03\/Reclamacion_Calificaciones_ESO-1-768x1381.jpg 768w, https:\/\/site.educa.madrid.org\/cp.pedroduque.madrid\/\/wp-content\/uploads\/cp.pedroduque.madrid\/2026\/03\/Reclamacion_Calificaciones_ESO-1.jpg 792w\" sizes=\"auto, (max-width: 570px) 100vw, 570px\" \/><\/figure>\n\n\n\n<div data-wp-interactive=\"core\/file\" class=\"wp-block-file\"><object data-wp-bind--hidden=\"!state.hasPdfPreview\" hidden class=\"wp-block-file__embed\" data=\"https:\/\/site.educa.madrid.org\/cp.pedroduque.madrid\/\/wp-content\/uploads\/cp.pedroduque.madrid\/2026\/03\/Reclamacion_Notas.-DE-SECUNDARIA.pdf\" type=\"application\/pdf\" style=\"width:100%;height:600px\" aria-label=\"Incrustado de Reclamacion_Notas.-DE-SECUNDARIA.\"><\/object><a id=\"wp-block-file--media-92f667c1-04bb-422c-8b08-aae190789f34\" href=\"https:\/\/site.educa.madrid.org\/cp.pedroduque.madrid\/\/wp-content\/uploads\/cp.pedroduque.madrid\/2026\/03\/Reclamacion_Notas.-DE-SECUNDARIA.pdf\">Reclamacion_Notas.-DE-SECUNDARIA<\/a><a href=\"https:\/\/site.educa.madrid.org\/cp.pedroduque.madrid\/\/wp-content\/uploads\/cp.pedroduque.madrid\/2026\/03\/Reclamacion_Notas.-DE-SECUNDARIA.pdf\" class=\"wp-block-file__button wp-element-button\" download aria-describedby=\"wp-block-file--media-92f667c1-04bb-422c-8b08-aae190789f34\">Descarga<\/a><\/div>\n","protected":false},"excerpt":{"rendered":"<p>Los centro educativos cuentan con autonom\u00eda pedag\u00f3gica, de organizaci\u00f3n y gesti\u00f3n para poder llevar a cabo modelos de funcionamiento propios. No obstante, dichos modelos siempre seguir\u00e1n la legislaci\u00f3n vigente y la normativa que desarrolla la misma. Los documentos organizativos del CEIPSO Pedro Duque se detallan a continuaci\u00f3n: Procedimientos importantes de centro: PROCEDIMIENTO DE RELAMACI\u00d3N DE [&hellip;]<\/p>\n","protected":false},"author":2,"featured_media":0,"parent":140,"menu_order":0,"comment_status":"closed","ping_status":"closed","template":"","meta":{"footnotes":""},"folder":[48],"class_list":["post-2190","page","type-page","status-publish","hentry"],"rttpg_featured_image_url":null,"rttpg_author":{"display_name":"tic.cp.pedroduque.madrid","author_link":"https:\/\/site.educa.madrid.org\/cp.pedroduque.madrid\/index.php\/author\/cuenta_tic-cp-pedroduque-madrid\/"},"rttpg_comment":0,"rttpg_category":" <a href=\"https:\/\/site.educa.madrid.org\/cp.pedroduque.madrid\/?taxonomy=folder&#038;term=nuestro-centro-1676996207\" rel=\"tag\">NUESTRO CENTRO<\/a>","rttpg_excerpt":"Los centro educativos cuentan con autonom\u00eda pedag\u00f3gica, de organizaci\u00f3n y gesti\u00f3n para poder llevar a cabo modelos de funcionamiento propios. No obstante, dichos modelos siempre seguir\u00e1n la legislaci\u00f3n vigente y la normativa que desarrolla la misma. Los documentos organizativos del CEIPSO Pedro Duque se detallan a continuaci\u00f3n: Procedimientos importantes de centro: PROCEDIMIENTO DE RELAMACI\u00d3N DE&hellip;","post_mailing_queue_ids":[],"_links":{"self":[{"href":"https:\/\/site.educa.madrid.org\/cp.pedroduque.madrid\/index.php\/wp-json\/wp\/v2\/pages\/2190","targetHints":{"allow":["GET"]}}],"collection":[{"href":"https:\/\/site.educa.madrid.org\/cp.pedroduque.madrid\/index.php\/wp-json\/wp\/v2\/pages"}],"about":[{"href":"https:\/\/site.educa.madrid.org\/cp.pedroduque.madrid\/index.php\/wp-json\/wp\/v2\/types\/page"}],"author":[{"embeddable":true,"href":"https:\/\/site.educa.madrid.org\/cp.pedroduque.madrid\/index.php\/wp-json\/wp\/v2\/users\/2"}],"replies":[{"embeddable":true,"href":"https:\/\/site.educa.madrid.org\/cp.pedroduque.madrid\/index.php\/wp-json\/wp\/v2\/comments?post=2190"}],"version-history":[{"count":7,"href":"https:\/\/site.educa.madrid.org\/cp.pedroduque.madrid\/index.php\/wp-json\/wp\/v2\/pages\/2190\/revisions"}],"predecessor-version":[{"id":2252,"href":"https:\/\/site.educa.madrid.org\/cp.pedroduque.madrid\/index.php\/wp-json\/wp\/v2\/pages\/2190\/revisions\/2252"}],"up":[{"embeddable":true,"href":"https:\/\/site.educa.madrid.org\/cp.pedroduque.madrid\/index.php\/wp-json\/wp\/v2\/pages\/140"}],"wp:attachment":[{"href":"https:\/\/site.educa.madrid.org\/cp.pedroduque.madrid\/index.php\/wp-json\/wp\/v2\/media?parent=2190"}],"wp:term":[{"taxonomy":"folder","embeddable":true,"href":"https:\/\/site.educa.madrid.org\/cp.pedroduque.madrid\/index.php\/wp-json\/wp\/v2\/folder?post=2190"}],"curies":[{"name":"wp","href":"https:\/\/api.w.org\/{rel}","templated":true}]}}