{"id":797,"date":"2023-02-20T13:10:27","date_gmt":"2023-02-20T12:10:27","guid":{"rendered":"https:\/\/site.educa.madrid.org\/cp.pedroduque.madrid\/?page_id=797"},"modified":"2026-04-21T13:03:35","modified_gmt":"2026-04-21T11:03:35","slug":"familias","status":"publish","type":"page","link":"https:\/\/site.educa.madrid.org\/cp.pedroduque.madrid\/index.php\/familias\/","title":{"rendered":"FAMILIAS"},"content":{"rendered":"\n<p>Se publica la informaci\u00f3n relativa a la ayuda a la conciliaci\u00f3n familiar ofrecida por los diferentes organismos p\u00fablicos.<\/p>\n\n\n\n<p class=\"has-text-align-center has-vivid-purple-color has-pale-cyan-blue-background-color has-text-color has-background has-x-large-font-size\"><strong>JUNTA MUNICIPAL<\/strong><\/p>\n\n\n\n<p>Se ha publicado en la web municipal la informaci\u00f3n relativa al programa de \u201cMADRIDCAMP Concilia en Vacaciones: Verano 2026\u201d.<\/p>\n\n\n\n<p>El plazo de inscripci\u00f3n es del 23 al 29 de abril de 2026.<\/p>\n\n\n\n<p>La tramitaci\u00f3n de las solicitudes se realiza a trav\u00e9s de la Plataforma de Gesti\u00f3n de Actividades Municipales (PLACT). Las familias interesadas en solicitar plaza en el programa disponen de Gu\u00edas de Ayuda, accediendo al Tr\u00e1mite de la convocatoria, apartado de \u201cDocumentaci\u00f3n asociada\u201d.<\/p>\n\n\n\n<p>La publicidad de la convocatoria se realizar\u00e1 a trav\u00e9s de la web municipal y de las redes sociales @madridfamilias <\/p>\n\n\n\n<div data-wp-interactive=\"core\/file\" class=\"wp-block-file\"><object data-wp-bind--hidden=\"!state.hasPdfPreview\" hidden class=\"wp-block-file__embed\" data=\"https:\/\/site.educa.madrid.org\/cp.pedroduque.madrid\/\/wp-content\/uploads\/cp.pedroduque.madrid\/2026\/04\/MADRID_CAMP_Verano_2026_A3.pdf\" type=\"application\/pdf\" style=\"width:100%;height:600px\" aria-label=\"Incrustado de MADRID_CAMP_Verano_2026_A3.\"><\/object><a id=\"wp-block-file--media-e495b95f-d212-4ada-b725-47a8882ab583\" href=\"https:\/\/site.educa.madrid.org\/cp.pedroduque.madrid\/\/wp-content\/uploads\/cp.pedroduque.madrid\/2026\/04\/MADRID_CAMP_Verano_2026_A3.pdf\">MADRID_CAMP_Verano_2026_A3<\/a><a href=\"https:\/\/site.educa.madrid.org\/cp.pedroduque.madrid\/\/wp-content\/uploads\/cp.pedroduque.madrid\/2026\/04\/MADRID_CAMP_Verano_2026_A3.pdf\" class=\"wp-block-file__button wp-element-button\" download aria-describedby=\"wp-block-file--media-e495b95f-d212-4ada-b725-47a8882ab583\">Descarga<\/a><\/div>\n\n\n\n<div data-wp-interactive=\"core\/file\" class=\"wp-block-file\"><object data-wp-bind--hidden=\"!state.hasPdfPreview\" hidden class=\"wp-block-file__embed\" data=\"https:\/\/site.educa.madrid.org\/cp.pedroduque.madrid\/\/wp-content\/uploads\/cp.pedroduque.madrid\/2025\/05\/Cartel.pdf\" type=\"application\/pdf\" style=\"width:100%;height:600px\" aria-label=\"Incrustado de Cartel.\"><\/object><a id=\"wp-block-file--media-808ee68f-238e-44d0-95e0-497a054c66fc\" href=\"https:\/\/site.educa.madrid.org\/cp.pedroduque.madrid\/\/wp-content\/uploads\/cp.pedroduque.madrid\/2025\/05\/Cartel.pdf\">Cartel<\/a><a href=\"https:\/\/site.educa.madrid.org\/cp.pedroduque.madrid\/\/wp-content\/uploads\/cp.pedroduque.madrid\/2025\/05\/Cartel.pdf\" class=\"wp-block-file__button wp-element-button\" download aria-describedby=\"wp-block-file--media-808ee68f-238e-44d0-95e0-497a054c66fc\">Descarga<\/a><\/div>\n\n\n\n<div data-wp-interactive=\"core\/file\" class=\"wp-block-file\"><object data-wp-bind--hidden=\"!state.hasPdfPreview\" hidden class=\"wp-block-file__embed\" data=\"https:\/\/site.educa.madrid.org\/cp.pedroduque.madrid\/\/wp-content\/uploads\/cp.pedroduque.madrid\/2025\/05\/Informacion-general-Naturaleza.pdf\" type=\"application\/pdf\" style=\"width:100%;height:600px\" aria-label=\"Incrustado de Informaci\u00f3n general Naturaleza.\"><\/object><a id=\"wp-block-file--media-5d8fa154-f8c2-477a-9219-282cb2341152\" href=\"https:\/\/site.educa.madrid.org\/cp.pedroduque.madrid\/\/wp-content\/uploads\/cp.pedroduque.madrid\/2025\/05\/Informacion-general-Naturaleza.pdf\">Informaci\u00f3n general Naturaleza<\/a><a href=\"https:\/\/site.educa.madrid.org\/cp.pedroduque.madrid\/\/wp-content\/uploads\/cp.pedroduque.madrid\/2025\/05\/Informacion-general-Naturaleza.pdf\" class=\"wp-block-file__button wp-element-button\" download aria-describedby=\"wp-block-file--media-5d8fa154-f8c2-477a-9219-282cb2341152\">Descarga<\/a><\/div>\n\n\n\n<hr class=\"wp-block-separator alignfull has-alpha-channel-opacity\"\/>\n\n\n\n<figure class=\"wp-block-image size-large\"><img loading=\"lazy\" decoding=\"async\" width=\"1024\" height=\"272\" src=\"https:\/\/site.educa.madrid.org\/cp.pedroduque.madrid\/\/wp-content\/uploads\/cp.pedroduque.madrid\/2025\/05\/drogas_logo-1024x272.png\" alt=\"\" class=\"wp-image-1944\" srcset=\"https:\/\/site.educa.madrid.org\/cp.pedroduque.madrid\/\/wp-content\/uploads\/cp.pedroduque.madrid\/2025\/05\/drogas_logo-1024x272.png 1024w, https:\/\/site.educa.madrid.org\/cp.pedroduque.madrid\/\/wp-content\/uploads\/cp.pedroduque.madrid\/2025\/05\/drogas_logo-300x80.png 300w, https:\/\/site.educa.madrid.org\/cp.pedroduque.madrid\/\/wp-content\/uploads\/cp.pedroduque.madrid\/2025\/05\/drogas_logo-768x204.png 768w, https:\/\/site.educa.madrid.org\/cp.pedroduque.madrid\/\/wp-content\/uploads\/cp.pedroduque.madrid\/2025\/05\/drogas_logo-1536x407.png 1536w, https:\/\/site.educa.madrid.org\/cp.pedroduque.madrid\/\/wp-content\/uploads\/cp.pedroduque.madrid\/2025\/05\/drogas_logo.png 1750w\" sizes=\"auto, (max-width: 1024px) 100vw, 1024px\" \/><\/figure>\n\n\n\n<figure class=\"wp-block-image aligncenter size-full\"><img loading=\"lazy\" decoding=\"async\" width=\"680\" height=\"857\" src=\"https:\/\/site.educa.madrid.org\/cp.pedroduque.madrid\/\/wp-content\/uploads\/cp.pedroduque.madrid\/2025\/05\/QR_Buzon.jpg\" alt=\"\" class=\"wp-image-1945\" srcset=\"https:\/\/site.educa.madrid.org\/cp.pedroduque.madrid\/\/wp-content\/uploads\/cp.pedroduque.madrid\/2025\/05\/QR_Buzon.jpg 680w, https:\/\/site.educa.madrid.org\/cp.pedroduque.madrid\/\/wp-content\/uploads\/cp.pedroduque.madrid\/2025\/05\/QR_Buzon-238x300.jpg 238w\" sizes=\"auto, (max-width: 680px) 100vw, 680px\" \/><\/figure>\n\n\n\n<div data-wp-interactive=\"core\/file\" class=\"wp-block-file\"><object data-wp-bind--hidden=\"!state.hasPdfPreview\" hidden class=\"wp-block-file__embed\" data=\"https:\/\/site.educa.madrid.org\/cp.pedroduque.madrid\/\/wp-content\/uploads\/cp.pedroduque.madrid\/2025\/05\/Carta-informativa_Buzon_denuncias_online-publicable.pdf\" type=\"application\/pdf\" style=\"width:100%;height:600px\" aria-label=\"Incrustado de Carta informativa_Buzon_denuncias_online publicable.\"><\/object><a id=\"wp-block-file--media-67822082-aee9-44ad-b270-b2e5769c315e\" href=\"https:\/\/site.educa.madrid.org\/cp.pedroduque.madrid\/\/wp-content\/uploads\/cp.pedroduque.madrid\/2025\/05\/Carta-informativa_Buzon_denuncias_online-publicable.pdf\">Carta informativa_Buzon_denuncias_online publicable<\/a><a href=\"https:\/\/site.educa.madrid.org\/cp.pedroduque.madrid\/\/wp-content\/uploads\/cp.pedroduque.madrid\/2025\/05\/Carta-informativa_Buzon_denuncias_online-publicable.pdf\" class=\"wp-block-file__button wp-element-button\" download aria-describedby=\"wp-block-file--media-67822082-aee9-44ad-b270-b2e5769c315e\">Descarga<\/a><\/div>\n","protected":false},"excerpt":{"rendered":"<p>Se publica la informaci\u00f3n relativa a la ayuda a la conciliaci\u00f3n familiar ofrecida por los diferentes organismos p\u00fablicos. JUNTA MUNICIPAL Se ha publicado en la web municipal la informaci\u00f3n relativa al programa de \u201cMADRIDCAMP Concilia en Vacaciones: Verano 2026\u201d. El plazo de inscripci\u00f3n es del 23 al 29 de abril de 2026. La tramitaci\u00f3n de [&hellip;]<\/p>\n","protected":false},"author":2,"featured_media":0,"parent":0,"menu_order":0,"comment_status":"closed","ping_status":"closed","template":"","meta":{"footnotes":""},"folder":[49],"class_list":["post-797","page","type-page","status-publish","hentry"],"rttpg_featured_image_url":null,"rttpg_author":{"display_name":"tic.cp.pedroduque.madrid","author_link":"https:\/\/site.educa.madrid.org\/cp.pedroduque.madrid\/index.php\/author\/cuenta_tic-cp-pedroduque-madrid\/"},"rttpg_comment":0,"rttpg_category":" <a href=\"https:\/\/site.educa.madrid.org\/cp.pedroduque.madrid\/?taxonomy=folder&#038;term=familias-1676996233\" rel=\"tag\">FAMILIAS<\/a>","rttpg_excerpt":"Se publica la informaci\u00f3n relativa a la ayuda a la conciliaci\u00f3n familiar ofrecida por los diferentes organismos p\u00fablicos. JUNTA MUNICIPAL Se ha publicado en la web municipal la informaci\u00f3n relativa al programa de \u201cMADRIDCAMP Concilia en Vacaciones: Verano 2026\u201d. El plazo de inscripci\u00f3n es del 23 al 29 de abril de 2026. La tramitaci\u00f3n de&hellip;","post_mailing_queue_ids":[],"_links":{"self":[{"href":"https:\/\/site.educa.madrid.org\/cp.pedroduque.madrid\/index.php\/wp-json\/wp\/v2\/pages\/797","targetHints":{"allow":["GET"]}}],"collection":[{"href":"https:\/\/site.educa.madrid.org\/cp.pedroduque.madrid\/index.php\/wp-json\/wp\/v2\/pages"}],"about":[{"href":"https:\/\/site.educa.madrid.org\/cp.pedroduque.madrid\/index.php\/wp-json\/wp\/v2\/types\/page"}],"author":[{"embeddable":true,"href":"https:\/\/site.educa.madrid.org\/cp.pedroduque.madrid\/index.php\/wp-json\/wp\/v2\/users\/2"}],"replies":[{"embeddable":true,"href":"https:\/\/site.educa.madrid.org\/cp.pedroduque.madrid\/index.php\/wp-json\/wp\/v2\/comments?post=797"}],"version-history":[{"count":14,"href":"https:\/\/site.educa.madrid.org\/cp.pedroduque.madrid\/index.php\/wp-json\/wp\/v2\/pages\/797\/revisions"}],"predecessor-version":[{"id":2273,"href":"https:\/\/site.educa.madrid.org\/cp.pedroduque.madrid\/index.php\/wp-json\/wp\/v2\/pages\/797\/revisions\/2273"}],"wp:attachment":[{"href":"https:\/\/site.educa.madrid.org\/cp.pedroduque.madrid\/index.php\/wp-json\/wp\/v2\/media?parent=797"}],"wp:term":[{"taxonomy":"folder","embeddable":true,"href":"https:\/\/site.educa.madrid.org\/cp.pedroduque.madrid\/index.php\/wp-json\/wp\/v2\/folder?post=797"}],"curies":[{"name":"wp","href":"https:\/\/api.w.org\/{rel}","templated":true}]}}