{"id":827,"date":"2023-02-21T15:06:57","date_gmt":"2023-02-21T14:06:57","guid":{"rendered":"https:\/\/site.educa.madrid.org\/cp.pedroduque.madrid\/?page_id=827"},"modified":"2023-02-21T17:31:59","modified_gmt":"2023-02-21T16:31:59","slug":"ensenanzas","status":"publish","type":"page","link":"https:\/\/site.educa.madrid.org\/cp.pedroduque.madrid\/index.php\/ensenanzas\/","title":{"rendered":"ENSE\u00d1ANZAS"},"content":{"rendered":"\n<p><strong>El CEIP Pedro Duque ofrece Segundo Ciclo de Educaci\u00f3n Infantil (de 3 a 6 a\u00f1os) y Educaci\u00f3n Primaria (de 6 a 12 a\u00f1os)<\/strong><\/p>\n\n\n\n<p>El CEIP Pedro Duque se cre\u00f3 como un colegio biling\u00fce.&nbsp;<strong>La ense\u00f1anza del ingl\u00e9s como lengua extranjera, junto con las \u00e1reas que se impartan en ingl\u00e9s, ocupar\u00e1 al menos el 30% del horario lectivo semanal&nbsp;<\/strong>siguiendo lo establecido en la&nbsp;<em>Orden 5958\/2010, de 7 de diciembre, de la Consejer\u00eda de Educaci\u00f3n, por la que se regulan los colegios p\u00fablicos biling\u00fces de la Comunidad de Madrid.<\/em><strong>&nbsp;&nbsp;<\/strong>Aparte del \u00e1rea de ingl\u00e9s, impartimos en este idioma las asignaturas de English, Social Science, Natural Science y Arts and Crafts.&nbsp;<\/p>\n\n\n\n<p>Este curso, Ed. Infantil empieza a pertenecer al Programa Biling\u00fce con la inclusi\u00f3n en el mismo de los cursos de 3 a\u00f1os. Siempre que la disponibilidad horaria lo permite, se realiza ampliaci\u00f3n de horario en sesiones de ingl\u00e9s para los cursos de 3, 4 y 5 a\u00f1os.<\/p>\n\n\n\n<p>A lo largo de la primaria preparamos a los alumnos para conseguir la competencia comunicativa que marca el Marco Com\u00fan Europeo. En 6\u00ba de Primaria los alumnos se presentan a las pruebas de Evaluaci\u00f3n Externa marcadas por la Comunidad de Madrid, niveles A2 \/ B1.<\/p>\n\n\n\n<p>A d\u00eda de hoy, el&nbsp; CEIP Pedro Duque es un centro en el que existe gran heterogeneidad en cuanto al uso de modelos pedag\u00f3gicos activos, as\u00ed como a la utilizaci\u00f3n de la tecnolog\u00eda en el aula.<\/p>\n","protected":false},"excerpt":{"rendered":"<p>El CEIP Pedro Duque ofrece Segundo Ciclo de Educaci\u00f3n Infantil (de 3 a 6 a\u00f1os) y Educaci\u00f3n Primaria (de 6 a 12 a\u00f1os) El CEIP Pedro Duque se cre\u00f3 como un colegio biling\u00fce.&nbsp;La ense\u00f1anza del ingl\u00e9s como lengua extranjera, junto con las \u00e1reas que se impartan en ingl\u00e9s, ocupar\u00e1 al menos el 30% del horario [&hellip;]<\/p>\n","protected":false},"author":2,"featured_media":0,"parent":0,"menu_order":0,"comment_status":"closed","ping_status":"closed","template":"","meta":{"footnotes":""},"folder":[50],"class_list":["post-827","page","type-page","status-publish","hentry"],"rttpg_featured_image_url":null,"rttpg_author":{"display_name":"tic.cp.pedroduque.madrid","author_link":"https:\/\/site.educa.madrid.org\/cp.pedroduque.madrid\/index.php\/author\/cuenta_tic-cp-pedroduque-madrid\/"},"rttpg_comment":0,"rttpg_category":" <a href=\"https:\/\/site.educa.madrid.org\/cp.pedroduque.madrid\/?taxonomy=folder&#038;term=ensenanzas-1676996240\" rel=\"tag\">ENSE\u00d1ANZAS<\/a>","rttpg_excerpt":"El CEIP Pedro Duque ofrece Segundo Ciclo de Educaci\u00f3n Infantil (de 3 a 6 a\u00f1os) y Educaci\u00f3n Primaria (de 6 a 12 a\u00f1os) El CEIP Pedro Duque se cre\u00f3 como un colegio biling\u00fce.&nbsp;La ense\u00f1anza del ingl\u00e9s como lengua extranjera, junto con las \u00e1reas que se impartan en ingl\u00e9s, ocupar\u00e1 al menos el 30% del horario&hellip;","post_mailing_queue_ids":[],"_links":{"self":[{"href":"https:\/\/site.educa.madrid.org\/cp.pedroduque.madrid\/index.php\/wp-json\/wp\/v2\/pages\/827","targetHints":{"allow":["GET"]}}],"collection":[{"href":"https:\/\/site.educa.madrid.org\/cp.pedroduque.madrid\/index.php\/wp-json\/wp\/v2\/pages"}],"about":[{"href":"https:\/\/site.educa.madrid.org\/cp.pedroduque.madrid\/index.php\/wp-json\/wp\/v2\/types\/page"}],"author":[{"embeddable":true,"href":"https:\/\/site.educa.madrid.org\/cp.pedroduque.madrid\/index.php\/wp-json\/wp\/v2\/users\/2"}],"replies":[{"embeddable":true,"href":"https:\/\/site.educa.madrid.org\/cp.pedroduque.madrid\/index.php\/wp-json\/wp\/v2\/comments?post=827"}],"version-history":[{"count":2,"href":"https:\/\/site.educa.madrid.org\/cp.pedroduque.madrid\/index.php\/wp-json\/wp\/v2\/pages\/827\/revisions"}],"predecessor-version":[{"id":833,"href":"https:\/\/site.educa.madrid.org\/cp.pedroduque.madrid\/index.php\/wp-json\/wp\/v2\/pages\/827\/revisions\/833"}],"wp:attachment":[{"href":"https:\/\/site.educa.madrid.org\/cp.pedroduque.madrid\/index.php\/wp-json\/wp\/v2\/media?parent=827"}],"wp:term":[{"taxonomy":"folder","embeddable":true,"href":"https:\/\/site.educa.madrid.org\/cp.pedroduque.madrid\/index.php\/wp-json\/wp\/v2\/folder?post=827"}],"curies":[{"name":"wp","href":"https:\/\/api.w.org\/{rel}","templated":true}]}}