{"id":834,"date":"2023-02-21T15:13:27","date_gmt":"2023-02-21T14:13:27","guid":{"rendered":"https:\/\/site.educa.madrid.org\/cp.pedroduque.madrid\/?page_id=834"},"modified":"2026-03-09T16:54:34","modified_gmt":"2026-03-09T15:54:34","slug":"comedor","status":"publish","type":"page","link":"https:\/\/site.educa.madrid.org\/cp.pedroduque.madrid\/index.php\/ser\/comedor\/","title":{"rendered":"COMEDOR"},"content":{"rendered":"\n<p>El comedor Escolar del CEIPSO Pedro Duque consta de un amplio comedor, con cocina propia, donde se elaboran diariamente los platos que se degustar\u00e1n ese d\u00eda. La empresa\u00a0encargada de este servicio es VORARE S.L<\/p>\n\n\n\n<div class=\"wp-block-group is-layout-flow wp-block-group-is-layout-flow\">\n<p><img decoding=\"async\" style=\"width: 90px;\" src=\"https:\/\/www.educa2.madrid.org\/web\/educamadrid\/principal\/files\/af979d46-9d28-45b0-8c8a-d559ec7d4797\/chef-156108_960_720.png?thumbnail=true\" alt=\"imagen de cocinero\"><strong>TURNOS DE COMEDOR<\/strong><\/p>\n<\/div>\n\n\n\n<p>La comida se realiza en tres turnos de comedor :<\/p>\n\n\n\n<ul class=\"wp-block-list\">\n<li><strong>Un primer turno<\/strong>: De 12:30 a 13:30 h, donde comen los\/las alumnos\/as de 3 a\u00f1os, 4 a\u00f1os, 5 a\u00f1os 1\u00ba, 2\u00ba de Educaci\u00f3n Primaria.<\/li>\n\n\n\n<li><strong>Un segundo turno:<\/strong>&nbsp;De 13:30 a 14:30 h, donde comen los\/las alumnos\/as 3\u00ba, 4\u00ba, 5\u00ba y 6\u00ba de Educaci\u00f3n Primaria.<\/li>\n\n\n\n<li><strong>Un tercer turno<\/strong>: De 14:30 a 16:00 h. donde comen los\/las alumnos\/as 1\u00ba de Educaci\u00f3n Secundaria.<\/li>\n<\/ul>\n\n\n\n<p class=\"has-large-font-size\"><strong><mark style=\"background-color:rgba(0, 0, 0, 0)\" class=\"has-inline-color has-black-color\">Coste del Servicio<\/mark><\/strong><\/p>\n\n\n\n<p>El coste del servicio del comedor viene establecido por Ley y para el curso escolar 2025-2026 es de\u00a05,50 \u20ac\u00a0por d\u00eda. (para alumnos dados de alta en este servicio). Para el uso espor\u00e1dico de comedor el precio del vale es de <strong>6,50 \u20ac\/d\u00eda<\/strong>. Para adquirir los vales hay que realizar una transferencia bancaria al siguiente numero de cuenta: <strong>ES44 2100 2931 9413 0056 8286<\/strong> Posteriormente hay que enviar el resguardo de la transferencia al correo de secretaria (<a href=\"mailto:secretaria.cp.pedroduque.madri@educa.madrid.org\" target=\"_blank\" rel=\"noreferrer noopener\">secretaria.cp.pedroduque.madrid@educa.madrid.org<\/a>) para poder recoger los vales.<\/p>\n\n\n\n<figure class=\"wp-block-table is-style-regular\"><table class=\"has-fixed-layout\" style=\"border-width:6px\"><tbody><tr><td class=\"has-text-align-center\" data-align=\"center\" colspan=\"2\"><strong>CURSO 2025-2026<\/strong><\/td><td class=\"has-text-align-center\" data-align=\"center\"><strong>N.\u00ba D\u00edas<\/strong><\/td><td class=\"has-text-align-center\" data-align=\"center\"><strong><mark style=\"background-color:rgba(0, 0, 0, 0)\" class=\"has-inline-color has-vivid-cyan-blue-color\">Ordinario<\/mark><\/strong><\/td><td class=\"has-text-align-center\" data-align=\"center\"><strong><mark style=\"background-color:rgba(0, 0, 0, 0)\" class=\"has-inline-color has-luminous-vivid-orange-color\">Beca Comedor<\/mark><\/strong><\/td><td class=\"has-text-align-center\" data-align=\"center\"><strong><mark style=\"background-color:rgba(0, 0, 0, 0)\" class=\"has-inline-color has-vivid-purple-color\">RMI \/IMV<\/mark><\/strong><\/td><\/tr><tr><td class=\"has-text-align-center\" data-align=\"center\" rowspan=\"3\"><strong>SEPTIEMBRE<\/strong><\/td><td class=\"has-text-align-center\" data-align=\"center\"><mark style=\"background-color:#f78da7\" class=\"has-inline-color\">3 a\u00f1os<\/mark><\/td><td class=\"has-text-align-center\" data-align=\"center\">12<\/td><td class=\"has-text-align-center\" data-align=\"center\">66 \u20ac<\/td><td class=\"has-text-align-center\" data-align=\"center\">36 \u20ac<\/td><td class=\"has-text-align-center\" data-align=\"center\">12 \u20ac<\/td><\/tr><tr><td class=\"has-text-align-center\" data-align=\"center\"><mark style=\"background-color:#7bdcb5\" class=\"has-inline-color has-black-color\">4, 5 a\u00f1os y Primaria<\/mark><\/td><td class=\"has-text-align-center\" data-align=\"center\">17<\/td><td class=\"has-text-align-center\" data-align=\"center\">93,5 \u20ac<\/td><td class=\"has-text-align-center\" data-align=\"center\">51 \u20ac<\/td><td class=\"has-text-align-center\" data-align=\"center\">17 \u20ac<\/td><\/tr><tr><td class=\"has-text-align-center\" data-align=\"center\"><mark style=\"background-color:#8ed1fc\" class=\"has-inline-color has-black-color\">ESO<\/mark><\/td><td class=\"has-text-align-center\" data-align=\"center\">16<\/td><td class=\"has-text-align-center\" data-align=\"center\">88 \u20ac<\/td><td class=\"has-text-align-center\" data-align=\"center\">48 \u20ac<\/td><td class=\"has-text-align-center\" data-align=\"center\">16 \u20ac<\/td><\/tr><tr><td class=\"has-text-align-center\" data-align=\"center\" colspan=\"2\"><strong>OCTUBRE<\/strong><\/td><td class=\"has-text-align-center\" data-align=\"center\">22<\/td><td class=\"has-text-align-center\" data-align=\"center\">121 \u20ac<\/td><td class=\"has-text-align-center\" data-align=\"center\">66 \u20ac<\/td><td class=\"has-text-align-center\" data-align=\"center\">22 \u20ac<\/td><\/tr><tr><td class=\"has-text-align-center\" data-align=\"center\" colspan=\"2\"><strong>NOVIEMBRE<\/strong><\/td><td class=\"has-text-align-center\" data-align=\"center\">18<\/td><td class=\"has-text-align-center\" data-align=\"center\">99 \u20ac<\/td><td class=\"has-text-align-center\" data-align=\"center\">54 \u20ac<\/td><td class=\"has-text-align-center\" data-align=\"center\">18 \u20ac<\/td><\/tr><tr><td class=\"has-text-align-center\" data-align=\"center\" colspan=\"2\"><strong>DICIEMBRE<\/strong><\/td><td class=\"has-text-align-center\" data-align=\"center\">14<\/td><td class=\"has-text-align-center\" data-align=\"center\">77 \u20ac<\/td><td class=\"has-text-align-center\" data-align=\"center\">42 \u20ac<\/td><td class=\"has-text-align-center\" data-align=\"center\">14 \u20ac<\/td><\/tr><tr><td class=\"has-text-align-center\" data-align=\"center\" colspan=\"2\"><strong>ENERO<\/strong><\/td><td class=\"has-text-align-center\" data-align=\"center\">17<\/td><td class=\"has-text-align-center\" data-align=\"center\">93,5 \u20ac<\/td><td class=\"has-text-align-center\" data-align=\"center\">51 \u20ac<\/td><td class=\"has-text-align-center\" data-align=\"center\">17 \u20ac<\/td><\/tr><tr><td class=\"has-text-align-center\" data-align=\"center\" colspan=\"2\"><strong>FEBRERO<\/strong><\/td><td class=\"has-text-align-center\" data-align=\"center\">20<\/td><td class=\"has-text-align-center\" data-align=\"center\">110 \u20ac<\/td><td class=\"has-text-align-center\" data-align=\"center\">60 \u20ac<\/td><td class=\"has-text-align-center\" data-align=\"center\">20 \u20ac<\/td><\/tr><tr><td class=\"has-text-align-center\" data-align=\"center\" colspan=\"2\"><strong>MARZO<\/strong><\/td><td class=\"has-text-align-center\" data-align=\"center\">19<\/td><td class=\"has-text-align-center\" data-align=\"center\">104,5 \u20ac<\/td><td class=\"has-text-align-center\" data-align=\"center\">57 \u20ac<\/td><td class=\"has-text-align-center\" data-align=\"center\">19 \u20ac<\/td><\/tr><tr><td class=\"has-text-align-center\" data-align=\"center\" colspan=\"2\"><strong>ABRIL<\/strong><\/td><td class=\"has-text-align-center\" data-align=\"center\">18<\/td><td class=\"has-text-align-center\" data-align=\"center\">99 \u20ac<\/td><td class=\"has-text-align-center\" data-align=\"center\">54 \u20ac<\/td><td class=\"has-text-align-center\" data-align=\"center\">18 \u20ac<\/td><\/tr><tr><td class=\"has-text-align-center\" data-align=\"center\" colspan=\"2\"><strong>MAYO<\/strong><\/td><td class=\"has-text-align-center\" data-align=\"center\">19<\/td><td class=\"has-text-align-center\" data-align=\"center\">104,5 \u20ac<\/td><td class=\"has-text-align-center\" data-align=\"center\">57 \u20ac<\/td><td class=\"has-text-align-center\" data-align=\"center\">19 \u20ac<\/td><\/tr><tr><td class=\"has-text-align-center\" data-align=\"center\" colspan=\"2\"><strong>JUNIO<\/strong><\/td><td class=\"has-text-align-center\" data-align=\"center\">15<\/td><td class=\"has-text-align-center\" data-align=\"center\">82,5 \u20ac<\/td><td class=\"has-text-align-center\" data-align=\"center\">45 \u20ac<\/td><td class=\"has-text-align-center\" data-align=\"center\">15 \u20ac<\/td><\/tr><\/tbody><\/table><\/figure>\n\n\n\n<hr class=\"wp-block-separator has-alpha-channel-opacity is-style-wide\"\/>\n\n\n\n<h3 class=\"wp-block-heading\">APP SERVICIO DE COMEDOR<\/h3>\n\n\n\n<p>El grupo Cutasa -Olmata (VORARE, la empresa de comedor) ha desarrollado una App que les permitir\u00e1 estar informados de las valoraciones que la Coordinadora y\/o monitor\/a de su hijo\/a realice diariamente durante el Servicio de Comedor.<br>Aquellos que est\u00e9is interesados pod\u00e9is acceder a las instrucciones en el siguiente documento<\/p>\n\n\n\n<div data-wp-interactive=\"core\/file\" class=\"wp-block-file\"><object data-wp-bind--hidden=\"!state.hasPdfPreview\" hidden class=\"wp-block-file__embed\" data=\"https:\/\/site.educa.madrid.org\/cp.pedroduque.madrid\/\/wp-content\/uploads\/cp.pedroduque.madrid\/2025\/11\/ManualUsuarioAppHoyComoEnCasa-3.pdf\" type=\"application\/pdf\" style=\"width:100%;height:600px\" aria-label=\"Incrustado de ManualUsuarioAppHoyComoEnCasa (3).\"><\/object><a id=\"wp-block-file--media-65ee913e-77c2-454e-b7f0-2c5e4e167a24\" href=\"https:\/\/site.educa.madrid.org\/cp.pedroduque.madrid\/\/wp-content\/uploads\/cp.pedroduque.madrid\/2025\/11\/ManualUsuarioAppHoyComoEnCasa-3.pdf\">ManualUsuarioAppHoyComoEnCasa (3)<\/a><a href=\"https:\/\/site.educa.madrid.org\/cp.pedroduque.madrid\/\/wp-content\/uploads\/cp.pedroduque.madrid\/2025\/11\/ManualUsuarioAppHoyComoEnCasa-3.pdf\" class=\"wp-block-file__button wp-element-button\" download aria-describedby=\"wp-block-file--media-65ee913e-77c2-454e-b7f0-2c5e4e167a24\">Descarga<\/a><\/div>\n\n\n\n<div data-wp-interactive=\"core\/file\" class=\"wp-block-file\"><object data-wp-bind--hidden=\"!state.hasPdfPreview\" hidden class=\"wp-block-file__embed\" data=\"https:\/\/site.educa.madrid.org\/cp.pedroduque.madrid\/\/wp-content\/uploads\/cp.pedroduque.madrid\/2025\/11\/Comunicado-familias-Pedro-Duque.pdf\" type=\"application\/pdf\" style=\"width:100%;height:600px\" aria-label=\"Incrustado de Comunicado familias Pedro Duque.\"><\/object><a id=\"wp-block-file--media-45af9bd0-2f66-4a5d-a620-0484e74b6ba8\" href=\"https:\/\/site.educa.madrid.org\/cp.pedroduque.madrid\/\/wp-content\/uploads\/cp.pedroduque.madrid\/2025\/11\/Comunicado-familias-Pedro-Duque.pdf\">Comunicado familias Pedro Duque<\/a><a href=\"https:\/\/site.educa.madrid.org\/cp.pedroduque.madrid\/\/wp-content\/uploads\/cp.pedroduque.madrid\/2025\/11\/Comunicado-familias-Pedro-Duque.pdf\" class=\"wp-block-file__button wp-element-button\" download aria-describedby=\"wp-block-file--media-45af9bd0-2f66-4a5d-a620-0484e74b6ba8\">Descarga<\/a><\/div>\n","protected":false},"excerpt":{"rendered":"<p>El comedor Escolar del CEIPSO Pedro Duque consta de un amplio comedor, con cocina propia, donde se elaboran diariamente los platos que se degustar\u00e1n ese d\u00eda. La empresa\u00a0encargada de este servicio es VORARE S.L TURNOS DE COMEDOR La comida se realiza en tres turnos de comedor : Coste del Servicio El coste del servicio del [&hellip;]<\/p>\n","protected":false},"author":2,"featured_media":0,"parent":439,"menu_order":0,"comment_status":"closed","ping_status":"closed","template":"","meta":{"footnotes":""},"folder":[47],"class_list":["post-834","page","type-page","status-publish","hentry"],"rttpg_featured_image_url":null,"rttpg_author":{"display_name":"tic.cp.pedroduque.madrid","author_link":"https:\/\/site.educa.madrid.org\/cp.pedroduque.madrid\/index.php\/author\/cuenta_tic-cp-pedroduque-madrid\/"},"rttpg_comment":0,"rttpg_category":" <a href=\"https:\/\/site.educa.madrid.org\/cp.pedroduque.madrid\/?taxonomy=folder&#038;term=servicios-1676996199\" rel=\"tag\">SERVICIOS<\/a>","rttpg_excerpt":"El comedor Escolar del CEIPSO Pedro Duque consta de un amplio comedor, con cocina propia, donde se elaboran diariamente los platos que se degustar\u00e1n ese d\u00eda. La empresa\u00a0encargada de este servicio es VORARE S.L TURNOS DE COMEDOR La comida se realiza en tres turnos de comedor : Coste del Servicio El coste del servicio del&hellip;","post_mailing_queue_ids":[],"_links":{"self":[{"href":"https:\/\/site.educa.madrid.org\/cp.pedroduque.madrid\/index.php\/wp-json\/wp\/v2\/pages\/834","targetHints":{"allow":["GET"]}}],"collection":[{"href":"https:\/\/site.educa.madrid.org\/cp.pedroduque.madrid\/index.php\/wp-json\/wp\/v2\/pages"}],"about":[{"href":"https:\/\/site.educa.madrid.org\/cp.pedroduque.madrid\/index.php\/wp-json\/wp\/v2\/types\/page"}],"author":[{"embeddable":true,"href":"https:\/\/site.educa.madrid.org\/cp.pedroduque.madrid\/index.php\/wp-json\/wp\/v2\/users\/2"}],"replies":[{"embeddable":true,"href":"https:\/\/site.educa.madrid.org\/cp.pedroduque.madrid\/index.php\/wp-json\/wp\/v2\/comments?post=834"}],"version-history":[{"count":22,"href":"https:\/\/site.educa.madrid.org\/cp.pedroduque.madrid\/index.php\/wp-json\/wp\/v2\/pages\/834\/revisions"}],"predecessor-version":[{"id":2223,"href":"https:\/\/site.educa.madrid.org\/cp.pedroduque.madrid\/index.php\/wp-json\/wp\/v2\/pages\/834\/revisions\/2223"}],"up":[{"embeddable":true,"href":"https:\/\/site.educa.madrid.org\/cp.pedroduque.madrid\/index.php\/wp-json\/wp\/v2\/pages\/439"}],"wp:attachment":[{"href":"https:\/\/site.educa.madrid.org\/cp.pedroduque.madrid\/index.php\/wp-json\/wp\/v2\/media?parent=834"}],"wp:term":[{"taxonomy":"folder","embeddable":true,"href":"https:\/\/site.educa.madrid.org\/cp.pedroduque.madrid\/index.php\/wp-json\/wp\/v2\/folder?post=834"}],"curies":[{"name":"wp","href":"https:\/\/api.w.org\/{rel}","templated":true}]}}