{"id":860,"date":"2023-02-21T16:58:26","date_gmt":"2023-02-21T15:58:26","guid":{"rendered":"https:\/\/site.educa.madrid.org\/cp.pedroduque.madrid\/?page_id=860"},"modified":"2026-03-09T17:11:39","modified_gmt":"2026-03-09T16:11:39","slug":"los-primeros-del-cole","status":"publish","type":"page","link":"https:\/\/site.educa.madrid.org\/cp.pedroduque.madrid\/index.php\/ser\/los-primeros-del-cole\/","title":{"rendered":"LOS PRIMEROS DEL COLE"},"content":{"rendered":"<h1><strong>SERVICIO DE DESAYUNOS Y ACOGIDA<\/strong><\/h1>\n<p>El servicio de acogida y desayuno cubre el horario de 7:30 a 9:00 horas para Educaci\u00f3n Infantil y Educaci\u00f3n Primaria, durante todo el curso escolar. Y para Educaci\u00f3n Secundaria de 7:30 a 8:30 horas.\u00a0 Rogamos a todas las familias que respeten las normas que se indican a continuaci\u00f3n para el mejor funcionamiento del servicio.<\/p>\n<p style=\"padding-left: 40px;\">&#8211; Las puertas del centro permanecer\u00e1n abiertas con una monitora, para facilitar el acceso a los alumnos. A las 8:50 se proceder\u00e1 al cierre de puertas. Los alumnos que lleguen despu\u00e9s de esa hora tendr\u00e1n que esperar a la apertura del colegio.<\/p>\n<p style=\"padding-left: 40px;\">&#8211; Los cambios de horario y bajas del servicio se deben comunicar antes del 25 de cada mes en curso, de lo contrario, la cuota mensual se cargar\u00e1 con normalidad.<\/p>\n<p style=\"padding-left: 40px;\">&#8211; Los gastos bancarios producidos por las devoluciones y nuevas emisiones de recibos ser\u00e1n repercutidos.<\/p>\n<p style=\"padding-left: 40px;\">&#8211; Los pagos de uso espor\u00e1dico se har\u00e1n previo pago y presentaci\u00f3n del recibo al n\u00famero de cuenta <strong>ES44 2100 2931 9413 0056 8286.<\/strong><\/p>\n<p style=\"padding-left: 40px;\">&#8211; A partir de las 8:30 no se servir\u00e1 desayuno.<\/p>\n<p>Los precios de los \u201cPrimeros del cole\u201d para el<strong> curso escolar 2025\/26 <\/strong>son los siguientes:<br \/><strong>HORARIOS Y TARIFAS<\/strong><\/p>\n<ul>\n<li>Servicio de <strong>Acogida y Desayuno de 7:30 a 9:00 h<\/strong> ser\u00e1: <strong>46\u00a0\u20ac.<\/strong><\/li>\n<li>\u00a0Servicio de <strong>Acogida de 8:30 a 9:00<\/strong> <strong>h<\/strong> ser\u00e1: <strong>20\u00a0\u20ac.<\/strong><\/li>\n<li>\u00a0Servicio de <strong>desayuno y acogida espor\u00e1dicos: 4,50 \u20ac.<\/strong><\/li>\n<\/ul>\n<p>La contrataci\u00f3n del servicio se realiza para el total del mes y para un precio fijo.<\/p>\n<p>Todos los meses tienen el mismo coste ya que est\u00e1n prorrateados por los d\u00edas lectivos.<br \/>La ausencia del alumno no se descuenta de la factura mensual, salvo que la baja sea justificada a partir de quince d\u00edas.<\/p>\n<p>Si se superase el aforo se dar\u00eda prioridad de forma ascendente desde primero de infantil en adelante.<\/p>\n<p>La gesti\u00f3n de los cobros y las altas de \u201cLos primeros del cole\u201d depende directamente de VORARE. Por lo que la ficha de inscripci\u00f3n y posibles cambios se deben remitir a dicha empresa.<\/p>\n<hr \/>\n<p>Para <strong>cualquier informaci\u00f3n y\/o modificaci\u00f3n<\/strong>, se ruega nos lo comunique al email de direcci\u00f3n del centro: <a href=\"secretaria.cp.pedroduque.madrid@educa.madrid.org\">secretaria.cp.pedroduque.madrid@educa.madrid.org<\/a><\/p>\n\n\n<div data-wp-interactive=\"core\/file\" class=\"wp-block-file\"><object data-wp-bind--hidden=\"!state.hasPdfPreview\" hidden class=\"wp-block-file__embed\" data=\"https:\/\/site.educa.madrid.org\/cp.pedroduque.madrid\/\/wp-content\/uploads\/cp.pedroduque.madrid\/2023\/04\/desayunos-menu.pdf\" type=\"application\/pdf\" style=\"width:100%;height:600px\" aria-label=\"Incrustado de desayunos menu.\"><\/object><a id=\"wp-block-file--media-1bfc3347-86f1-4d8d-a836-fb6986477722\" href=\"https:\/\/site.educa.madrid.org\/cp.pedroduque.madrid\/\/wp-content\/uploads\/cp.pedroduque.madrid\/2023\/04\/desayunos-menu.pdf\">desayunos menu<\/a><a href=\"https:\/\/site.educa.madrid.org\/cp.pedroduque.madrid\/\/wp-content\/uploads\/cp.pedroduque.madrid\/2023\/04\/desayunos-menu.pdf\" class=\"wp-block-file__button wp-element-button\" download aria-describedby=\"wp-block-file--media-1bfc3347-86f1-4d8d-a836-fb6986477722\">Descarga<\/a><\/div>\n","protected":false},"excerpt":{"rendered":"<p>SERVICIO DE DESAYUNOS Y ACOGIDA El servicio de acogida y desayuno cubre el horario de 7:30 a 9:00 horas para Educaci\u00f3n Infantil y Educaci\u00f3n Primaria, durante todo el curso escolar. Y para Educaci\u00f3n Secundaria de 7:30 a 8:30 horas.\u00a0 Rogamos a todas las familias que respeten las normas que se indican a continuaci\u00f3n para el [&hellip;]<\/p>\n","protected":false},"author":2,"featured_media":0,"parent":439,"menu_order":0,"comment_status":"closed","ping_status":"closed","template":"","meta":{"footnotes":""},"folder":[47],"class_list":["post-860","page","type-page","status-publish","hentry"],"rttpg_featured_image_url":null,"rttpg_author":{"display_name":"tic.cp.pedroduque.madrid","author_link":"https:\/\/site.educa.madrid.org\/cp.pedroduque.madrid\/index.php\/author\/cuenta_tic-cp-pedroduque-madrid\/"},"rttpg_comment":0,"rttpg_category":" <a href=\"https:\/\/site.educa.madrid.org\/cp.pedroduque.madrid\/?taxonomy=folder&#038;term=servicios-1676996199\" rel=\"tag\">SERVICIOS<\/a>","rttpg_excerpt":"SERVICIO DE DESAYUNOS Y ACOGIDA El servicio de acogida y desayuno cubre el horario de 7:30 a 9:00 horas para Educaci\u00f3n Infantil y Educaci\u00f3n Primaria, durante todo el curso escolar. Y para Educaci\u00f3n Secundaria de 7:30 a 8:30 horas.\u00a0 Rogamos a todas las familias que respeten las normas que se indican a continuaci\u00f3n para el&hellip;","post_mailing_queue_ids":[],"_links":{"self":[{"href":"https:\/\/site.educa.madrid.org\/cp.pedroduque.madrid\/index.php\/wp-json\/wp\/v2\/pages\/860","targetHints":{"allow":["GET"]}}],"collection":[{"href":"https:\/\/site.educa.madrid.org\/cp.pedroduque.madrid\/index.php\/wp-json\/wp\/v2\/pages"}],"about":[{"href":"https:\/\/site.educa.madrid.org\/cp.pedroduque.madrid\/index.php\/wp-json\/wp\/v2\/types\/page"}],"author":[{"embeddable":true,"href":"https:\/\/site.educa.madrid.org\/cp.pedroduque.madrid\/index.php\/wp-json\/wp\/v2\/users\/2"}],"replies":[{"embeddable":true,"href":"https:\/\/site.educa.madrid.org\/cp.pedroduque.madrid\/index.php\/wp-json\/wp\/v2\/comments?post=860"}],"version-history":[{"count":11,"href":"https:\/\/site.educa.madrid.org\/cp.pedroduque.madrid\/index.php\/wp-json\/wp\/v2\/pages\/860\/revisions"}],"predecessor-version":[{"id":2219,"href":"https:\/\/site.educa.madrid.org\/cp.pedroduque.madrid\/index.php\/wp-json\/wp\/v2\/pages\/860\/revisions\/2219"}],"up":[{"embeddable":true,"href":"https:\/\/site.educa.madrid.org\/cp.pedroduque.madrid\/index.php\/wp-json\/wp\/v2\/pages\/439"}],"wp:attachment":[{"href":"https:\/\/site.educa.madrid.org\/cp.pedroduque.madrid\/index.php\/wp-json\/wp\/v2\/media?parent=860"}],"wp:term":[{"taxonomy":"folder","embeddable":true,"href":"https:\/\/site.educa.madrid.org\/cp.pedroduque.madrid\/index.php\/wp-json\/wp\/v2\/folder?post=860"}],"curies":[{"name":"wp","href":"https:\/\/api.w.org\/{rel}","templated":true}]}}