{"id":865,"date":"2023-02-21T17:10:12","date_gmt":"2023-02-21T16:10:12","guid":{"rendered":"https:\/\/site.educa.madrid.org\/cp.pedroduque.madrid\/?page_id=865"},"modified":"2026-03-09T16:48:05","modified_gmt":"2026-03-09T15:48:05","slug":"extraescolares","status":"publish","type":"page","link":"https:\/\/site.educa.madrid.org\/cp.pedroduque.madrid\/index.php\/extraescolares\/","title":{"rendered":"EXTRAESCOLARES"},"content":{"rendered":"\n<p class=\"has-text-align-center has-vivid-cyan-blue-color has-blush-light-purple-gradient-background has-text-color has-background has-link-color has-large-font-size wp-elements-a455df0353efee831b69a27d8ac879ad\"><strong>PREVISI\u00d3N DE EXTRAESCOLARES CURSO 2026\/2027<\/strong><\/p>\n\n\n\n<p>Toda la oferta gratuita del pr\u00f3ximo curso depende del n\u00famero de horas que nos ofrezca la Junta Municipal y que contin\u00faen los convenios con las Escuelas Municipales de Deporte. Las actividades ofertadas por el AMPA depender\u00e1n de la demanda de las familias. En general las actividades extraescolares son estables en el centro, pudiendo existir alguna variaci\u00f3n m\u00ednima de las mismas, por lo que para el pr\u00f3ximo curso 2026\/2027 se prev\u00e9 las mismas extraescolares y se a\u00f1adir\u00e1 alguna m\u00e1s para los alumnos\/as de Educaci\u00f3n Secundaria.<\/p>\n\n\n\n<p>Todas las actividades se aprobar\u00e1n al inicio de curso por el Consejo Escolar.<\/p>\n\n\n\n<p class=\"has-text-align-center has-large-font-size\"><strong><mark style=\"background-color:rgba(0, 0, 0, 0)\" class=\"has-inline-color has-luminous-vivid-orange-color\">EXTRAESCOLARES  ACTUALES DEL CURSO  2025\/2026<\/mark><\/strong><\/p>\n\n\n\n<p>Este curso se ofrecen en el centro las actividades <strong>gratuitas <\/strong>ofrecidas por la Junta Municipal de lunes a viernes de 16:00 y 17:00 los meses de octubre a mayo. Durante el mes de junio existe la posibilidad de reorganizar estas actividades y es su lugar ofrecer un servicio de LUDOTECA o similar en horario de 15:00 a 17:00. Este servicios tambi\u00e9n est\u00e1 disponible el mes de septiembre en el mismo horario.<\/p>\n\n\n\n<p>Adem\u00e1s, ofrecemos baloncesto y gimnasia art\u00edstica en horario de comedor dentro del programa de las Escuelas Municipales de Deporte con un <strong>coste anual de 25 \u20ac <\/strong>.<\/p>\n\n\n\n<p>Las actividades de la Junta Municipal de Distrito y Escuelas Municipales de Deporte son gestionadas por el centro.<\/p>\n\n\n\n<p><strong>ACTIVIDADES DE LA JUNTA MUNICIPAL<\/strong> (<em>Gratuitas<\/em>)<\/p>\n\n\n\n<p><strong>EDUCACI\u00d3N INFANTIL<\/strong><\/p>\n\n\n\n<ul class=\"wp-block-list\">\n<li>3 a\u00f1os Psicomotricidad: Lunes y Mi\u00e9rcoles de 16 a 17 horas<\/li>\n\n\n\n<li>3 a\u00f1os Psicomotricidad: Martes y Jueves de 16 a 17 horas<\/li>\n\n\n\n<li>4 a\u00f1os Psicomotricidad: Lunes y Mi\u00e9rcoles de 16 a 17 horas<\/li>\n\n\n\n<li>4 a\u00f1os Psicomotricidad: Martes y Jueves de 16 a 17 horas<\/li>\n\n\n\n<li>5 a\u00f1os Multideporte: Lunes y Mi\u00e9rcoles de 16 a 17 horas<\/li>\n\n\n\n<li>5 a\u00f1os Ludoteca: Martes y Jueves de 16 a 17 horas<\/li>\n\n\n\n<li>Ludoteca: Viernes de 16 a 17 horas\u00a0<em>(* se puede solicitar independientemente de que se haya concedido otra actividad)<\/em><\/li>\n<\/ul>\n\n\n\n<p><strong><u>1\u00ba y 2\u00ba EDUCACI\u00d3N PRIMARIA<\/u><\/strong><\/p>\n\n\n\n<ul class=\"wp-block-list\">\n<li>Art Attack: Lunes y Mi\u00e9rcoles de 16 a 17 horas.<\/li>\n\n\n\n<li>Multideporte: Martes y Jueves de 16 a 17 horas.<\/li>\n\n\n\n<li>Animaci\u00f3n a la lectura: Viernes de 16 a 17 horas.\u00a0\u00a0\u00a0<em>(* se puede solicitar independientemente de que se haya concedido otra actividad)<\/em><\/li>\n<\/ul>\n\n\n\n<p><strong><u>DE 1\u00ba a 3\u00ba<\/u><\/strong> <strong><u>EDUCACI\u00d3N PRIMARIA<\/u><\/strong><\/p>\n\n\n\n<ul class=\"wp-block-list\">\n<li>Multideporte: Martes y Jueves de 16 a 17 horas. <\/li>\n<\/ul>\n\n\n\n<p><strong><u>3\u00ba y 4\u00ba EDUCACI\u00d3N PRIMARIA<\/u><\/strong><\/p>\n\n\n\n<ul class=\"wp-block-list\">\n<li>3\u00ba y 4\u00ba Art Attack: Martes y Jueves de 16 a 17 horas.<\/li>\n\n\n\n<li>3\u00ba Baloncesto : Lunes y Mi\u00e9rcoles de 16 a 17 horas.<\/li>\n\n\n\n<li>4\u00ba Baloncesto:\u00a0\u00a0Lunes y Mi\u00e9rcoles de 16 a 17 horas.\u00a0 .<\/li>\n\n\n\n<li>3\u00ba y 4\u00ba Ajedrez: Martes y Jueves de 16 a 17 horas.<\/li>\n<\/ul>\n\n\n\n<p><strong><u>5\u00ba y 6\u00ba EDUCACI\u00d3N PRIMARIA<\/u><\/strong><\/p>\n\n\n\n<ul class=\"wp-block-list\">\n<li>Ajedrez:\u00a0\u00a0Lunes y mi\u00e9rcoles de 16 a 17 horas.<\/li>\n\n\n\n<li>Volleyball:\u00a0 Martes y Jueves de 16 a 17 horas.<\/li>\n<\/ul>\n\n\n\n<p><strong><u>1\u00ba ESO<\/u><\/strong><\/p>\n\n\n\n<ul class=\"wp-block-list\">\n<li>Volleyball: Lunes y Mi\u00e9rcoles de 16 a 17 horas.<\/li>\n\n\n\n<li>Ajedrez:\u00a0\u00a0Martes y Jueves\u00a0de 15 a 16 horas.<\/li>\n<\/ul>\n\n\n\n<p><strong>ESCUELAS MUNICIPALES DE DEPORTE<br><\/strong>Con un coste anual de 25 \u20ac, que no se devolver\u00e1 si los participantes se dan de baja en la actividad.<\/p>\n\n\n\n<ul class=\"wp-block-list\">\n<li>5\u00ba y 6\u00ba\u00a0 Gimnasia art\u00edstica: Martes y Jueves de 16 a 17 horas<\/li>\n\n\n\n<li>5\u00ba y 6\u00ba\u00a0\u00a0Baloncesto: Lunes y Mi\u00e9rcoles de 12:30 a 13:25 horas<\/li>\n<\/ul>\n\n\n\n<p>Las actividades gestionadas del AMPA son las son las siguiente: <\/p>\n\n\n\n<figure class=\"wp-block-image size-full is-resized\"><img loading=\"lazy\" decoding=\"async\" width=\"975\" height=\"715\" src=\"https:\/\/site.educa.madrid.org\/cp.pedroduque.madrid\/\/wp-content\/uploads\/cp.pedroduque.madrid\/2026\/03\/EXTRAESCOLARES-AFA-25-26.png\" alt=\"\" class=\"wp-image-2214\" style=\"width:792px;height:auto\" srcset=\"https:\/\/site.educa.madrid.org\/cp.pedroduque.madrid\/\/wp-content\/uploads\/cp.pedroduque.madrid\/2026\/03\/EXTRAESCOLARES-AFA-25-26.png 975w, https:\/\/site.educa.madrid.org\/cp.pedroduque.madrid\/\/wp-content\/uploads\/cp.pedroduque.madrid\/2026\/03\/EXTRAESCOLARES-AFA-25-26-300x220.png 300w, https:\/\/site.educa.madrid.org\/cp.pedroduque.madrid\/\/wp-content\/uploads\/cp.pedroduque.madrid\/2026\/03\/EXTRAESCOLARES-AFA-25-26-768x563.png 768w\" sizes=\"auto, (max-width: 975px) 100vw, 975px\" \/><\/figure>\n\n\n\n<p><code>Para mas informaci\u00f3n se puede consultar el siguiente enlace: <\/code><a href=\"https:\/\/ampa.wordpress.com\/2025\/09\/17\/ya-estan-aqui-extraescolares-afa-2025-2026\/\">https:\/\/ampa.wordpress.com\/2025\/09\/17\/ya-estan-aqui-extraescolares-afa-2025-2026\/<\/a><code> <\/code><\/p>\n\n\n\n<p class=\"has-text-align-center has-luminous-vivid-amber-color has-text-color has-link-color has-medium-font-size wp-elements-fcfc1b5b5594163329c4c71322accb76\"><strong>PREVISI\u00d3N DE <mark style=\"background-color:rgba(0, 0, 0, 0)\" class=\"has-inline-color has-luminous-vivid-amber-color\">EXTRAESCOLARES CURSO 2025\/2026<\/mark><\/strong><\/p>\n\n\n\n<p>Toda la oferta gratuita del pr\u00f3ximo curso depende del n\u00famero de horas que nos ofrezca la Junta Municipal y que contin\u00faen los convenios con las Escuelas Municipales de Deporte. Las actividades ofertadas por el AMPA depender\u00e1n de la demanda de las familias.  En general las actividades extraescolares son estables en el centro, pudiendo existir alguna variaci\u00f3n m\u00ednima de las mismas, por lo que para el pr\u00f3ximo curso 2025\/2026 se prev\u00e9 las mismas extraescolares y se a\u00f1adir\u00e1 alguna m\u00e1s para los alumnos\/as de Educaci\u00f3n Secundaria. <\/p>\n\n\n\n<p>Todas las actividades se aprobar\u00e1n al inicio de curso por el Consejo Escolar.<\/p>\n\n\n\n<hr class=\"wp-block-separator has-alpha-channel-opacity has-blush-light-purple-gradient-background has-background is-style-wide\"\/>\n\n\n\n<p><strong><mark style=\"background-color:rgba(0, 0, 0, 0)\" class=\"has-inline-color has-luminous-vivid-orange-color\">EXTRAESCOLARES CURSO  2024\/2025<\/mark><\/strong><\/p>\n\n\n\n<p class=\"has-text-color has-link-color has-medium-font-size wp-elements-889b7989dc501a16bf6ebfa41537ebfe\" style=\"color:#52277b\"><strong>Actividades extraescolares gratuitas (Junta Municipal) y EMD :<\/strong><\/p>\n\n\n\n<p>Este curso se ofrecen en el centro 30 +5 horas de actividades <strong>gratuitas <\/strong>ofrecidas por la Junta Municipal de lunes a viernes de 16:00 y 17:00 los meses de octubre a mayo. Durante el mes de junio existe la posibilidad de reorganizar estas actividades y es su lugar ofrecer un servicio de LUDOTECA o similar en horario de 15:00 a 17:00. Este servicios tambi\u00e9n est\u00e1 disponible el mes de septiembre en el mismo horario.<\/p>\n\n\n\n<p>Adem\u00e1s, ofrecemos baloncesto y gimnasia art\u00edstica en horario de comedor dentro del programa de las Escuelas Municipales de Deporte con un <strong>coste anual de 25 \u20ac <\/strong>.<\/p>\n\n\n\n<p>Las actividades de la Junta Municipal de Distrito y Escuelas Municipales de Deporte son gestionadas por el centro.<\/p>\n\n\n\n<figure class=\"wp-block-table\"><table class=\"has-fixed-layout\"><tbody><tr><td class=\"has-text-align-center\" data-align=\"center\">CURSOS<\/td><td class=\"has-text-align-center\" data-align=\"center\">LUNES<\/td><td class=\"has-text-align-center\" data-align=\"center\">MARTES<\/td><td class=\"has-text-align-center\" data-align=\"center\">MI\u00c9RCOLES<\/td><td class=\"has-text-align-center\" data-align=\"center\">JUEVES<\/td><\/tr><tr><td class=\"has-text-align-center\" data-align=\"center\" rowspan=\"2\">EDUCACI\u00d3N INFANTIL<\/td><td class=\"has-text-align-center\" data-align=\"center\" colspan=\"4\">PSICOMOTRICIDAD<\/td><\/tr><tr><td class=\"has-text-align-center\" data-align=\"center\" colspan=\"4\">Viernes &#8211; LUDOTECA<\/td><\/tr><tr><td class=\"has-text-align-center\" data-align=\"center\">1\u00ba y 2\u00ba<\/td><td class=\"has-text-align-center\" data-align=\"center\" colspan=\"4\">MULTIDEPORTE ART ATTACK<\/td><\/tr><tr><td class=\"has-text-align-center\" data-align=\"center\" rowspan=\"2\">3\u00ba y 4\u00ba<\/td><td class=\"has-text-align-center\" data-align=\"center\">TEATRO<\/td><td class=\"has-text-align-center\" data-align=\"center\" rowspan=\"2\">AJEDREZ<\/td><td class=\"has-text-align-center\" data-align=\"center\">TEATRO<\/td><td class=\"has-text-align-center\" data-align=\"center\" rowspan=\"2\">AJEDREZ<\/td><\/tr><tr><td class=\"has-text-align-center\" data-align=\"center\">BALONCESTO<\/td><td class=\"has-text-align-center\" data-align=\"center\">BALONCESTO<\/td><\/tr><tr><td class=\"has-text-align-center\" data-align=\"center\">5\u00ba y 6\u00ba<\/td><td class=\"has-text-align-center\" data-align=\"center\">AJEDREZ<\/td><td class=\"has-text-align-center\" data-align=\"center\">MULTIDEPORTE<\/td><td class=\"has-text-align-center\" data-align=\"center\">AJEDREZ<\/td><td class=\"has-text-align-center\" data-align=\"center\">MULTIDEPORTE<\/td><\/tr><tr><td class=\"has-text-align-center\" data-align=\"center\">EMD 4\u00ba, 5\u00ba y 6\u00ba 12:30 \u2013 13:20<\/td><td class=\"has-text-align-center\" data-align=\"center\">GIMNASIA ART\u00cdSTICA (EMD)<\/td><td class=\"has-text-align-center\" data-align=\"center\">BALONCESTO (EMD)<\/td><td class=\"has-text-align-center\" data-align=\"center\">GIMNASIA ART\u00cdSTICA (EMD)<\/td><td class=\"has-text-align-center\" data-align=\"center\">BALONCESTO (EMD)<\/td><\/tr><\/tbody><\/table><\/figure>\n\n\n\n<p class=\"has-text-color has-link-color has-medium-font-size wp-elements-817d380d010739d0fa8392a72e97af6f\" style=\"color:#512f70\"><strong>Actividades extraescolares del AMPA<\/strong><\/p>\n\n\n\n<figure class=\"wp-block-image aligncenter size-full is-resized\"><img loading=\"lazy\" decoding=\"async\" width=\"328\" height=\"206\" src=\"https:\/\/site.educa.madrid.org\/cp.pedroduque.madrid\/\/wp-content\/uploads\/cp.pedroduque.madrid\/2025\/03\/actividades-extraescolares-ampa-24-25.png\" alt=\"\" class=\"wp-image-1890\" style=\"width:723px;height:auto\" srcset=\"https:\/\/site.educa.madrid.org\/cp.pedroduque.madrid\/\/wp-content\/uploads\/cp.pedroduque.madrid\/2025\/03\/actividades-extraescolares-ampa-24-25.png 328w, https:\/\/site.educa.madrid.org\/cp.pedroduque.madrid\/\/wp-content\/uploads\/cp.pedroduque.madrid\/2025\/03\/actividades-extraescolares-ampa-24-25-300x188.png 300w\" sizes=\"auto, (max-width: 328px) 100vw, 328px\" \/><\/figure>\n\n\n\n<hr class=\"wp-block-separator alignwide has-alpha-channel-opacity is-style-wide\"\/>\n","protected":false},"excerpt":{"rendered":"<p>PREVISI\u00d3N DE EXTRAESCOLARES CURSO 2026\/2027 Toda la oferta gratuita del pr\u00f3ximo curso depende del n\u00famero de horas que nos ofrezca la Junta Municipal y que contin\u00faen los convenios con las Escuelas Municipales de Deporte. Las actividades ofertadas por el AMPA depender\u00e1n de la demanda de las familias. En general las actividades extraescolares son estables en [&hellip;]<\/p>\n","protected":false},"author":2,"featured_media":0,"parent":0,"menu_order":0,"comment_status":"closed","ping_status":"closed","template":"","meta":{"footnotes":""},"folder":[47],"class_list":["post-865","page","type-page","status-publish","hentry"],"rttpg_featured_image_url":null,"rttpg_author":{"display_name":"tic.cp.pedroduque.madrid","author_link":"https:\/\/site.educa.madrid.org\/cp.pedroduque.madrid\/index.php\/author\/cuenta_tic-cp-pedroduque-madrid\/"},"rttpg_comment":0,"rttpg_category":" <a href=\"https:\/\/site.educa.madrid.org\/cp.pedroduque.madrid\/?taxonomy=folder&#038;term=servicios-1676996199\" rel=\"tag\">SERVICIOS<\/a>","rttpg_excerpt":"PREVISI\u00d3N DE EXTRAESCOLARES CURSO 2026\/2027 Toda la oferta gratuita del pr\u00f3ximo curso depende del n\u00famero de horas que nos ofrezca la Junta Municipal y que contin\u00faen los convenios con las Escuelas Municipales de Deporte. Las actividades ofertadas por el AMPA depender\u00e1n de la demanda de las familias. En general las actividades extraescolares son estables en&hellip;","post_mailing_queue_ids":[],"_links":{"self":[{"href":"https:\/\/site.educa.madrid.org\/cp.pedroduque.madrid\/index.php\/wp-json\/wp\/v2\/pages\/865","targetHints":{"allow":["GET"]}}],"collection":[{"href":"https:\/\/site.educa.madrid.org\/cp.pedroduque.madrid\/index.php\/wp-json\/wp\/v2\/pages"}],"about":[{"href":"https:\/\/site.educa.madrid.org\/cp.pedroduque.madrid\/index.php\/wp-json\/wp\/v2\/types\/page"}],"author":[{"embeddable":true,"href":"https:\/\/site.educa.madrid.org\/cp.pedroduque.madrid\/index.php\/wp-json\/wp\/v2\/users\/2"}],"replies":[{"embeddable":true,"href":"https:\/\/site.educa.madrid.org\/cp.pedroduque.madrid\/index.php\/wp-json\/wp\/v2\/comments?post=865"}],"version-history":[{"count":15,"href":"https:\/\/site.educa.madrid.org\/cp.pedroduque.madrid\/index.php\/wp-json\/wp\/v2\/pages\/865\/revisions"}],"predecessor-version":[{"id":2218,"href":"https:\/\/site.educa.madrid.org\/cp.pedroduque.madrid\/index.php\/wp-json\/wp\/v2\/pages\/865\/revisions\/2218"}],"wp:attachment":[{"href":"https:\/\/site.educa.madrid.org\/cp.pedroduque.madrid\/index.php\/wp-json\/wp\/v2\/media?parent=865"}],"wp:term":[{"taxonomy":"folder","embeddable":true,"href":"https:\/\/site.educa.madrid.org\/cp.pedroduque.madrid\/index.php\/wp-json\/wp\/v2\/folder?post=865"}],"curies":[{"name":"wp","href":"https:\/\/api.w.org\/{rel}","templated":true}]}}