{"id":877,"date":"2023-02-21T17:28:59","date_gmt":"2023-02-21T16:28:59","guid":{"rendered":"https:\/\/site.educa.madrid.org\/cp.pedroduque.madrid\/?page_id=877"},"modified":"2024-04-26T17:06:43","modified_gmt":"2024-04-26T15:06:43","slug":"raices-roble","status":"publish","type":"page","link":"https:\/\/site.educa.madrid.org\/cp.pedroduque.madrid\/index.php\/familias\/raices-roble\/","title":{"rendered":"RA\u00cdCES \/ ROBLE"},"content":{"rendered":"\n<p class=\"has-text-align-center has-vivid-cyan-blue-color has-cyan-bluish-gray-background-color has-text-color has-background has-x-large-font-size\" style=\"padding-top:var(--wp--preset--spacing--50);padding-right:var(--wp--preset--spacing--50);padding-bottom:var(--wp--preset--spacing--50);padding-left:var(--wp--preset--spacing--50)\"><strong>NUEVA VERSI\u00d3N DE ROBLE<\/strong><\/p>\n\n\n\n<p>En esta nueva versi\u00f3n se han concentrado en la experiencia del usuario al usar la aplicaci\u00f3n Roble, habiendo\u00a0<strong>mejorado la imagen, el funcionamiento y a\u00f1adiendo un abanico m\u00e1s amplio de notificaciones<\/strong>, aunque estas dependen de su activaci\u00f3n por parte del centro.<\/p>\n\n\n\n<p>El resultado es una\u00a0<strong>aplicaci\u00f3n intuitiva de usar, con una imagen moderna y agradable y nuevas funcionalidades.<\/strong>\u00a0Adem\u00e1s, la forma en la que se ha dise\u00f1ado permitir\u00e1 la introducci\u00f3n de nuevos m\u00f3dulos en un futuro, haciendo de Roble una aplicaci\u00f3n todav\u00eda m\u00e1s \u00fatil para los usuarios y los centros.<\/p>\n\n\n\n<p>Os compartimos el manual para el uso de Roble v2<\/p>\n\n\n\n<div data-wp-interactive=\"core\/file\" class=\"wp-block-file aligncenter\"><object data-wp-bind--hidden=\"!state.hasPdfPreview\" hidden class=\"wp-block-file__embed\" data=\"https:\/\/site.educa.madrid.org\/cp.pedroduque.madrid\/\/wp-content\/uploads\/cp.pedroduque.madrid\/2024\/04\/manual-roble-v2.pdf\" type=\"application\/pdf\" style=\"width:100%;height:600px\" aria-label=\"Incrustado de manual roble v2.\"><\/object><a id=\"wp-block-file--media-bfac3aa5-5453-4845-9d2d-bfac4213a3dd\" href=\"https:\/\/site.educa.madrid.org\/cp.pedroduque.madrid\/\/wp-content\/uploads\/cp.pedroduque.madrid\/2024\/04\/manual-roble-v2.pdf\">manual roble v2<\/a><a href=\"https:\/\/site.educa.madrid.org\/cp.pedroduque.madrid\/\/wp-content\/uploads\/cp.pedroduque.madrid\/2024\/04\/manual-roble-v2.pdf\" class=\"wp-block-file__button wp-element-button\" download aria-describedby=\"wp-block-file--media-bfac3aa5-5453-4845-9d2d-bfac4213a3dd\">Descarga<\/a><\/div>\n\n\n\n<p class=\"has-text-align-center has-white-color has-cyan-bluish-gray-background-color has-text-color has-background has-large-font-size\">Nuevo acceso a Ra\u00edces \u2013 Doble factor de autenticaci\u00f3n<\/p>\n\n\n\n<p>Pr\u00f3ximamente se va a&nbsp;cambiar <strong>la forma de acceder a Ra\u00edces&nbsp;desde Internet<\/strong> para mejorar la seguridad. Adem\u00e1s de incluir nuevos m\u00e9todos de acceso seguro, en caso de acceder con usuario y contrase\u00f1a va a ser necesario introducir un c\u00f3digo que se recibir\u00e1 por SMS al tel\u00e9fono m\u00f3vil que se tenga informado en Ra\u00edces. Por tanto,&nbsp;ser\u00eda necesario comprobar que el n\u00famero de tel\u00e9fono est\u00e9 informado en Ra\u00edces y sea correcto&nbsp;o, en caso contrario, introducirlo. Seg\u00fan el perfil de acceso a Ra\u00edces,&nbsp;cada usuario&nbsp;puede realizar esta comprobaci\u00f3n desde el punto de men\u00fa \u2018Mis datos -&gt; Datos del usuario\/a\u2019 o \u2018Utilidades -&gt; Mis datos\u2019.&nbsp;<\/p>\n\n\n\n<p>Los usuarios que no tengan informado un n\u00famero de tel\u00e9fono una vez activado el doble factor de autenticaci\u00f3n y no tengan otra forma de acceder (DNIe, Certificado electr\u00f3nico, Cl@ve&#8230;) tendr\u00e1n que solicitar al centro la generaci\u00f3n de una nueva contrase\u00f1a. En el primer acceso con la nueva contrase\u00f1a, tendr\u00e1 que informar el tel\u00e9fono de manera obligatoria.<\/p>\n\n\n\n<p>En los accesos desde la <strong>app Roble<\/strong>, desde los centros educativos o desde cualquier otro equipo conectado a la red de la Comunidad de Madrid, <strong>no habr\u00e1 ning\u00fan cambio.<\/strong><\/p>\n\n\n\n<hr class=\"wp-block-separator has-alpha-channel-opacity is-style-dots\"\/>\n\n\n\n<p class=\"has-white-color has-cyan-bluish-gray-background-color has-text-color has-background has-large-font-size\">Gu\u00eda para subir la foto a la plataforma Ra\u00edces \/ Roble<\/p>\n\n\n\n<div data-wp-interactive=\"core\/file\" class=\"wp-block-file\"><object data-wp-bind--hidden=\"!state.hasPdfPreview\" hidden class=\"wp-block-file__embed\" data=\"https:\/\/site.educa.madrid.org\/cp.pedroduque.madrid\/\/wp-content\/uploads\/cp.pedroduque.madrid\/2023\/10\/Guia-Subir-mi-foto-en-Raices-perfiles-ALUMNADO-o-TUTORES-LEGALES-v1-04-10-2023docx.pdf\" type=\"application\/pdf\" style=\"width:100%;height:600px\" aria-label=\"Incrustado de Guia-Subir-mi-foto-en-Raices-perfiles-ALUMNADO-o-TUTORES-LEGALES-v1-04-10-2023docx.\"><\/object><a id=\"wp-block-file--media-fd38959e-9f3c-4b94-b662-cad61be146fc\" href=\"https:\/\/site.educa.madrid.org\/cp.pedroduque.madrid\/\/wp-content\/uploads\/cp.pedroduque.madrid\/2023\/10\/Guia-Subir-mi-foto-en-Raices-perfiles-ALUMNADO-o-TUTORES-LEGALES-v1-04-10-2023docx.pdf\">Guia-Subir-mi-foto-en-Raices-perfiles-ALUMNADO-o-TUTORES-LEGALES-v1-04-10-2023docx<\/a><a href=\"https:\/\/site.educa.madrid.org\/cp.pedroduque.madrid\/\/wp-content\/uploads\/cp.pedroduque.madrid\/2023\/10\/Guia-Subir-mi-foto-en-Raices-perfiles-ALUMNADO-o-TUTORES-LEGALES-v1-04-10-2023docx.pdf\" class=\"wp-block-file__button wp-element-button\" download aria-describedby=\"wp-block-file--media-fd38959e-9f3c-4b94-b662-cad61be146fc\">Descarga<\/a><\/div>\n\n\n\n<hr class=\"wp-block-separator alignwide has-alpha-channel-opacity\"\/>\n\n\n\n<p class=\"has-text-align-center has-white-color has-cyan-bluish-gray-background-color has-text-color has-background has-large-font-size\"><strong><mark style=\"background-color:rgba(0, 0, 0, 0)\" class=\"has-inline-color has-white-color\">Gu\u00eda General de Roble<\/mark><\/strong><\/p>\n\n\n<p><a href=\"https:\/\/raices.madrid.org\/raiz_app\/jsp\/portal\/portalraices.html\"><img loading=\"lazy\" decoding=\"async\" class=\"aligncenter\" src=\"https:\/\/site.educa.madrid.org\/cp.tagore.madrid\/\/wp-content\/uploads\/cp.tagore.madrid\/2020\/05\/image-20-1024x346.png\" alt=\"ROBLE-Ra\u00edces\" width=\"971\" height=\"328\"><\/a><\/p>\n<p><\/p>\n\n\n<div data-wp-interactive=\"core\/file\" class=\"wp-block-file\"><object data-wp-bind--hidden=\"!state.hasPdfPreview\" hidden class=\"wp-block-file__embed\" data=\"https:\/\/site.educa.madrid.org\/cp.pedroduque.madrid\/\/wp-content\/uploads\/cp.pedroduque.madrid\/2023\/02\/roble-web-familias-guia-visual-1.4.pdf\" type=\"application\/pdf\" style=\"width:100%;height:600px\" aria-label=\"Incrustado de roble-web-familias-guia-visual-1.4.\"><\/object><a id=\"wp-block-file--media-8ed92746-c657-4ec3-9267-2d2ba8bfa915\" href=\"https:\/\/site.educa.madrid.org\/cp.pedroduque.madrid\/\/wp-content\/uploads\/cp.pedroduque.madrid\/2023\/02\/roble-web-familias-guia-visual-1.4.pdf\">roble-web-familias-guia-visual-1.4<\/a><a href=\"https:\/\/site.educa.madrid.org\/cp.pedroduque.madrid\/\/wp-content\/uploads\/cp.pedroduque.madrid\/2023\/02\/roble-web-familias-guia-visual-1.4.pdf\" class=\"wp-block-file__button wp-element-button\" download aria-describedby=\"wp-block-file--media-8ed92746-c657-4ec3-9267-2d2ba8bfa915\">Descarga<\/a><\/div>\n","protected":false},"excerpt":{"rendered":"<p>NUEVA VERSI\u00d3N DE ROBLE En esta nueva versi\u00f3n se han concentrado en la experiencia del usuario al usar la aplicaci\u00f3n Roble, habiendo\u00a0mejorado la imagen, el funcionamiento y a\u00f1adiendo un abanico m\u00e1s amplio de notificaciones, aunque estas dependen de su activaci\u00f3n por parte del centro. El resultado es una\u00a0aplicaci\u00f3n intuitiva de usar, con una imagen moderna [&hellip;]<\/p>\n","protected":false},"author":2,"featured_media":0,"parent":797,"menu_order":0,"comment_status":"closed","ping_status":"closed","template":"","meta":{"footnotes":""},"folder":[49],"class_list":["post-877","page","type-page","status-publish","hentry"],"rttpg_featured_image_url":null,"rttpg_author":{"display_name":"tic.cp.pedroduque.madrid","author_link":"https:\/\/site.educa.madrid.org\/cp.pedroduque.madrid\/index.php\/author\/cuenta_tic-cp-pedroduque-madrid\/"},"rttpg_comment":0,"rttpg_category":" <a href=\"https:\/\/site.educa.madrid.org\/cp.pedroduque.madrid\/?taxonomy=folder&#038;term=familias-1676996233\" rel=\"tag\">FAMILIAS<\/a>","rttpg_excerpt":"NUEVA VERSI\u00d3N DE ROBLE En esta nueva versi\u00f3n se han concentrado en la experiencia del usuario al usar la aplicaci\u00f3n Roble, habiendo\u00a0mejorado la imagen, el funcionamiento y a\u00f1adiendo un abanico m\u00e1s amplio de notificaciones, aunque estas dependen de su activaci\u00f3n por parte del centro. El resultado es una\u00a0aplicaci\u00f3n intuitiva de usar, con una imagen moderna&hellip;","post_mailing_queue_ids":[],"_links":{"self":[{"href":"https:\/\/site.educa.madrid.org\/cp.pedroduque.madrid\/index.php\/wp-json\/wp\/v2\/pages\/877","targetHints":{"allow":["GET"]}}],"collection":[{"href":"https:\/\/site.educa.madrid.org\/cp.pedroduque.madrid\/index.php\/wp-json\/wp\/v2\/pages"}],"about":[{"href":"https:\/\/site.educa.madrid.org\/cp.pedroduque.madrid\/index.php\/wp-json\/wp\/v2\/types\/page"}],"author":[{"embeddable":true,"href":"https:\/\/site.educa.madrid.org\/cp.pedroduque.madrid\/index.php\/wp-json\/wp\/v2\/users\/2"}],"replies":[{"embeddable":true,"href":"https:\/\/site.educa.madrid.org\/cp.pedroduque.madrid\/index.php\/wp-json\/wp\/v2\/comments?post=877"}],"version-history":[{"count":12,"href":"https:\/\/site.educa.madrid.org\/cp.pedroduque.madrid\/index.php\/wp-json\/wp\/v2\/pages\/877\/revisions"}],"predecessor-version":[{"id":1603,"href":"https:\/\/site.educa.madrid.org\/cp.pedroduque.madrid\/index.php\/wp-json\/wp\/v2\/pages\/877\/revisions\/1603"}],"up":[{"embeddable":true,"href":"https:\/\/site.educa.madrid.org\/cp.pedroduque.madrid\/index.php\/wp-json\/wp\/v2\/pages\/797"}],"wp:attachment":[{"href":"https:\/\/site.educa.madrid.org\/cp.pedroduque.madrid\/index.php\/wp-json\/wp\/v2\/media?parent=877"}],"wp:term":[{"taxonomy":"folder","embeddable":true,"href":"https:\/\/site.educa.madrid.org\/cp.pedroduque.madrid\/index.php\/wp-json\/wp\/v2\/folder?post=877"}],"curies":[{"name":"wp","href":"https:\/\/api.w.org\/{rel}","templated":true}]}}