{"id":882,"date":"2023-02-21T17:35:37","date_gmt":"2023-02-21T16:35:37","guid":{"rendered":"https:\/\/site.educa.madrid.org\/cp.pedroduque.madrid\/?page_id=882"},"modified":"2026-03-09T18:28:59","modified_gmt":"2026-03-09T17:28:59","slug":"modelos-e-impresos","status":"publish","type":"page","link":"https:\/\/site.educa.madrid.org\/cp.pedroduque.madrid\/index.php\/modelos-e-impresos\/","title":{"rendered":"MODELOS E IMPRESOS"},"content":{"rendered":"\n<h2 class=\"wp-block-heading has-medium-font-size\"><kbd><code>Comedor y Desayunos:<\/code><\/kbd><\/h2>\n\n\n\n<h3 class=\"wp-block-heading has-large-font-size\">&#8211;<a href=\"https:\/\/site.educa.madrid.org\/cp.pedroduque.madrid\/\/wp-content\/uploads\/cp.pedroduque.madrid\/2025\/07\/Comedor-ALTA-2025-2026.pdf\" data-type=\"URL\" data-id=\"https:\/\/site.educa.madrid.org\/cp.pedroduque.madrid\/\/wp-content\/uploads\/cp.pedroduque.madrid\/2023\/02\/Comedor-ALTA-2023-24.pdf\" target=\"_blank\" rel=\"noreferrer noopener\">&nbsp;Alta de comedor<\/a><br>&#8211;&nbsp;<a href=\"https:\/\/site.educa.madrid.org\/cp.pedroduque.madrid\/\/wp-content\/uploads\/cp.pedroduque.madrid\/2025\/07\/Comedor-BAJA-2025-2026.pdf\" data-type=\"link\" data-id=\"https:\/\/site.educa.madrid.org\/cp.pedroduque.madrid\/\/wp-content\/uploads\/cp.pedroduque.madrid\/2025\/07\/Comedor-BAJA-2025-2026.pdf\" target=\"_blank\" rel=\"noreferrer noopener\">Baja de comedor<\/a><br>&#8211;&nbsp;<a href=\"https:\/\/site.educa.madrid.org\/cp.pedroduque.madrid\/\/wp-content\/uploads\/cp.pedroduque.madrid\/2025\/07\/Cambio-numero-de-cuenta-2025-2026-1.pdf\" data-type=\"link\" data-id=\"https:\/\/site.educa.madrid.org\/cp.pedroduque.madrid\/\/wp-content\/uploads\/cp.pedroduque.madrid\/2025\/07\/Cambio-numero-de-cuenta-2025-2026-1.pdf\" target=\"_blank\" rel=\"noreferrer noopener\">Cambio de cuenta bancaria<\/a><br>&#8211;<a href=\"https:\/\/site.educa.madrid.org\/cp.pedroduque.madrid\/\/wp-content\/uploads\/cp.pedroduque.madrid\/2023\/02\/Desayuno-y-acogida-ALTA-2023-24-.pdf\" data-type=\"URL\" data-id=\"https:\/\/site.educa.madrid.org\/cp.pedroduque.madrid\/\/wp-content\/uploads\/cp.pedroduque.madrid\/2023\/02\/Desayuno-y-acogida-ALTA-2023-24-.pdf\" target=\"_blank\" rel=\"noreferrer noopener\">&nbsp;<\/a><a href=\"https:\/\/site.educa.madrid.org\/cp.pedroduque.madrid\/\/wp-content\/uploads\/cp.pedroduque.madrid\/2025\/07\/Desayuno-y-acogida-ALTA-2025-2026.pdf\" data-type=\"URL\" data-id=\"https:\/\/site.educa.madrid.org\/cp.pedroduque.madrid\/\/wp-content\/uploads\/cp.pedroduque.madrid\/2023\/02\/Desayuno-y-acogida-ALTA-2023-24-.pdf\" target=\"_blank\" rel=\"noreferrer noopener\">Alta de desayunos y acogid<\/a><a href=\"https:\/\/site.educa.madrid.org\/cp.pedroduque.madrid\/\/wp-content\/uploads\/cp.pedroduque.madrid\/2023\/02\/Desayuno-y-acogida-ALTA-2023-24-.pdf\" data-type=\"URL\" data-id=\"https:\/\/site.educa.madrid.org\/cp.pedroduque.madrid\/\/wp-content\/uploads\/cp.pedroduque.madrid\/2023\/02\/Desayuno-y-acogida-ALTA-2023-24-.pdf\" target=\"_blank\" rel=\"noreferrer noopener\">a<\/a><br>&#8211; <a href=\"https:\/\/site.educa.madrid.org\/cp.pedroduque.madrid\/\/wp-content\/uploads\/cp.pedroduque.madrid\/2023\/02\/Desayuno-y-acogida-BAJA-2023-24.pdf\" data-type=\"URL\" data-id=\"https:\/\/site.educa.madrid.org\/cp.pedroduque.madrid\/\/wp-content\/uploads\/cp.pedroduque.madrid\/2023\/02\/Desayuno-y-acogida-BAJA-2023-24.pdf\" target=\"_blank\" rel=\"noreferrer noopener\">Baja de Desayunos y acogida<\/a><br>&#8211; <a href=\"https:\/\/site.educa.madrid.org\/cp.pedroduque.madrid\/\/wp-content\/uploads\/cp.pedroduque.madrid\/2023\/02\/FICHA-DE-CAMBIO-DE-MODALIDAD-DE-PRIMEROS-DEL-COLE.pdf\" data-type=\"URL\" data-id=\"https:\/\/site.educa.madrid.org\/cp.pedroduque.madrid\/\/wp-content\/uploads\/cp.pedroduque.madrid\/2023\/02\/FICHA-DE-CAMBIO-DE-MODALIDAD-DE-PRIMEROS-DEL-COLE.pdf\" target=\"_blank\" rel=\"noreferrer noopener\">Ficha de cambio de modalidad de desayunos y acogida<\/a><br>&#8211;&nbsp;<a href=\"https:\/\/site.educa.madrid.org\/cp.pedroduque.madrid\/\/wp-content\/uploads\/cp.pedroduque.madrid\/2025\/07\/Dieta-blanda-2025-2026-para-formulario.pdf\" data-type=\"URL\" data-id=\"https:\/\/site.educa.madrid.org\/cp.pedroduque.madrid\/\/wp-content\/uploads\/cp.pedroduque.madrid\/2023\/02\/Dieta-blanda.pdf\" target=\"_blank\" rel=\"noreferrer noopener\">Dieta blanda<\/a><br>&#8211; <a href=\"https:\/\/site.educa.madrid.org\/cp.pedroduque.madrid\/\/wp-content\/uploads\/cp.pedroduque.madrid\/2025\/07\/Solicitud-menu-adaptado-alergicos-2025-2026.pdf\" data-type=\"URL\" data-id=\"https:\/\/site.educa.madrid.org\/cp.pedroduque.madrid\/\/wp-content\/uploads\/cp.pedroduque.madrid\/2023\/02\/Solicitud-menu-adaptado-alergicos-2023-24.pdf\" target=\"_blank\" rel=\"noreferrer noopener\">Solicitud de men\u00fa adaptado de al\u00e9rgicos<\/a><\/h3>\n\n\n\n<h3 class=\"wp-block-heading\">&nbsp;Otros modelos del Centro:<\/h3>\n\n\n\n<h4 class=\"wp-block-heading has-large-font-size\">&#8211;&nbsp;<a href=\"https:\/\/site.educa.madrid.org\/cp.pedroduque.madrid\/\/wp-content\/uploads\/cp.pedroduque.madrid\/2025\/07\/Autorizacion-retirada-de-alumnos-Infantil-y-Primaria-2025-26.pdf\" data-type=\"URL\" data-id=\"https:\/\/site.educa.madrid.org\/cp.pedroduque.madrid\/\/wp-content\/uploads\/cp.pedroduque.madrid\/2023\/02\/Autorizacion-retirada-de-alumnos-PD-2023-24.pdf\" target=\"_blank\" rel=\"noreferrer noopener\">Autorizaci\u00f3n de retirada de alumnos<\/a><\/h4>\n\n\n\n<p class=\"has-large-font-size\">&#8211;<a href=\"https:\/\/site.educa.madrid.org\/cp.pedroduque.madrid\/\/wp-content\/uploads\/cp.pedroduque.madrid\/2025\/07\/Autorizacion-fotografias-y-videos-2025-26.pdf\" target=\"_blank\" rel=\"noreferrer noopener\">Autorizaci\u00f3n de fotos y Videos<\/a><br>&#8211;&nbsp;<a href=\"https:\/\/site.educa.madrid.org\/cp.pedroduque.madrid\/\/wp-content\/uploads\/cp.pedroduque.madrid\/2025\/07\/Solicitud-de-BAJA-en-el-centro-2025-2026.pdf\" data-type=\"URL\" data-id=\"https:\/\/site.educa.madrid.org\/cp.pedroduque.madrid\/\/wp-content\/uploads\/cp.pedroduque.madrid\/2023\/02\/Solicitud-de-BAJA-en-el-centro.pdf\" target=\"_blank\" rel=\"noreferrer noopener\">Baja del centro<\/a><br>&#8211; <a href=\"https:\/\/site.educa.madrid.org\/cp.pedroduque.madrid\/\/wp-content\/uploads\/cp.pedroduque.madrid\/2025\/07\/Solicitud-certificado-traslado-2025-2026.pdf\" target=\"_blank\" rel=\"noreferrer noopener\">Solicitud de certificado de traslado<\/a><br><a href=\"https:\/\/site.educa.madrid.org\/cp.pedroduque.madrid\/\/wp-content\/uploads\/cp.pedroduque.madrid\/2023\/02\/Solicitud-COPIA-EXAMEN-2023-24.pdf\" data-type=\"URL\" data-id=\"https:\/\/site.educa.madrid.org\/cp.pedroduque.madrid\/\/wp-content\/uploads\/cp.pedroduque.madrid\/2023\/02\/Solicitud-COPIA-EXAMEN-2023-24.pdf\" target=\"_blank\" rel=\"noreferrer noopener\">&#8211;&nbsp;Solicitud de copia de ex\u00e1menes<\/a><br>&#8211; <a href=\"https:\/\/site.educa.madrid.org\/cp.pedroduque.madrid\/\/wp-content\/uploads\/cp.pedroduque.madrid\/2025\/07\/Opcion-de-ensenanza-religiosa-2025-2026.pdf\" data-type=\"URL\" data-id=\"https:\/\/site.educa.madrid.org\/cp.pedroduque.madrid\/\/wp-content\/uploads\/cp.pedroduque.madrid\/2023\/02\/Opcion-de-ensenanza-religiosa-2023-24.pdf\" target=\"_blank\" rel=\"noreferrer noopener\">Opci\u00f3n de ense\u00f1anza religiosa 2025\/2026<\/a><br>&#8211; <a href=\"https:\/\/site.educa.madrid.org\/cp.pedroduque.madrid\/\/wp-content\/uploads\/cp.pedroduque.madrid\/2025\/07\/Recogida-de-informacion-de-datos-medicos-2025-26.pdf\" data-type=\"URL\" data-id=\"https:\/\/site.educa.madrid.org\/cp.pedroduque.madrid\/\/wp-content\/uploads\/cp.pedroduque.madrid\/2023\/02\/Recogida-de-informacion-de-datos-medicos-2023-24.pdf\" target=\"_blank\" rel=\"noreferrer noopener\">Ficha de medicaci\u00f3n de rescate<\/a><\/p>\n\n\n\n<h3 class=\"wp-block-heading\">Becas y ayudas:<\/h3>\n\n\n\n<h4 class=\"wp-block-heading\">&#8211;&nbsp;Solicitud de precios reducidos de comedor.<\/h4>\n\n\n\n<h3 class=\"wp-block-heading\">Adhesi\u00f3n al Programa ACCEDE:<\/h3>\n\n\n\n<p class=\"has-large-font-size\"><strong>&#8211;<a href=\"https:\/\/site.educa.madrid.org\/cp.pedroduque.madrid\/\/wp-content\/uploads\/cp.pedroduque.madrid\/2023\/02\/adhesion-al-programa-ACCEDE.pdf\" data-type=\"URL\" data-id=\"https:\/\/site.educa.madrid.org\/cp.pedroduque.madrid\/\/wp-content\/uploads\/cp.pedroduque.madrid\/2023\/02\/adhesion-al-programa-ACCEDE.pdf\" target=\"_blank\" rel=\"noreferrer noopener\"> <\/a><\/strong><a href=\"https:\/\/site.educa.madrid.org\/cp.pedroduque.madrid\/\/wp-content\/uploads\/cp.pedroduque.madrid\/2025\/07\/Ficha-Alta-Programa-ACCEDE.pdf\" target=\"_blank\" rel=\"noreferrer noopener\">Anexo I: Adhesi\u00f3n del alumno al programa ACCEDE<\/a><strong><br><\/strong>&#8211; <a href=\"https:\/\/site.educa.madrid.org\/cp.pedroduque.madrid\/\/wp-content\/uploads\/cp.pedroduque.madrid\/2023\/02\/Renuncia-al-programa-ACCEDE.pdf\" data-type=\"URL\" data-id=\"https:\/\/site.educa.madrid.org\/cp.pedroduque.madrid\/\/wp-content\/uploads\/cp.pedroduque.madrid\/2023\/02\/Renuncia-al-programa-ACCEDE.pdf\" target=\"_blank\" rel=\"noreferrer noopener\">Renuncia del alumno al programa ACCEDE<\/a><\/p>\n\n\n\n<p class=\"has-large-font-size\"><strong>RECLAMACIONES DE NOTAS<\/strong><\/p>\n\n\n\n<ul class=\"wp-block-list\">\n<li><a href=\"https:\/\/site.educa.madrid.org\/cp.pedroduque.madrid\/\/wp-content\/uploads\/cp.pedroduque.madrid\/2026\/03\/modelo-Reclamacion_Notas.-DE-PRIMARIA.pdf\" target=\"_blank\" rel=\"noreferrer noopener\">Modelo de reclamaci\u00f3n de calificaciones de Primaria<\/a><\/li>\n<\/ul>\n\n\n\n<ul class=\"wp-block-list\">\n<li><a href=\"https:\/\/site.educa.madrid.org\/cp.pedroduque.madrid\/\/wp-content\/uploads\/cp.pedroduque.madrid\/2026\/03\/modelo-Reclamacion_Notas.-DE-PRIMARIA.pdf\" target=\"_blank\" rel=\"noreferrer noopener\">Modelo de reclamaci\u00f3n de calificaciones de Secundaria<\/a><\/li>\n<\/ul>\n\n\n\n<p>Toda la documentaci\u00f3n hay que enviarla a la siguiente direcci\u00f3n:  <a href=\"mailto:secretaria.cp.pedroduque.madrid@educa.madrid.org\" target=\"_blank\" rel=\"noreferrer noopener\">secretaria.cp.pedroduque.madrid@educa.madrid.org<\/a><\/p>\n\n\n\n<p><\/p>\n","protected":false},"excerpt":{"rendered":"<p>Comedor y Desayunos: &#8211;&nbsp;Alta de comedor&#8211;&nbsp;Baja de comedor&#8211;&nbsp;Cambio de cuenta bancaria&#8211;&nbsp;Alta de desayunos y acogida&#8211; Baja de Desayunos y acogida&#8211; Ficha de cambio de modalidad de desayunos y acogida&#8211;&nbsp;Dieta blanda&#8211; Solicitud de men\u00fa adaptado de al\u00e9rgicos &nbsp;Otros modelos del Centro: &#8211;&nbsp;Autorizaci\u00f3n de retirada de alumnos &#8211;Autorizaci\u00f3n de fotos y Videos&#8211;&nbsp;Baja del centro&#8211; Solicitud de certificado [&hellip;]<\/p>\n","protected":false},"author":2,"featured_media":0,"parent":0,"menu_order":0,"comment_status":"closed","ping_status":"closed","template":"","meta":{"footnotes":""},"folder":[46],"class_list":["post-882","page","type-page","status-publish","hentry"],"rttpg_featured_image_url":null,"rttpg_author":{"display_name":"tic.cp.pedroduque.madrid","author_link":"https:\/\/site.educa.madrid.org\/cp.pedroduque.madrid\/index.php\/author\/cuenta_tic-cp-pedroduque-madrid\/"},"rttpg_comment":0,"rttpg_category":" <a href=\"https:\/\/site.educa.madrid.org\/cp.pedroduque.madrid\/?taxonomy=folder&#038;term=secretaria-1676995534\" rel=\"tag\">SECRETARIA<\/a>","rttpg_excerpt":"Comedor y Desayunos: &#8211;&nbsp;Alta de comedor&#8211;&nbsp;Baja de comedor&#8211;&nbsp;Cambio de cuenta bancaria&#8211;&nbsp;Alta de desayunos y acogida&#8211; Baja de Desayunos y acogida&#8211; Ficha de cambio de modalidad de desayunos y acogida&#8211;&nbsp;Dieta blanda&#8211; Solicitud de men\u00fa adaptado de al\u00e9rgicos &nbsp;Otros modelos del Centro: &#8211;&nbsp;Autorizaci\u00f3n de retirada de alumnos &#8211;Autorizaci\u00f3n de fotos y Videos&#8211;&nbsp;Baja del centro&#8211; Solicitud de certificado&hellip;","post_mailing_queue_ids":[],"_links":{"self":[{"href":"https:\/\/site.educa.madrid.org\/cp.pedroduque.madrid\/index.php\/wp-json\/wp\/v2\/pages\/882","targetHints":{"allow":["GET"]}}],"collection":[{"href":"https:\/\/site.educa.madrid.org\/cp.pedroduque.madrid\/index.php\/wp-json\/wp\/v2\/pages"}],"about":[{"href":"https:\/\/site.educa.madrid.org\/cp.pedroduque.madrid\/index.php\/wp-json\/wp\/v2\/types\/page"}],"author":[{"embeddable":true,"href":"https:\/\/site.educa.madrid.org\/cp.pedroduque.madrid\/index.php\/wp-json\/wp\/v2\/users\/2"}],"replies":[{"embeddable":true,"href":"https:\/\/site.educa.madrid.org\/cp.pedroduque.madrid\/index.php\/wp-json\/wp\/v2\/comments?post=882"}],"version-history":[{"count":27,"href":"https:\/\/site.educa.madrid.org\/cp.pedroduque.madrid\/index.php\/wp-json\/wp\/v2\/pages\/882\/revisions"}],"predecessor-version":[{"id":2239,"href":"https:\/\/site.educa.madrid.org\/cp.pedroduque.madrid\/index.php\/wp-json\/wp\/v2\/pages\/882\/revisions\/2239"}],"wp:attachment":[{"href":"https:\/\/site.educa.madrid.org\/cp.pedroduque.madrid\/index.php\/wp-json\/wp\/v2\/media?parent=882"}],"wp:term":[{"taxonomy":"folder","embeddable":true,"href":"https:\/\/site.educa.madrid.org\/cp.pedroduque.madrid\/index.php\/wp-json\/wp\/v2\/folder?post=882"}],"curies":[{"name":"wp","href":"https:\/\/api.w.org\/{rel}","templated":true}]}}