{"id":886,"date":"2023-02-21T17:37:46","date_gmt":"2023-02-21T16:37:46","guid":{"rendered":"https:\/\/site.educa.madrid.org\/cp.pedroduque.madrid\/?page_id=886"},"modified":"2026-05-04T10:43:51","modified_gmt":"2026-05-04T08:43:51","slug":"becas-ayudas-y-accede","status":"publish","type":"page","link":"https:\/\/site.educa.madrid.org\/cp.pedroduque.madrid\/index.php\/becas-ayudas-y-accede\/","title":{"rendered":"BECAS, AYUDAS Y ACCEDE"},"content":{"rendered":"\n<p><\/p>\n\n\n\n<p class=\"has-text-align-center has-luminous-vivid-orange-color has-pale-cyan-blue-background-color has-text-color has-background has-link-color has-x-large-font-size wp-elements-3535d7f38a7cb1e97ea178e85100326e\"><strong>BECAS DE COMEDOR <br>Curso 2026\/2027<\/strong><\/p>\n\n\n\n<p>Se ha publicado en el BOCM del 28 de abril el <em>Extracto acumulado de la Orden 1696\/2026, del Consejero de Educaci\u00f3n, Ciencia y Universidades, por la que se declara el importe de los cr\u00e9ditos disponibles para la concesi\u00f3n directa de las becas de comedor escolar, durante el per\u00edodo lectivo del curso 2065-2027 <\/em>que inicia el plazo depresentaci\u00f3n de solicitudes, que estar\u00e1 abierto <strong>entre el 29 de abril y el 28 de mayo, ambos inclusive (20 d\u00edas h\u00e1biles)<\/strong>.<\/p>\n\n\n\n<p>Las solicitudes se realizar\u00e1n<strong> preferentemente de forma telem\u00e1tica,<\/strong> sin perjuicio de poderse presentar de manera presencial, ajust\u00e1ndose al modelo oficial que podr\u00e1 obtenerse y cumplimentarse a trav\u00e9s de la p\u00e1gina web institucional de la Comunidad de Madrid (<a href=\"https:\/\/digital.comunidad.madrid\/acceso\" target=\"_blank\" rel=\"noreferrer noopener\">CUENTA DIGITAL DE LA COMUNIDAD DE MADRID<\/a>) o trav\u00e9s del siguiente enlace <a href=\"https:\/\/sede.comunidad.madrid\/ayudas-becas-subvenciones\/becas-comedor-escolar-2026-2027\" target=\"_blank\" rel=\"noreferrer noopener\">Becas para el comedor escolar<\/a> y se presentar\u00e1 en los lugares establecidos en el art\u00edculo 11 de las normas reguladoras. En el caso de presentaci\u00f3n presencial se puede obtener en las oficinas de asistencia en materia de registro y en las Direcciones de \u00c1rea Territorial. A FECHA V\u00c1LIDA DE PRESENTACI\u00d3N DE LA SOLICITUD SER\u00c1 LA DE ENTRADA EN REGISTRO, NO LA DE ENTRADA EN EL CENTRO.<\/p>\n\n\n\n<p>Se puede solicitar la pr\u00f3rroga de la beca si la situaci\u00f3n familiar no ha variado.<\/p>\n\n\n\n<p>En cuanto a la formalizaci\u00f3n de la solicitud se recuerda que:<\/p>\n\n\n\n<ol start=\"1\" class=\"wp-block-list\">\n<li><strong>Deber\u00e1 ser firmada por todos los miembros de la unidad familiar<\/strong> mayores de 18 a\u00f1os incluidos en ella.<\/li>\n\n\n\n<li>Se debe indicar un <strong>n\u00famero de tel\u00e9fono m\u00f3vil y una direcci\u00f3n de correo electr\u00f3nico.<\/strong><\/li>\n\n\n\n<li>En el <strong>caso de que se opongan expresamente a la consulta de datos<\/strong> por parte de la Comunidad de Madrid, se deber\u00e1 marcar la opci\u00f3n y expresar los motivos de la oposici\u00f3n, as\u00ed como aportar la documentaci\u00f3n exigida en las normas que regulan esta convocatoria.<\/li>\n\n\n\n<li>ES IMPORTANTE <strong>marcar expresamente en el formulario la casilla de consulta a la Informaci\u00f3n de renta de la Agencia Estatal de Administraci\u00f3n Tributaria 2024.<\/strong> Si no se autoriza expresamente este cruce de datos, se deber\u00e1 adjuntar <strong>certificado de IRPF del ejercicio 2024 expedido por la AEAT, <\/strong>no siendo v\u00e1lido el MODELO 100 que se imprime cuando se presenta o confirma la declaraci\u00f3n de la renta.<\/li>\n<\/ol>\n\n\n\n<p><strong>Documentaci\u00f3n a entregar<\/strong>&nbsp;para todos los solicitantes de la beca:<\/p>\n\n\n\n<p>\uf0b7&nbsp; Pasaporte (s\u00f3lo extranjeros sin NIE).<\/p>\n\n\n\n<p>\uf0b7&nbsp; Libro de Familia completo, certificado del Registro Civil o partida de nacimiento.<\/p>\n\n\n\n<p>\uf0b7&nbsp; Certificado m\u00e9dico fecha probable de parto (presentaci\u00f3n obligatoria si hijo no nacido), en su caso.<\/p>\n\n\n\n<p>\uf0b7&nbsp; Informaci\u00f3n de empadronamiento familiar de municipio distinto al de Madrid, en su caso.<\/p>\n\n\n\n<p>\uf0b7&nbsp; Sentencia de divorcio, demanda de separaci\u00f3n, certificado de defunci\u00f3n, en su caso.<\/p>\n\n\n\n<p>\uf0b7&nbsp; Convenio regulador o sentencia de relaciones paterno filiales, en su caso.<\/p>\n\n\n\n<p>\uf0b7&nbsp; Certificado de discapacidad expedido por otra Comunidad Aut\u00f3noma distinta de la Comunidad de Madrid, en su caso.<\/p>\n\n\n\n<p>\uf0b7&nbsp; Autorizaci\u00f3n para consulta de documentos.<\/p>\n\n\n\n<p>En funci\u00f3n de la modalidad de beca deber\u00e1 aportar el documento que corresponda:<\/p>\n\n\n\n<figure class=\"wp-block-table\"><table><tbody><tr><td><strong>Documentaci\u00f3n a presentar en caso de v\u00edctima por violencia de g\u00e9nero<\/strong><\/td><td>Documentaci\u00f3n acreditativa de la condici\u00f3n de v\u00edctima por violencia de g\u00e9nero<\/td><\/tr><tr><td><strong>Documentaci\u00f3n a presentar en caso de v\u00edctima del terrorismo<\/strong><\/td><td>Documentaci\u00f3n acreditativa de la condici\u00f3n de v\u00edctima del terrorismo<\/td><\/tr><tr><td><strong>Documentaci\u00f3n a presentar en caso de protecci\u00f3n internacional<\/strong><\/td><td>Documentaci\u00f3n acreditativa de la condici\u00f3n de protecci\u00f3n internacional<\/td><\/tr><tr><td><strong>Documentaci\u00f3n a presentar en caso de protecci\u00f3n temporal (conflicto Ucrania)<\/strong><\/td><td>Documentaci\u00f3n acreditativa de la condici\u00f3n de protecci\u00f3n temporal (conflicto Ucrania)<\/td><\/tr><tr><td><strong>Documentaci\u00f3n a presentar en caso de acogimiento familiar<\/strong><\/td><td>Documentaci\u00f3n acreditativa de la situaci\u00f3n de acogimiento familiar<\/td><\/tr><tr><td><strong>Documentaci\u00f3n a presentar en caso de beneficiario del Ingreso M\u00ednimo Vital por extinci\u00f3n de la Renta M\u00ednima de Inserci\u00f3n (RMI)<\/strong><\/td><td>Documentaci\u00f3n acreditativa de extinci\u00f3n Renta M\u00ednima Inserci\u00f3n por ser beneficiario del Ingreso M\u00ednimo Vital<\/td><\/tr><tr><td><strong>Documentaci\u00f3n a presentar en caso de ser beneficiario del Ingreso M\u00ednimo Vital renta inferior a 8400 euros<\/strong><\/td><td>Documentaci\u00f3n acreditativa de ser beneficiario del Ingreso M\u00ednimo Vital<\/td><\/tr><tr><td><strong>Documentaci\u00f3n a presentar en caso de ser miembro de Fuerzas y Cuerpos de Seguridad del Estado o las Fuerzas Armadas<\/strong><\/td><td>Documentaci\u00f3n acreditativa de ser miembro de Fuerzas y Cuerpos de Seguridad del Estado o las Fuerzas Armadas, expedido por la unidad de personal a la que se encuentre adscrito.<\/td><\/tr><tr><td><strong>Documentaci\u00f3n a presentar en caso de ser matriculado de oficio en centro concertado que hace uso transporte escolar<\/strong><\/td><td>Documentaci\u00f3n acreditativa de ser matriculado de oficio en centro concertado que hace uso transporte escolar<\/td><\/tr><\/tbody><\/table><\/figure>\n\n\n\n<p><strong>La Comunidad de Madrid consultar\u00e1, por medios electr\u00f3nicos, los datos de los siguientes documentos&nbsp;<\/strong>del solicitante, Padre o tutor, Madre o tutora, Hermanos mayores de edad.<\/p>\n\n\n\n<ul class=\"wp-block-list\">\n<li>DNI\/NIE<\/li>\n\n\n\n<li>Certificado de discapacidad expedido por la Comunidad de Madrid<\/li>\n\n\n\n<li>Informaci\u00f3n de la Renta M\u00ednima de Inserci\u00f3n<\/li>\n\n\n\n<li>Informaci\u00f3n de empadronamiento familiar en el municipio de Madrid<\/li>\n<\/ul>\n\n\n\n<p><em><strong>\u00bfQu\u00e9 se entiende por unidad familiar?<\/strong><\/em><\/p>\n\n\n\n<p>La unidad familiar a efectos de las presentes ayudas estar\u00e1 formada por el alumno, los progenitores o, en su caso, los tutores o acogedores o personas encargadas de su guarda y custodia, los hijos menores de 25 a\u00f1os no emancipados, los hijos todav\u00eda no nacidos a la fecha de finalizaci\u00f3n del plazo de presentaci\u00f3n de solicitudes y los hijos mayores de 25 a\u00f1os incapacitados judicialmente sujetos a patria potestad prorrogada o rehabilitada, siempre que todos ellos convivan con el alumno para el que se solicita la beca.<\/p>\n\n\n\n<p>En los casos de desaparici\u00f3n, suspensi\u00f3n o ruptura del v\u00ednculo matrimonial o de hecho de los progenitores o tutores por fallecimiento, divorcio o separaci\u00f3n, ser\u00e1n miembros de la unidad familiar el nuevo c\u00f3nyuge o persona unida por an\u00e1loga relaci\u00f3n, los hijos menores de 25 a\u00f1os no emancipados, los hijos no nacidos a la fecha de finalizaci\u00f3n del plazo de presentaci\u00f3n de solicitudes y los hijos mayores de 25 a\u00f1os incapacitados judicialmente sujetos a la patria potestad prorrogada o rehabilitada, siempre que todos ellos convivan con el alumno para el que se solicita la beca.<\/p>\n\n\n\n<p>En los casos de desaparici\u00f3n, suspensi\u00f3n o ruptura del v\u00ednculo matrimonial o de hecho de los progenitores o tutores por divorcio o separaci\u00f3n y el r\u00e9gimen de custodia sea compartida, se consideran miembros computables los dos progenitores del solicitante de la beca, los hijos menores de 25 a\u00f1os no emancipados, los hijos no nacidos a la fecha de finalizaci\u00f3n del plazo de presentaci\u00f3n de solicitudes y todos los hijos menores de 25 a\u00f1os no emancipados o mayores de 25 a\u00f1os incapacitados judicialmente sujetos a patria potestad prorrogada o rehabilitada, siempre que todos ellos convivan con el alumno para el que se solicita la beca.<\/p>\n\n\n\n<p><strong><em>\u00bfQu\u00e9 se entiende por renta per c\u00e1pita familiar?<\/em><\/strong><\/p>\n\n\n\n<p>A los efectos previstos en las presentes normas reguladoras, se entienden por renta per c\u00e1pita familiar los ingresos de la unidad familiar divididos entre el n\u00famero de miembros computables de la unidad familiar.<\/p>\n\n\n\n<p>A efectos del c\u00e1lculo de la renta per c\u00e1pita, computar\u00e1 por dos todo miembro de la unidad familiar con una discapacidad, debidamente acreditada, igual o superior al 33%, se considerar\u00e1n afectados por una discapacidad en grado igual o superior al 33%, los pensionistas de la Seguridad Social que tengan reconocida una pensi\u00f3n por incapacidad permanente en el grado de total, absoluta o gran invalidez, y a los pensionistas de clases pasivas que tengan reconocida una pensi\u00f3n de jubilaci\u00f3n o retiro por incapacidad permanente para el servicio o inutilidad.<\/p>\n\n\n\n<div data-wp-interactive=\"core\/file\" class=\"wp-block-file\"><object data-wp-bind--hidden=\"!state.hasPdfPreview\" hidden class=\"wp-block-file__embed\" data=\"https:\/\/site.educa.madrid.org\/cp.pedroduque.madrid\/\/wp-content\/uploads\/cp.pedroduque.madrid\/2026\/04\/Extracto-de-la-Orden-1696-2026.pdf\" type=\"application\/pdf\" style=\"width:100%;height:600px\" aria-label=\"Incrustado de Extracto de la Orden 1696-2026.\"><\/object><a id=\"wp-block-file--media-f6ca6497-9004-4e61-89fa-674e5ff0b4de\" href=\"https:\/\/site.educa.madrid.org\/cp.pedroduque.madrid\/\/wp-content\/uploads\/cp.pedroduque.madrid\/2026\/04\/Extracto-de-la-Orden-1696-2026.pdf\">Extracto de la Orden 1696-2026<\/a><a href=\"https:\/\/site.educa.madrid.org\/cp.pedroduque.madrid\/\/wp-content\/uploads\/cp.pedroduque.madrid\/2026\/04\/Extracto-de-la-Orden-1696-2026.pdf\" class=\"wp-block-file__button wp-element-button\" download aria-describedby=\"wp-block-file--media-f6ca6497-9004-4e61-89fa-674e5ff0b4de\">Descarga<\/a><\/div>\n\n\n\n<p><\/p>\n\n\n\n<p class=\"has-text-align-center has-pale-pink-color has-light-green-cyan-background-color has-text-color has-background has-large-font-size\" style=\"padding-top:var(--wp--preset--spacing--40);padding-right:var(--wp--preset--spacing--40);padding-bottom:var(--wp--preset--spacing--40);padding-left:var(--wp--preset--spacing--40)\"><strong><mark style=\"background-color:#ffffff\" class=\"has-inline-color has-luminous-vivid-orange-color\">Necesidades Especificas de Apoyo Educativo<\/mark><\/strong> <br>Curso 2025\/2026<\/p>\n\n\n\n<p>Las becas del Ministerio de Educaci\u00f3n y Formaci\u00f3n Profesional est\u00e1n destinadas a <strong>alumnos que presentan necesidad espec\u00edfica de apoyo educativo<\/strong>&nbsp;y necesitan, por un periodo de su escolarizaci\u00f3n o a lo largo de toda ella, determinados apoyos y atenciones educativas derivadas de sus necesidades.&nbsp;<\/p>\n\n\n\n<p><strong>El plazo para el curso 2025-2026 es desde el 30 de abril de 2025 hasta el 11 de septiembre de 2025.<\/strong><\/p>\n\n\n\n<p>Toda la informaci\u00f3n la puede encontrar en la<a href=\"https:\/\/www.educacionfpydeportes.gob.es\/gl\/servicios-al-ciudadano\/catalogo\/general\/05\/050140\/ficha\/050140-2025.html\" data-type=\"URL\" target=\"_blank\" rel=\"noreferrer noopener\"> p\u00e1gina el Ministerio <\/a>as\u00ed como el enlace para rellenar la solicitud.<\/p>\n\n\n\n<div data-wp-interactive=\"core\/file\" class=\"wp-block-file\"><object data-wp-bind--hidden=\"!state.hasPdfPreview\" hidden class=\"wp-block-file__embed\" data=\"https:\/\/site.educa.madrid.org\/cp.pedroduque.madrid\/\/wp-content\/uploads\/cp.pedroduque.madrid\/2025\/07\/Becas-acneae.pdf\" type=\"application\/pdf\" style=\"width:100%;height:600px\" aria-label=\"Incrustado de Becas acneae.\"><\/object><a id=\"wp-block-file--media-7e19eefb-b6a1-46ed-a28f-e420b6b40840\" href=\"https:\/\/site.educa.madrid.org\/cp.pedroduque.madrid\/\/wp-content\/uploads\/cp.pedroduque.madrid\/2025\/07\/Becas-acneae.pdf\">Becas acneae<\/a><a href=\"https:\/\/site.educa.madrid.org\/cp.pedroduque.madrid\/\/wp-content\/uploads\/cp.pedroduque.madrid\/2025\/07\/Becas-acneae.pdf\" class=\"wp-block-file__button wp-element-button\" download aria-describedby=\"wp-block-file--media-7e19eefb-b6a1-46ed-a28f-e420b6b40840\">Descarga<\/a><\/div>\n\n\n\n<hr class=\"wp-block-separator has-css-opacity\"\/>\n\n\n\n<h1 class=\"wp-block-heading\">PROGRAMA ACCEDE<\/h1>\n\n\n<p style=\"font-weight: 400;\" data-original-attrs=\"{&quot;style&quot;:&quot;&quot;}\"><span style=\"color: #3366ff;\">EL PROGRAMA ACCEDE<\/span> es un sistema de pr\u00e9stamo de libros de texto en las etapas obligatorias de educaci\u00f3n, Primaria y ESO, que desarrolla la Comunidad de Madrid. El segundo ciclo de Educaci\u00f3n Infantil, al no ser considerada etapa obligatoria no se incluir\u00e1 dentro del programa ACCEDE. Este programa est\u00e1 regulado por la&nbsp;<em>Ley 7\/2017 de 27 de junio, el Decreto 168\/2018 de 11 de diciembre y la Resoluci\u00f3n del Director General de Educaci\u00f3n Concertada, Becas y Ayudas al Estudio por la que se dictan Instrucciones para la aplicaci\u00f3n en el curso 2022-2023 del procedimiento de gesti\u00f3n del Programa Accede, sistema de pr\u00e9stamo de libros de texto y el material curricular de la Comunidad de Madrid<\/em>.<\/p>\n<p style=\"font-weight: 400;\" data-original-attrs=\"{&quot;style&quot;:&quot;&quot;}\"><strong>Aquellos&nbsp;<\/strong><strong>alumnos que est\u00e9n adheridos al programa<\/strong>&nbsp;<strong data-original-attrs=\"{&quot;style&quot;:&quot;mso-bidi-font-weight: normal;&quot;}\">NO<\/strong> es necesario realizar ning\u00fan tr\u00e1mite. Para aquellos alumnos que quieran pertenecer al programa por primera vez necesitan enviar el anexo de adhesi\u00f3n que ten\u00e9is a continuaci\u00f3n&nbsp;<a href=\"mailto:secretaria.cp.pedroduque.madrid@educa.madrid.org\">secretaria.cp.pedroduque.madrid@educa.madrid.org<\/a> , excepto los alumnos que pasar\u00e1n a primero de primaria el pr\u00f3ximo curso que se lo entregar\u00e1n a cada tutora.<\/p>\n<p style=\"font-weight: 400;\" data-original-attrs=\"{&quot;style&quot;:&quot;&quot;}\">ANEXO I ADHESI\u00d3N PROGRAMA ACCEDE<\/p>\n<p style=\"font-weight: 400;\" data-original-attrs=\"{&quot;style&quot;:&quot;&quot;}\"><strong>Las familias de los alumnos que actualmente cursan 2\u00ba curso de Educaci\u00f3n Primaria y quieran seguir participando en el programa durante el 3\u00ba curso<\/strong>&nbsp;deber\u00e1n tener en cuenta que, a diferencia de los libros de 1\u00ba y 2\u00ba que son considerados fungibles y no aprovechables, a partir de este 3\u00ba curso los libros ser\u00e1n reutilizados para pr\u00e9stamos siguientes, por lo que deber\u00e1n devolverlos en junio en buen estado, seg\u00fan los criterios establecidos para este respecto por la Comunidad de Madrid.<\/p>\n<p style=\"font-weight: 400;\" data-original-attrs=\"{&quot;style&quot;:&quot;&quot;}\">Para m\u00e1s informaci\u00f3n pueden visitar la siguiente p\u00e1gina:&nbsp;<a href=\"https:\/\/draft.blogger.com\/u\/1\/blog\/post\/edit\/7752777393367663255\/5796930757233848078#\" data-original-attrs=\"{&quot;data-original-href&quot;:&quot;https:\/\/www.comunidad.madrid\/servicios\/educacion\/programa-accede&quot;}\">https:\/\/www.comunidad.madrid\/servicios\/educacion\/programa-accede<\/a><\/p>","protected":false},"excerpt":{"rendered":"<p>BECAS DE COMEDOR Curso 2026\/2027 Se ha publicado en el BOCM del 28 de abril el Extracto acumulado de la Orden 1696\/2026, del Consejero de Educaci\u00f3n, Ciencia y Universidades, por la que se declara el importe de los cr\u00e9ditos disponibles para la concesi\u00f3n directa de las becas de comedor escolar, durante el per\u00edodo lectivo del [&hellip;]<\/p>\n","protected":false},"author":2,"featured_media":0,"parent":0,"menu_order":0,"comment_status":"closed","ping_status":"closed","template":"","meta":{"footnotes":""},"folder":[46],"class_list":["post-886","page","type-page","status-publish","hentry"],"rttpg_featured_image_url":null,"rttpg_author":{"display_name":"tic.cp.pedroduque.madrid","author_link":"https:\/\/site.educa.madrid.org\/cp.pedroduque.madrid\/index.php\/author\/cuenta_tic-cp-pedroduque-madrid\/"},"rttpg_comment":0,"rttpg_category":" <a href=\"https:\/\/site.educa.madrid.org\/cp.pedroduque.madrid\/?taxonomy=folder&#038;term=secretaria-1676995534\" rel=\"tag\">SECRETARIA<\/a>","rttpg_excerpt":"BECAS DE COMEDOR Curso 2026\/2027 Se ha publicado en el BOCM del 28 de abril el Extracto acumulado de la Orden 1696\/2026, del Consejero de Educaci\u00f3n, Ciencia y Universidades, por la que se declara el importe de los cr\u00e9ditos disponibles para la concesi\u00f3n directa de las becas de comedor escolar, durante el per\u00edodo lectivo del&hellip;","post_mailing_queue_ids":[],"_links":{"self":[{"href":"https:\/\/site.educa.madrid.org\/cp.pedroduque.madrid\/index.php\/wp-json\/wp\/v2\/pages\/886","targetHints":{"allow":["GET"]}}],"collection":[{"href":"https:\/\/site.educa.madrid.org\/cp.pedroduque.madrid\/index.php\/wp-json\/wp\/v2\/pages"}],"about":[{"href":"https:\/\/site.educa.madrid.org\/cp.pedroduque.madrid\/index.php\/wp-json\/wp\/v2\/types\/page"}],"author":[{"embeddable":true,"href":"https:\/\/site.educa.madrid.org\/cp.pedroduque.madrid\/index.php\/wp-json\/wp\/v2\/users\/2"}],"replies":[{"embeddable":true,"href":"https:\/\/site.educa.madrid.org\/cp.pedroduque.madrid\/index.php\/wp-json\/wp\/v2\/comments?post=886"}],"version-history":[{"count":28,"href":"https:\/\/site.educa.madrid.org\/cp.pedroduque.madrid\/index.php\/wp-json\/wp\/v2\/pages\/886\/revisions"}],"predecessor-version":[{"id":2290,"href":"https:\/\/site.educa.madrid.org\/cp.pedroduque.madrid\/index.php\/wp-json\/wp\/v2\/pages\/886\/revisions\/2290"}],"wp:attachment":[{"href":"https:\/\/site.educa.madrid.org\/cp.pedroduque.madrid\/index.php\/wp-json\/wp\/v2\/media?parent=886"}],"wp:term":[{"taxonomy":"folder","embeddable":true,"href":"https:\/\/site.educa.madrid.org\/cp.pedroduque.madrid\/index.php\/wp-json\/wp\/v2\/folder?post=886"}],"curies":[{"name":"wp","href":"https:\/\/api.w.org\/{rel}","templated":true}]}}