{"id":896,"date":"2023-02-21T17:49:01","date_gmt":"2023-02-21T16:49:01","guid":{"rendered":"https:\/\/site.educa.madrid.org\/cp.pedroduque.madrid\/?page_id=896"},"modified":"2025-03-08T18:40:01","modified_gmt":"2025-03-08T17:40:01","slug":"educacion-primaria","status":"publish","type":"page","link":"https:\/\/site.educa.madrid.org\/cp.pedroduque.madrid\/index.php\/ensenanzas\/educacion-primaria\/","title":{"rendered":"EDUCACI\u00d3N PRIMARIA"},"content":{"rendered":"\n<p>El CEIP Pedro Duque imparte Educaci\u00f3n Primaria (de 6 a 12 a\u00f1os) biling\u00fce. Nuestro centro cuenta con l\u00ednea 3 en los 3 niveles de Educaci\u00f3n Primaria excepto en 1\u00ba Educaci\u00f3n Primaria que es l\u00ednea 2. Apostamos por una metodolog\u00eda variada que permita respetar el ritmo y tipo de aprendizaje de cada alumno\/a. <\/p>\n\n\n\n<p>El horario de Educaci\u00f3n Primaria es:<\/p>\n\n\n\n<figure class=\"wp-block-image size-full is-style-rounded\"><img loading=\"lazy\" decoding=\"async\" width=\"1024\" height=\"766\" src=\"https:\/\/site.educa.madrid.org\/cp.pedroduque.madrid\/\/wp-content\/uploads\/cp.pedroduque.madrid\/2023\/06\/cuadro-horario-cambiado.jpg\" alt=\"\" class=\"wp-image-1303\" srcset=\"https:\/\/site.educa.madrid.org\/cp.pedroduque.madrid\/\/wp-content\/uploads\/cp.pedroduque.madrid\/2023\/06\/cuadro-horario-cambiado.jpg 1024w, https:\/\/site.educa.madrid.org\/cp.pedroduque.madrid\/\/wp-content\/uploads\/cp.pedroduque.madrid\/2023\/06\/cuadro-horario-cambiado-300x224.jpg 300w, https:\/\/site.educa.madrid.org\/cp.pedroduque.madrid\/\/wp-content\/uploads\/cp.pedroduque.madrid\/2023\/06\/cuadro-horario-cambiado-768x575.jpg 768w\" sizes=\"auto, (max-width: 1024px) 100vw, 1024px\" \/><\/figure>\n\n\n\n<p>Las \u00e1reas que se imparten en Educaci\u00f3n Primaria son las siguientes:<\/p>\n\n\n\n<ul class=\"wp-block-list\">\n<li>Lengua Castellana y Literatura<\/li>\n\n\n\n<li>Matem\u00e1ticas<\/li>\n\n\n\n<li>Lengua Extranjera: Ingl\u00e9s<\/li>\n\n\n\n<li>Ciencias de la Naturaleza. Impartida en ingl\u00e9s<\/li>\n\n\n\n<li>Ciencias Sociales. Impartida en todos los cursos de 1\u00ba a 6\u00ba en ingl\u00e9s excepto lo relacionado con la Historia de Espa\u00f1a  (en los cursos de 4\u00ba, 5\u00ba y 6\u00ba) que se imparte en castellano.<\/li>\n\n\n\n<li>Educaci\u00f3n Art\u00edstica. Impartida en ingl\u00e9s<\/li>\n\n\n\n<li>Educaci\u00f3n F\u00edsica.<\/li>\n<\/ul>\n\n\n\n<p>En 5\u00ba curso se a\u00f1adir\u00e1 a las anteriores el \u00e1rea de Educaci\u00f3n en Valores C\u00edvicos y \u00c9ticos.<\/p>\n\n\n\n<p>La ense\u00f1anza de la Religi\u00f3n se impartir\u00e1 en todos los cursos de la etapa y se ajustar\u00e1 a lo establecido por normativa. *Los centros docentes dispondr\u00e1n las medidas organizativas para que el alumnado que no curse las ense\u00f1anzas de religi\u00f3n pueda recibir la debida atenci\u00f3n educativa. Esta atenci\u00f3n se dirigir\u00e1 al desarrollo de las competencias clave a trav\u00e9s de la realizaci\u00f3n de proyectos significativos para el alumnado y de la resoluci\u00f3n colaborativa de problemas, y al refuerzo de la autoestima, la autonom\u00eda, la libertad, la reflexi\u00f3n y la responsabilidad. Las actividades que se propongan al efecto se caracterizar\u00e1n por su transversalidad y, en ning\u00fan caso, comportar\u00e1n el aprendizaje de contenidos curriculares asociados al conocimiento del hecho religioso ni a cualquier \u00e1rea de la etapa.<\/p>\n","protected":false},"excerpt":{"rendered":"<p>El CEIP Pedro Duque imparte Educaci\u00f3n Primaria (de 6 a 12 a\u00f1os) biling\u00fce. Nuestro centro cuenta con l\u00ednea 3 en los 3 niveles de Educaci\u00f3n Primaria excepto en 1\u00ba Educaci\u00f3n Primaria que es l\u00ednea 2. Apostamos por una metodolog\u00eda variada que permita respetar el ritmo y tipo de aprendizaje de cada alumno\/a. El horario de [&hellip;]<\/p>\n","protected":false},"author":2,"featured_media":0,"parent":827,"menu_order":0,"comment_status":"closed","ping_status":"closed","template":"","meta":{"footnotes":""},"folder":[50],"class_list":["post-896","page","type-page","status-publish","hentry"],"rttpg_featured_image_url":null,"rttpg_author":{"display_name":"tic.cp.pedroduque.madrid","author_link":"https:\/\/site.educa.madrid.org\/cp.pedroduque.madrid\/index.php\/author\/cuenta_tic-cp-pedroduque-madrid\/"},"rttpg_comment":0,"rttpg_category":" <a href=\"https:\/\/site.educa.madrid.org\/cp.pedroduque.madrid\/?taxonomy=folder&#038;term=ensenanzas-1676996240\" rel=\"tag\">ENSE\u00d1ANZAS<\/a>","rttpg_excerpt":"El CEIP Pedro Duque imparte Educaci\u00f3n Primaria (de 6 a 12 a\u00f1os) biling\u00fce. Nuestro centro cuenta con l\u00ednea 3 en los 3 niveles de Educaci\u00f3n Primaria excepto en 1\u00ba Educaci\u00f3n Primaria que es l\u00ednea 2. Apostamos por una metodolog\u00eda variada que permita respetar el ritmo y tipo de aprendizaje de cada alumno\/a. El horario de&hellip;","post_mailing_queue_ids":[],"_links":{"self":[{"href":"https:\/\/site.educa.madrid.org\/cp.pedroduque.madrid\/index.php\/wp-json\/wp\/v2\/pages\/896","targetHints":{"allow":["GET"]}}],"collection":[{"href":"https:\/\/site.educa.madrid.org\/cp.pedroduque.madrid\/index.php\/wp-json\/wp\/v2\/pages"}],"about":[{"href":"https:\/\/site.educa.madrid.org\/cp.pedroduque.madrid\/index.php\/wp-json\/wp\/v2\/types\/page"}],"author":[{"embeddable":true,"href":"https:\/\/site.educa.madrid.org\/cp.pedroduque.madrid\/index.php\/wp-json\/wp\/v2\/users\/2"}],"replies":[{"embeddable":true,"href":"https:\/\/site.educa.madrid.org\/cp.pedroduque.madrid\/index.php\/wp-json\/wp\/v2\/comments?post=896"}],"version-history":[{"count":4,"href":"https:\/\/site.educa.madrid.org\/cp.pedroduque.madrid\/index.php\/wp-json\/wp\/v2\/pages\/896\/revisions"}],"predecessor-version":[{"id":1854,"href":"https:\/\/site.educa.madrid.org\/cp.pedroduque.madrid\/index.php\/wp-json\/wp\/v2\/pages\/896\/revisions\/1854"}],"up":[{"embeddable":true,"href":"https:\/\/site.educa.madrid.org\/cp.pedroduque.madrid\/index.php\/wp-json\/wp\/v2\/pages\/827"}],"wp:attachment":[{"href":"https:\/\/site.educa.madrid.org\/cp.pedroduque.madrid\/index.php\/wp-json\/wp\/v2\/media?parent=896"}],"wp:term":[{"taxonomy":"folder","embeddable":true,"href":"https:\/\/site.educa.madrid.org\/cp.pedroduque.madrid\/index.php\/wp-json\/wp\/v2\/folder?post=896"}],"curies":[{"name":"wp","href":"https:\/\/api.w.org\/{rel}","templated":true}]}}