{"id":907,"date":"2023-02-21T17:56:12","date_gmt":"2023-02-21T16:56:12","guid":{"rendered":"https:\/\/site.educa.madrid.org\/cp.pedroduque.madrid\/?page_id=907"},"modified":"2023-02-22T15:11:07","modified_gmt":"2023-02-22T14:11:07","slug":"bilinguismo","status":"publish","type":"page","link":"https:\/\/site.educa.madrid.org\/cp.pedroduque.madrid\/index.php\/bilinguismo\/","title":{"rendered":"BILING\u00dc\u00cdSMO"},"content":{"rendered":"\n<p>El objetivo fundamental del Programa Biling\u00fce es que el alumno consiga un dominio progresivo e integral de la lengua inglesa. Para ello se trabajar\u00e1n las cuatro destrezas: comprensi\u00f3n oral, producci\u00f3n oral, comprensi\u00f3n escrita y expresi\u00f3n escrita. A lo largo de la primaria preparamos a los alumnos para conseguir la competencia comunicativa que marca el Marco Com\u00fan Europeo niveles, A2 \/ B1. Al finalizar la etapa de Educaci\u00f3n Primaria, el alumnado habr\u00e1n adquirido una competencia comunicativa efectiva de la lengua inglesa, que les permitir\u00e1 comprender y expresarse de manera oral y escrita a un nivel bastante efectivo.<\/p>\n","protected":false},"excerpt":{"rendered":"<p>El objetivo fundamental del Programa Biling\u00fce es que el alumno consiga un dominio progresivo e integral de la lengua inglesa. Para ello se trabajar\u00e1n las cuatro destrezas: comprensi\u00f3n oral, producci\u00f3n oral, comprensi\u00f3n escrita y expresi\u00f3n escrita. A lo largo de la primaria preparamos a los alumnos para conseguir la competencia comunicativa que marca el Marco [&hellip;]<\/p>\n","protected":false},"author":2,"featured_media":0,"parent":0,"menu_order":0,"comment_status":"closed","ping_status":"closed","template":"","meta":{"footnotes":""},"folder":[51],"class_list":["post-907","page","type-page","status-publish","hentry"],"rttpg_featured_image_url":null,"rttpg_author":{"display_name":"tic.cp.pedroduque.madrid","author_link":"https:\/\/site.educa.madrid.org\/cp.pedroduque.madrid\/index.php\/author\/cuenta_tic-cp-pedroduque-madrid\/"},"rttpg_comment":0,"rttpg_category":" <a href=\"https:\/\/site.educa.madrid.org\/cp.pedroduque.madrid\/?taxonomy=folder&#038;term=proyectos-1676996249\" rel=\"tag\">PROYECTOS<\/a>","rttpg_excerpt":"El objetivo fundamental del Programa Biling\u00fce es que el alumno consiga un dominio progresivo e integral de la lengua inglesa. Para ello se trabajar\u00e1n las cuatro destrezas: comprensi\u00f3n oral, producci\u00f3n oral, comprensi\u00f3n escrita y expresi\u00f3n escrita. A lo largo de la primaria preparamos a los alumnos para conseguir la competencia comunicativa que marca el Marco&hellip;","post_mailing_queue_ids":[],"_links":{"self":[{"href":"https:\/\/site.educa.madrid.org\/cp.pedroduque.madrid\/index.php\/wp-json\/wp\/v2\/pages\/907","targetHints":{"allow":["GET"]}}],"collection":[{"href":"https:\/\/site.educa.madrid.org\/cp.pedroduque.madrid\/index.php\/wp-json\/wp\/v2\/pages"}],"about":[{"href":"https:\/\/site.educa.madrid.org\/cp.pedroduque.madrid\/index.php\/wp-json\/wp\/v2\/types\/page"}],"author":[{"embeddable":true,"href":"https:\/\/site.educa.madrid.org\/cp.pedroduque.madrid\/index.php\/wp-json\/wp\/v2\/users\/2"}],"replies":[{"embeddable":true,"href":"https:\/\/site.educa.madrid.org\/cp.pedroduque.madrid\/index.php\/wp-json\/wp\/v2\/comments?post=907"}],"version-history":[{"count":2,"href":"https:\/\/site.educa.madrid.org\/cp.pedroduque.madrid\/index.php\/wp-json\/wp\/v2\/pages\/907\/revisions"}],"predecessor-version":[{"id":932,"href":"https:\/\/site.educa.madrid.org\/cp.pedroduque.madrid\/index.php\/wp-json\/wp\/v2\/pages\/907\/revisions\/932"}],"wp:attachment":[{"href":"https:\/\/site.educa.madrid.org\/cp.pedroduque.madrid\/index.php\/wp-json\/wp\/v2\/media?parent=907"}],"wp:term":[{"taxonomy":"folder","embeddable":true,"href":"https:\/\/site.educa.madrid.org\/cp.pedroduque.madrid\/index.php\/wp-json\/wp\/v2\/folder?post=907"}],"curies":[{"name":"wp","href":"https:\/\/api.w.org\/{rel}","templated":true}]}}