{"id":910,"date":"2023-02-21T17:56:53","date_gmt":"2023-02-21T16:56:53","guid":{"rendered":"https:\/\/site.educa.madrid.org\/cp.pedroduque.madrid\/?page_id=910"},"modified":"2023-02-21T21:29:39","modified_gmt":"2023-02-21T20:29:39","slug":"educacion-responsable","status":"publish","type":"page","link":"https:\/\/site.educa.madrid.org\/cp.pedroduque.madrid\/index.php\/educacion-responsable\/","title":{"rendered":"EDUCACI\u00d3N RESPONSABLE"},"content":{"rendered":"\n<p>Este Proyecto de la Fundaci\u00f3n Bot\u00edn promueve el desarrollo emocional, social y la creatividad de los alumnos y alumnas a trav\u00e9s de actividades relacionadas con la literatura, el arte y la m\u00fasica.<\/p>\n\n\n\n<p>En este primer a\u00f1o de los tres que constituyen el&nbsp; Proyecto se van a hacer actividades en dos clases de Educaci\u00f3n Infantil (M\u00fasica y Literatura) y en otras tres de Educaci\u00f3n Primaria (Arte, Literatura y Banco de Herramientas). De forma no oficial se har\u00e1n actividades de arte en otras dos clases.<\/p>\n\n\n\n<p>Las actividades se ir\u00e1n ampliando a m\u00e1s clases en cursos posteriores, pudiendo utilizar los recursos aportados por la Fundaci\u00f3n Bot\u00edn tanto el profesorado del colegio como las familias.<\/p>\n\n\n\n<p><a href=\"https:\/\/fundacionbotin.org\/programas\/educacion\/educacion-responsable\/\" data-type=\"URL\" data-id=\"https:\/\/fundacionbotin.org\/programas\/educacion\/educacion-responsable\/\" target=\"_blank\" rel=\"noreferrer noopener\">P\u00e1gina de la fundaci\u00f3n<\/a><\/p>\n","protected":false},"excerpt":{"rendered":"<p>Este Proyecto de la Fundaci\u00f3n Bot\u00edn promueve el desarrollo emocional, social y la creatividad de los alumnos y alumnas a trav\u00e9s de actividades relacionadas con la literatura, el arte y la m\u00fasica. En este primer a\u00f1o de los tres que constituyen el&nbsp; Proyecto se van a hacer actividades en dos clases de Educaci\u00f3n Infantil (M\u00fasica [&hellip;]<\/p>\n","protected":false},"author":2,"featured_media":0,"parent":0,"menu_order":0,"comment_status":"closed","ping_status":"closed","template":"","meta":{"footnotes":""},"folder":[51],"class_list":["post-910","page","type-page","status-publish","hentry"],"rttpg_featured_image_url":null,"rttpg_author":{"display_name":"tic.cp.pedroduque.madrid","author_link":"https:\/\/site.educa.madrid.org\/cp.pedroduque.madrid\/index.php\/author\/cuenta_tic-cp-pedroduque-madrid\/"},"rttpg_comment":0,"rttpg_category":" <a href=\"https:\/\/site.educa.madrid.org\/cp.pedroduque.madrid\/?taxonomy=folder&#038;term=proyectos-1676996249\" rel=\"tag\">PROYECTOS<\/a>","rttpg_excerpt":"Este Proyecto de la Fundaci\u00f3n Bot\u00edn promueve el desarrollo emocional, social y la creatividad de los alumnos y alumnas a trav\u00e9s de actividades relacionadas con la literatura, el arte y la m\u00fasica. En este primer a\u00f1o de los tres que constituyen el&nbsp; Proyecto se van a hacer actividades en dos clases de Educaci\u00f3n Infantil (M\u00fasica&hellip;","post_mailing_queue_ids":[],"_links":{"self":[{"href":"https:\/\/site.educa.madrid.org\/cp.pedroduque.madrid\/index.php\/wp-json\/wp\/v2\/pages\/910","targetHints":{"allow":["GET"]}}],"collection":[{"href":"https:\/\/site.educa.madrid.org\/cp.pedroduque.madrid\/index.php\/wp-json\/wp\/v2\/pages"}],"about":[{"href":"https:\/\/site.educa.madrid.org\/cp.pedroduque.madrid\/index.php\/wp-json\/wp\/v2\/types\/page"}],"author":[{"embeddable":true,"href":"https:\/\/site.educa.madrid.org\/cp.pedroduque.madrid\/index.php\/wp-json\/wp\/v2\/users\/2"}],"replies":[{"embeddable":true,"href":"https:\/\/site.educa.madrid.org\/cp.pedroduque.madrid\/index.php\/wp-json\/wp\/v2\/comments?post=910"}],"version-history":[{"count":2,"href":"https:\/\/site.educa.madrid.org\/cp.pedroduque.madrid\/index.php\/wp-json\/wp\/v2\/pages\/910\/revisions"}],"predecessor-version":[{"id":935,"href":"https:\/\/site.educa.madrid.org\/cp.pedroduque.madrid\/index.php\/wp-json\/wp\/v2\/pages\/910\/revisions\/935"}],"wp:attachment":[{"href":"https:\/\/site.educa.madrid.org\/cp.pedroduque.madrid\/index.php\/wp-json\/wp\/v2\/media?parent=910"}],"wp:term":[{"taxonomy":"folder","embeddable":true,"href":"https:\/\/site.educa.madrid.org\/cp.pedroduque.madrid\/index.php\/wp-json\/wp\/v2\/folder?post=910"}],"curies":[{"name":"wp","href":"https:\/\/api.w.org\/{rel}","templated":true}]}}