{"id":919,"date":"2023-02-21T17:58:18","date_gmt":"2023-02-21T16:58:18","guid":{"rendered":"https:\/\/site.educa.madrid.org\/cp.pedroduque.madrid\/?page_id=919"},"modified":"2023-02-21T21:33:49","modified_gmt":"2023-02-21T20:33:49","slug":"lova","status":"publish","type":"page","link":"https:\/\/site.educa.madrid.org\/cp.pedroduque.madrid\/index.php\/lova\/","title":{"rendered":"L\u00d3VA"},"content":{"rendered":"\n<p>El proyecto L\u00d3VA (La \u00f3pera, un veh\u00edculo de aprendizaje) es un programa educativo interdisciplinar que trata de motivar a los alumnos desde el \u00abdesarrollo emocional, social y cognitivo\u00bb para que puedan dar alas a su imaginaci\u00f3n y descubran todas sus capacidades durante un a\u00f1o lectivo.<\/p>\n\n\n\n<p>Como define su subt\u00edtulo, y en la l\u00ednea pedag\u00f3gica de la educaci\u00f3n por proyectos, se trata de integrar en el proceso educativo las ventajas de un programa art\u00edstico, como una \u00f3pera, en el que los alumnos, con la \u00fanica ayuda \u2014a modo de gu\u00eda\u2014 del profesorado, crean una compa\u00f1\u00eda, escogen el tema de la obra, definen la situaci\u00f3n en la que transcurre, eligen a los personajes y, por \u00faltimo, representan la funci\u00f3n, una \u00f3pera.<\/p>\n\n\n\n<p><a href=\"https:\/\/www.teatroreal.es\/proyectolova\/\" data-type=\"URL\" data-id=\"https:\/\/www.teatroreal.es\/proyectolova\/\" target=\"_blank\" rel=\"noreferrer noopener\">P\u00e1gina oficial de L\u00d3VA<\/a><\/p>\n","protected":false},"excerpt":{"rendered":"<p>El proyecto L\u00d3VA (La \u00f3pera, un veh\u00edculo de aprendizaje) es un programa educativo interdisciplinar que trata de motivar a los alumnos desde el \u00abdesarrollo emocional, social y cognitivo\u00bb para que puedan dar alas a su imaginaci\u00f3n y descubran todas sus capacidades durante un a\u00f1o lectivo. Como define su subt\u00edtulo, y en la l\u00ednea pedag\u00f3gica de [&hellip;]<\/p>\n","protected":false},"author":2,"featured_media":0,"parent":0,"menu_order":0,"comment_status":"closed","ping_status":"closed","template":"","meta":{"footnotes":""},"folder":[51],"class_list":["post-919","page","type-page","status-publish","hentry"],"rttpg_featured_image_url":null,"rttpg_author":{"display_name":"tic.cp.pedroduque.madrid","author_link":"https:\/\/site.educa.madrid.org\/cp.pedroduque.madrid\/index.php\/author\/cuenta_tic-cp-pedroduque-madrid\/"},"rttpg_comment":0,"rttpg_category":" <a href=\"https:\/\/site.educa.madrid.org\/cp.pedroduque.madrid\/?taxonomy=folder&#038;term=proyectos-1676996249\" rel=\"tag\">PROYECTOS<\/a>","rttpg_excerpt":"El proyecto L\u00d3VA (La \u00f3pera, un veh\u00edculo de aprendizaje) es un programa educativo interdisciplinar que trata de motivar a los alumnos desde el \u00abdesarrollo emocional, social y cognitivo\u00bb para que puedan dar alas a su imaginaci\u00f3n y descubran todas sus capacidades durante un a\u00f1o lectivo. Como define su subt\u00edtulo, y en la l\u00ednea pedag\u00f3gica de&hellip;","post_mailing_queue_ids":[],"_links":{"self":[{"href":"https:\/\/site.educa.madrid.org\/cp.pedroduque.madrid\/index.php\/wp-json\/wp\/v2\/pages\/919","targetHints":{"allow":["GET"]}}],"collection":[{"href":"https:\/\/site.educa.madrid.org\/cp.pedroduque.madrid\/index.php\/wp-json\/wp\/v2\/pages"}],"about":[{"href":"https:\/\/site.educa.madrid.org\/cp.pedroduque.madrid\/index.php\/wp-json\/wp\/v2\/types\/page"}],"author":[{"embeddable":true,"href":"https:\/\/site.educa.madrid.org\/cp.pedroduque.madrid\/index.php\/wp-json\/wp\/v2\/users\/2"}],"replies":[{"embeddable":true,"href":"https:\/\/site.educa.madrid.org\/cp.pedroduque.madrid\/index.php\/wp-json\/wp\/v2\/comments?post=919"}],"version-history":[{"count":2,"href":"https:\/\/site.educa.madrid.org\/cp.pedroduque.madrid\/index.php\/wp-json\/wp\/v2\/pages\/919\/revisions"}],"predecessor-version":[{"id":937,"href":"https:\/\/site.educa.madrid.org\/cp.pedroduque.madrid\/index.php\/wp-json\/wp\/v2\/pages\/919\/revisions\/937"}],"wp:attachment":[{"href":"https:\/\/site.educa.madrid.org\/cp.pedroduque.madrid\/index.php\/wp-json\/wp\/v2\/media?parent=919"}],"wp:term":[{"taxonomy":"folder","embeddable":true,"href":"https:\/\/site.educa.madrid.org\/cp.pedroduque.madrid\/index.php\/wp-json\/wp\/v2\/folder?post=919"}],"curies":[{"name":"wp","href":"https:\/\/api.w.org\/{rel}","templated":true}]}}