{"id":922,"date":"2023-02-21T17:58:40","date_gmt":"2023-02-21T16:58:40","guid":{"rendered":"https:\/\/site.educa.madrid.org\/cp.pedroduque.madrid\/?page_id=922"},"modified":"2023-12-11T17:06:11","modified_gmt":"2023-12-11T16:06:11","slug":"salud-mental","status":"publish","type":"page","link":"https:\/\/site.educa.madrid.org\/cp.pedroduque.madrid\/index.php\/salud-mental\/","title":{"rendered":"SALUD MENTAL"},"content":{"rendered":"\n<p>Este Programa comienza este curso con profesionales de la Unidad de Psiquiatr\u00ed\u00ada Infantil y Juvenil del Hospital Gregorio Mara\u00f1\u00f3n en colaboraci\u00f3n con la Fundaci\u00f3n Alicia Koplowitz.<\/p>\n\n\n\n<p>Hay varias l\u00edneas de actuaci\u00f3n:<br>En primer lugar habr\u00e1 un curso de formaci\u00f3n para el profesorado y el orientador en salud mental de la infancia y la adolescencia, para promover la detecci\u00f3n y el abordaje tempranos de los problemas de esta \u00edndole que se pueden detectar en el entorno escolar, as\u00ed\u00ad como promover la integraci\u00f3n&nbsp; de los alumnos y alumnas que los padecen.<br>Del equipo de tres especialistas (dos psiquiatras y una psic\u00f3loga cl\u00ednica) uno de ellos vendr\u00e1n cada quince d\u00ed\u00adas al colegio para coordinarse con el orientador y trabajar con las problem\u00e1ticas detectadas. Ofrecer\u00e1n asesor\u00eda y apoyo a los profesores que lo demanden.<br>Tambi\u00e9n trabajar\u00e1n en las aulas que se considere necesario, con el fin de divulgar h\u00e1bitos saludables que repercutan en una buena salud mental.<\/p>\n\n\n\n<p><a href=\"https:\/\/fundacionaliciakoplowitz.org\/inauguracion-de-los-programas-de-salud-mental-infanto-juvenil-de-la-fundacion-para-centros-escolares-de-la-comunidad-de-madrid\/\">Inauguraci\u00f3n de los Programas de Salud Mental Infanto-Juvenil de la Fundaci\u00f3n para centros escolares de la Comunidad de Madrid &#8211; Fundaci\u00f3n Alicia Koplowitz (fundacionaliciakoplowitz.org)<\/a><\/p>\n\n\n\n<hr class=\"wp-block-separator has-alpha-channel-opacity\"\/>\n\n\n\n<p>Como parte del Proyecto de Salud Mental, ofrecemos una interesante charla para familias en la que se tratar\u00e1 el tema de la importancia de h\u00e1bitos saludables en la alimentaci\u00f3n y el sue\u00f1o. La charla ser\u00e1 impartida por una enfermera perteneciente al proyecto de Salud Mental del Hospital Gregorio Mara\u00f1\u00f3n y la Fundaci\u00f3n Alicia Koplovich.<\/p>\n\n\n\n<p>La charla tendr\u00e1 lugar en el centro el d\u00eda mi\u00e9rcoles, <strong><mark style=\"background-color:rgba(0, 0, 0, 0)\" class=\"has-inline-color has-luminous-vivid-amber-color\">13 DE DICIEMBRE DE 2023 a las 16:15 de la tarde.<\/mark><\/strong><\/p>\n\n\n\n<p>Si est\u00e1is interesados en asistir y si requer\u00eds el uso de la Ludoteca (cortes\u00eda de la AFA) , por favor rellenad el formulario con vuestros datos.<\/p>\n\n\n\n<p>ENLACE AL FORMULARIO &#8211; <a href=\"https:\/\/forms.gle\/B6G6uqEgGATtbnCR9\">https:\/\/forms.gle\/B6G6uqEgGATtbnCR9&nbsp;<\/a><\/p>\n","protected":false},"excerpt":{"rendered":"<p>Este Programa comienza este curso con profesionales de la Unidad de Psiquiatr\u00ed\u00ada Infantil y Juvenil del Hospital Gregorio Mara\u00f1\u00f3n en colaboraci\u00f3n con la Fundaci\u00f3n Alicia Koplowitz. Hay varias l\u00edneas de actuaci\u00f3n:En primer lugar habr\u00e1 un curso de formaci\u00f3n para el profesorado y el orientador en salud mental de la infancia y la adolescencia, para promover [&hellip;]<\/p>\n","protected":false},"author":2,"featured_media":0,"parent":0,"menu_order":0,"comment_status":"closed","ping_status":"closed","template":"","meta":{"footnotes":""},"folder":[51],"class_list":["post-922","page","type-page","status-publish","hentry"],"rttpg_featured_image_url":null,"rttpg_author":{"display_name":"tic.cp.pedroduque.madrid","author_link":"https:\/\/site.educa.madrid.org\/cp.pedroduque.madrid\/index.php\/author\/cuenta_tic-cp-pedroduque-madrid\/"},"rttpg_comment":0,"rttpg_category":" <a href=\"https:\/\/site.educa.madrid.org\/cp.pedroduque.madrid\/?taxonomy=folder&#038;term=proyectos-1676996249\" rel=\"tag\">PROYECTOS<\/a>","rttpg_excerpt":"Este Programa comienza este curso con profesionales de la Unidad de Psiquiatr\u00ed\u00ada Infantil y Juvenil del Hospital Gregorio Mara\u00f1\u00f3n en colaboraci\u00f3n con la Fundaci\u00f3n Alicia Koplowitz. Hay varias l\u00edneas de actuaci\u00f3n:En primer lugar habr\u00e1 un curso de formaci\u00f3n para el profesorado y el orientador en salud mental de la infancia y la adolescencia, para promover&hellip;","post_mailing_queue_ids":[],"_links":{"self":[{"href":"https:\/\/site.educa.madrid.org\/cp.pedroduque.madrid\/index.php\/wp-json\/wp\/v2\/pages\/922","targetHints":{"allow":["GET"]}}],"collection":[{"href":"https:\/\/site.educa.madrid.org\/cp.pedroduque.madrid\/index.php\/wp-json\/wp\/v2\/pages"}],"about":[{"href":"https:\/\/site.educa.madrid.org\/cp.pedroduque.madrid\/index.php\/wp-json\/wp\/v2\/types\/page"}],"author":[{"embeddable":true,"href":"https:\/\/site.educa.madrid.org\/cp.pedroduque.madrid\/index.php\/wp-json\/wp\/v2\/users\/2"}],"replies":[{"embeddable":true,"href":"https:\/\/site.educa.madrid.org\/cp.pedroduque.madrid\/index.php\/wp-json\/wp\/v2\/comments?post=922"}],"version-history":[{"count":3,"href":"https:\/\/site.educa.madrid.org\/cp.pedroduque.madrid\/index.php\/wp-json\/wp\/v2\/pages\/922\/revisions"}],"predecessor-version":[{"id":1453,"href":"https:\/\/site.educa.madrid.org\/cp.pedroduque.madrid\/index.php\/wp-json\/wp\/v2\/pages\/922\/revisions\/1453"}],"wp:attachment":[{"href":"https:\/\/site.educa.madrid.org\/cp.pedroduque.madrid\/index.php\/wp-json\/wp\/v2\/media?parent=922"}],"wp:term":[{"taxonomy":"folder","embeddable":true,"href":"https:\/\/site.educa.madrid.org\/cp.pedroduque.madrid\/index.php\/wp-json\/wp\/v2\/folder?post=922"}],"curies":[{"name":"wp","href":"https:\/\/api.w.org\/{rel}","templated":true}]}}