{"id":925,"date":"2023-02-21T17:59:05","date_gmt":"2023-02-21T16:59:05","guid":{"rendered":"https:\/\/site.educa.madrid.org\/cp.pedroduque.madrid\/?page_id=925"},"modified":"2024-06-07T08:02:03","modified_gmt":"2024-06-07T06:02:03","slug":"plan-digitalizacion","status":"publish","type":"page","link":"https:\/\/site.educa.madrid.org\/cp.pedroduque.madrid\/index.php\/plan-digitalizacion\/","title":{"rendered":"DIGITALIZACI\u00d3N"},"content":{"rendered":"\n<p>Las tecnolog\u00edas de la informaci\u00f3n y la comunicaci\u00f3n (TIC) son un conjunto de tecnolog\u00edas aplicadas para proveer la informaci\u00f3n y comunicaci\u00f3n a trav\u00e9s de medios tecnol\u00f3gicos de \u00faltima generaci\u00f3n.<\/p>\n\n\n\n<p>Cuando se habla del uso o manejo de las TICs en Educaci\u00f3n se refiere al aprovechamiento de estas tecnolog\u00edas para el mejoramiento de la calidad educativa, as\u00ed, el uso de internet, proyectores, conexiones en red, videoconferencias, c\u00e1maras, ordenadores para procesamiento de datos, libros digitales, etc.<\/p>\n\n\n\n<p>Los alumn@s viven el uso de las TICs en el aula como algo habitual y cotidiano pero en ocasiones a las familias les crea confusi\u00f3n y dudas. En esta secci\u00f3n compartiremos informaci\u00f3n acerca de los recursos y herramientas utilizadas en el centro e intentaremos aclarar dudas acerca de uso.<\/p>\n\n\n\n<div data-wp-interactive=\"core\/file\" class=\"wp-block-file\"><object data-wp-bind--hidden=\"!state.hasPdfPreview\" hidden class=\"wp-block-file__embed\" data=\"https:\/\/site.educa.madrid.org\/cp.pedroduque.madrid\/\/wp-content\/uploads\/cp.pedroduque.madrid\/2024\/06\/Rules-for-using-school-Technology.pdf\" type=\"application\/pdf\" style=\"width:100%;height:600px\" aria-label=\"Incrustado de Rules for using school Technology.\"><\/object><a id=\"wp-block-file--media-362fc875-ce92-4828-bdbf-75ef3812cadc\" href=\"https:\/\/site.educa.madrid.org\/cp.pedroduque.madrid\/\/wp-content\/uploads\/cp.pedroduque.madrid\/2024\/06\/Rules-for-using-school-Technology.pdf\">Rules for using school Technology<\/a><a href=\"https:\/\/site.educa.madrid.org\/cp.pedroduque.madrid\/\/wp-content\/uploads\/cp.pedroduque.madrid\/2024\/06\/Rules-for-using-school-Technology.pdf\" class=\"wp-block-file__button wp-element-button\" download aria-describedby=\"wp-block-file--media-362fc875-ce92-4828-bdbf-75ef3812cadc\">Descarga<\/a><\/div>\n","protected":false},"excerpt":{"rendered":"<p>Las tecnolog\u00edas de la informaci\u00f3n y la comunicaci\u00f3n (TIC) son un conjunto de tecnolog\u00edas aplicadas para proveer la informaci\u00f3n y comunicaci\u00f3n a trav\u00e9s de medios tecnol\u00f3gicos de \u00faltima generaci\u00f3n. Cuando se habla del uso o manejo de las TICs en Educaci\u00f3n se refiere al aprovechamiento de estas tecnolog\u00edas para el mejoramiento de la calidad educativa, [&hellip;]<\/p>\n","protected":false},"author":2,"featured_media":0,"parent":0,"menu_order":0,"comment_status":"closed","ping_status":"closed","template":"","meta":{"footnotes":""},"folder":[51],"class_list":["post-925","page","type-page","status-publish","hentry"],"rttpg_featured_image_url":null,"rttpg_author":{"display_name":"tic.cp.pedroduque.madrid","author_link":"https:\/\/site.educa.madrid.org\/cp.pedroduque.madrid\/index.php\/author\/cuenta_tic-cp-pedroduque-madrid\/"},"rttpg_comment":0,"rttpg_category":" <a href=\"https:\/\/site.educa.madrid.org\/cp.pedroduque.madrid\/?taxonomy=folder&#038;term=proyectos-1676996249\" rel=\"tag\">PROYECTOS<\/a>","rttpg_excerpt":"Las tecnolog\u00edas de la informaci\u00f3n y la comunicaci\u00f3n (TIC) son un conjunto de tecnolog\u00edas aplicadas para proveer la informaci\u00f3n y comunicaci\u00f3n a trav\u00e9s de medios tecnol\u00f3gicos de \u00faltima generaci\u00f3n. Cuando se habla del uso o manejo de las TICs en Educaci\u00f3n se refiere al aprovechamiento de estas tecnolog\u00edas para el mejoramiento de la calidad educativa,&hellip;","post_mailing_queue_ids":[],"_links":{"self":[{"href":"https:\/\/site.educa.madrid.org\/cp.pedroduque.madrid\/index.php\/wp-json\/wp\/v2\/pages\/925","targetHints":{"allow":["GET"]}}],"collection":[{"href":"https:\/\/site.educa.madrid.org\/cp.pedroduque.madrid\/index.php\/wp-json\/wp\/v2\/pages"}],"about":[{"href":"https:\/\/site.educa.madrid.org\/cp.pedroduque.madrid\/index.php\/wp-json\/wp\/v2\/types\/page"}],"author":[{"embeddable":true,"href":"https:\/\/site.educa.madrid.org\/cp.pedroduque.madrid\/index.php\/wp-json\/wp\/v2\/users\/2"}],"replies":[{"embeddable":true,"href":"https:\/\/site.educa.madrid.org\/cp.pedroduque.madrid\/index.php\/wp-json\/wp\/v2\/comments?post=925"}],"version-history":[{"count":4,"href":"https:\/\/site.educa.madrid.org\/cp.pedroduque.madrid\/index.php\/wp-json\/wp\/v2\/pages\/925\/revisions"}],"predecessor-version":[{"id":1658,"href":"https:\/\/site.educa.madrid.org\/cp.pedroduque.madrid\/index.php\/wp-json\/wp\/v2\/pages\/925\/revisions\/1658"}],"wp:attachment":[{"href":"https:\/\/site.educa.madrid.org\/cp.pedroduque.madrid\/index.php\/wp-json\/wp\/v2\/media?parent=925"}],"wp:term":[{"taxonomy":"folder","embeddable":true,"href":"https:\/\/site.educa.madrid.org\/cp.pedroduque.madrid\/index.php\/wp-json\/wp\/v2\/folder?post=925"}],"curies":[{"name":"wp","href":"https:\/\/api.w.org\/{rel}","templated":true}]}}