{"id":929,"date":"2023-02-21T18:03:09","date_gmt":"2023-02-21T17:03:09","guid":{"rendered":"https:\/\/site.educa.madrid.org\/cp.pedroduque.madrid\/?page_id=929"},"modified":"2026-03-09T14:52:45","modified_gmt":"2026-03-09T13:52:45","slug":"quienes-somos","status":"publish","type":"page","link":"https:\/\/site.educa.madrid.org\/cp.pedroduque.madrid\/index.php\/portada\/quienes-somos\/","title":{"rendered":"QUIENES SOMOS"},"content":{"rendered":"\n<div class=\"wp-block-media-text has-media-on-the-right is-stacked-on-mobile\" style=\"grid-template-columns:auto 18%\"><div class=\"wp-block-media-text__content\">\n<p class=\"has-text-align-center\"><strong><em><mark style=\"background-color:#ffffff\" class=\"has-inline-color has-vivid-cyan-blue-color\">Apostamos por la equidad, innov<\/mark><\/em><\/strong><em><strong><mark style=\"background-color:#ffffff\" class=\"has-inline-color has-vivid-cyan-blue-color\">aci\u00f3n <\/mark><\/strong><\/em><mark style=\"background-color:#ffffff\" class=\"has-inline-color has-vivid-cyan-blue-color\"><em><strong>y<\/strong><\/em> <em><strong>pedagog\u00edas activas<\/strong><\/em><\/mark>.<\/p>\n\n\n\n<p class=\"has-text-align-center\"><em><strong><mark style=\"background-color:#ffffff\" class=\"has-inline-color has-vivid-cyan-blue-color\">Somos un colegio abierto a propuestas <\/mark><\/strong><\/em> <em><strong><mark style=\"background-color:#ffffff\" class=\"has-inline-color has-vivid-cyan-blue-color\">que contribuyan a mejorar <\/mark><\/strong><\/em><\/p>\n\n\n\n<p class=\"has-text-align-center\"><mark style=\"background-color:#ffffff\" class=\"has-inline-color has-vivid-cyan-blue-color\"><em><strong><em><strong>la convive<\/strong><\/em>ncia y la calidad de la ense\u00f1anza<\/strong><\/em> <em><strong>.<\/strong><\/em><\/mark><\/p>\n<\/div><figure class=\"wp-block-media-text__media\"><img loading=\"lazy\" decoding=\"async\" width=\"714\" height=\"628\" src=\"https:\/\/site.educa.madrid.org\/cp.pedroduque.madrid\/\/wp-content\/uploads\/cp.pedroduque.madrid\/2025\/07\/LOGOTIPO-CEIPSO.jpg\" alt=\"\" class=\"wp-image-1987 size-full\" srcset=\"https:\/\/site.educa.madrid.org\/cp.pedroduque.madrid\/\/wp-content\/uploads\/cp.pedroduque.madrid\/2025\/07\/LOGOTIPO-CEIPSO.jpg 714w, https:\/\/site.educa.madrid.org\/cp.pedroduque.madrid\/\/wp-content\/uploads\/cp.pedroduque.madrid\/2025\/07\/LOGOTIPO-CEIPSO-300x264.jpg 300w\" sizes=\"auto, (max-width: 714px) 100vw, 714px\" \/><\/figure><\/div>\n\n\n\n<hr class=\"wp-block-separator has-css-opacity is-style-wide\"\/>\n\n\n\n<p>El CEIPS0 Pedro Duque se cre\u00f3 como un colegio biling\u00fce. La ense\u00f1anza del ingl\u00e9s como lengua extranjera, junto con las \u00e1reas que se impartan en ingl\u00e9s, ocupar\u00e1 al menos el 30% del horario lectivo semanal siguiendo lo establecido en la Orden 5958\/2010, de 7 de diciembre, de la Consejer\u00eda de Educaci\u00f3n, por la que se regulan los colegios p\u00fablicos biling\u00fces de la Comunidad de Madrid. Aparte del \u00e1rea de ingl\u00e9s, impartimos en este idioma las asignaturas de English, Social Science, Natural Science y Arts and Crafts. Ed. Infantil empez\u00f3 a pertenecer al Programa Biling\u00fce progresivamente con la inclusi\u00f3n en el mismo de los cursos de 3 a\u00f1os, 4 a\u00f1os y 5 a\u00f1os.<\/p>\n\n\n\n<p>A lo largo de la primaria preparamos a los alumnos para conseguir la competencia comunicativa que marca el Marco Com\u00fan Europeo. En 6\u00ba de Primaria los alumnos se presentan a las pruebas de Evaluaci\u00f3n Externa marcadas por la Comunidad de Madrid, niveles A2 \/ B1.<\/p>\n\n\n\n<p>A d\u00eda de hoy, el CEIPSO Pedro Duque es un centro en el que existe gran heterogeneidad en cuanto al uso de modelos pedag\u00f3gicos activos, as\u00ed como a la utilizaci\u00f3n de la tecnolog\u00eda en el aula.<\/p>\n\n\n\n<p>La oferta Educativa del Centro es la siguiente:<\/p>\n\n\n\n<ul class=\"wp-block-list\">\n<li>Segundo ciclo de Educaci\u00f3n Infantil (3 a\u00f1os, 4 a\u00f1os y 5 a\u00f1os). 3 unidades por nivel.<\/li>\n\n\n\n<li>Primaria (1\u00ba 2\u00ba, 3\u00ba, 4\u00ba, 5\u00ba,y 6\u00ba). 3 unidades por nivel, excepto en 2\u00ba que son 2 unidades en el nivel.<\/li>\n\n\n\n<li>Educaci\u00f3n Secundaria (1\u00ba curso 2025\/2026 y 2\u00ba curso 2026\/2027). 3 unidades por nivel.<\/li>\n<\/ul>\n\n\n\n<p class=\"has-text-align-center has-vivid-cyan-blue-color has-text-color has-link-color has-large-font-size wp-elements-e5252be442cca2805e9e81fb10207e4e\"><a href=\"https:\/\/view.genially.com\/6230d9a28d006100123802a5\/presentation-puertas-abiertas-2025\" target=\"_blank\" rel=\"noreferrer noopener\">Presentaci\u00f3n del centro<\/a><\/p>\n","protected":false},"excerpt":{"rendered":"<p>Apostamos por la equidad, innovaci\u00f3n y pedagog\u00edas activas. Somos un colegio abierto a propuestas que contribuyan a mejorar la convivencia y la calidad de la ense\u00f1anza . El CEIPS0 Pedro Duque se cre\u00f3 como un colegio biling\u00fce. La ense\u00f1anza del ingl\u00e9s como lengua extranjera, junto con las \u00e1reas que se impartan en ingl\u00e9s, ocupar\u00e1 al [&hellip;]<\/p>\n","protected":false},"author":2,"featured_media":0,"parent":140,"menu_order":0,"comment_status":"closed","ping_status":"closed","template":"","meta":{"footnotes":""},"folder":[48],"class_list":["post-929","page","type-page","status-publish","hentry"],"rttpg_featured_image_url":null,"rttpg_author":{"display_name":"tic.cp.pedroduque.madrid","author_link":"https:\/\/site.educa.madrid.org\/cp.pedroduque.madrid\/index.php\/author\/cuenta_tic-cp-pedroduque-madrid\/"},"rttpg_comment":0,"rttpg_category":" <a href=\"https:\/\/site.educa.madrid.org\/cp.pedroduque.madrid\/?taxonomy=folder&#038;term=nuestro-centro-1676996207\" rel=\"tag\">NUESTRO CENTRO<\/a>","rttpg_excerpt":"Apostamos por la equidad, innovaci\u00f3n y pedagog\u00edas activas. Somos un colegio abierto a propuestas que contribuyan a mejorar la convivencia y la calidad de la ense\u00f1anza . El CEIPS0 Pedro Duque se cre\u00f3 como un colegio biling\u00fce. La ense\u00f1anza del ingl\u00e9s como lengua extranjera, junto con las \u00e1reas que se impartan en ingl\u00e9s, ocupar\u00e1 al&hellip;","post_mailing_queue_ids":[],"_links":{"self":[{"href":"https:\/\/site.educa.madrid.org\/cp.pedroduque.madrid\/index.php\/wp-json\/wp\/v2\/pages\/929","targetHints":{"allow":["GET"]}}],"collection":[{"href":"https:\/\/site.educa.madrid.org\/cp.pedroduque.madrid\/index.php\/wp-json\/wp\/v2\/pages"}],"about":[{"href":"https:\/\/site.educa.madrid.org\/cp.pedroduque.madrid\/index.php\/wp-json\/wp\/v2\/types\/page"}],"author":[{"embeddable":true,"href":"https:\/\/site.educa.madrid.org\/cp.pedroduque.madrid\/index.php\/wp-json\/wp\/v2\/users\/2"}],"replies":[{"embeddable":true,"href":"https:\/\/site.educa.madrid.org\/cp.pedroduque.madrid\/index.php\/wp-json\/wp\/v2\/comments?post=929"}],"version-history":[{"count":17,"href":"https:\/\/site.educa.madrid.org\/cp.pedroduque.madrid\/index.php\/wp-json\/wp\/v2\/pages\/929\/revisions"}],"predecessor-version":[{"id":2203,"href":"https:\/\/site.educa.madrid.org\/cp.pedroduque.madrid\/index.php\/wp-json\/wp\/v2\/pages\/929\/revisions\/2203"}],"up":[{"embeddable":true,"href":"https:\/\/site.educa.madrid.org\/cp.pedroduque.madrid\/index.php\/wp-json\/wp\/v2\/pages\/140"}],"wp:attachment":[{"href":"https:\/\/site.educa.madrid.org\/cp.pedroduque.madrid\/index.php\/wp-json\/wp\/v2\/media?parent=929"}],"wp:term":[{"taxonomy":"folder","embeddable":true,"href":"https:\/\/site.educa.madrid.org\/cp.pedroduque.madrid\/index.php\/wp-json\/wp\/v2\/folder?post=929"}],"curies":[{"name":"wp","href":"https:\/\/api.w.org\/{rel}","templated":true}]}}