{"id":1635,"date":"2018-03-08T12:43:14","date_gmt":"2018-03-08T12:43:14","guid":{"rendered":"http:\/\/ceipbenitoperezgaldosmostoles.com\/?page_id=1635"},"modified":"2026-04-13T10:00:23","modified_gmt":"2026-04-13T08:00:23","slug":"ampa","status":"publish","type":"page","link":"https:\/\/site.educa.madrid.org\/cp.perezgaldos.mostoles\/index.php\/proceso-de-escolarizacion\/ampa\/","title":{"rendered":"AMPA"},"content":{"rendered":"<p><img loading=\"lazy\" decoding=\"async\" class=\"aligncenter wp-image-5362\" src=\"https:\/\/site.educa.madrid.org\/cp.perezgaldos.mostoles\/\/wp-content\/uploads\/cp.perezgaldos.mostoles\/2026\/02\/LOGO-AMPA_page-0001-e1772027089931.jpg\" alt=\"\" width=\"178\" height=\"186\" srcset=\"https:\/\/site.educa.madrid.org\/cp.perezgaldos.mostoles\/\/wp-content\/uploads\/cp.perezgaldos.mostoles\/2026\/02\/LOGO-AMPA_page-0001-e1772027089931.jpg 1070w, https:\/\/site.educa.madrid.org\/cp.perezgaldos.mostoles\/\/wp-content\/uploads\/cp.perezgaldos.mostoles\/2026\/02\/LOGO-AMPA_page-0001-e1772027089931-287x300.jpg 287w, https:\/\/site.educa.madrid.org\/cp.perezgaldos.mostoles\/\/wp-content\/uploads\/cp.perezgaldos.mostoles\/2026\/02\/LOGO-AMPA_page-0001-e1772027089931-978x1024.jpg 978w, https:\/\/site.educa.madrid.org\/cp.perezgaldos.mostoles\/\/wp-content\/uploads\/cp.perezgaldos.mostoles\/2026\/02\/LOGO-AMPA_page-0001-e1772027089931-768x804.jpg 768w\" sizes=\"auto, (max-width: 178px) 100vw, 178px\" \/><\/p>\n<p style=\"color: #000000;\">La <strong>Asociaci\u00f3n de Madres y Padres<\/strong> del centro, en estrecha colaboraci\u00f3n con La Direcci\u00f3n del colegio, organiza m\u00faltiples actividades atendiendo a los intereses de las familias.<\/p>\n<p style=\"color: #000000;\">Danza, Gym, Jazz, F\u00fatbol, Logopeda, Judo, Rob\u00f3tica son algunas de las actividades que pueden completar el proceso educativo de los alumnos.<\/p>\n<h5 style=\"color: #000000;\"><span style=\"color: #3b5b8a;\">Horarios de atenci\u00f3n<\/span><\/h5>\n<ul>\n<li style=\"color: #000000;\">Lunes, Martes y Mi\u00e9rcoles de 16:30 a 17:30 horas.<\/li>\n<li style=\"color: #000000;\">Correo electr\u00f3nico: <a style=\"color: #0000ff;\" href=\"mailto:perezgaldosampa@gmail.com\">perezgaldosampa@gmail.com<\/a><\/li>\n<\/ul>\n<h5 style=\"color: #000000;\"><span style=\"color: #3b5b8a;\">Actividades\/Precios<\/span><\/h5>\n<ul style=\"color: #000000;\">\n<li>GYM- JAZZ &#8211; 15,50 \u20ac(mes)<\/li>\n<li>JUDO &#8211; 15,50\u20ac(mes)<\/li>\n<li>F\u00daTBOL &#8211; 15,50\u20ac(mes)<\/li>\n<li>LOGOPEDA &#8211; 36,50\u20ac(mes)<\/li>\n<li>ROB\u00d3TICA &#8211; 18\u20ac(mes)<\/li>\n<li>SENTIR PARA CRECER &#8211; 25\u20ac(mes)<\/li>\n<li>MULTIDEPORTE &#8211; 15,50\u20ac(mes)<\/li>\n<li>GIMNASIA R\u00cdTMICA &#8211; 15,50\u20ac(mes)<\/li>\n<li><strong><span style=\"color: #3b5b8a;\">PRIMEROS DEL COLE:<\/span><\/strong>\n<ul>\n<li>De 7:30 a 9:00 &#8211; 35\u20ac(mes)<\/li>\n<li>De 8:00 a 9:00 &#8211; 30\u20ac(mes)<\/li>\n<li>De 8:30 a 9:00 &#8211; 25\u20ac(mes)<\/li>\n<\/ul>\n<\/li>\n<li><strong><span style=\"color: #3b5b8a;\">\u00daLTIMOS DEL COLE:<\/span><\/strong>\n<ul>\n<li>Todos los d\u00edas &#8211; 30\u20ac(mes)<\/li>\n<li>Dos d\u00edas a la semana &#8211; 15\u20ac(mes)<\/li>\n<\/ul>\n<\/li>\n<li><span style=\"color: #3b5b8a;\"><strong>ACADEMIA DE INGL\u00c9S:<\/strong><\/span>\n<ul>\n<li>Nivel Pre-Starters 1 and 2: 2h\/semana &#8211; 70 \u20ac (cada dos meses)<\/li>\n<li>Nivel Starters, Movers and Flyers: 2h\/semana -72\u20ac (cada dos meses)<\/li>\n<li>Nivel KET: 3 h\/semana \u2013 112\u20ac (cada dos meses)<\/li>\n<li>Nivel PET y FCE: 3h\/semana- 141\u20ac (cada dos meses)<\/li>\n<li>Nivel CAE: 3h\/semana- 174\u20ac (cada dos meses)<\/li>\n<\/ul>\n<\/li>\n<\/ul>\n\n\n<p><a style=\"color: #f18b2f; text-decoration: none;\" href=\"https:\/\/site.educa.madrid.org\/cp.perezgaldos.mostoles\/\/wp-content\/uploads\/cp.perezgaldos.mostoles\/2024\/01\/FICHA_DE_PREINSCRIPCION.20210617164019-2.pdf\"><br><mark style=\"background-color:rgba(0, 0, 0, 0);color:#3b5b8a\" class=\"has-inline-color\">    <strong>FICHA DE INSCRIPCI\u00d3N<\/strong><\/mark><br><\/a><\/p>\n\n\n\n<figure class=\"wp-block-gallery has-nested-images columns-default is-cropped wp-block-gallery-1 is-layout-flex wp-block-gallery-is-layout-flex\">\n<figure class=\"wp-block-image size-large\"><img loading=\"lazy\" decoding=\"async\" width=\"1024\" height=\"724\" data-id=\"5360\" src=\"https:\/\/site.educa.madrid.org\/cp.perezgaldos.mostoles\/\/wp-content\/uploads\/cp.perezgaldos.mostoles\/2026\/02\/ACTIVIDADES-AMPA-CURSO-2025.-26docx_page-0001-1-1024x724.jpg\" alt=\"\" class=\"wp-image-5360\" srcset=\"https:\/\/site.educa.madrid.org\/cp.perezgaldos.mostoles\/\/wp-content\/uploads\/cp.perezgaldos.mostoles\/2026\/02\/ACTIVIDADES-AMPA-CURSO-2025.-26docx_page-0001-1-1024x724.jpg 1024w, https:\/\/site.educa.madrid.org\/cp.perezgaldos.mostoles\/\/wp-content\/uploads\/cp.perezgaldos.mostoles\/2026\/02\/ACTIVIDADES-AMPA-CURSO-2025.-26docx_page-0001-1-300x212.jpg 300w, https:\/\/site.educa.madrid.org\/cp.perezgaldos.mostoles\/\/wp-content\/uploads\/cp.perezgaldos.mostoles\/2026\/02\/ACTIVIDADES-AMPA-CURSO-2025.-26docx_page-0001-1-768x543.jpg 768w, https:\/\/site.educa.madrid.org\/cp.perezgaldos.mostoles\/\/wp-content\/uploads\/cp.perezgaldos.mostoles\/2026\/02\/ACTIVIDADES-AMPA-CURSO-2025.-26docx_page-0001-1-1536x1085.jpg 1536w, https:\/\/site.educa.madrid.org\/cp.perezgaldos.mostoles\/\/wp-content\/uploads\/cp.perezgaldos.mostoles\/2026\/02\/ACTIVIDADES-AMPA-CURSO-2025.-26docx_page-0001-1.jpg 1755w\" sizes=\"auto, (max-width: 1024px) 100vw, 1024px\" \/><\/figure>\n<\/figure>\n\n\n\n<figure class=\"wp-block-image size-full is-resized\"><img loading=\"lazy\" decoding=\"async\" width=\"569\" height=\"366\" src=\"https:\/\/site.educa.madrid.org\/cp.perezgaldos.mostoles\/\/wp-content\/uploads\/cp.perezgaldos.mostoles\/2024\/01\/Sin-titulo.jpg\" alt=\"\" class=\"wp-image-4262\" style=\"width:832px;height:535px\" srcset=\"https:\/\/site.educa.madrid.org\/cp.perezgaldos.mostoles\/\/wp-content\/uploads\/cp.perezgaldos.mostoles\/2024\/01\/Sin-titulo.jpg 569w, https:\/\/site.educa.madrid.org\/cp.perezgaldos.mostoles\/\/wp-content\/uploads\/cp.perezgaldos.mostoles\/2024\/01\/Sin-titulo-300x193.jpg 300w\" sizes=\"auto, (max-width: 569px) 100vw, 569px\" \/><\/figure>\n\n\n\n<div style=\"height:100px\" aria-hidden=\"true\" class=\"wp-block-spacer\"><\/div>\n\n\n<div class=\"wp-block-image\">\n<figure class=\"alignright size-full is-resized\"><a href=\"https:\/\/site.educa.madrid.org\/cp.perezgaldos.mostoles\/index.php\/servicios\/\"><img loading=\"lazy\" decoding=\"async\" width=\"404\" height=\"205\" src=\"https:\/\/site.educa.madrid.org\/cp.perezgaldos.mostoles\/\/wp-content\/uploads\/cp.perezgaldos.mostoles\/2026\/03\/Captura-de-pantalla-2026-03-25-104407-14.png\" alt=\"\" class=\"wp-image-5608\" style=\"width:90px;height:auto\" srcset=\"https:\/\/site.educa.madrid.org\/cp.perezgaldos.mostoles\/\/wp-content\/uploads\/cp.perezgaldos.mostoles\/2026\/03\/Captura-de-pantalla-2026-03-25-104407-14.png 404w, https:\/\/site.educa.madrid.org\/cp.perezgaldos.mostoles\/\/wp-content\/uploads\/cp.perezgaldos.mostoles\/2026\/03\/Captura-de-pantalla-2026-03-25-104407-14-300x152.png 300w\" sizes=\"auto, (max-width: 404px) 100vw, 404px\" \/><\/a><\/figure>\n<\/div>\n\n\n<p><\/p>\n","protected":false},"excerpt":{"rendered":"<p>La Asociaci\u00f3n de Madres y Padres del centro, en estrecha colaboraci\u00f3n con La Direcci\u00f3n del colegio, organiza m\u00faltiples actividades atendiendo a los intereses de las familias. Danza, Gym, Jazz, F\u00fatbol, &#8230;<\/p>\n","protected":false},"author":3,"featured_media":0,"parent":188,"menu_order":0,"comment_status":"closed","ping_status":"closed","template":"","meta":{"footnotes":""},"folder":[],"class_list":["post-1635","page","type-page","status-publish","hentry"],"rttpg_featured_image_url":null,"rttpg_author":{"display_name":"cp.perezgaldos.mostoles","author_link":"https:\/\/site.educa.madrid.org\/cp.perezgaldos.mostoles\/index.php\/author\/cuenta_cp-perezgaldos-mostoles\/"},"rttpg_comment":0,"rttpg_category":false,"rttpg_excerpt":"La Asociaci\u00f3n de Madres y Padres del centro, en estrecha colaboraci\u00f3n con La Direcci\u00f3n del colegio, organiza m\u00faltiples actividades atendiendo a los intereses de las familias. Danza, Gym, Jazz, F\u00fatbol, ...","post_mailing_queue_ids":[],"_links":{"self":[{"href":"https:\/\/site.educa.madrid.org\/cp.perezgaldos.mostoles\/index.php\/wp-json\/wp\/v2\/pages\/1635","targetHints":{"allow":["GET"]}}],"collection":[{"href":"https:\/\/site.educa.madrid.org\/cp.perezgaldos.mostoles\/index.php\/wp-json\/wp\/v2\/pages"}],"about":[{"href":"https:\/\/site.educa.madrid.org\/cp.perezgaldos.mostoles\/index.php\/wp-json\/wp\/v2\/types\/page"}],"author":[{"embeddable":true,"href":"https:\/\/site.educa.madrid.org\/cp.perezgaldos.mostoles\/index.php\/wp-json\/wp\/v2\/users\/3"}],"replies":[{"embeddable":true,"href":"https:\/\/site.educa.madrid.org\/cp.perezgaldos.mostoles\/index.php\/wp-json\/wp\/v2\/comments?post=1635"}],"version-history":[{"count":39,"href":"https:\/\/site.educa.madrid.org\/cp.perezgaldos.mostoles\/index.php\/wp-json\/wp\/v2\/pages\/1635\/revisions"}],"predecessor-version":[{"id":5708,"href":"https:\/\/site.educa.madrid.org\/cp.perezgaldos.mostoles\/index.php\/wp-json\/wp\/v2\/pages\/1635\/revisions\/5708"}],"up":[{"embeddable":true,"href":"https:\/\/site.educa.madrid.org\/cp.perezgaldos.mostoles\/index.php\/wp-json\/wp\/v2\/pages\/188"}],"wp:attachment":[{"href":"https:\/\/site.educa.madrid.org\/cp.perezgaldos.mostoles\/index.php\/wp-json\/wp\/v2\/media?parent=1635"}],"wp:term":[{"taxonomy":"folder","embeddable":true,"href":"https:\/\/site.educa.madrid.org\/cp.perezgaldos.mostoles\/index.php\/wp-json\/wp\/v2\/folder?post=1635"}],"curies":[{"name":"wp","href":"https:\/\/api.w.org\/{rel}","templated":true}]}}