{"id":1645,"date":"2018-03-08T12:52:46","date_gmt":"2018-03-08T12:52:46","guid":{"rendered":"http:\/\/ceipbenitoperezgaldosmostoles.com\/?page_id=1645"},"modified":"2026-03-26T11:24:01","modified_gmt":"2026-03-26T10:24:01","slug":"biblioteca","status":"publish","type":"page","link":"https:\/\/site.educa.madrid.org\/cp.perezgaldos.mostoles\/index.php\/proceso-de-escolarizacion\/biblioteca\/","title":{"rendered":"Biblioteca"},"content":{"rendered":"\n<figure class=\"wp-block-image size-large\"><img loading=\"lazy\" decoding=\"async\" width=\"1024\" height=\"464\" src=\"https:\/\/site.educa.madrid.org\/cp.perezgaldos.mostoles\/\/wp-content\/uploads\/cp.perezgaldos.mostoles\/2025\/05\/1747823755332-scaled-e1747825563865-1024x464.jpg\" alt=\"\" class=\"wp-image-4926\" srcset=\"https:\/\/site.educa.madrid.org\/cp.perezgaldos.mostoles\/\/wp-content\/uploads\/cp.perezgaldos.mostoles\/2025\/05\/1747823755332-scaled-e1747825563865-1024x464.jpg 1024w, https:\/\/site.educa.madrid.org\/cp.perezgaldos.mostoles\/\/wp-content\/uploads\/cp.perezgaldos.mostoles\/2025\/05\/1747823755332-scaled-e1747825563865-300x136.jpg 300w, https:\/\/site.educa.madrid.org\/cp.perezgaldos.mostoles\/\/wp-content\/uploads\/cp.perezgaldos.mostoles\/2025\/05\/1747823755332-scaled-e1747825563865-768x348.jpg 768w, https:\/\/site.educa.madrid.org\/cp.perezgaldos.mostoles\/\/wp-content\/uploads\/cp.perezgaldos.mostoles\/2025\/05\/1747823755332-scaled-e1747825563865-1536x696.jpg 1536w, https:\/\/site.educa.madrid.org\/cp.perezgaldos.mostoles\/\/wp-content\/uploads\/cp.perezgaldos.mostoles\/2025\/05\/1747823755332-scaled-e1747825563865-2048x928.jpg 2048w\" sizes=\"auto, (max-width: 1024px) 100vw, 1024px\" \/><\/figure>\n\n\n<p style=\"color: #000000;\">Nuestro Centro cuenta con <strong>LA BIBLIOTECA ENCANTADA<\/strong>, un espacio donde nuestros alumnos pueden consultar, leer y realizar pr\u00e9stamo de libros.<\/p>\n<p style=\"color: #000000;\">La Biblioteca fomenta y anima a la lectura gracias a la ayuda de padres y madres del centro.<\/p>\n<p style=\"color: #000000;\">Contamos con un amplio cat\u00e1logo de lecturas adaptadas a las distintas edades de nuestros alumnos, y a\u00f1o a a\u00f1o nos esforzamos para renovar y ampliar nuestros recursos.<\/p>\n\n<div class=\"wp-block-image\">\n<figure class=\"alignright size-full is-resized\"><a href=\"https:\/\/site.educa.madrid.org\/cp.perezgaldos.mostoles\/index.php\/servicios\/\"><img loading=\"lazy\" decoding=\"async\" width=\"404\" height=\"205\" src=\"https:\/\/site.educa.madrid.org\/cp.perezgaldos.mostoles\/\/wp-content\/uploads\/cp.perezgaldos.mostoles\/2026\/03\/Captura-de-pantalla-2026-03-25-104407-12.png\" alt=\"\" class=\"wp-image-5604\" style=\"width:90px;height:auto\" srcset=\"https:\/\/site.educa.madrid.org\/cp.perezgaldos.mostoles\/\/wp-content\/uploads\/cp.perezgaldos.mostoles\/2026\/03\/Captura-de-pantalla-2026-03-25-104407-12.png 404w, https:\/\/site.educa.madrid.org\/cp.perezgaldos.mostoles\/\/wp-content\/uploads\/cp.perezgaldos.mostoles\/2026\/03\/Captura-de-pantalla-2026-03-25-104407-12-300x152.png 300w\" sizes=\"auto, (max-width: 404px) 100vw, 404px\" \/><\/a><\/figure>\n<\/div>\n\n\n<p><\/p>\n","protected":false},"excerpt":{"rendered":"<p>Nuestro Centro cuenta con LA BIBLIOTECA ENCANTADA, un espacio donde nuestros alumnos pueden consultar, leer y realizar pr\u00e9stamo de libros. La Biblioteca fomenta y anima a la lectura gracias a &#8230;<\/p>\n","protected":false},"author":3,"featured_media":0,"parent":188,"menu_order":0,"comment_status":"closed","ping_status":"closed","template":"","meta":{"footnotes":""},"folder":[],"class_list":["post-1645","page","type-page","status-publish","hentry"],"rttpg_featured_image_url":null,"rttpg_author":{"display_name":"cp.perezgaldos.mostoles","author_link":"https:\/\/site.educa.madrid.org\/cp.perezgaldos.mostoles\/index.php\/author\/cuenta_cp-perezgaldos-mostoles\/"},"rttpg_comment":0,"rttpg_category":false,"rttpg_excerpt":"Nuestro Centro cuenta con LA BIBLIOTECA ENCANTADA, un espacio donde nuestros alumnos pueden consultar, leer y realizar pr\u00e9stamo de libros. La Biblioteca fomenta y anima a la lectura gracias a ...","post_mailing_queue_ids":[],"_links":{"self":[{"href":"https:\/\/site.educa.madrid.org\/cp.perezgaldos.mostoles\/index.php\/wp-json\/wp\/v2\/pages\/1645","targetHints":{"allow":["GET"]}}],"collection":[{"href":"https:\/\/site.educa.madrid.org\/cp.perezgaldos.mostoles\/index.php\/wp-json\/wp\/v2\/pages"}],"about":[{"href":"https:\/\/site.educa.madrid.org\/cp.perezgaldos.mostoles\/index.php\/wp-json\/wp\/v2\/types\/page"}],"author":[{"embeddable":true,"href":"https:\/\/site.educa.madrid.org\/cp.perezgaldos.mostoles\/index.php\/wp-json\/wp\/v2\/users\/3"}],"replies":[{"embeddable":true,"href":"https:\/\/site.educa.madrid.org\/cp.perezgaldos.mostoles\/index.php\/wp-json\/wp\/v2\/comments?post=1645"}],"version-history":[{"count":11,"href":"https:\/\/site.educa.madrid.org\/cp.perezgaldos.mostoles\/index.php\/wp-json\/wp\/v2\/pages\/1645\/revisions"}],"predecessor-version":[{"id":5640,"href":"https:\/\/site.educa.madrid.org\/cp.perezgaldos.mostoles\/index.php\/wp-json\/wp\/v2\/pages\/1645\/revisions\/5640"}],"up":[{"embeddable":true,"href":"https:\/\/site.educa.madrid.org\/cp.perezgaldos.mostoles\/index.php\/wp-json\/wp\/v2\/pages\/188"}],"wp:attachment":[{"href":"https:\/\/site.educa.madrid.org\/cp.perezgaldos.mostoles\/index.php\/wp-json\/wp\/v2\/media?parent=1645"}],"wp:term":[{"taxonomy":"folder","embeddable":true,"href":"https:\/\/site.educa.madrid.org\/cp.perezgaldos.mostoles\/index.php\/wp-json\/wp\/v2\/folder?post=1645"}],"curies":[{"name":"wp","href":"https:\/\/api.w.org\/{rel}","templated":true}]}}