{"id":188,"date":"2018-02-08T11:57:30","date_gmt":"2018-02-08T10:57:30","guid":{"rendered":"http:\/\/s726094304.mialojamiento.es\/?page_id=188"},"modified":"2026-04-15T12:59:22","modified_gmt":"2026-04-15T10:59:22","slug":"proceso-de-escolarizacion","status":"publish","type":"page","link":"https:\/\/site.educa.madrid.org\/cp.perezgaldos.mostoles\/index.php\/proceso-de-escolarizacion\/","title":{"rendered":"Proceso de escolarizaci\u00f3n"},"content":{"rendered":"\n<div class=\"wp-block-group\"><div class=\"wp-block-group__inner-container is-layout-constrained wp-block-group-is-layout-constrained\">\n<div style=\"font-family: 'Open Sans', Arial; font-size: 15pt; line-height: 1.5;\">\n  <h5><strong><a style=\"font-weight: 600; color: #F18B2F;\" href=\"https:\/\/site.educa.madrid.org\/cp.perezgaldos.mostoles\/\/wp-content\/uploads\/cp.perezgaldos.mostoles\/2026\/03\/Documento_de_informacion_basica_sobre_el_proceso_de_admision-1.pdf\">Informaci\u00f3n b\u00e1sica<\/a><\/strong><\/h5>\n  <h5><strong><a style=\"font-weight: 600; color: #F18B2F;\" href=\"https:\/\/site.educa.madrid.org\/cp.perezgaldos.mostoles\/\/wp-content\/uploads\/cp.perezgaldos.mostoles\/2026\/02\/Centros_adscritos_a_nivel_superior_a_efectos_de_escolarizacion.pdf\">Centros de adscripci\u00f3n<\/a><\/strong><\/h5>\n  <h5><strong><a style=\"font-weight: 600; color: #F18B2F;\" href=\"https:\/\/site.educa.madrid.org\/cp.perezgaldos.mostoles\/\/wp-content\/uploads\/cp.perezgaldos.mostoles\/2026\/03\/DECLARACION-RESPONSABLE-primera-opcion.pdf\">Justificaci\u00f3n punto complementario 1\u00aa opci\u00f3n<\/a><\/strong><\/h5>\n  <h5><strong><a style=\"font-weight: 600; color: #F18B2F;\" href=\"https:\/\/site.educa.madrid.org\/cp.perezgaldos.mostoles\/\/wp-content\/uploads\/cp.perezgaldos.mostoles\/2026\/01\/Copia-de-CEIP-Benito-Perez-Galdos-1.jpg\">Jornada de puertas abiertas<\/a><\/strong><\/h5>\n  <h5><strong><a style=\"font-weight: 600; color: #F18B2F;\" href=\"https:\/\/forms.gle\/az932BKXdNSBWW1t9\">Enlace al formulario de Jornada de puertas abiertas<\/a><\/strong><\/h5>\n  <h5><strong><a style=\"font-weight: 600; color: #F18B2F;\" href=\"https:\/\/site.educa.madrid.org\/cp.perezgaldos.mostoles\/\/wp-content\/uploads\/cp.perezgaldos.mostoles\/2026\/02\/Diptico-informativo-centro-.pdf\">Datos significativos del centro<\/a><\/strong><\/h5>\n  <h5><strong><a style=\"font-weight: 600; color: #F18B2F;\" href=\"https:\/\/site.educa.madrid.org\/cp.perezgaldos.mostoles\/\/wp-content\/uploads\/cp.perezgaldos.mostoles\/2026\/03\/vacantes.pdf\">Plazas vacantes ofertadas<\/a><\/strong><\/h5>\n  <h5><strong><a style=\"font-weight: 600; color: #F18B2F;\" href=\"https:\/\/www.comunidad.madrid\/servicios\/educacion\/proceso-escolarizacion-admision-alumnos\">Presentaci\u00f3n de solicitudes<\/a><\/strong><\/h5>\n  <h5><strong><a style=\"font-weight: 600; color: #F18B2F;\" href=\"https:\/\/site.educa.madrid.org\/cp.perezgaldos.mostoles\/\/wp-content\/uploads\/cp.perezgaldos.mostoles\/2025\/11\/PLAN-CONVIVENCIA-25-OCTUBRE-2025.pdf\">Normas de organizaci\u00f3n y funcionamiento: Plan de convivencia <\/a><\/strong><\/h5>\n  <h5><strong><a style=\"font-weight: 600; color: #F18B2F;\" href=\"https:\/\/site.educa.madrid.org\/cp.perezgaldos.mostoles\/\/wp-content\/uploads\/cp.perezgaldos.mostoles\/2026\/01\/BOCM-20251209-19.pdf\">Enlace a la resoluci\u00f3n<\/a><\/strong><\/h5>\n <h5><strong><a style=\"font-weight: 600; color: #F18B2F;\" href=\"https:\/\/site.educa.madrid.org\/cp.perezgaldos.mostoles\/\/wp-content\/uploads\/cp.perezgaldos.mostoles\/2026\/04\/RESULTADO-SORTEO-PUBLICO.pdf\">Resultado del sorteo p\u00fablico<\/a><\/strong><\/h5>\n  <h5><strong><a style=\"font-weight: 600; color: #F18B2F;\" href=\"https:\/\/www.comunidad.madrid\/sites\/default\/files\/doc\/educacion\/19.04._guia_rapida_secretaria_virtual.pdf\">Gesti\u00f3n telem\u00e1tica de la solicitud de admisi\u00f3n de alumnos<\/a><\/strong><\/h5>\n  <h5><strong><a style=\"font-weight: 600; color: #F18B2F;\" href=\"https:\/\/mediateca.educa.madrid.org\/video\/tfzbk7atfzc9nlyz?jwsource=cl\">Tutorial de presentaci\u00f3n de solicitudes de admisi\u00f3n en la secretar\u00eda virtual<\/a><\/strong><\/h5>\n  <h5><strong><a style=\"font-weight: 600; color: #F18B2F;\" href=\"https:\/\/raices.madrid.org\/secretariavirtual\/\">Acceso a la secretar\u00eda virtual<\/a><\/strong><\/h5><\/br>\n  <h1 style=\"font-weight: 600; color: #3B5B8A;\"><strong>Periodo de matriculaci\u00f3n<\/strong><\/h1>\n  <h4>&nbsp;<\/h4>\n  <h3><em style=\"color: #333333;\">Las solicitudes de participaci\u00f3n en el proceso ordinario de admisi\u00f3n de alumnos para el curso 2026\/2027 se podr\u00e1n presentar del 11 al 25 de marzo de 2026, ambas fechas inclusive (de forma presencial en la secretar\u00eda del centro se podr\u00e1 hacer hasta las 14:00 horas del d\u00eda 25 de marzo).<\/em><\/h3>\n<\/div>\n<\/div><\/div>\n\n\n\n<p>Les recordamos que una vez que figuren en la lista de admitidos la fecha para formalizar la matricula es desde el <strong>11&nbsp; hasta el&nbsp; &nbsp; 25&nbsp;de junio<\/strong>, <strong>es imprescindible realizar este tr\u00e1mite para no perder la plaza. Para ello deber\u00e1n pasar por el centro para recoger el sobre de matriculaci\u00f3n<\/strong>.<\/p>\n\n\n<div class=\"wp-block-image\">\n<figure class=\"alignright size-full is-resized\"><a href=\"https:\/\/site.educa.madrid.org\/cp.perezgaldos.mostoles\/index.php\/informacion-a-las-familias\/\"><img loading=\"lazy\" decoding=\"async\" width=\"404\" height=\"205\" src=\"https:\/\/site.educa.madrid.org\/cp.perezgaldos.mostoles\/\/wp-content\/uploads\/cp.perezgaldos.mostoles\/2026\/03\/Captura-de-pantalla-2026-03-25-104407-6.png\" alt=\"\" class=\"wp-image-5592\" style=\"width:90px;height:auto\" srcset=\"https:\/\/site.educa.madrid.org\/cp.perezgaldos.mostoles\/\/wp-content\/uploads\/cp.perezgaldos.mostoles\/2026\/03\/Captura-de-pantalla-2026-03-25-104407-6.png 404w, https:\/\/site.educa.madrid.org\/cp.perezgaldos.mostoles\/\/wp-content\/uploads\/cp.perezgaldos.mostoles\/2026\/03\/Captura-de-pantalla-2026-03-25-104407-6-300x152.png 300w\" sizes=\"auto, (max-width: 404px) 100vw, 404px\" \/><\/a><\/figure>\n<\/div>\n\n\n<p><\/p>\n","protected":false},"excerpt":{"rendered":"<p>Informaci\u00f3n b\u00e1sica Centros de adscripci\u00f3n Justificaci\u00f3n punto complementario 1\u00aa opci\u00f3n Jornada de puertas abiertas Enlace al formulario de Jornada de puertas abiertas Datos significativos del centro Plazas vacantes ofertadas Presentaci\u00f3n &#8230;<\/p>\n","protected":false},"author":3,"featured_media":0,"parent":0,"menu_order":0,"comment_status":"closed","ping_status":"closed","template":"","meta":{"footnotes":""},"folder":[],"class_list":["post-188","page","type-page","status-publish","hentry"],"rttpg_featured_image_url":null,"rttpg_author":{"display_name":"cp.perezgaldos.mostoles","author_link":"https:\/\/site.educa.madrid.org\/cp.perezgaldos.mostoles\/index.php\/author\/cuenta_cp-perezgaldos-mostoles\/"},"rttpg_comment":0,"rttpg_category":false,"rttpg_excerpt":"Informaci\u00f3n b\u00e1sica Centros de adscripci\u00f3n Justificaci\u00f3n punto complementario 1\u00aa opci\u00f3n Jornada de puertas abiertas Enlace al formulario de Jornada de puertas abiertas Datos significativos del centro Plazas vacantes ofertadas Presentaci\u00f3n ...","post_mailing_queue_ids":[],"_links":{"self":[{"href":"https:\/\/site.educa.madrid.org\/cp.perezgaldos.mostoles\/index.php\/wp-json\/wp\/v2\/pages\/188","targetHints":{"allow":["GET"]}}],"collection":[{"href":"https:\/\/site.educa.madrid.org\/cp.perezgaldos.mostoles\/index.php\/wp-json\/wp\/v2\/pages"}],"about":[{"href":"https:\/\/site.educa.madrid.org\/cp.perezgaldos.mostoles\/index.php\/wp-json\/wp\/v2\/types\/page"}],"author":[{"embeddable":true,"href":"https:\/\/site.educa.madrid.org\/cp.perezgaldos.mostoles\/index.php\/wp-json\/wp\/v2\/users\/3"}],"replies":[{"embeddable":true,"href":"https:\/\/site.educa.madrid.org\/cp.perezgaldos.mostoles\/index.php\/wp-json\/wp\/v2\/comments?post=188"}],"version-history":[{"count":50,"href":"https:\/\/site.educa.madrid.org\/cp.perezgaldos.mostoles\/index.php\/wp-json\/wp\/v2\/pages\/188\/revisions"}],"predecessor-version":[{"id":5873,"href":"https:\/\/site.educa.madrid.org\/cp.perezgaldos.mostoles\/index.php\/wp-json\/wp\/v2\/pages\/188\/revisions\/5873"}],"wp:attachment":[{"href":"https:\/\/site.educa.madrid.org\/cp.perezgaldos.mostoles\/index.php\/wp-json\/wp\/v2\/media?parent=188"}],"wp:term":[{"taxonomy":"folder","embeddable":true,"href":"https:\/\/site.educa.madrid.org\/cp.perezgaldos.mostoles\/index.php\/wp-json\/wp\/v2\/folder?post=188"}],"curies":[{"name":"wp","href":"https:\/\/api.w.org\/{rel}","templated":true}]}}