{"id":3918,"date":"2022-12-19T14:49:26","date_gmt":"2022-12-19T13:49:26","guid":{"rendered":"https:\/\/site.educa.madrid.org\/cp.perezgaldos.mostoles\/?page_id=3918"},"modified":"2026-03-26T11:13:13","modified_gmt":"2026-03-26T10:13:13","slug":"contacto-2","status":"publish","type":"page","link":"https:\/\/site.educa.madrid.org\/cp.perezgaldos.mostoles\/index.php\/contacto-2\/","title":{"rendered":"CONTACTO"},"content":{"rendered":"<p>C\u00f3digo de Centro: 28035573<br \/><a href=\"https:\/\/www.educa2.madrid.org\/web\/direcciones-de-area\/dat-sur\"><span style=\"color: #3366ff;\">Direcci\u00f3n \u00c1rea Territorial Sur<\/span><\/a><\/p>\n<h4><span style=\"color: #f18b2f;\"><strong>DIRECCI\u00d3N<\/strong><\/span><br \/><span style=\"color: #000000;\">Paseo\u00a0 de\u00a0 Arroyomolinos 44, M\u00f3stoles 28938, Madrid (Espa\u00f1a)<\/span><br \/><span style=\"color: #000000;\">Tfno. 91 647 46 67<\/span><br \/><span style=\"color: #000000;\">Fax. 91 647 46 67<\/span><\/h4>\n<h4><span style=\"color: #f18b2f;\"><strong>CORREOS ELECTR\u00d3NICOS<\/strong><\/span><\/h4>\n<p><span style=\"color: #3366ff;\"><a style=\"color: #3366ff;\" href=\"mailto:secretaria.cp.perezgaldos.mostoles@educa.madrid.org\">secretaria.cp.perezgaldos.mostoles@educa.madrid.org<\/a><\/span><span style=\"color: #000000;\">\u2022 Gesti\u00f3n de participantes del comedor escolar (faltas, solicitudes, cobros\u2026)<\/span><br \/><span style=\"color: #000000;\">\u2022 Certificados, admisi\u00f3n, becas, informaciones varias\u2026<\/span><\/p>\n<p><span style=\"color: #3366ff;\"><a style=\"color: #3366ff;\" href=\"mailto:jestudios.cp.perezgaldos.mostoles@educa.madrid.org\">jestudios.cp.perezgaldos.mostoles@educa.madrid.org<\/a><\/span><\/p>\n<p><span style=\"color: #000000;\">\u2022 Bienestar, convivencia, actividades de centro<\/span><\/p>\n<p><a href=\"mailto:cp.perezgaldos.mostoles@educa.madrid.org\"><span style=\"color: #3366ff;\">cp.perezgaldos.mostoles@educa.madrid.org<\/span><\/a><\/p>\n<p><span style=\"color: #000000;\">\u2022 Otros aspectos que no est\u00e1n recogidos en el resto de correos<\/span><\/p>\n<p><span style=\"color: #000000;\">Correo electr\u00f3nico AMPA:<\/span> <a href=\"mailto:perezgaldosampa@gmail.com\"><span style=\"color: #3366ff;\">perezgaldosampa@gmail.com<\/span><\/a><\/p>\n<p><span style=\"color: #000000;\">Nuestra Web de centro:<\/span> <span style=\"color: #3366ff;\"><a style=\"color: #3366ff;\" href=\"https:\/\/site.educa.madrid.org\/cp.perezgaldos.mostoles\/\">https:\/\/site.educa.madrid.org\/cp.perezgaldos.mostoles\/<\/a><\/span><\/p>\n<h4><span style=\"color: #f18b2f;\"><strong>HORARIO<\/strong> <\/span><strong><span style=\"color: #3b5b8a;\">(JORNADA CONTINUA):<\/span><\/strong><\/h4>\n<p><span style=\"color: #000000;\">Septiembre y Junio: de 9 a 13h. Alumnado de comedor: hasta las 15h.<\/span><br \/><span style=\"color: #000000;\">De Octubre a Mayo: de 9 a 14h. Alumnado de comedor: hasta las 16h.<\/span><br \/><span style=\"color: #000000;\">Comedor: desde las 14 a las 16 horas.(Sept y Jun de 13h-15h) (Empresa Comaibel)<\/span><\/p>\n<h4><span style=\"color: #f18b2f;\"><strong>C\u00d3MO LLEGAR<\/strong>:<\/span><\/h4>\n<p><span style=\"color: #000000;\">En metro &#8212;- Estaci\u00f3n Hospital de M\u00f3stoles en Metro-Sur<\/span><br \/><span style=\"color: #000000;\">En autob\u00fas &#8212;-L\u00edneas 521 ; 522 ; y L1<\/span><\/p>\n\n\n<iframe src=\"https:\/\/www.google.com\/maps\/embed?pb=!1m18!1m12!1m3!1d3042.307067261593!2d-3.876904824201368!3d40.313342161925725!2m3!1f0!2f0!3f0!3m2!1i1024!2i768!4f13.1!3m3!1m2!1s0xd418dcfaf5ab0ed%3A0x2e051cc5e05eefbf!2sCEIP%20Benito%20P%C3%A9rez%20Gald%C3%B3s!5e0!3m2!1ses!2ses!4v1705651917126!5m2!1ses!2ses\" width=\"600\" height=\"450\" style=\"border:0;\" allowfullscreen=\"\" loading=\"lazy\" referrerpolicy=\"no-referrer-when-downgrade\"><\/iframe>\n\n\n<div class=\"wp-block-image\">\n<figure class=\"alignright size-full is-resized\"><img loading=\"lazy\" decoding=\"async\" width=\"488\" height=\"211\" src=\"https:\/\/site.educa.madrid.org\/cp.perezgaldos.mostoles\/\/wp-content\/uploads\/cp.perezgaldos.mostoles\/2026\/03\/Captura-de-pantalla-2026-03-26-102916-1.png\" alt=\"\" class=\"wp-image-5631\" style=\"width:106px;height:auto\" srcset=\"https:\/\/site.educa.madrid.org\/cp.perezgaldos.mostoles\/\/wp-content\/uploads\/cp.perezgaldos.mostoles\/2026\/03\/Captura-de-pantalla-2026-03-26-102916-1.png 488w, https:\/\/site.educa.madrid.org\/cp.perezgaldos.mostoles\/\/wp-content\/uploads\/cp.perezgaldos.mostoles\/2026\/03\/Captura-de-pantalla-2026-03-26-102916-1-300x130.png 300w\" sizes=\"auto, (max-width: 488px) 100vw, 488px\" \/><\/figure>\n<\/div>\n\n\n<p><\/p>\n","protected":false},"excerpt":{"rendered":"<p>C\u00f3digo de Centro: 28035573Direcci\u00f3n \u00c1rea Territorial Sur DIRECCI\u00d3NPaseo\u00a0 de\u00a0 Arroyomolinos 44, M\u00f3stoles 28938, Madrid (Espa\u00f1a)Tfno. 91 647 46 67Fax. 91 647 46 67 CORREOS ELECTR\u00d3NICOS secretaria.cp.perezgaldos.mostoles@educa.madrid.org\u2022 Gesti\u00f3n de participantes del &#8230;<\/p>\n","protected":false},"author":3,"featured_media":0,"parent":0,"menu_order":0,"comment_status":"closed","ping_status":"closed","template":"","meta":{"footnotes":""},"folder":[],"class_list":["post-3918","page","type-page","status-publish","hentry"],"rttpg_featured_image_url":null,"rttpg_author":{"display_name":"cp.perezgaldos.mostoles","author_link":"https:\/\/site.educa.madrid.org\/cp.perezgaldos.mostoles\/index.php\/author\/cuenta_cp-perezgaldos-mostoles\/"},"rttpg_comment":0,"rttpg_category":false,"rttpg_excerpt":"C\u00f3digo de Centro: 28035573Direcci\u00f3n \u00c1rea Territorial Sur DIRECCI\u00d3NPaseo\u00a0 de\u00a0 Arroyomolinos 44, M\u00f3stoles 28938, Madrid (Espa\u00f1a)Tfno. 91 647 46 67Fax. 91 647 46 67 CORREOS ELECTR\u00d3NICOS secretaria.cp.perezgaldos.mostoles@educa.madrid.org\u2022 Gesti\u00f3n de participantes del ...","post_mailing_queue_ids":[],"_links":{"self":[{"href":"https:\/\/site.educa.madrid.org\/cp.perezgaldos.mostoles\/index.php\/wp-json\/wp\/v2\/pages\/3918","targetHints":{"allow":["GET"]}}],"collection":[{"href":"https:\/\/site.educa.madrid.org\/cp.perezgaldos.mostoles\/index.php\/wp-json\/wp\/v2\/pages"}],"about":[{"href":"https:\/\/site.educa.madrid.org\/cp.perezgaldos.mostoles\/index.php\/wp-json\/wp\/v2\/types\/page"}],"author":[{"embeddable":true,"href":"https:\/\/site.educa.madrid.org\/cp.perezgaldos.mostoles\/index.php\/wp-json\/wp\/v2\/users\/3"}],"replies":[{"embeddable":true,"href":"https:\/\/site.educa.madrid.org\/cp.perezgaldos.mostoles\/index.php\/wp-json\/wp\/v2\/comments?post=3918"}],"version-history":[{"count":15,"href":"https:\/\/site.educa.madrid.org\/cp.perezgaldos.mostoles\/index.php\/wp-json\/wp\/v2\/pages\/3918\/revisions"}],"predecessor-version":[{"id":5632,"href":"https:\/\/site.educa.madrid.org\/cp.perezgaldos.mostoles\/index.php\/wp-json\/wp\/v2\/pages\/3918\/revisions\/5632"}],"wp:attachment":[{"href":"https:\/\/site.educa.madrid.org\/cp.perezgaldos.mostoles\/index.php\/wp-json\/wp\/v2\/media?parent=3918"}],"wp:term":[{"taxonomy":"folder","embeddable":true,"href":"https:\/\/site.educa.madrid.org\/cp.perezgaldos.mostoles\/index.php\/wp-json\/wp\/v2\/folder?post=3918"}],"curies":[{"name":"wp","href":"https:\/\/api.w.org\/{rel}","templated":true}]}}