{"id":43,"date":"2018-02-05T14:55:03","date_gmt":"2018-02-05T14:55:03","guid":{"rendered":"http:\/\/s726094304.mialojamiento.es\/?page_id=43"},"modified":"2026-04-30T14:22:27","modified_gmt":"2026-04-30T12:22:27","slug":"inicio","status":"publish","type":"page","link":"https:\/\/site.educa.madrid.org\/cp.perezgaldos.mostoles\/","title":{"rendered":"Inicio"},"content":{"rendered":"\n<div class=\"wp-block-columns is-layout-flex wp-container-core-columns-is-layout-9d6595d7 wp-block-columns-is-layout-flex\">\n<div class=\"wp-block-column is-layout-flow wp-block-column-is-layout-flow\" style=\"flex-basis:100%\"><div class=\"wp-block-image\">\n<figure class=\"aligncenter size-full is-resized\"><a href=\"https:\/\/site.educa.madrid.org\/cp.perezgaldos.mostoles\/index.php\/novedades\/\"><img loading=\"lazy\" decoding=\"async\" width=\"523\" height=\"152\" src=\"https:\/\/site.educa.madrid.org\/cp.perezgaldos.mostoles\/\/wp-content\/uploads\/cp.perezgaldos.mostoles\/2026\/04\/novedadesyescudo.png\" alt=\"\" class=\"wp-image-5890\" style=\"aspect-ratio:3.4408602150537635;width:619px;height:auto\" srcset=\"https:\/\/site.educa.madrid.org\/cp.perezgaldos.mostoles\/\/wp-content\/uploads\/cp.perezgaldos.mostoles\/2026\/04\/novedadesyescudo.png 523w, https:\/\/site.educa.madrid.org\/cp.perezgaldos.mostoles\/\/wp-content\/uploads\/cp.perezgaldos.mostoles\/2026\/04\/novedadesyescudo-300x87.png 300w\" sizes=\"auto, (max-width: 523px) 100vw, 523px\" \/><\/a><\/figure>\n<\/div>\n\n\n<div style=\"height:50px\" aria-hidden=\"true\" class=\"wp-block-spacer\"><\/div>\n\n\n\n<p><\/p>\n\n\n<div class=\"wp-block-image wp-duotone-unset-1\">\n<figure class=\"aligncenter size-full is-resized\"><img loading=\"lazy\" decoding=\"async\" width=\"940\" height=\"85\" src=\"https:\/\/site.educa.madrid.org\/cp.perezgaldos.mostoles\/\/wp-content\/uploads\/cp.perezgaldos.mostoles\/2026\/03\/Captura-de-pantalla-2026-03-25-122941.png\" alt=\"\" class=\"wp-image-5610\" style=\"width:404px;height:auto\" srcset=\"https:\/\/site.educa.madrid.org\/cp.perezgaldos.mostoles\/\/wp-content\/uploads\/cp.perezgaldos.mostoles\/2026\/03\/Captura-de-pantalla-2026-03-25-122941.png 940w, https:\/\/site.educa.madrid.org\/cp.perezgaldos.mostoles\/\/wp-content\/uploads\/cp.perezgaldos.mostoles\/2026\/03\/Captura-de-pantalla-2026-03-25-122941-300x27.png 300w, https:\/\/site.educa.madrid.org\/cp.perezgaldos.mostoles\/\/wp-content\/uploads\/cp.perezgaldos.mostoles\/2026\/03\/Captura-de-pantalla-2026-03-25-122941-768x69.png 768w\" sizes=\"auto, (max-width: 940px) 100vw, 940px\" \/><\/figure>\n<\/div>\n\n\n<p><\/p>\n\n\n\n<p class=\"has-text-align-center\"><br>\n<p class=\"has-text-align-center\">&#8211; CEIP BENITO P\u00c9REZ GALD\u00d3S<br> &#8211; C\u00f3digo del cetro: 28035573<br> &#8211; Direcci\u00f3n: Paseo&nbsp; de&nbsp; Arroyomolinos 44, M\u00f3stoles<br> &#8211; Tlf.:&nbsp;91 647 46 67<br> &#8211; Email: <a href=\"mailto:cp.perezgaldos.mostoles@educa.madrid.org\">cp.perezgaldos.mostoles@educa.madrid.org<\/a><\/p><\/p>\n\n\n\n<p class=\"has-text-align-center\"><br><\/p>\n\n\n\n<p><\/p>\n\n\n<div class=\"wp-block-image wp-duotone-unset-2\">\n<figure class=\"aligncenter size-full is-resized\"><img loading=\"lazy\" decoding=\"async\" width=\"941\" height=\"96\" src=\"https:\/\/site.educa.madrid.org\/cp.perezgaldos.mostoles\/\/wp-content\/uploads\/cp.perezgaldos.mostoles\/2026\/03\/Captura-de-pantalla-2026-03-25-122959.png\" alt=\"\" class=\"wp-image-5612\" style=\"width:395px;height:auto\" srcset=\"https:\/\/site.educa.madrid.org\/cp.perezgaldos.mostoles\/\/wp-content\/uploads\/cp.perezgaldos.mostoles\/2026\/03\/Captura-de-pantalla-2026-03-25-122959.png 941w, https:\/\/site.educa.madrid.org\/cp.perezgaldos.mostoles\/\/wp-content\/uploads\/cp.perezgaldos.mostoles\/2026\/03\/Captura-de-pantalla-2026-03-25-122959-300x31.png 300w, https:\/\/site.educa.madrid.org\/cp.perezgaldos.mostoles\/\/wp-content\/uploads\/cp.perezgaldos.mostoles\/2026\/03\/Captura-de-pantalla-2026-03-25-122959-768x78.png 768w\" sizes=\"auto, (max-width: 941px) 100vw, 941px\" \/><\/figure>\n<\/div>\n\n\n<p class=\"has-text-align-center\"><\/p>\n\n\n\n<p><\/p>\n\n\n\n<p><\/p>\n\n\n\n<div class=\"wp-block-columns alignwide is-layout-flex wp-container-core-columns-is-layout-9d6595d7 wp-block-columns-is-layout-flex\">\n<div class=\"wp-block-column is-layout-flow wp-block-column-is-layout-flow\" style=\"flex-basis:100%\">\n<div style=\"max-width:900px; margin:0 auto;\">\n  <div style=\"position:relative; padding-bottom:56.25%; height:0; overflow:hidden;\">\n    <iframe \n      src=\"https:\/\/www.google.com\/maps?q=40.3133381,-3.8743299&#038;z=17&#038;output=embed\"\n      style=\"position:absolute; top:0; left:0; width:100%; height:100%; border:0;\"\n      loading=\"lazy\"\n      allowfullscreen>\n    <\/iframe>\n  <\/div>\n<\/div>\n<\/div>\n<\/div>\n\n\n\n<div style=\"height:32px\" aria-hidden=\"true\" class=\"wp-block-spacer\"><\/div>\n\n\n\n<p><br><u>CALENDARIO ESCOLAR<\/u><br><\/p>\n\n\n\n<figure data-wp-context=\"{&quot;imageId&quot;:&quot;6a0361181c692&quot;}\" data-wp-interactive=\"core\/image\" data-wp-key=\"6a0361181c692\" class=\"wp-block-image size-full wp-lightbox-container\"><img loading=\"lazy\" decoding=\"async\" width=\"790\" height=\"1023\" data-wp-class--hide=\"state.isContentHidden\" data-wp-class--show=\"state.isContentVisible\" data-wp-init=\"callbacks.setButtonStyles\" data-wp-on--click=\"actions.showLightbox\" data-wp-on--load=\"callbacks.setButtonStyles\" data-wp-on-window--resize=\"callbacks.setButtonStyles\" src=\"https:\/\/site.educa.madrid.org\/cp.perezgaldos.mostoles\/\/wp-content\/uploads\/cp.perezgaldos.mostoles\/2025\/05\/calendario-escolar-madrid-2025-2026.png\" alt=\"\" class=\"wp-image-4801\" srcset=\"https:\/\/site.educa.madrid.org\/cp.perezgaldos.mostoles\/\/wp-content\/uploads\/cp.perezgaldos.mostoles\/2025\/05\/calendario-escolar-madrid-2025-2026.png 790w, https:\/\/site.educa.madrid.org\/cp.perezgaldos.mostoles\/\/wp-content\/uploads\/cp.perezgaldos.mostoles\/2025\/05\/calendario-escolar-madrid-2025-2026-232x300.png 232w, https:\/\/site.educa.madrid.org\/cp.perezgaldos.mostoles\/\/wp-content\/uploads\/cp.perezgaldos.mostoles\/2025\/05\/calendario-escolar-madrid-2025-2026-768x995.png 768w\" sizes=\"auto, (max-width: 790px) 100vw, 790px\" \/><button\n\t\t\tclass=\"lightbox-trigger\"\n\t\t\ttype=\"button\"\n\t\t\taria-haspopup=\"dialog\"\n\t\t\taria-label=\"Enlarge\"\n\t\t\tdata-wp-init=\"callbacks.initTriggerButton\"\n\t\t\tdata-wp-on--click=\"actions.showLightbox\"\n\t\t\tdata-wp-style--right=\"state.imageButtonRight\"\n\t\t\tdata-wp-style--top=\"state.imageButtonTop\"\n\t\t>\n\t\t\t<svg xmlns=\"http:\/\/www.w3.org\/2000\/svg\" width=\"12\" height=\"12\" fill=\"none\" viewBox=\"0 0 12 12\">\n\t\t\t\t<path fill=\"#fff\" d=\"M2 0a2 2 0 0 0-2 2v2h1.5V2a.5.5 0 0 1 .5-.5h2V0H2Zm2 10.5H2a.5.5 0 0 1-.5-.5V8H0v2a2 2 0 0 0 2 2h2v-1.5ZM8 12v-1.5h2a.5.5 0 0 0 .5-.5V8H12v2a2 2 0 0 1-2 2H8Zm2-12a2 2 0 0 1 2 2v2h-1.5V2a.5.5 0 0 0-.5-.5H8V0h2Z\" \/>\n\t\t\t<\/svg>\n\t\t<\/button><\/figure>\n\n\n\n<div style=\"height:49px\" aria-hidden=\"true\" class=\"wp-block-spacer\"><\/div>\n\n\n\n<div class=\"wp-block-buttons is-content-justification-center is-layout-flex wp-container-core-buttons-is-layout-16018d1d wp-block-buttons-is-layout-flex\">\n<div class=\"wp-block-button\"><a class=\"wp-block-button__link wp-element-button\" href=\"https:\/\/site.educa.madrid.org\/cp.perezgaldos.mostoles\/index.php\/contacto-2\/\"><strong>Cont<\/strong>\u00e1<strong>ctanos<\/strong><\/a><\/div>\n<\/div>\n<\/div>\n<\/div>\n\n\n\n<div style=\"height:79px\" aria-hidden=\"true\" class=\"wp-block-spacer\"><\/div>\n\n\n<div class=\"wp-block-image is-style-default\">\n<figure class=\"aligncenter size-large is-resized\"><img loading=\"lazy\" decoding=\"async\" width=\"1024\" height=\"143\" src=\"https:\/\/site.educa.madrid.org\/cp.perezgaldos.mostoles\/\/wp-content\/uploads\/cp.perezgaldos.mostoles\/2025\/05\/Union-europea-1024x143.png\" alt=\"\" class=\"wp-image-4842\" style=\"width:680px;height:auto\" srcset=\"https:\/\/site.educa.madrid.org\/cp.perezgaldos.mostoles\/\/wp-content\/uploads\/cp.perezgaldos.mostoles\/2025\/05\/Union-europea-1024x143.png 1024w, https:\/\/site.educa.madrid.org\/cp.perezgaldos.mostoles\/\/wp-content\/uploads\/cp.perezgaldos.mostoles\/2025\/05\/Union-europea-300x42.png 300w, https:\/\/site.educa.madrid.org\/cp.perezgaldos.mostoles\/\/wp-content\/uploads\/cp.perezgaldos.mostoles\/2025\/05\/Union-europea-768x108.png 768w, https:\/\/site.educa.madrid.org\/cp.perezgaldos.mostoles\/\/wp-content\/uploads\/cp.perezgaldos.mostoles\/2025\/05\/Union-europea.png 1050w\" sizes=\"auto, (max-width: 1024px) 100vw, 1024px\" \/><\/figure>\n<\/div>\n\n\n<p><\/p>\n","protected":false},"excerpt":{"rendered":"<p>&#8211; CEIP BENITO P\u00c9REZ GALD\u00d3S &#8211; C\u00f3digo del cetro: 28035573 &#8211; Direcci\u00f3n: Paseo&nbsp; de&nbsp; Arroyomolinos 44, M\u00f3stoles &#8211; Tlf.:&nbsp;91 647 46 67 &#8211; Email: cp.perezgaldos.mostoles@educa.madrid.org CALENDARIO ESCOLAR<\/p>\n","protected":false},"author":3,"featured_media":0,"parent":0,"menu_order":0,"comment_status":"closed","ping_status":"closed","template":"","meta":{"footnotes":""},"folder":[],"class_list":["post-43","page","type-page","status-publish","hentry"],"rttpg_featured_image_url":null,"rttpg_author":{"display_name":"cp.perezgaldos.mostoles","author_link":"https:\/\/site.educa.madrid.org\/cp.perezgaldos.mostoles\/index.php\/author\/cuenta_cp-perezgaldos-mostoles\/"},"rttpg_comment":0,"rttpg_category":false,"rttpg_excerpt":"&#8211; CEIP BENITO P\u00c9REZ GALD\u00d3S &#8211; C\u00f3digo del cetro: 28035573 &#8211; Direcci\u00f3n: Paseo&nbsp; de&nbsp; Arroyomolinos 44, M\u00f3stoles &#8211; Tlf.:&nbsp;91 647 46 67 &#8211; Email: cp.perezgaldos.mostoles@educa.madrid.org CALENDARIO ESCOLAR","post_mailing_queue_ids":[],"_links":{"self":[{"href":"https:\/\/site.educa.madrid.org\/cp.perezgaldos.mostoles\/index.php\/wp-json\/wp\/v2\/pages\/43","targetHints":{"allow":["GET"]}}],"collection":[{"href":"https:\/\/site.educa.madrid.org\/cp.perezgaldos.mostoles\/index.php\/wp-json\/wp\/v2\/pages"}],"about":[{"href":"https:\/\/site.educa.madrid.org\/cp.perezgaldos.mostoles\/index.php\/wp-json\/wp\/v2\/types\/page"}],"author":[{"embeddable":true,"href":"https:\/\/site.educa.madrid.org\/cp.perezgaldos.mostoles\/index.php\/wp-json\/wp\/v2\/users\/3"}],"replies":[{"embeddable":true,"href":"https:\/\/site.educa.madrid.org\/cp.perezgaldos.mostoles\/index.php\/wp-json\/wp\/v2\/comments?post=43"}],"version-history":[{"count":50,"href":"https:\/\/site.educa.madrid.org\/cp.perezgaldos.mostoles\/index.php\/wp-json\/wp\/v2\/pages\/43\/revisions"}],"predecessor-version":[{"id":5892,"href":"https:\/\/site.educa.madrid.org\/cp.perezgaldos.mostoles\/index.php\/wp-json\/wp\/v2\/pages\/43\/revisions\/5892"}],"wp:attachment":[{"href":"https:\/\/site.educa.madrid.org\/cp.perezgaldos.mostoles\/index.php\/wp-json\/wp\/v2\/media?parent=43"}],"wp:term":[{"taxonomy":"folder","embeddable":true,"href":"https:\/\/site.educa.madrid.org\/cp.perezgaldos.mostoles\/index.php\/wp-json\/wp\/v2\/folder?post=43"}],"curies":[{"name":"wp","href":"https:\/\/api.w.org\/{rel}","templated":true}]}}