{"id":897,"date":"2018-02-15T10:12:30","date_gmt":"2018-02-15T10:12:30","guid":{"rendered":"http:\/\/s726094304.mialojamiento.es\/?page_id=897"},"modified":"2026-04-13T11:09:22","modified_gmt":"2026-04-13T09:09:22","slug":"documentos","status":"publish","type":"page","link":"https:\/\/site.educa.madrid.org\/cp.perezgaldos.mostoles\/index.php\/documentos\/","title":{"rendered":"Documentos del centro"},"content":{"rendered":"\n<div class=\"wp-block-columns is-layout-flex wp-container-core-columns-is-layout-9d6595d7 wp-block-columns-is-layout-flex\">\n<div class=\"wp-block-column is-layout-flow wp-block-column-is-layout-flow\" style=\"flex-basis:50%\">\n<h5 class=\"wp-block-heading\" style=\"font-family:'Poppins', sans-serif; font-size:15pt;\">\n<strong>\n<mark style=\"background-color:transparent;color:#3B5B8A\" class=\"has-inline-color\">\nDOCUMENTACI\u00d3N DEL ALUMNADO\n<\/mark>\n<\/strong>\n<\/h5>\n\n\n\n<p>   <a style=\"color:#F18B2F;\" href=\"https:\/\/site.educa.madrid.org\/cp.perezgaldos.mostoles\/\/wp-content\/uploads\/cp.perezgaldos.mostoles\/2025\/05\/NUEVAS-AUTORIZACIONES-autorrellenable.pdf\" target=\"_blank\" rel=\"noreferrer noopener\">AUTORIZACION DE RECOGIDA DE ALUMNOS<\/a><a style=\"color:#F18B2F;\" href=\"https:\/\/site.educa.madrid.org\/cp.perezgaldos.mostoles\/\/wp-content\/uploads\/cp.perezgaldos.mostoles\/2025\/05\/LECTURA-NORMAS-DATOS-ALUMNO-CON-FOTO-AUTORRELLENABLE.pdf\" target=\"_blank\" rel=\"noreferrer noopener\"><br>   RECOGIDA DE DATOS<\/a><a style=\"color:#F18B2F;\" href=\"https:\/\/site.educa.madrid.org\/cp.perezgaldos.mostoles\/\/wp-content\/uploads\/cp.perezgaldos.mostoles\/2021\/12\/InstruccionesProtecciondeDatosCentros2021_2022_26731297.pdf\"><br>   PROTECCI\u00d3N DE DATOS<\/a><a style=\"color:#F18B2F;\" href=\"https:\/\/site.educa.madrid.org\/cp.perezgaldos.mostoles\/\/wp-content\/uploads\/cp.perezgaldos.mostoles\/2025\/05\/FICHA-MODELO-MATRICULA-AUTORRELLENABLE.pdf\" target=\"_blank\" rel=\"noreferrer noopener\"><br>   MATR\u00cdCULA CURSO 2025\/26<\/a><a style=\"color:#F18B2F;\" href=\"https:\/\/site.educa.madrid.org\/cp.perezgaldos.mostoles\/\/wp-content\/uploads\/cp.perezgaldos.mostoles\/2025\/05\/consen-tom-AUTORRELLENABLE.pdf\" target=\"_blank\" rel=\"noreferrer noopener\"><br>   TRATAMIENTO DE DATOS<\/a><a style=\"color:#F18B2F;\" href=\"https:\/\/site.educa.madrid.org\/cp.perezgaldos.mostoles\/\/wp-content\/uploads\/cp.perezgaldos.mostoles\/2025\/05\/DECLARACION-RESPONSABLE-AUTORRELLENABLE.pdf\" target=\"_blank\" rel=\"noreferrer noopener\"><br>   DECLARACI\u00d3N RESPONSABLE<\/a><\/p>\n\n\n\n<h5 class=\"wp-block-heading\">\n  <strong>\n    <mark style=\"background-color:transparent; color:#3B5B8A; font-family:'Poppins', sans-serif; font-size:15pt;\">\n      PROGRAMA DE PRESTAMO DE LIBROS ACCEDE\n    <\/mark>\n  <\/strong>\n<\/h5>\n\n\n\n<p><a style=\"color:#F18B2F;\" href=\"https:\/\/site.educa.madrid.org\/cp.perezgaldos.mostoles\/\/wp-content\/uploads\/cp.perezgaldos.mostoles\/2022\/09\/DESPERFECTOS-LIBROS.pdf\">DESPERFECTOS LIBROS ACCEDE<\/a><a style=\"color:#F18B2F;\" href=\"https:\/\/site.educa.madrid.org\/cp.perezgaldos.mostoles\/\/wp-content\/uploads\/cp.perezgaldos.mostoles\/2024\/01\/anexo_I_autor_accede.jpg\"><br>ACCEDE ANEXO ADHESI\u00d3N<\/a><a style=\"color:#F18B2F;\" href=\"https:\/\/site.educa.madrid.org\/cp.perezgaldos.mostoles\/\/wp-content\/uploads\/cp.perezgaldos.mostoles\/2025\/06\/AUTORIZACION-ENTREGA-LIBROS-SEPTIEMBRE-1.pdf\"><br>AUTORIZACI\u00d3N ENTREGA DE LIBROS PROGRAMA ACCEDE<\/a><a style=\"color:#F18B2F;\" href=\"https:\/\/site.educa.madrid.org\/cp.perezgaldos.mostoles\/\/wp-content\/uploads\/cp.perezgaldos.mostoles\/2025\/06\/AUTORIZACION-RECOGIDA-LIBROS-SEPTIEMBRE.pdf\"><br>AUTORIZACI\u00d3N RECOGIDA DE LIBROS PROGRAMA ACCEDE  <\/a><strong><mark style=\"background-color:transparent; color:#f18b2f; font-family:'Poppins', sans-serif; font-size:15pt;\"><br><\/mark><\/strong><\/p>\n\n\n\n<p><strong><mark style=\"background-color:transparent; color:#f18b2f; font-family:'Poppins', sans-serif; font-size:15pt;\"><mark style=\"background-color:rgba(0, 0, 0, 0);color:#3b5b8a\" class=\"has-inline-color\">DOCUMENTACI\u00d3N COMEDOR<\/mark><\/mark><\/strong><\/p>\n\n\n\n<p><a style=\"color:#F18B2F;\" href=\"https:\/\/site.educa.madrid.org\/cp.perezgaldos.mostoles\/\/wp-content\/uploads\/cp.perezgaldos.mostoles\/2025\/05\/SOLICITUD-COMEDOR-ESPORADICOS-25-26-.pdf\" target=\"_blank\" rel=\"noreferrer noopener\">SOLICITUD COMEDOR ESPOR\u00c1DICOS 2025\/26<\/a><a style=\"color:#F18B2F;\" href=\"https:\/\/site.educa.madrid.org\/cp.perezgaldos.mostoles\/\/wp-content\/uploads\/cp.perezgaldos.mostoles\/2025\/05\/SOLICITUD-COMEDOR-MENSUAL-25-26-AUTORRELLENABLE.pdf\" target=\"_blank\" rel=\"noreferrer noopener\"><br>SOLICITUD COMEDOR MENSUAL 2025\/26<\/a><a style=\"color:#F18B2F;\" href=\"https:\/\/site.educa.madrid.org\/cp.perezgaldos.mostoles\/\/wp-content\/uploads\/cp.perezgaldos.mostoles\/2024\/01\/baja-de-comedor.pdf\"><br>BAJA COMEDOR<\/a><a style=\"color:#F18B2F;\" href=\"https:\/\/site.educa.madrid.org\/cp.perezgaldos.mostoles\/\/wp-content\/uploads\/cp.perezgaldos.mostoles\/2024\/01\/baja-de-comedor-temporal.pdf\"><br>BAJA COMEDOR TEMPORAL<\/a><\/p>\n\n\n\n<p><\/p>\n\n\n\n<p class=\"has-text-align-left\"><mark style=\"background-color:transparent; color:#f18b2f; font-family:'Poppins', sans-serif; font-size:15pt;\"><strong><mark style=\"background-color:rgba(0, 0, 0, 0);color:#3b5b8a\" class=\"has-inline-color\">PLAN USO INMUEBLES<\/mark><\/strong><\/mark><\/p>\n\n\n\n<p class=\"has-text-align-left\"><a style=\"color:#F18B2F;\" href=\"https:\/\/site.educa.madrid.org\/cp.perezgaldos.mostoles\/\/wp-content\/uploads\/cp.perezgaldos.mostoles\/2024\/10\/PLAN-USO-INMUEBLES-CON-ANEXOS.pdf\">PLAN USO INMUEBLES<br><\/a><br><\/p>\n<\/div>\n\n\n\n<div class=\"wp-block-column is-layout-flow wp-block-column-is-layout-flow\"><div class=\"wp-block-image\">\n<figure class=\"aligncenter size-full is-resized\"><img loading=\"lazy\" decoding=\"async\" width=\"1000\" height=\"1505\" src=\"https:\/\/site.educa.madrid.org\/cp.perezgaldos.mostoles\/\/wp-content\/uploads\/cp.perezgaldos.mostoles\/2026\/04\/image.jpeg\" alt=\"\" class=\"wp-image-5701\" style=\"width:290px;height:auto\" srcset=\"https:\/\/site.educa.madrid.org\/cp.perezgaldos.mostoles\/\/wp-content\/uploads\/cp.perezgaldos.mostoles\/2026\/04\/image.jpeg 1000w, https:\/\/site.educa.madrid.org\/cp.perezgaldos.mostoles\/\/wp-content\/uploads\/cp.perezgaldos.mostoles\/2026\/04\/image-199x300.jpeg 199w, https:\/\/site.educa.madrid.org\/cp.perezgaldos.mostoles\/\/wp-content\/uploads\/cp.perezgaldos.mostoles\/2026\/04\/image-680x1024.jpeg 680w, https:\/\/site.educa.madrid.org\/cp.perezgaldos.mostoles\/\/wp-content\/uploads\/cp.perezgaldos.mostoles\/2026\/04\/image-768x1156.jpeg 768w\" sizes=\"auto, (max-width: 1000px) 100vw, 1000px\" \/><\/figure>\n<\/div>\n\n\n<div style=\"height:22px\" aria-hidden=\"true\" class=\"wp-block-spacer\"><\/div>\n\n\n\n<p><strong><br><\/strong><\/p>\n<\/div>\n<\/div>\n\n\n<div class=\"wp-block-image\">\n<figure class=\"alignright size-full is-resized\"><a href=\"https:\/\/site.educa.madrid.org\/cp.perezgaldos.mostoles\/index.php\/documentos-2\/\"><img loading=\"lazy\" decoding=\"async\" width=\"404\" height=\"205\" src=\"https:\/\/site.educa.madrid.org\/cp.perezgaldos.mostoles\/\/wp-content\/uploads\/cp.perezgaldos.mostoles\/2026\/03\/Captura-de-pantalla-2026-03-25-104407-3.png\" alt=\"\" class=\"wp-image-5586\" style=\"width:90px;height:auto\" srcset=\"https:\/\/site.educa.madrid.org\/cp.perezgaldos.mostoles\/\/wp-content\/uploads\/cp.perezgaldos.mostoles\/2026\/03\/Captura-de-pantalla-2026-03-25-104407-3.png 404w, https:\/\/site.educa.madrid.org\/cp.perezgaldos.mostoles\/\/wp-content\/uploads\/cp.perezgaldos.mostoles\/2026\/03\/Captura-de-pantalla-2026-03-25-104407-3-300x152.png 300w\" sizes=\"auto, (max-width: 404px) 100vw, 404px\" \/><\/a><\/figure>\n<\/div>\n\n\n<p><\/p>\n","protected":false},"excerpt":{"rendered":"<p>DOCUMENTACI\u00d3N DEL ALUMNADO AUTORIZACION DE RECOGIDA DE ALUMNOS RECOGIDA DE DATOS PROTECCI\u00d3N DE DATOS MATR\u00cdCULA CURSO 2025\/26 TRATAMIENTO DE DATOS DECLARACI\u00d3N RESPONSABLE PROGRAMA DE PRESTAMO DE LIBROS ACCEDE DESPERFECTOS LIBROS &#8230;<\/p>\n","protected":false},"author":3,"featured_media":0,"parent":0,"menu_order":0,"comment_status":"closed","ping_status":"closed","template":"","meta":{"footnotes":""},"folder":[],"class_list":["post-897","page","type-page","status-publish","hentry"],"rttpg_featured_image_url":null,"rttpg_author":{"display_name":"cp.perezgaldos.mostoles","author_link":"https:\/\/site.educa.madrid.org\/cp.perezgaldos.mostoles\/index.php\/author\/cuenta_cp-perezgaldos-mostoles\/"},"rttpg_comment":0,"rttpg_category":false,"rttpg_excerpt":"DOCUMENTACI\u00d3N DEL ALUMNADO AUTORIZACION DE RECOGIDA DE ALUMNOS RECOGIDA DE DATOS PROTECCI\u00d3N DE DATOS MATR\u00cdCULA CURSO 2025\/26 TRATAMIENTO DE DATOS DECLARACI\u00d3N RESPONSABLE PROGRAMA DE PRESTAMO DE LIBROS ACCEDE DESPERFECTOS LIBROS ...","post_mailing_queue_ids":[],"_links":{"self":[{"href":"https:\/\/site.educa.madrid.org\/cp.perezgaldos.mostoles\/index.php\/wp-json\/wp\/v2\/pages\/897","targetHints":{"allow":["GET"]}}],"collection":[{"href":"https:\/\/site.educa.madrid.org\/cp.perezgaldos.mostoles\/index.php\/wp-json\/wp\/v2\/pages"}],"about":[{"href":"https:\/\/site.educa.madrid.org\/cp.perezgaldos.mostoles\/index.php\/wp-json\/wp\/v2\/types\/page"}],"author":[{"embeddable":true,"href":"https:\/\/site.educa.madrid.org\/cp.perezgaldos.mostoles\/index.php\/wp-json\/wp\/v2\/users\/3"}],"replies":[{"embeddable":true,"href":"https:\/\/site.educa.madrid.org\/cp.perezgaldos.mostoles\/index.php\/wp-json\/wp\/v2\/comments?post=897"}],"version-history":[{"count":50,"href":"https:\/\/site.educa.madrid.org\/cp.perezgaldos.mostoles\/index.php\/wp-json\/wp\/v2\/pages\/897\/revisions"}],"predecessor-version":[{"id":5709,"href":"https:\/\/site.educa.madrid.org\/cp.perezgaldos.mostoles\/index.php\/wp-json\/wp\/v2\/pages\/897\/revisions\/5709"}],"wp:attachment":[{"href":"https:\/\/site.educa.madrid.org\/cp.perezgaldos.mostoles\/index.php\/wp-json\/wp\/v2\/media?parent=897"}],"wp:term":[{"taxonomy":"folder","embeddable":true,"href":"https:\/\/site.educa.madrid.org\/cp.perezgaldos.mostoles\/index.php\/wp-json\/wp\/v2\/folder?post=897"}],"curies":[{"name":"wp","href":"https:\/\/api.w.org\/{rel}","templated":true}]}}