{"id":167,"date":"2020-08-05T14:26:27","date_gmt":"2020-08-05T14:26:27","guid":{"rendered":"https:\/\/site.educa.madrid.org\/cp.principefelipe.sansebastian\/?page_id=167"},"modified":"2026-03-03T15:04:02","modified_gmt":"2026-03-03T14:04:02","slug":"oferta-educativa","status":"publish","type":"page","link":"https:\/\/site.educa.madrid.org\/cp.principefelipe.sansebastian\/index.php\/oferta-educativa\/","title":{"rendered":"Oferta Educativa"},"content":{"rendered":"\n<div class=\"wp-block-media-text alignwide has-media-on-the-right is-stacked-on-mobile\"><div class=\"wp-block-media-text__content\">\n<h2 class=\"wp-block-heading\">SE\u00d1AS DE IDENTIDAD<\/h2>\n\n\n\n<ul class=\"wp-block-list\">\n<li>Formaci\u00f3n personalizada para una educaci\u00f3n integral.<\/li>\n\n\n\n<li>Participaci\u00f3n de los padres y madres de alumnos\/as.<\/li>\n\n\n\n<li>Igualdad desde el respeto y la no discriminaci\u00f3n.<\/li>\n\n\n\n<li>Desarrollo de la creatividad y del esp\u00edritu cr\u00edtico.<\/li>\n\n\n\n<li>Fomento de los comportamientos democr\u00e1ticos.<\/li>\n\n\n\n<li>Educaci\u00f3n en la paz y la solidaridad.<\/li>\n\n\n\n<li>Pr\u00e1ctica docente cient\u00edfica y abierta al progreso.<\/li>\n\n\n\n<li>Atenci\u00f3n psicopedag\u00f3gica y orientaci\u00f3n educativa.<\/li>\n\n\n\n<li>Metodolog\u00eda pedag\u00f3gica activa.<\/li>\n\n\n\n<li>Evaluaci\u00f3n continua del proceso formativo.<\/li>\n\n\n\n<li>Integraci\u00f3n en el entorno socio-cultural.<\/li>\n\n\n\n<li>Respeto y defensa del medio ambiente.<\/li>\n<\/ul>\n<\/div><figure class=\"wp-block-media-text__media\"><img loading=\"lazy\" decoding=\"async\" width=\"1024\" height=\"682\" src=\"https:\/\/site.educa.madrid.org\/cp.principefelipe.sansebastian\/\/wp-content\/uploads\/cp.principefelipe.sansebastian\/2020\/08\/chicos-oferta-educativa-6612-1024x682.jpg\" alt=\"\" class=\"wp-image-267 size-full\" srcset=\"https:\/\/site.educa.madrid.org\/cp.principefelipe.sansebastian\/\/wp-content\/uploads\/cp.principefelipe.sansebastian\/2020\/08\/chicos-oferta-educativa-6612-1024x682.jpg 1024w, https:\/\/site.educa.madrid.org\/cp.principefelipe.sansebastian\/\/wp-content\/uploads\/cp.principefelipe.sansebastian\/2020\/08\/chicos-oferta-educativa-6612-300x200.jpg 300w, https:\/\/site.educa.madrid.org\/cp.principefelipe.sansebastian\/\/wp-content\/uploads\/cp.principefelipe.sansebastian\/2020\/08\/chicos-oferta-educativa-6612-768x511.jpg 768w, https:\/\/site.educa.madrid.org\/cp.principefelipe.sansebastian\/\/wp-content\/uploads\/cp.principefelipe.sansebastian\/2020\/08\/chicos-oferta-educativa-6612-391x260.jpg 391w, https:\/\/site.educa.madrid.org\/cp.principefelipe.sansebastian\/\/wp-content\/uploads\/cp.principefelipe.sansebastian\/2020\/08\/chicos-oferta-educativa-6612.jpg 1280w\" sizes=\"auto, (max-width: 1024px) 100vw, 1024px\" \/><\/figure><\/div>\n\n\n\n<h2 class=\"wp-block-heading\">PROYECTO PROPIO DE AUTONOM\u00cdA<\/h2>\n\n\n\n<ul class=\"wp-block-list\">\n<li>Proyecto autorizado por la Consejer\u00eda de Educaci\u00f3n y Empleo de la Comunidad de Madrid, mediante la orden 7526\/2012, de 21 de junio.<\/li>\n\n\n\n<li>El objetivo que persigue este Proyecto es el aumento de la Competencia Ling\u00fc\u00edstica del alumnado en el \u00e1rea de Ingl\u00e9s.<\/li>\n\n\n\n<li>Aumento del horario lectivo dedicado al ingl\u00e9s, impartiendo un total de 4 sesiones de ingl\u00e9s a cada grupo de primaria y 3 sesiones en infantil.<\/li>\n\n\n\n<li>Supone potenciar las cuatro destrezas comunicativas: <em>listening, speaking, writing and reading<\/em>.<\/li>\n\n\n\n<li>Potenciar el Plan lector de ingl\u00e9s, mediante lecturas adaptadas a los diferentes niveles y pr\u00e9stamo de libros en ingl\u00e9s.<\/li>\n\n\n\n<li>Inclusi\u00f3n entre las actividades complementarias el visionado de una obra de teatro en ingl\u00e9s.<\/li>\n\n\n\n<li>Celebraci\u00f3n de festividades propias del \u00e1rea inglesa.<\/li>\n<\/ul>\n\n\n\n<h2 class=\"wp-block-heading\">Ofrecemos<\/h2>\n\n\n\n<ul class=\"wp-block-list\">\n<li>Ense\u00f1anza en las Etapas Infantil y Primaria.<\/li>\n\n\n\n<li>\u00c1reas espec\u00edficas: M\u00fasica, Educaci\u00f3n F\u00edsica, Idiomas desde Infantil\u2026<\/li>\n\n\n\n<li>Profesorado especialista en todas las Etapas y \u00c1reas.<\/li>\n\n\n\n<li>Instalaciones espec\u00edficas: Gimnasio, Zonas deportivas y de recreo, Sala de M\u00fasica, Biblioteca, Laboratorio de Ciencias, Sala de Audiovisuales, Aula de Inform\u00e1tica\u2026<\/li>\n\n\n\n<li>Actividades complementarias en horario lectivo: culturales, deportivas, recreativas\u2026<\/li>\n\n\n\n<li>Participaci\u00f3n en actividades formativas organizadas por entidades p\u00fablicas y privadas.<\/li>\n\n\n\n<li>Celebraci\u00f3n escolar de acontecimientos y tradiciones.<\/li>\n\n\n\n<li>Informaci\u00f3n a los padres y madres sobre el proceso de aprendizaje de sus hijos\/as: Reuniones generales, Entrevistas personales, Boletines Informativos de Evaluaci\u00f3n\u2026<\/li>\n\n\n\n<li>Circulares informativas puntuales, sobre asuntos diversos.<\/li>\n\n\n\n<li>Apertura del Centro: Actividades extraescolares organizadas por A.P.A. y Ayuntamiento, Biblioteca, Jornadas Culturales\u2026<\/li>\n\n\n\n<li>Servicio de Comedor Escolar: elaboraci\u00f3n de la comida en el Centro.<\/li>\n\n\n\n<li>Servicio de Desayuno y Atenci\u00f3n a alumnos\/as: desde las 7:30 horas.<\/li>\n\n\n\n<li>Participaci\u00f3n de todos los sectores de la comunidad educativa en los \u00d3rganos Colegiados del Colegio.<\/li>\n\n\n\n<li>Asociaci\u00f3n de Padres y Madres de Alumnos\/as.<\/li>\n\n\n\n<li>Centro de Pr\u00e1cticas para Alumnado de Magisterio.<\/li>\n<\/ul>\n\n\n\n<div class=\"wp-block-file\"><a id=\"wp-block-file--media-c45b07f5-1a53-4228-8774-a52afc66e025\" href=\"https:\/\/site.educa.madrid.org\/cp.principefelipe.sansebastian\/\/wp-content\/uploads\/cp.principefelipe.sansebastian\/2020\/08\/pec_2017.pdf\">Proyecto Educativo<\/a><a href=\"https:\/\/site.educa.madrid.org\/cp.principefelipe.sansebastian\/\/wp-content\/uploads\/cp.principefelipe.sansebastian\/2020\/08\/pec_2017.pdf\" class=\"wp-block-file__button wp-element-button\" download aria-describedby=\"wp-block-file--media-c45b07f5-1a53-4228-8774-a52afc66e025\">Descarga<\/a><\/div>\n\n\n\n<div class=\"wp-block-file\"><a id=\"wp-block-file--media-6b2f0e9b-912b-4f3a-a213-5ca78f8ea374\" href=\"https:\/\/site.educa.madrid.org\/cp.principefelipe.sansebastian\/\/wp-content\/uploads\/cp.principefelipe.sansebastian\/2020\/08\/Plan_CONVIVENCIA.pdf\">Plan de Convivencia<\/a><a href=\"https:\/\/site.educa.madrid.org\/cp.principefelipe.sansebastian\/\/wp-content\/uploads\/cp.principefelipe.sansebastian\/2020\/08\/Plan_CONVIVENCIA.pdf\" class=\"wp-block-file__button wp-element-button\" download aria-describedby=\"wp-block-file--media-6b2f0e9b-912b-4f3a-a213-5ca78f8ea374\">Descarga<\/a><\/div>\n\n\n\n<div class=\"wp-block-file\"><a id=\"wp-block-file--media-90c5d6e2-c7c0-44e1-98f0-a36bebc10c13\" href=\"https:\/\/site.educa.madrid.org\/cp.principefelipe.sansebastian\/\/wp-content\/uploads\/cp.principefelipe.sansebastian\/2020\/08\/plandiversidad.pdf\">Plan de Atenci\u00f3n a la Diversidad<\/a><a href=\"https:\/\/site.educa.madrid.org\/cp.principefelipe.sansebastian\/\/wp-content\/uploads\/cp.principefelipe.sansebastian\/2020\/08\/plandiversidad.pdf\" class=\"wp-block-file__button wp-element-button\" download aria-describedby=\"wp-block-file--media-90c5d6e2-c7c0-44e1-98f0-a36bebc10c13\">Descarga<\/a><\/div>\n\n\n\n<div class=\"wp-block-file\"><a id=\"wp-block-file--media-26137022-5574-4b06-8a08-3c5a53ce9f85\" href=\"https:\/\/site.educa.madrid.org\/cp.principefelipe.sansebastian\/\/wp-content\/uploads\/cp.principefelipe.sansebastian\/2020\/08\/plantutorial.pdf\">Plan de Acci\u00f3n Tutorial<\/a><a href=\"https:\/\/site.educa.madrid.org\/cp.principefelipe.sansebastian\/\/wp-content\/uploads\/cp.principefelipe.sansebastian\/2020\/08\/plantutorial.pdf\" class=\"wp-block-file__button wp-element-button\" download aria-describedby=\"wp-block-file--media-26137022-5574-4b06-8a08-3c5a53ce9f85\">Descarga<\/a><\/div>\n\n\n\n<div class=\"wp-block-file\"><a id=\"wp-block-file--media-638ba821-01ea-4bce-839b-73c512ef5876\" href=\"https:\/\/site.educa.madrid.org\/cp.principefelipe.sansebastian\/\/wp-content\/uploads\/cp.principefelipe.sansebastian\/2020\/08\/PROYECTO-CENTRO-PREFERENTE-OCT-2018.pdf\">Proyecto Centro Preferente<\/a><a href=\"https:\/\/site.educa.madrid.org\/cp.principefelipe.sansebastian\/\/wp-content\/uploads\/cp.principefelipe.sansebastian\/2020\/08\/PROYECTO-CENTRO-PREFERENTE-OCT-2018.pdf\" class=\"wp-block-file__button wp-element-button\" download aria-describedby=\"wp-block-file--media-638ba821-01ea-4bce-839b-73c512ef5876\">Descarga<\/a><\/div>\n\n\n\n<div class=\"wp-block-file\"><a id=\"wp-block-file--media-f5866809-2a90-44a5-91d1-a20f6e8d17c1\" href=\"https:\/\/site.educa.madrid.org\/cp.principefelipe.sansebastian\/\/wp-content\/uploads\/cp.principefelipe.sansebastian\/2020\/08\/planactividades.pdf\">Plan de Actividades Complementarias<\/a><a href=\"https:\/\/site.educa.madrid.org\/cp.principefelipe.sansebastian\/\/wp-content\/uploads\/cp.principefelipe.sansebastian\/2020\/08\/planactividades.pdf\" class=\"wp-block-file__button wp-element-button\" download aria-describedby=\"wp-block-file--media-f5866809-2a90-44a5-91d1-a20f6e8d17c1\">Descarga<\/a><\/div>\n\n\n\n<div class=\"wp-block-file\"><a id=\"wp-block-file--media-f6b08c5a-6488-42ae-bbad-62628e727df1\" href=\"https:\/\/site.educa.madrid.org\/cp.principefelipe.sansebastian\/\/wp-content\/uploads\/cp.principefelipe.sansebastian\/2020\/08\/proyecto_huerto.pdf\">Proyecto de Huerto Escolar<\/a><a href=\"https:\/\/site.educa.madrid.org\/cp.principefelipe.sansebastian\/\/wp-content\/uploads\/cp.principefelipe.sansebastian\/2020\/08\/proyecto_huerto.pdf\" class=\"wp-block-file__button wp-element-button\" download aria-describedby=\"wp-block-file--media-f6b08c5a-6488-42ae-bbad-62628e727df1\">Descarga<\/a><\/div>\n\n\n\n<div class=\"wp-block-file\"><a id=\"wp-block-file--media-56b09bce-310e-4df9-ac2c-a50760c8677d\" href=\"https:\/\/site.educa.madrid.org\/cp.principefelipe.sansebastian\/\/wp-content\/uploads\/cp.principefelipe.sansebastian\/2020\/08\/programadecomedor.pdf\">Programa de Comedor<\/a><a href=\"https:\/\/site.educa.madrid.org\/cp.principefelipe.sansebastian\/\/wp-content\/uploads\/cp.principefelipe.sansebastian\/2020\/08\/programadecomedor.pdf\" class=\"wp-block-file__button wp-element-button\" download aria-describedby=\"wp-block-file--media-56b09bce-310e-4df9-ac2c-a50760c8677d\">Descarga<\/a><\/div>\n\n\n\n<div class=\"wp-block-file\"><a id=\"wp-block-file--media-b7b26ce0-e277-47d9-a6f8-62f6fec6229d\" href=\"https:\/\/site.educa.madrid.org\/cp.principefelipe.sansebastian\/\/wp-content\/uploads\/cp.principefelipe.sansebastian\/2022\/10\/Normativa-devoluciones-comedor.pdf\">Normativa-devoluciones-comedor<\/a><a href=\"https:\/\/site.educa.madrid.org\/cp.principefelipe.sansebastian\/\/wp-content\/uploads\/cp.principefelipe.sansebastian\/2022\/10\/Normativa-devoluciones-comedor.pdf\" class=\"wp-block-file__button wp-element-button\" download aria-describedby=\"wp-block-file--media-b7b26ce0-e277-47d9-a6f8-62f6fec6229d\">Descarga<\/a><\/div>\n\n\n\n<div class=\"wp-block-file\"><a id=\"wp-block-file--media-2ad1f47e-598e-417d-a39b-3268c7f92c24\" href=\"https:\/\/site.educa.madrid.org\/cp.principefelipe.sansebastian\/\/wp-content\/uploads\/cp.principefelipe.sansebastian\/2020\/08\/actividades-pago.pdf\">Normativa del pago de Actividades<\/a><a href=\"https:\/\/site.educa.madrid.org\/cp.principefelipe.sansebastian\/\/wp-content\/uploads\/cp.principefelipe.sansebastian\/2020\/08\/actividades-pago.pdf\" class=\"wp-block-file__button wp-element-button\" download aria-describedby=\"wp-block-file--media-2ad1f47e-598e-417d-a39b-3268c7f92c24\">Descarga<\/a><\/div>\n\n\n\n<div class=\"wp-block-file\"><a id=\"wp-block-file--media-a9a12149-9927-43aa-8f6f-85f95c4c989d\" href=\"https:\/\/site.educa.madrid.org\/cp.principefelipe.sansebastian\/\/wp-content\/uploads\/cp.principefelipe.sansebastian\/2022\/10\/Norma_RECOGIDA-2022-23.pdf\">Norma_RECOGIDA-2022-23<\/a><a href=\"https:\/\/site.educa.madrid.org\/cp.principefelipe.sansebastian\/\/wp-content\/uploads\/cp.principefelipe.sansebastian\/2022\/10\/Norma_RECOGIDA-2022-23.pdf\" class=\"wp-block-file__button wp-element-button\" download aria-describedby=\"wp-block-file--media-a9a12149-9927-43aa-8f6f-85f95c4c989d\">Descarga<\/a><\/div>\n\n\n\n<p><\/p>\n\n\n\n<div class=\"wp-block-file\"><a id=\"wp-block-file--media-67ae47d6-6b06-4b77-bc9d-21dc38a642b0\" href=\"https:\/\/site.educa.madrid.org\/cp.principefelipe.sansebastian\/\/wp-content\/uploads\/cp.principefelipe.sansebastian\/2020\/08\/norma_enfermedad-accidente.pdf\">Normativa de Enfermedad-Accidente<\/a><a href=\"https:\/\/site.educa.madrid.org\/cp.principefelipe.sansebastian\/\/wp-content\/uploads\/cp.principefelipe.sansebastian\/2020\/08\/norma_enfermedad-accidente.pdf\" class=\"wp-block-file__button wp-element-button\" download aria-describedby=\"wp-block-file--media-67ae47d6-6b06-4b77-bc9d-21dc38a642b0\">Descarga<\/a><\/div>\n\n\n\n\n\n<div class=\"wp-block-file\"><a id=\"wp-block-file--media-a6b0cada-6e3d-4523-81d2-9881f4f1a8ec\" href=\"https:\/\/site.educa.madrid.org\/cp.principefelipe.sansebastian\/\/wp-content\/uploads\/cp.principefelipe.sansebastian\/2024\/02\/ANEXO-II-MEMORIA_CEIP-PRINCIPE-FELIPE-1.pdf\">ANEXO II MEMORIA_CEIP PR\u00cdNCIPE FELIPE<\/a><a href=\"https:\/\/site.educa.madrid.org\/cp.principefelipe.sansebastian\/\/wp-content\/uploads\/cp.principefelipe.sansebastian\/2024\/02\/ANEXO-II-MEMORIA_CEIP-PRINCIPE-FELIPE-1.pdf\" class=\"wp-block-file__button wp-element-button\" download aria-describedby=\"wp-block-file--media-a6b0cada-6e3d-4523-81d2-9881f4f1a8ec\">Descarga<\/a><\/div>\n\n\n\n<div class=\"wp-block-file\"><a id=\"wp-block-file--media-2ccc7ae3-a8c6-47d3-b230-e106b71955b6\" href=\"https:\/\/site.educa.madrid.org\/cp.principefelipe.sansebastian\/\/wp-content\/uploads\/cp.principefelipe.sansebastian\/2025\/12\/Anexo-6-Plan-Digital-de-centro-2526.pdf\">Anexo 6- Plan Digital de centro 2526<\/a><a href=\"https:\/\/site.educa.madrid.org\/cp.principefelipe.sansebastian\/\/wp-content\/uploads\/cp.principefelipe.sansebastian\/2025\/12\/Anexo-6-Plan-Digital-de-centro-2526.pdf\" class=\"wp-block-file__button wp-element-button\" download aria-describedby=\"wp-block-file--media-2ccc7ae3-a8c6-47d3-b230-e106b71955b6\">Descarga<\/a><\/div>\n\n\n<div class=\"wp-block-file\"><a id=\"wp-block-file--media-2ccc7ae3-a8c6-47d3-b230-e106b71955b6\" href=\"https:\/\/site.educa.madrid.org\/cp.principefelipe.sansebastian\/\/wp-content\/uploads\/cp.principefelipe.sansebastian\/2026\/03\/Resultados-academicos-2024-2025.pdf\">Resultados Acad\u00e9micos 24-25<\/a><a class=\"wp-block-file__button wp-element-button\" href=\"https:\/\/site.educa.madrid.org\/cp.principefelipe.sansebastian\/\/wp-content\/uploads\/cp.principefelipe.sansebastian\/2026\/03\/Resultados-academicos-2024-2025.pdf\" download=\"\" aria-describedby=\"wp-block-file--media-2ccc7ae3-a8c6-47d3-b230-e106b71955b6\">Descarga<\/a><\/div>\n\n\n<details class=\"wp-block-details is-layout-flow wp-block-details-is-layout-flow\"><summary><\/summary>\n<p><\/p>\n<\/details>\n\n\n\n<p><\/p>\n","protected":false},"excerpt":{"rendered":"<p>PROYECTO PROPIO DE AUTONOM\u00cdA Ofrecemos Resultados Acad\u00e9micos 24-25Descarga<\/p>\n","protected":false},"author":3,"featured_media":0,"parent":0,"menu_order":0,"comment_status":"closed","ping_status":"closed","template":"template-fullwidth.php","meta":{"footnotes":""},"folder":[],"class_list":["post-167","page","type-page","status-publish","hentry"],"rttpg_featured_image_url":null,"rttpg_author":{"display_name":"cp.principefelipe.sansebastian","author_link":"https:\/\/site.educa.madrid.org\/cp.principefelipe.sansebastian\/index.php\/author\/cuenta_cp-principefelipe-sansebastian\/"},"rttpg_comment":0,"rttpg_category":false,"rttpg_excerpt":"PROYECTO PROPIO DE AUTONOM\u00cdA Ofrecemos Resultados Acad\u00e9micos 24-25Descarga","post_mailing_queue_ids":[],"_links":{"self":[{"href":"https:\/\/site.educa.madrid.org\/cp.principefelipe.sansebastian\/index.php\/wp-json\/wp\/v2\/pages\/167","targetHints":{"allow":["GET"]}}],"collection":[{"href":"https:\/\/site.educa.madrid.org\/cp.principefelipe.sansebastian\/index.php\/wp-json\/wp\/v2\/pages"}],"about":[{"href":"https:\/\/site.educa.madrid.org\/cp.principefelipe.sansebastian\/index.php\/wp-json\/wp\/v2\/types\/page"}],"author":[{"embeddable":true,"href":"https:\/\/site.educa.madrid.org\/cp.principefelipe.sansebastian\/index.php\/wp-json\/wp\/v2\/users\/3"}],"replies":[{"embeddable":true,"href":"https:\/\/site.educa.madrid.org\/cp.principefelipe.sansebastian\/index.php\/wp-json\/wp\/v2\/comments?post=167"}],"version-history":[{"count":22,"href":"https:\/\/site.educa.madrid.org\/cp.principefelipe.sansebastian\/index.php\/wp-json\/wp\/v2\/pages\/167\/revisions"}],"predecessor-version":[{"id":666,"href":"https:\/\/site.educa.madrid.org\/cp.principefelipe.sansebastian\/index.php\/wp-json\/wp\/v2\/pages\/167\/revisions\/666"}],"wp:attachment":[{"href":"https:\/\/site.educa.madrid.org\/cp.principefelipe.sansebastian\/index.php\/wp-json\/wp\/v2\/media?parent=167"}],"wp:term":[{"taxonomy":"folder","embeddable":true,"href":"https:\/\/site.educa.madrid.org\/cp.principefelipe.sansebastian\/index.php\/wp-json\/wp\/v2\/folder?post=167"}],"curies":[{"name":"wp","href":"https:\/\/api.w.org\/{rel}","templated":true}]}}