{"id":187,"date":"2020-08-05T14:42:14","date_gmt":"2020-08-05T14:42:14","guid":{"rendered":"https:\/\/site.educa.madrid.org\/cp.principefelipe.sansebastian\/?page_id=187"},"modified":"2025-07-02T13:31:34","modified_gmt":"2025-07-02T11:31:34","slug":"consejo-escolar","status":"publish","type":"page","link":"https:\/\/site.educa.madrid.org\/cp.principefelipe.sansebastian\/index.php\/consejo-escolar\/","title":{"rendered":"Consejo Escolar"},"content":{"rendered":"\n<p><strong>Per\u00edodo 2018-2020<\/strong><\/p>\n\n\n\n<p><strong>FECHA DE CONSTITUCI\u00d3N: 3 de Diciembre de 20<\/strong>24<\/p>\n\n\n\n<div class=\"wp-block-columns is-layout-flex wp-container-core-columns-is-layout-9d6595d7 wp-block-columns-is-layout-flex\">\n<div class=\"wp-block-column is-layout-flow wp-block-column-is-layout-flow\" style=\"flex-basis:66.66%\">\n<h2 class=\"wp-block-heading\">Miembros del Consejo Escolar<\/h2>\n\n\n\n<h3 class=\"wp-block-heading\">EQUIPO DIRECTIVO<\/h3>\n\n\n\n<ul class=\"wp-block-list\">\n<li>Mercedes Posadas Oca\u00f1a<\/li>\n\n\n\n<li>Miryam P\u00e9rez Asensio<\/li>\n\n\n\n<li>Eva M\u00e1rquez Egea<\/li>\n<\/ul>\n\n\n\n<h3 class=\"wp-block-heading\">REPRESENTANTES DEL PROFESORADO<\/h3>\n\n\n\n<ul class=\"wp-block-list\">\n<li>Marta Alonso Calleja<\/li>\n\n\n\n<li>Patricia Geijo S\u00e1nchez<\/li>\n\n\n\n<li>Marta Mart\u00ednez Mart\u00edn<\/li>\n\n\n\n<li>Susana Mena Gal\u00e1n<\/li>\n\n\n\n<li>Leticia Nieto Mart\u00edn<\/li>\n<\/ul>\n\n\n\n<h3 class=\"wp-block-heading\">REPRESENTANTES DE PADRES Y MADRES DE ALUMNOS\/AS<\/h3>\n\n\n\n<ul class=\"wp-block-list\">\n<li>Lourdes Boneu Oliver<\/li>\n\n\n\n<li>Lidia Castillejo \u00c1lvarez<\/li>\n\n\n\n<li>Lorena G\u00f3mez Rubio<\/li>\n\n\n\n<li>Laura Rivera Marrupe<\/li>\n\n\n\n<li>Irene Gadea Cazalilla (AMPA)<\/li>\n<\/ul>\n\n\n\n<h3 class=\"wp-block-heading\">REPRESENTANTE DEL PERSONAL NO DOCENTE<\/h3>\n\n\n\n<ul class=\"wp-block-list\">\n<li>Elena Alia Villase\u00f1or<\/li>\n<\/ul>\n\n\n\n<h3 class=\"wp-block-heading\">REPRESENTANTE DEL AYUNTAMIENTO<\/h3>\n\n\n\n<ul class=\"wp-block-list\">\n<li>Mar\u00eda Ord\u00f3\u00f1ez Lara<\/li>\n<\/ul>\n<\/div>\n\n\n\n<div class=\"wp-block-column is-layout-flow wp-block-column-is-layout-flow\" style=\"flex-basis:33.33%\">\n<figure class=\"wp-block-image size-large\"><img loading=\"lazy\" decoding=\"async\" width=\"800\" height=\"918\" src=\"https:\/\/site.educa.madrid.org\/cp.principefelipe.sansebastian\/\/wp-content\/uploads\/cp.principefelipe.sansebastian\/2020\/08\/globo-mundo-146563-OTNJB1-417.jpg\" alt=\"\" class=\"wp-image-275\" srcset=\"https:\/\/site.educa.madrid.org\/cp.principefelipe.sansebastian\/\/wp-content\/uploads\/cp.principefelipe.sansebastian\/2020\/08\/globo-mundo-146563-OTNJB1-417.jpg 800w, https:\/\/site.educa.madrid.org\/cp.principefelipe.sansebastian\/\/wp-content\/uploads\/cp.principefelipe.sansebastian\/2020\/08\/globo-mundo-146563-OTNJB1-417-261x300.jpg 261w, https:\/\/site.educa.madrid.org\/cp.principefelipe.sansebastian\/\/wp-content\/uploads\/cp.principefelipe.sansebastian\/2020\/08\/globo-mundo-146563-OTNJB1-417-768x881.jpg 768w\" sizes=\"auto, (max-width: 800px) 100vw, 800px\" \/><\/figure>\n<\/div>\n<\/div>\n\n\n\n<hr class=\"wp-block-separator has-text-color has-luminous-vivid-amber-color has-css-opacity has-luminous-vivid-amber-background-color has-background\"\/>\n\n\n\n<div class=\"wp-block-columns is-layout-flex wp-container-core-columns-is-layout-9d6595d7 wp-block-columns-is-layout-flex\">\n<div class=\"wp-block-column is-layout-flow wp-block-column-is-layout-flow\" style=\"flex-basis:66.66%\">\n<h2 class=\"wp-block-heading\">COMISIONES DEL CONSEJO ESCOLAR<\/h2>\n\n\n\n<h3 class=\"wp-block-heading\">COMISI\u00d3N PERMANENTE<\/h3>\n\n\n\n<ul class=\"wp-block-list\">\n<li>Mercedes Posadas Oca\u00f1a<\/li>\n\n\n\n<li>Lidia Castillejo \u00c1lvarez<\/li>\n\n\n\n<li>Leticia Nieto Mart\u00edn<\/li>\n\n\n\n<li>Patricia Geijo S\u00e1nchez<\/li>\n<\/ul>\n\n\n\n<h3 class=\"wp-block-heading\">COMISI\u00d3N DE CONVIVENCIA Y ABSENTISMO<\/h3>\n\n\n\n<ul class=\"wp-block-list\">\n<li>Mercedes Posadas Oca\u00f1a<\/li>\n\n\n\n<li>Miryam P\u00e9rez Asensio<\/li>\n\n\n\n<li>Leticia Nieto Mart\u00edn<\/li>\n\n\n\n<li>Laura Rivera Marrupe<\/li>\n\n\n\n<li>Marta Mart\u00ednez Mart\u00edn<\/li>\n\n\n\n<li>Lorena G\u00f3mez Rubio<\/li>\n<\/ul>\n\n\n\n<h3 class=\"wp-block-heading\">COMISI\u00d3N ECON\u00d3MICA<\/h3>\n\n\n\n<ul class=\"wp-block-list\">\n<li>Mercedes Posadas Oca\u00f1a<\/li>\n\n\n\n<li>Eva M\u00e1rquez Egea<\/li>\n\n\n\n<li>Marta Alonso Calleja<\/li>\n\n\n\n<li>Lourdes Boneu Oliver<\/li>\n<\/ul>\n\n\n\n<h3 class=\"wp-block-heading\">COMISI\u00d3N DE COMEDOR<\/h3>\n\n\n\n<ul class=\"wp-block-list\">\n<li>Mercedes Posadas Oca\u00f1a<\/li>\n\n\n\n<li>Eva M\u00e1rquez Egea<\/li>\n\n\n\n<li>Lorena G\u00f3mez Rubio<\/li>\n\n\n\n<li>Irene Gadea Cazalilla<\/li>\n\n\n\n<li>Elena Alia Villase\u00f1or<\/li>\n\n\n\n<li>Lidia Castillejo \u00c1lvarez<\/li>\n\n\n\n<li>Miryam Rodr\u00edguez (Gastronomic)<\/li>\n\n\n\n<li>Leticia Nieto Mart\u00edn<\/li>\n<\/ul>\n\n\n\n<h3 class=\"wp-block-heading\">COMISI\u00d3N ACCEDE PR\u00c9STAMO LIBROS<\/h3>\n\n\n\n<ul class=\"wp-block-list\">\n<li>Mercedes Posadas Oca\u00f1a<\/li>\n\n\n\n<li>Eva M\u00e1rquez Egea<\/li>\n\n\n\n<li>Patricia Geijo S\u00e1nchez<\/li>\n<\/ul>\n<\/div>\n\n\n\n<div class=\"wp-block-column is-layout-flow wp-block-column-is-layout-flow\" style=\"flex-basis:33.33%\">\n<figure class=\"wp-block-image size-large\"><img loading=\"lazy\" decoding=\"async\" width=\"800\" height=\"918\" src=\"https:\/\/site.educa.madrid.org\/cp.principefelipe.sansebastian\/\/wp-content\/uploads\/cp.principefelipe.sansebastian\/2020\/08\/ninos-pizarra-146563-OTNJB1-417.jpg\" alt=\"\" class=\"wp-image-274\" srcset=\"https:\/\/site.educa.madrid.org\/cp.principefelipe.sansebastian\/\/wp-content\/uploads\/cp.principefelipe.sansebastian\/2020\/08\/ninos-pizarra-146563-OTNJB1-417.jpg 800w, https:\/\/site.educa.madrid.org\/cp.principefelipe.sansebastian\/\/wp-content\/uploads\/cp.principefelipe.sansebastian\/2020\/08\/ninos-pizarra-146563-OTNJB1-417-261x300.jpg 261w, https:\/\/site.educa.madrid.org\/cp.principefelipe.sansebastian\/\/wp-content\/uploads\/cp.principefelipe.sansebastian\/2020\/08\/ninos-pizarra-146563-OTNJB1-417-768x881.jpg 768w\" sizes=\"auto, (max-width: 800px) 100vw, 800px\" \/><\/figure>\n<\/div>\n<\/div>\n","protected":false},"excerpt":{"rendered":"<p>Per\u00edodo 2018-2020 FECHA DE CONSTITUCI\u00d3N: 3 de Diciembre de 2024 Miembros del Consejo Escolar EQUIPO DIRECTIVO REPRESENTANTES DEL PROFESORADO REPRESENTANTES DE PADRES Y MADRES DE ALUMNOS\/AS REPRESENTANTE DEL PERSONAL NO &#8230;<\/p>\n","protected":false},"author":3,"featured_media":0,"parent":0,"menu_order":0,"comment_status":"closed","ping_status":"closed","template":"template-fullwidth.php","meta":{"footnotes":""},"folder":[],"class_list":["post-187","page","type-page","status-publish","hentry"],"rttpg_featured_image_url":null,"rttpg_author":{"display_name":"cp.principefelipe.sansebastian","author_link":"https:\/\/site.educa.madrid.org\/cp.principefelipe.sansebastian\/index.php\/author\/cuenta_cp-principefelipe-sansebastian\/"},"rttpg_comment":0,"rttpg_category":false,"rttpg_excerpt":"Per\u00edodo 2018-2020 FECHA DE CONSTITUCI\u00d3N: 3 de Diciembre de 2024 Miembros del Consejo Escolar EQUIPO DIRECTIVO REPRESENTANTES DEL PROFESORADO REPRESENTANTES DE PADRES Y MADRES DE ALUMNOS\/AS REPRESENTANTE DEL PERSONAL NO ...","post_mailing_queue_ids":[],"_links":{"self":[{"href":"https:\/\/site.educa.madrid.org\/cp.principefelipe.sansebastian\/index.php\/wp-json\/wp\/v2\/pages\/187","targetHints":{"allow":["GET"]}}],"collection":[{"href":"https:\/\/site.educa.madrid.org\/cp.principefelipe.sansebastian\/index.php\/wp-json\/wp\/v2\/pages"}],"about":[{"href":"https:\/\/site.educa.madrid.org\/cp.principefelipe.sansebastian\/index.php\/wp-json\/wp\/v2\/types\/page"}],"author":[{"embeddable":true,"href":"https:\/\/site.educa.madrid.org\/cp.principefelipe.sansebastian\/index.php\/wp-json\/wp\/v2\/users\/3"}],"replies":[{"embeddable":true,"href":"https:\/\/site.educa.madrid.org\/cp.principefelipe.sansebastian\/index.php\/wp-json\/wp\/v2\/comments?post=187"}],"version-history":[{"count":7,"href":"https:\/\/site.educa.madrid.org\/cp.principefelipe.sansebastian\/index.php\/wp-json\/wp\/v2\/pages\/187\/revisions"}],"predecessor-version":[{"id":638,"href":"https:\/\/site.educa.madrid.org\/cp.principefelipe.sansebastian\/index.php\/wp-json\/wp\/v2\/pages\/187\/revisions\/638"}],"wp:attachment":[{"href":"https:\/\/site.educa.madrid.org\/cp.principefelipe.sansebastian\/index.php\/wp-json\/wp\/v2\/media?parent=187"}],"wp:term":[{"taxonomy":"folder","embeddable":true,"href":"https:\/\/site.educa.madrid.org\/cp.principefelipe.sansebastian\/index.php\/wp-json\/wp\/v2\/folder?post=187"}],"curies":[{"name":"wp","href":"https:\/\/api.w.org\/{rel}","templated":true}]}}