{"id":213,"date":"2020-08-05T15:19:07","date_gmt":"2020-08-05T15:19:07","guid":{"rendered":"https:\/\/site.educa.madrid.org\/cp.principefelipe.sansebastian\/?page_id=213"},"modified":"2020-08-07T15:41:59","modified_gmt":"2020-08-07T15:41:59","slug":"los-blogs-del-cole","status":"publish","type":"page","link":"https:\/\/site.educa.madrid.org\/cp.principefelipe.sansebastian\/index.php\/los-blogs-del-cole\/","title":{"rendered":"Los Blogs del Cole"},"content":{"rendered":"\n<div class=\"wp-block-columns is-layout-flex wp-container-core-columns-is-layout-9d6595d7 wp-block-columns-is-layout-flex\">\n<div class=\"wp-block-column is-layout-flow wp-block-column-is-layout-flow\">\n<div class=\"wp-block-image\"><figure class=\"aligncenter size-large\"><a href=\"http:\/\/educacionfisicaprincipefelipe.blogspot.com\/\"><img decoding=\"async\" src=\"http:\/\/2.bp.blogspot.com\/-V94750ROBfA\/WJURoXKtgkI\/AAAAAAAADCY\/oaz5XQ41uVAsWThb-wmF4qbhjYNQoGMIACK4B\/s226\/educa.jpg\" alt=\"\"\/><\/a><figcaption>EDUCACI\u00d3N F\u00cdSICA<\/figcaption><\/figure><\/div>\n\n\n\n<div class=\"wp-block-image\"><figure class=\"aligncenter size-large\"><a href=\"http:\/\/primercicloprincipefelipe.blogspot.com\/\"><img decoding=\"async\" src=\"https:\/\/4.bp.blogspot.com\/-k-IYaKpde54\/Vuc9TiUZBYI\/AAAAAAAACq4\/ejh41UwCKKc9X4n3Nk3nOKEFg2LAQ0Pag\/s400\/20160314_162528.jpg\" alt=\"\"\/><\/a><figcaption>PRIMER CICLO<\/figcaption><\/figure><\/div>\n\n\n\n<div class=\"wp-block-image\"><figure class=\"aligncenter size-large\"><a href=\"http:\/\/operaprincipefelipe.blogspot.com\/\"><img decoding=\"async\" src=\"http:\/\/4.bp.blogspot.com\/-oE8he_bvjQw\/XEnPMjludAI\/AAAAAAAADZo\/YcCwq9Wqf5I-bAREr93nhbLEch6-B5X3QCK4BGAYYCw\/s1600\/LOGO%2BDEFINITIVO%2BLAS%2BCLAVES%2BDEL%2BDESTINO.jpg\" alt=\"\"\/><\/a><figcaption>COMPA\u00d1\u00cdA \u00d3PERA: LAS CLAVES DEL DESTINO<\/figcaption><\/figure><\/div>\n\n\n\n<div class=\"wp-block-image\"><figure class=\"aligncenter size-large\"><a href=\"http:\/\/blogsegundoprincipefelipe.blogspot.com\/\"><img loading=\"lazy\" decoding=\"async\" width=\"265\" height=\"196\" src=\"https:\/\/site.educa.madrid.org\/cp.principefelipe.sansebastian\/\/wp-content\/uploads\/cp.principefelipe.sansebastian\/2020\/08\/blog-segundo.jpg\" alt=\"\" class=\"wp-image-281\"\/><\/a><figcaption>EL BLOG DE SEGUNDO<\/figcaption><\/figure><\/div>\n<\/div>\n\n\n\n<div class=\"wp-block-column is-layout-flow wp-block-column-is-layout-flow\">\n<div class=\"wp-block-image\"><figure class=\"aligncenter size-large\"><a href=\"http:\/\/elcoleprincipefelipe.blogspot.com\/\"><img loading=\"lazy\" decoding=\"async\" width=\"600\" height=\"402\" src=\"https:\/\/site.educa.madrid.org\/cp.principefelipe.sansebastian\/\/wp-content\/uploads\/cp.principefelipe.sansebastian\/2020\/07\/ampa-img-principefelipe.jpg\" alt=\"\" class=\"wp-image-118\" srcset=\"https:\/\/site.educa.madrid.org\/cp.principefelipe.sansebastian\/\/wp-content\/uploads\/cp.principefelipe.sansebastian\/2020\/07\/ampa-img-principefelipe.jpg 600w, https:\/\/site.educa.madrid.org\/cp.principefelipe.sansebastian\/\/wp-content\/uploads\/cp.principefelipe.sansebastian\/2020\/07\/ampa-img-principefelipe-300x201.jpg 300w\" sizes=\"auto, (max-width: 600px) 100vw, 600px\" \/><\/a><figcaption>EL COLE<\/figcaption><\/figure><\/div>\n\n\n\n<div class=\"wp-block-image\"><figure class=\"aligncenter size-large\"><a href=\"http:\/\/infantilprincipe.blogspot.com.es\/\"><img decoding=\"async\" src=\"https:\/\/1.bp.blogspot.com\/-4Z_H5zS9_N0\/XnHrjlgP6iI\/AAAAAAAAVS8\/nqwjKzknRqwmDE131_UKvDbBaoftiTgRwCLcBGAsYHQ\/s320\/IMG_6502.JPG\" alt=\"\"\/><\/a><figcaption>INFANTIL<\/figcaption><\/figure><\/div>\n\n\n\n<div class=\"wp-block-image\"><figure class=\"aligncenter size-large\"><a href=\"http:\/\/inglesprincipefelipe.blogspot.com.es\/\"><img loading=\"lazy\" decoding=\"async\" width=\"800\" height=\"361\" src=\"https:\/\/site.educa.madrid.org\/cp.principefelipe.sansebastian\/\/wp-content\/uploads\/cp.principefelipe.sansebastian\/2020\/08\/english-blog-5863.jpg\" alt=\"\" class=\"wp-image-280\" srcset=\"https:\/\/site.educa.madrid.org\/cp.principefelipe.sansebastian\/\/wp-content\/uploads\/cp.principefelipe.sansebastian\/2020\/08\/english-blog-5863.jpg 800w, https:\/\/site.educa.madrid.org\/cp.principefelipe.sansebastian\/\/wp-content\/uploads\/cp.principefelipe.sansebastian\/2020\/08\/english-blog-5863-300x135.jpg 300w, https:\/\/site.educa.madrid.org\/cp.principefelipe.sansebastian\/\/wp-content\/uploads\/cp.principefelipe.sansebastian\/2020\/08\/english-blog-5863-768x347.jpg 768w\" sizes=\"auto, (max-width: 800px) 100vw, 800px\" \/><\/a><figcaption>INGL\u00c9S<\/figcaption><\/figure><\/div>\n\n\n\n<div class=\"wp-block-image\"><figure class=\"aligncenter size-large\"><a href=\"http:\/\/aulatobogan.blogspot.com.es\/\"><img decoding=\"async\" src=\"http:\/\/3.bp.blogspot.com\/-evoFohvGb7I\/WB-NCgPTrkI\/AAAAAAAAACA\/giDrl0skTZUQrSLGRz1dl3KNfY_W8J1zACK4B\/s910\/TOBOGAN%2BBLOG.png\" alt=\"\"\/><\/a><figcaption>AULA TOBOG\u00c1N<\/figcaption><\/figure><\/div>\n<\/div>\n<\/div>\n\n\n\n<div class=\"wp-block-columns is-layout-flex wp-container-core-columns-is-layout-9d6595d7 wp-block-columns-is-layout-flex\">\n<div class=\"wp-block-column is-layout-flow wp-block-column-is-layout-flow\"><\/div>\n\n\n\n<div class=\"wp-block-column is-layout-flow wp-block-column-is-layout-flow\"><\/div>\n<\/div>\n","protected":false},"excerpt":{"rendered":"","protected":false},"author":3,"featured_media":0,"parent":0,"menu_order":0,"comment_status":"closed","ping_status":"closed","template":"template-fullwidth.php","meta":{"footnotes":""},"folder":[],"class_list":["post-213","page","type-page","status-publish","hentry"],"rttpg_featured_image_url":null,"rttpg_author":{"display_name":"cp.principefelipe.sansebastian","author_link":"https:\/\/site.educa.madrid.org\/cp.principefelipe.sansebastian\/index.php\/author\/cuenta_cp-principefelipe-sansebastian\/"},"rttpg_comment":0,"rttpg_category":false,"rttpg_excerpt":null,"post_mailing_queue_ids":[],"_links":{"self":[{"href":"https:\/\/site.educa.madrid.org\/cp.principefelipe.sansebastian\/index.php\/wp-json\/wp\/v2\/pages\/213","targetHints":{"allow":["GET"]}}],"collection":[{"href":"https:\/\/site.educa.madrid.org\/cp.principefelipe.sansebastian\/index.php\/wp-json\/wp\/v2\/pages"}],"about":[{"href":"https:\/\/site.educa.madrid.org\/cp.principefelipe.sansebastian\/index.php\/wp-json\/wp\/v2\/types\/page"}],"author":[{"embeddable":true,"href":"https:\/\/site.educa.madrid.org\/cp.principefelipe.sansebastian\/index.php\/wp-json\/wp\/v2\/users\/3"}],"replies":[{"embeddable":true,"href":"https:\/\/site.educa.madrid.org\/cp.principefelipe.sansebastian\/index.php\/wp-json\/wp\/v2\/comments?post=213"}],"version-history":[{"count":5,"href":"https:\/\/site.educa.madrid.org\/cp.principefelipe.sansebastian\/index.php\/wp-json\/wp\/v2\/pages\/213\/revisions"}],"predecessor-version":[{"id":282,"href":"https:\/\/site.educa.madrid.org\/cp.principefelipe.sansebastian\/index.php\/wp-json\/wp\/v2\/pages\/213\/revisions\/282"}],"wp:attachment":[{"href":"https:\/\/site.educa.madrid.org\/cp.principefelipe.sansebastian\/index.php\/wp-json\/wp\/v2\/media?parent=213"}],"wp:term":[{"taxonomy":"folder","embeddable":true,"href":"https:\/\/site.educa.madrid.org\/cp.principefelipe.sansebastian\/index.php\/wp-json\/wp\/v2\/folder?post=213"}],"curies":[{"name":"wp","href":"https:\/\/api.w.org\/{rel}","templated":true}]}}