{"id":1312,"date":"2020-03-30T07:55:53","date_gmt":"2020-03-30T05:55:53","guid":{"rendered":"https:\/\/site.educa.madrid.org\/cp.sanjuandelacruz.madrid\/?page_id=1312"},"modified":"2026-03-18T11:27:23","modified_gmt":"2026-03-18T10:27:23","slug":"admision-de-alumnos","status":"publish","type":"page","link":"https:\/\/site.educa.madrid.org\/cp.sanjuandelacruz.madrid\/index.php\/admision-de-alumnos\/","title":{"rendered":"ADMISI\u00d3N DE ALUMNOS"},"content":{"rendered":"\n<p class=\"has-very-light-gray-color has-vivid-red-background-color has-text-color has-background has-medium-font-size\">\u00bf<strong>Qui\u00e9nes tienen que participar<\/strong>?<\/p>\n\n\n\n<p>Tienen que&nbsp;participar en&nbsp;el Proceso de Admisi\u00f3n para el curso 2026\/2027 los alumnos que:<\/p>\n\n\n\n<ul class=\"wp-block-list\">\n<li>Acceden por&nbsp;<strong>primera vez&nbsp;<\/strong>a centros de<strong>&nbsp;Educaci\u00f3n Infantil&nbsp;<\/strong>(3-6 a\u00f1os),&nbsp;de&nbsp;<strong>Educaci\u00f3n Primaria<\/strong>&nbsp;o de<strong>&nbsp;Educaci\u00f3n Especial&nbsp;<\/strong>sostenidos con fondos p\u00fablicos en el curso 2026\/2027.<\/li>\n\n\n\n<li>Soliciten un&nbsp;<strong>centro de Educaci\u00f3n Primaria<\/strong>&nbsp;o de&nbsp;<strong>Educaci\u00f3n Secundaria<\/strong>&nbsp;<strong>diferente&nbsp;a aquel que les corresponda por adscripci\u00f3n \u00fanica<\/strong>.<\/li>\n\n\n\n<li><strong>Deseen<\/strong>&nbsp;<strong>cambiar de centro.<\/strong><\/li>\n<\/ul>\n\n\n\n<p class=\"has-very-light-gray-color has-vivid-red-background-color has-text-color has-background has-medium-font-size\"><strong><strong><strong>Informaci\u00f3n general de inter\u00e9s en relaci\u00f3n al proceso.<\/strong><\/strong><\/strong><\/p>\n\n\n\n<ul class=\"wp-block-list\">\n<li><a href=\"https:\/\/www.bocm.es\/boletin\/CM_Orden_BOCM\/2025\/12\/09\/BOCM-20251209-19.PDF\">Resoluci\u00f3n por la que se dictan&nbsp;<strong>instrucciones&nbsp;<\/strong>sobre qui\u00e9nes tienen que participar en el&nbsp;<strong>proceso de admisi\u00f3n curso 26\/27.<\/strong><\/a><a href=\"https:\/\/drive.google.com\/file\/d\/1-boCikNw03szDKeeIJglg2NA9mD73F3P\/view?usp=sharing\" target=\"_blank\" rel=\"noreferrer noopener\"><\/a><\/li>\n<\/ul>\n\n\n\n<p>Toda la <strong>informaci\u00f3n general<\/strong> acerca del proceso de escolarizaci\u00f3n se encuentra en la siguiente direcci\u00f3n web:<\/p>\n\n\n\n<p><a href=\"https:\/\/www.comunidad.madrid\/servicios\/educacion\/solicita-tu-admision-educacion-infantil-obligatoria-bachillerato\">https:\/\/www.comunidad.madrid\/servicios\/educacion\/solicita-tu-admision-educacion-infantil-obligatoria-bachillerato<\/a><\/p>\n\n\n\n<p class=\"has-very-light-gray-color has-vivid-red-background-color has-text-color has-background has-medium-font-size\"><strong><strong><strong>Informaci\u00f3n espec\u00edfica del centro de inter\u00e9s en relaci\u00f3n al proceso.<\/strong><\/strong><\/strong><\/p>\n\n\n\n<p><a href=\"https:\/\/site.educa.madrid.org\/cp.sanjuandelacruz.madrid\/\/wp-content\/uploads\/cp.sanjuandelacruz.madrid\/2023\/03\/Criterio-complementario.pdf\"><strong>Punto adicional<\/strong>&nbsp;<strong>otorgado por el centro<\/strong><\/a>&nbsp;para el proceso de Admisi\u00f3n relativo al curso 2026\/27:<\/p>\n\n\n\n<p><strong>Vivir o trabajar en Chamart\u00edn o ser familiar hasta tercer grado de antiguo alumno o trabajador del centro.<\/strong><\/p>\n\n\n\n<p><\/p>\n\n\n\n<ul class=\"wp-block-list\">\n<li><a href=\"https:\/\/site.educa.madrid.org\/cp.sanjuandelacruz.madrid\/\/wp-content\/uploads\/cp.sanjuandelacruz.madrid\/2023\/03\/centros-adscritos-CEIP-San-Juan-de-la-Cruz.pdf\" data-type=\"URL\" target=\"_blank\" rel=\"noreferrer noopener\">Centro de adscripci\u00f3n \u00fanica del centro:  <strong>IES Santamarca.<\/strong><\/a><\/li>\n\n\n\n<li><a rel=\"noreferrer noopener\" href=\"https:\/\/site.educa.madrid.org\/cp.sanjuandelacruz.madrid\/\/wp-content\/uploads\/cp.sanjuandelacruz.madrid\/2023\/03\/centros-adscritos-CEIP-San-Juan-de-la-Cruz.pdf\" target=\"_blank\">Centro de adscripci\u00f3n  m\u00faltiple ordinaria:  <strong>IES Jaime Vera <\/strong><\/a><\/li>\n\n\n\n<li><a href=\"https:\/\/site.educa.madrid.org\/cp.sanjuandelacruz.madrid\/\/wp-content\/uploads\/cp.sanjuandelacruz.madrid\/2023\/03\/centros-adscritos-CEIP-San-Juan-de-la-Cruz.pdf\">Centros de adscripci\u00f3n m\u00faltiple biling\u00fce los adjuntos en el documento.<\/a><\/li>\n\n\n\n<li><a href=\"https:\/\/site.educa.madrid.org\/cp.sanjuandelacruz.madrid\/\/wp-content\/uploads\/cp.sanjuandelacruz.madrid\/2025\/02\/Unidades-autorizadas-2526.pdf\" target=\"_blank\" rel=\"noreferrer noopener\">Unidades autorizadas curso 2026\/202<\/a>7<\/li>\n\n\n\n<li><strong>Vacantes ofertadas por el centro.<\/strong><\/li>\n<\/ul>\n\n\n\n<figure class=\"wp-block-image size-large is-resized\"><img loading=\"lazy\" decoding=\"async\" width=\"724\" height=\"1024\" src=\"https:\/\/site.educa.madrid.org\/cp.sanjuandelacruz.madrid\/\/wp-content\/uploads\/cp.sanjuandelacruz.madrid\/2026\/03\/Vacantes-20262027_page-0001-724x1024.jpg\" alt=\"\" class=\"wp-image-6973\" style=\"width:579px;height:auto\" srcset=\"https:\/\/site.educa.madrid.org\/cp.sanjuandelacruz.madrid\/\/wp-content\/uploads\/cp.sanjuandelacruz.madrid\/2026\/03\/Vacantes-20262027_page-0001-724x1024.jpg 724w, https:\/\/site.educa.madrid.org\/cp.sanjuandelacruz.madrid\/\/wp-content\/uploads\/cp.sanjuandelacruz.madrid\/2026\/03\/Vacantes-20262027_page-0001-212x300.jpg 212w, https:\/\/site.educa.madrid.org\/cp.sanjuandelacruz.madrid\/\/wp-content\/uploads\/cp.sanjuandelacruz.madrid\/2026\/03\/Vacantes-20262027_page-0001-768x1087.jpg 768w, https:\/\/site.educa.madrid.org\/cp.sanjuandelacruz.madrid\/\/wp-content\/uploads\/cp.sanjuandelacruz.madrid\/2026\/03\/Vacantes-20262027_page-0001-1085x1536.jpg 1085w, https:\/\/site.educa.madrid.org\/cp.sanjuandelacruz.madrid\/\/wp-content\/uploads\/cp.sanjuandelacruz.madrid\/2026\/03\/Vacantes-20262027_page-0001.jpg 1240w\" sizes=\"auto, (max-width: 724px) 100vw, 724px\" \/><\/figure>\n\n\n\n<p><strong>El anexo I publicado el 9 de marzo de 2026 de PLAZAS VACANTES OFERTADAS por el centro CEIP San Juan de la Cruz con c\u00f3digo 28006354, queda sustituido por el adjunto debido a la modificaci\u00f3n de vacantes del centro para el proceso de admisi\u00f3n 2026\/2027.<\/strong><\/p>\n\n\n\n<div class=\"wp-block-file\"><a id=\"wp-block-file--media-87934c5d-c73f-4976-acba-b90757f38814\" href=\"https:\/\/site.educa.madrid.org\/cp.sanjuandelacruz.madrid\/\/wp-content\/uploads\/cp.sanjuandelacruz.madrid\/2026\/03\/Anexo_I._Modificacion-Plazas_vacantes_ofertadas_Trabajo.docx\">Anexo_I._Modificaci\u00f3n Plazas_vacantes_ofertadas_(Trabajo)<\/a><a href=\"https:\/\/site.educa.madrid.org\/cp.sanjuandelacruz.madrid\/\/wp-content\/uploads\/cp.sanjuandelacruz.madrid\/2026\/03\/Anexo_I._Modificacion-Plazas_vacantes_ofertadas_Trabajo.docx\" class=\"wp-block-file__button wp-element-button\" download aria-describedby=\"wp-block-file--media-87934c5d-c73f-4976-acba-b90757f38814\">Descarga<\/a><\/div>\n\n\n\n<p><strong>SERVICIO DE APOYO A LA ESCOLARIZACI\u00d3N MADRID CAPITAL<\/strong><\/p>\n\n\n\n<p><strong>SERVICIO ATENCI\u00d3N CON CITA PREVIA<\/strong><\/p>\n\n\n\n<p>Para Todos los casos se puede solicitar a trav\u00e9s del siguiente enlace:&nbsp;&nbsp;<a href=\"https:\/\/gestiona.comunidad.madrid\/ctac_cita\/dat\" target=\"_blank\" rel=\"noreferrer noopener\">https:\/\/gestiona7.madrid.org\/CTAC_CITA\/DAT<\/a> <\/p>\n\n\n\n<p>Ubicaci\u00f3n:&nbsp; &nbsp; DAT Madrid-Capital&nbsp; Calle Vitruvio, 2 &#8211; 28006 3\u00ba planta<\/p>\n\n\n\n<p><strong>ATENCI\u00d3N TELEF\u00d3NICA Y POR CORREO ELECTR\u00d3NICO<\/strong><\/p>\n\n\n\n<ul class=\"wp-block-list\">\n<li>Escolarizaci\u00f3n alumnado general:<\/li>\n<\/ul>\n\n\n\n<p>917203037   917203035   917203038   917203039   917203034  917203210   91720321<\/p>\n\n\n\n<p><a href=\"mailto:escolarizacion.sae.cap@madrid.org\" target=\"_blank\" rel=\"noreferrer noopener\">escolarizacion.sae.cap@madrid.org<\/a><\/p>\n\n\n\n<ul class=\"wp-block-list\">\n<li>Escolarizaci\u00f3n alumnado con Necesidades Educativas Especiales<\/li>\n<\/ul>\n\n\n\n<p>917203310<\/p>\n\n\n\n<p><a href=\"mailto:sae.nee.capital@madrid.org\" target=\"_blank\" rel=\"noreferrer noopener\">sae.nee.capital@madrid.org<\/a><\/p>\n\n\n\n<ul class=\"wp-block-list\">\n<li>Escolarizaci\u00f3n alumnado de Educaci\u00f3n Especial<\/li>\n<\/ul>\n\n\n\n<p>917203315<\/p>\n\n\n\n<p><\/p>\n\n\n\n<p><a href=\"mailto:sae.nee.capital@madrid.org\" target=\"_blank\" rel=\"noreferrer noopener\">sae.nee.capital@madrid.org<\/a><\/p>\n\n\n\n<ul class=\"wp-block-list\">\n<li><a href=\"https:\/\/site.educa.madrid.org\/cp.sanjuandelacruz.madrid\/\/wp-content\/uploads\/cp.sanjuandelacruz.madrid\/2023\/03\/centros-adscritos-CEIP-San-Juan-de-la-Cruz.pdf\" data-type=\"URL\" target=\"_blank\" rel=\"noreferrer noopener\">Centro de adscripci\u00f3n \u00fanica del centro:  <strong>IES Santamarca.<\/strong><\/a><\/li>\n\n\n\n<li><a rel=\"noreferrer noopener\" href=\"https:\/\/site.educa.madrid.org\/cp.sanjuandelacruz.madrid\/\/wp-content\/uploads\/cp.sanjuandelacruz.madrid\/2023\/03\/centros-adscritos-CEIP-San-Juan-de-la-Cruz.pdf\" target=\"_blank\">Centro de adscripci\u00f3n  m\u00faltiple ordinaria:  <strong>IES Jaime Vera <\/strong><\/a><\/li>\n\n\n\n<li><a href=\"https:\/\/site.educa.madrid.org\/cp.sanjuandelacruz.madrid\/\/wp-content\/uploads\/cp.sanjuandelacruz.madrid\/2023\/03\/centros-adscritos-CEIP-San-Juan-de-la-Cruz.pdf\">Centros de adscripci\u00f3n m\u00faltiple biling\u00fce los adjuntos en el documento.<\/a><\/li>\n<\/ul>\n\n\n\n<ul class=\"wp-block-list\">\n<li><a href=\"https:\/\/site.educa.madrid.org\/cp.sanjuandelacruz.madrid\/\/wp-content\/uploads\/cp.sanjuandelacruz.madrid\/2025\/02\/Unidades-autorizadas-2526.pdf\" target=\"_blank\" rel=\"noreferrer noopener\">Unidades autorizadas curso 2026\/202<\/a>7<\/li>\n<\/ul>\n\n\n\n<ul class=\"wp-block-list\">\n<li><strong><a href=\"https:\/\/site.educa.madrid.org\/cp.sanjuandelacruz.madrid\/index.php\/instagram\/\" data-type=\"page\" data-id=\"6337\">Vacantes ofertadas por el centro.<\/a><\/strong><\/li>\n<\/ul>\n\n\n\n<p class=\"has-very-light-gray-color has-vivid-red-background-color has-text-color has-background has-medium-font-size\"><strong>Plazo y forma de presentaci\u00f3n de solicitudes<\/strong><\/p>\n\n\n\n<p>El plazo en el proceso ordinario de admisi\u00f3n de alumnos para la <strong>presentaci\u00f3n de solicitudes<\/strong> comprende&nbsp;<strong>desde el&nbsp;11 al 25 de marzo, ambos d\u00edas inclusive<\/strong>.<\/p>\n\n\n\n<p>L<strong>as solicitudes de admisi\u00f3n de alumnos para el curso 2026\/2027 ser\u00e1n presentadas por v\u00eda telem\u00e1tica<\/strong> en <a href=\"https:\/\/raices.madrid.org\/secretariavirtual\/\">https:\/\/raices.madrid.org\/secretariavirtual\/<\/a>. Para m\u00e1s informaci\u00f3n sobre c\u00f3mo hacerlo os remitimos a la p\u00e1gina de informaci\u00f3n de la Comunidad de Madrid, donde ten\u00e9is tutoriales y orientaciones sobre la forma y v\u00edas de acceder a la secretar\u00eda virtual.(<a href=\"https:\/\/www.comunidad.madrid\/servicios\/educacion\/gestion-telematica-solicitud-admision-alumnos-secretaria-virtual\" target=\"_blank\" rel=\"noreferrer noopener\">https:\/\/www.comunidad.madrid\/servicios\/educacion\/gestion-telematica-solicitud-admision-alumnos-secretaria-virtual<\/a>)<\/p>\n\n\n\n<p>Las familias con alumnos de necesidades educativas especiales presentar\u00e1n la solicitud de admisi\u00f3n en el mismo plazo que las matr\u00edculas ordinarias.<\/p>\n\n\n\n<p class=\"has-cyan-bluish-gray-background-color has-background\">S\u00f3lo aquellos casos en los que, por imposibilidad t\u00e9cnica, no sea posible presentar la solicitud de admisi\u00f3n por v\u00eda telem\u00e1tica, podr\u00e1 ser presentada de forma presencial en el centro indicado como primera opci\u00f3n en la misma. En estos casos la entrega de la solicitud se realizar\u00e1 de la siguiente manera:<\/p>\n\n\n\n<ol class=\"wp-block-list has-cyan-bluish-gray-background-color has-background\">\n<li>A<strong>tenderemos bajo<\/strong>&nbsp;<strong>cita previa<\/strong>.  Esta cita se pedir\u00e1 en el siguiente correo electr\u00f3nico: <mark style=\"background-color:rgba(0, 0, 0, 0)\" class=\"has-inline-color has-vivid-red-color\"><strong>secretaria.cp.sanjuandelacruz.madrid@educa.madrid.org<\/strong><\/mark><\/li>\n\n\n\n<li>El horario de secretar\u00eda del centro es de lunes a viernes de 9:15 a 10:30<strong>.<\/strong><\/li>\n<\/ol>\n\n\n\n<p class=\"has-very-light-gray-color has-vivid-red-background-color has-text-color has-background has-medium-font-size\"><strong><strong>Calendario de actuaciones del proceso de admisi\u00f3n de alumnos<\/strong><\/strong><\/p>\n\n\n\n<ul class=\"wp-block-list\">\n<li><strong>11 al 25 de marzo:<\/strong>&nbsp;Plazo de&nbsp;<strong>presentaci\u00f3n&nbsp;<\/strong>de&nbsp;<strong>solicitudes&nbsp;<\/strong>para el proceso ordinario de admisi\u00f3n.<\/li>\n\n\n\n<li>1<strong>4 de abril:<\/strong>&nbsp;Los centros hacen p\u00fablico a trav\u00e9s de la secretaria el <strong>listado provisional de alumnos que han solicitado el centro<\/strong>&nbsp;en primera opci\u00f3n.<\/li>\n\n\n\n<li><strong>15,16 y 17 de abril:<\/strong>&nbsp;Plazo de&nbsp;<strong>reclamaci\u00f3n<\/strong>&nbsp;a trav\u00e9s de la&nbsp;<strong>Secretar\u00eda Virtual<\/strong>&nbsp;a los listados de alumnos solicitantes.<\/li>\n\n\n\n<li><strong>23 de abril:<\/strong>&nbsp;Publicaci\u00f3n a trav\u00e9s de la Secretar\u00eda Virtual de los&nbsp;<strong>listados con la puntuaci\u00f3n provisional&nbsp;<\/strong>obtenida por los alumnos. Estos listados incluir\u00e1n la resoluci\u00f3n de las reclamaciones presentadas a los listados de alumnos solicitantes.<\/li>\n\n\n\n<li><strong>24, 27 y 28 de abril:<\/strong>&nbsp;Plazo de&nbsp;<strong>reclamaciones<\/strong>&nbsp;a trav\u00e9s de la&nbsp;<strong>Secretar\u00eda Virtual<\/strong>&nbsp;a la&nbsp;<strong>lista provisional de puntuaciones.<\/strong><\/li>\n\n\n\n<li><strong>7 de mayo:<\/strong>&nbsp;Publicaci\u00f3n del&nbsp;<strong>listado de puntuaciones definitivo<\/strong>, una vez revisadas las posibles reclamaciones.<\/li>\n\n\n\n<li><strong>27 de mayo:<\/strong>&nbsp;Publicaci\u00f3n a trav\u00e9s de la Secretar\u00eda Virtual de la&nbsp;<strong>lista de admitidos en cada centro<\/strong>.<\/li>\n\n\n\n<li><strong>28 y 29 de mayo:<\/strong>&nbsp;Plazo voluntario para realizar la solicitud complementaria de centros ante el SAE que corresponda para los alumnos que, habiendo participado en el proceso de admisi\u00f3n, no hayan obtenido plaza escolar en ninguno de los centros solicitados y hayan de ser escolarizados para el curso 2022\/2023.<\/li>\n\n\n\n<li><strong>11 al 25 de junio:<\/strong>&nbsp;Plazo de&nbsp;<strong>matriculaci\u00f3n&nbsp;<\/strong>en los centros de Educaci\u00f3n Infantil y Primaria.<\/li>\n<\/ul>\n\n\n\n<ul class=\"wp-block-list\">\n<li>Los<strong> alumnos matriculados en 6\u00ba<\/strong> en nuestro centro  tiene reservada su plaza en el Instituto Santamarca, por lo que s\u00f3lo, si quieren solicitar plaza en otro centro, deber\u00e1n hacerlo ahora en el periodo ordinario. (Os remitimos a la informaci\u00f3n m\u00e1s ampliamente a trav\u00e9s de Ra\u00edces)<\/li>\n<\/ul>\n\n\n\n<p class=\"has-very-light-gray-color has-vivid-red-background-color has-text-color has-background has-medium-font-size\"><strong><strong><strong>Informaci\u00f3n espec\u00edfica para las solicitudes de alumnos con necesidades educativas especiales<\/strong><\/strong><\/strong><\/p>\n\n\n\n<ul class=\"wp-block-list\">\n<li>Las familias con alumnos de necesidades educativas especiales presentar\u00e1n la solicitud de admisi\u00f3n en el mismo plazo que las matr\u00edculas ordinarias*<em>SAE (Servicio de apoyo a la escolarizaci\u00f3n)<\/em><\/li>\n<\/ul>\n\n\n\n<p class=\"has-very-light-gray-color has-vivid-red-background-color has-text-color has-background has-medium-font-size\"><strong><strong><strong>Listados relativos al proceso de admisi\u00f3n<\/strong><\/strong><\/strong><\/p>\n\n\n\n<p>Las instrucciones recibidas en el centro para el presente proceso de admisi\u00f3n nos informan que los listados relativos a alumnos no pueden <strong>NO<\/strong>&nbsp;pueden publicarse en la p\u00e1gina web del centro ni en tablones de anuncios que se encuentren en el exterior de los edificios. Siendo la&nbsp;<strong>Secretar\u00eda Virtual<\/strong>&nbsp;es el \u00fanico medio para hacer p\u00fablicos estos listados. En el caso de que los solicitantes que no tengan acceso a la Secretar\u00eda Virtual tambi\u00e9n puede realizarse person\u00e1ndose en la Secretar\u00eda del propio centro previa petici\u00f3n de cita en el correo <mark style=\"background-color:rgba(0, 0, 0, 0)\" class=\"has-inline-color has-vivid-red-color\"><strong>secretaria.cp.sanjuandelacruz.madrid@educa.madrid.org<\/strong><\/mark><\/p>\n\n\n\n<p><\/p>\n","protected":false},"excerpt":{"rendered":"<p>\u00bfQui\u00e9nes tienen que participar? Tienen que&nbsp;participar en&nbsp;el Proceso de Admisi\u00f3n para el curso 2026\/2027 los alumnos que: Informaci\u00f3n general de inter\u00e9s en relaci\u00f3n al proceso. Toda la informaci\u00f3n general acerca del proceso de escolarizaci\u00f3n se encuentra en la siguiente direcci\u00f3n web: https:\/\/www.comunidad.madrid\/servicios\/educacion\/solicita-tu-admision-educacion-infantil-obligatoria-bachillerato Informaci\u00f3n espec\u00edfica del centro de inter\u00e9s en relaci\u00f3n al proceso. Punto adicional&nbsp;otorgado por<\/p><\/div>\n<div class=\"blog-btn\"><a href=\"https:\/\/site.educa.madrid.org\/cp.sanjuandelacruz.madrid\/index.php\/admision-de-alumnos\/\" class=\"home-blog-btn\">Leer m\u00e1s<\/a><\/p>\n","protected":false},"author":5,"featured_media":0,"parent":0,"menu_order":0,"comment_status":"open","ping_status":"closed","template":"template\/template-page-full-width.php","meta":{"footnotes":""},"folder":[],"class_list":["post-1312","page","type-page","status-publish","hentry"],"rttpg_featured_image_url":null,"rttpg_author":{"display_name":"jestudios","author_link":"https:\/\/site.educa.madrid.org\/cp.sanjuandelacruz.madrid\/index.php\/author\/cuenta_jestudios-cp-sanjuandelacruz-madrid\/"},"rttpg_comment":0,"rttpg_category":false,"rttpg_excerpt":"\u00bfQui\u00e9nes tienen que participar? Tienen que&nbsp;participar en&nbsp;el Proceso de Admisi\u00f3n para el curso 2026\/2027 los alumnos que: Informaci\u00f3n general de inter\u00e9s en relaci\u00f3n al proceso. Toda la informaci\u00f3n general acerca del proceso de escolarizaci\u00f3n se encuentra en la siguiente direcci\u00f3n web: https:\/\/www.comunidad.madrid\/servicios\/educacion\/solicita-tu-admision-educacion-infantil-obligatoria-bachillerato Informaci\u00f3n espec\u00edfica del centro de inter\u00e9s en relaci\u00f3n al proceso. Punto adicional&nbsp;otorgado porLeer&hellip;","post_mailing_queue_ids":[],"_links":{"self":[{"href":"https:\/\/site.educa.madrid.org\/cp.sanjuandelacruz.madrid\/index.php\/wp-json\/wp\/v2\/pages\/1312","targetHints":{"allow":["GET"]}}],"collection":[{"href":"https:\/\/site.educa.madrid.org\/cp.sanjuandelacruz.madrid\/index.php\/wp-json\/wp\/v2\/pages"}],"about":[{"href":"https:\/\/site.educa.madrid.org\/cp.sanjuandelacruz.madrid\/index.php\/wp-json\/wp\/v2\/types\/page"}],"author":[{"embeddable":true,"href":"https:\/\/site.educa.madrid.org\/cp.sanjuandelacruz.madrid\/index.php\/wp-json\/wp\/v2\/users\/5"}],"replies":[{"embeddable":true,"href":"https:\/\/site.educa.madrid.org\/cp.sanjuandelacruz.madrid\/index.php\/wp-json\/wp\/v2\/comments?post=1312"}],"version-history":[{"count":50,"href":"https:\/\/site.educa.madrid.org\/cp.sanjuandelacruz.madrid\/index.php\/wp-json\/wp\/v2\/pages\/1312\/revisions"}],"predecessor-version":[{"id":7030,"href":"https:\/\/site.educa.madrid.org\/cp.sanjuandelacruz.madrid\/index.php\/wp-json\/wp\/v2\/pages\/1312\/revisions\/7030"}],"wp:attachment":[{"href":"https:\/\/site.educa.madrid.org\/cp.sanjuandelacruz.madrid\/index.php\/wp-json\/wp\/v2\/media?parent=1312"}],"wp:term":[{"taxonomy":"folder","embeddable":true,"href":"https:\/\/site.educa.madrid.org\/cp.sanjuandelacruz.madrid\/index.php\/wp-json\/wp\/v2\/folder?post=1312"}],"curies":[{"name":"wp","href":"https:\/\/api.w.org\/{rel}","templated":true}]}}