{"id":1417,"date":"2020-05-18T16:57:45","date_gmt":"2020-05-18T16:57:45","guid":{"rendered":"https:\/\/site.educa.madrid.org\/cp.sanjuandelacruz.madrid\/?page_id=1417"},"modified":"2025-10-17T10:12:41","modified_gmt":"2025-10-17T08:12:41","slug":"programa-accede","status":"publish","type":"page","link":"https:\/\/site.educa.madrid.org\/cp.sanjuandelacruz.madrid\/index.php\/programa-accede\/","title":{"rendered":"Programa ACCEDE 2025\/2026"},"content":{"rendered":"\n<p>Se han publicado las instrucciones para la aplicaci\u00f3n en el curso 2025\/2026 del<br>procedimiento de gesti\u00f3n del Programa Accede, sistema de pr\u00e9stamo de libros de texto y material curricular de la Comunidad de Madrid. El programa Accede s\u00f3lo va dirigido a alumnos de E. Primaria.<\/p>\n\n\n\n<p><\/p>\n\n\n\n<p>Los alumnos beneficiarios del Programa Accede y pr\u00e9stamo de libros durante el presente curso escolar 2024\/2025 se adhieren al programa de manera autom\u00e1tica para el curso que viene y, por lo tanto, no deben rellenar el Anexo I.<br>Solamente tendr\u00e1n que rellenar el Anexo I en los siguientes supuestos:<\/p>\n\n\n\n<ul class=\"wp-block-list\">\n<li>Alumnos de 5 a\u00f1os que en el curso escolar 2025\/2026 cursen 1\u00ba de Educaci\u00f3n Primaria.<\/li>\n\n\n\n<li>Matr\u00edculas nuevas.<\/li>\n\n\n\n<li>Alumnos que durante el curso 2024\/2025 no hayan participado en el programa Accede.<\/li>\n<\/ul>\n\n\n\n<p><br><\/p>\n\n\n\n<p class=\"has-pale-pink-color has-text-color\"><\/p>\n\n\n\n<div class=\"wp-block-file\"><a id=\"wp-block-file--media-00d1320e-1a69-45f5-89c1-9e29dd3ebd46\" href=\"https:\/\/site.educa.madrid.org\/cp.sanjuandelacruz.madrid\/\/wp-content\/uploads\/cp.sanjuandelacruz.madrid\/2021\/05\/Anexo-I-Adhesi\u00f3n-Accede-.pdf\">Anexo-I-Adhesi\u00f3n-Accede-<\/a><a href=\"https:\/\/site.educa.madrid.org\/cp.sanjuandelacruz.madrid\/\/wp-content\/uploads\/cp.sanjuandelacruz.madrid\/2021\/05\/Anexo-I-Adhesi\u00f3n-Accede-.pdf\" class=\"wp-block-file__button wp-element-button\" download aria-describedby=\"wp-block-file--media-00d1320e-1a69-45f5-89c1-9e29dd3ebd46\">Descarga<\/a><\/div>\n\n\n\n<div class=\"wp-block-file\"><a id=\"wp-block-file--media-035216b3-0b2c-483f-808a-a650d719fde7\" href=\"https:\/\/site.educa.madrid.org\/cp.sanjuandelacruz.madrid\/\/wp-content\/uploads\/cp.sanjuandelacruz.madrid\/2021\/05\/Renuncia-Programa-Accede.pdf\">Renuncia-Programa-Accede<\/a><a href=\"https:\/\/site.educa.madrid.org\/cp.sanjuandelacruz.madrid\/\/wp-content\/uploads\/cp.sanjuandelacruz.madrid\/2021\/05\/Renuncia-Programa-Accede.pdf\" class=\"wp-block-file__button wp-element-button\" download aria-describedby=\"wp-block-file--media-035216b3-0b2c-483f-808a-a650d719fde7\">Descarga<\/a><\/div>\n\n\n\n<p>El pr\u00e9stamo incluye los libros de Lengua, Matem\u00e1ticas, Ingl\u00e9s, Ciencias Sociales y Ciencias Naturales.&nbsp; Los cuadernillos, libros de lectura o cualquier otro material fungible no est\u00e1n incluidos en el pr\u00e9stamo. <\/p>\n\n\n\n<hr class=\"wp-block-separator has-text-color has-vivid-red-color has-css-opacity has-vivid-red-background-color has-background is-style-wide\"\/>\n\n\n\n<p>Los alumnos de Educaci\u00f3n Infantil podr\u00e1n beneficiarse de la beca de pr\u00e9stamo de libros solo si se encuentran en uno en los siguientes casos:<\/p>\n\n\n\n<ul class=\"wp-block-list\">\n<li>Disponer de una renta familiar por persona que no supere los 8.400 euros durante el a\u00f1o econ\u00f3mico 2023. Para este c\u00e1lculo se tienen en cuenta todos los ingresos de la unidad familiar, as\u00ed como el n\u00famero de personas que la conforman.<\/li>\n\n\n\n<li>Alumnos con necesidades educativas especiales.<\/li>\n\n\n\n<li>Alg\u00fan miembro de la unidad familiar recibe la Renta M\u00ednima de Inserci\u00f3n.&nbsp;<\/li>\n\n\n\n<li>Alg\u00fan miembro de la unidad familiar recibe el Ingreso M\u00ednimo Vital (IMV) y la renta familiar anual por persona es inferior a 8.400 euros pudi\u00e9ndose acreditar el IMV del 2023,2024 o 2025.<\/li>\n\n\n\n<li>Alg\u00fan miembro de la unidad familiar es v\u00edctima del terrorismo.<\/li>\n\n\n\n<li>Alg\u00fan miembro de la unidad familiar es v\u00edctima de violencia de g\u00e9nero.<\/li>\n\n\n\n<li>Alguno de los progenitores pertenece a las Fuerzas y Cuerpos de Seguridad del Estado (Polic\u00eda Nacional o Guardia Civil) o pertenece a las Fuerzas Armadas con destino en la Comunidad de Madrid.<\/li>\n\n\n\n<li>Alumnado en acogimiento familiar temporal, permanente o guarda con fines de adopci\u00f3n.<\/li>\n\n\n\n<li>Alg\u00fan miembro de la unidad familiar es beneficiario de protecci\u00f3n internacional, en cualquiera de sus modalidades (asilo o protecci\u00f3n subsidiaria).<\/li>\n<\/ul>\n\n\n\n<p>En caso de que alg\u00fan alumno de Educaci\u00f3n Infantil en el curso 2025\/2026 cumpla con uno de estos supuestos deben notificarlo y documentarlo antes del d\u00eda 30 de junio de 2025 en la Secretar\u00eda del centro a trav\u00e9s del correo <strong><code><mark style=\"background-color:rgba(0, 0, 0, 0)\" class=\"has-inline-color has-vivid-red-color\">secretaria.cp.sanjuandelacruz.madrid@educa.madrid.org<\/mark><\/code><\/strong><\/p>\n\n\n\n<p><\/p>\n\n\n\n<p><\/p>\n","protected":false},"excerpt":{"rendered":"<p>Se han publicado las instrucciones para la aplicaci\u00f3n en el curso 2025\/2026 delprocedimiento de gesti\u00f3n del Programa Accede, sistema de pr\u00e9stamo de libros de texto y material curricular de la Comunidad de Madrid. El programa Accede s\u00f3lo va dirigido a alumnos de E. Primaria. Los alumnos beneficiarios del Programa Accede y pr\u00e9stamo de libros durante<\/p><\/div>\n<div class=\"blog-btn\"><a href=\"https:\/\/site.educa.madrid.org\/cp.sanjuandelacruz.madrid\/index.php\/programa-accede\/\" class=\"home-blog-btn\">Leer m\u00e1s<\/a><\/p>\n","protected":false},"author":5,"featured_media":0,"parent":0,"menu_order":0,"comment_status":"closed","ping_status":"closed","template":"","meta":{"footnotes":""},"folder":[],"class_list":["post-1417","page","type-page","status-publish","hentry"],"rttpg_featured_image_url":null,"rttpg_author":{"display_name":"jestudios","author_link":"https:\/\/site.educa.madrid.org\/cp.sanjuandelacruz.madrid\/index.php\/author\/cuenta_jestudios-cp-sanjuandelacruz-madrid\/"},"rttpg_comment":0,"rttpg_category":false,"rttpg_excerpt":"Se han publicado las instrucciones para la aplicaci\u00f3n en el curso 2025\/2026 delprocedimiento de gesti\u00f3n del Programa Accede, sistema de pr\u00e9stamo de libros de texto y material curricular de la Comunidad de Madrid. El programa Accede s\u00f3lo va dirigido a alumnos de E. Primaria. Los alumnos beneficiarios del Programa Accede y pr\u00e9stamo de libros duranteLeer&hellip;","post_mailing_queue_ids":[],"_links":{"self":[{"href":"https:\/\/site.educa.madrid.org\/cp.sanjuandelacruz.madrid\/index.php\/wp-json\/wp\/v2\/pages\/1417","targetHints":{"allow":["GET"]}}],"collection":[{"href":"https:\/\/site.educa.madrid.org\/cp.sanjuandelacruz.madrid\/index.php\/wp-json\/wp\/v2\/pages"}],"about":[{"href":"https:\/\/site.educa.madrid.org\/cp.sanjuandelacruz.madrid\/index.php\/wp-json\/wp\/v2\/types\/page"}],"author":[{"embeddable":true,"href":"https:\/\/site.educa.madrid.org\/cp.sanjuandelacruz.madrid\/index.php\/wp-json\/wp\/v2\/users\/5"}],"replies":[{"embeddable":true,"href":"https:\/\/site.educa.madrid.org\/cp.sanjuandelacruz.madrid\/index.php\/wp-json\/wp\/v2\/comments?post=1417"}],"version-history":[{"count":11,"href":"https:\/\/site.educa.madrid.org\/cp.sanjuandelacruz.madrid\/index.php\/wp-json\/wp\/v2\/pages\/1417\/revisions"}],"predecessor-version":[{"id":6018,"href":"https:\/\/site.educa.madrid.org\/cp.sanjuandelacruz.madrid\/index.php\/wp-json\/wp\/v2\/pages\/1417\/revisions\/6018"}],"wp:attachment":[{"href":"https:\/\/site.educa.madrid.org\/cp.sanjuandelacruz.madrid\/index.php\/wp-json\/wp\/v2\/media?parent=1417"}],"wp:term":[{"taxonomy":"folder","embeddable":true,"href":"https:\/\/site.educa.madrid.org\/cp.sanjuandelacruz.madrid\/index.php\/wp-json\/wp\/v2\/folder?post=1417"}],"curies":[{"name":"wp","href":"https:\/\/api.w.org\/{rel}","templated":true}]}}