{"id":1562,"date":"2020-09-05T18:21:39","date_gmt":"2020-09-05T18:21:39","guid":{"rendered":"https:\/\/site.educa.madrid.org\/cp.sanjuandelacruz.madrid\/?page_id=1562"},"modified":"2026-05-04T10:36:58","modified_gmt":"2026-05-04T08:36:58","slug":"becas-de-comedor","status":"publish","type":"page","link":"https:\/\/site.educa.madrid.org\/cp.sanjuandelacruz.madrid\/index.php\/becas-de-comedor\/","title":{"rendered":"BECAS DE COMEDOR"},"content":{"rendered":"\n<p>Han salido <strong>las instrucciones y solicitud de precios reducidos de comedor<\/strong> para el curso <strong>2026 \u2013 202<\/strong>7.<\/p>\n\n\n\n<p><strong>Plazo de presentaci\u00f3n de solicitudes<\/strong><\/p>\n\n\n\n<p><strong>Fecha de inicio:<\/strong>\u00a029\/04\/2026\u00a0<strong>Fecha de fin:<\/strong>\u00a028\/05\/2026<\/p>\n\n\n\n<p>Las pueden solicitar las familias que est\u00e9n en alguna de estas situaciones:<\/p>\n\n\n\n<div class=\"wp-block-group\"><div class=\"wp-block-group__inner-container is-layout-flow wp-block-group-is-layout-flow\">\n<ul class=\"wp-block-list\">\n<li>Disponer de una renta familiar por persona que no supere los 8.400 euros durante el a\u00f1o econ\u00f3mico 2024. Para este c\u00e1lculo se tienen en cuenta todos los ingresos de la unidad familiar, as\u00ed como el n\u00famero de personas que la conforman.<\/li>\n\n\n\n<li>Alg\u00fan miembro de la unidad familiar recibe la Renta M\u00ednima de Inserci\u00f3n.&nbsp;<\/li>\n\n\n\n<li>Alg\u00fan miembro de la unidad familiar recibe el Ingreso M\u00ednimo Vital (IMV) y la renta familiar anual por persona es inferior a 8.400 euros pudi\u00e9ndose acreditar el IMV del 2024, 2025 o 2026.<\/li>\n\n\n\n<li>Pertenecer a una familia que dej\u00f3 de recibir la Renta M\u00ednima de Inserci\u00f3n por recibir del Ingreso M\u00ednimo Vital.<\/li>\n\n\n\n<li>Disponer del t\u00edtulo de Familia Numerosa y que la renta familiar por persona est\u00e9 entre 8.400 y 10.000 euros.<\/li>\n\n\n\n<li>Alg\u00fan miembro de la unidad familiar es v\u00edctima del terrorismo.<\/li>\n\n\n\n<li>Alg\u00fan miembro de la unidad familiar es v\u00edctima de violencia de g\u00e9nero.<\/li>\n\n\n\n<li>Alguno de los progenitores pertenece a las Fuerzas y Cuerpos de Seguridad del Estado (Polic\u00eda Nacional o Guardia Civil) o pertenece a las Fuerzas Armadas con destino en la Comunidad de Madrid.<\/li>\n\n\n\n<li>Alumnado en acogimiento familiar temporal, permanente o guarda con fines de adopci\u00f3n.<\/li>\n\n\n\n<li>Escolarizado de oficio en un centro concertado que usa el transporte escolar (alumnado que ha sido asignado en un centro concertado y hace uso del transporte escolar).<\/li>\n\n\n\n<li>Alg\u00fan miembro de la unidad familiar es beneficiario de protecci\u00f3n internacional, en cualquiera de sus modalidades (asilo o protecci\u00f3n subsidiaria).<\/li>\n\n\n\n<li>Alg\u00fan miembro de la unidad familiar es beneficiario de la protecci\u00f3n temporal afectada por el conflicto de Ucrania.<\/li>\n<\/ul>\n\n\n\n<p>Consideraciones de la solicitud:<\/p>\n\n\n\n<ol start=\"1\" class=\"wp-block-list\">\n<li>Las personas beneficiarias de la beca en el curso 2025-2026 pueden solicitar la renovaci\u00f3n de la beca, en vez de hacer de nuevo la solicitud. Esto s\u00f3lo es posible si la unidad familiar no ha cambiado y siguen cumpliendo los requisitos de concesi\u00f3n de la beca.<\/li>\n\n\n\n<li>Todas las personas progenitoras o tutoras y todas las personas mayores de 18 a\u00f1os incluidas en la solicitud deben firmarla.<\/li>\n\n\n\n<li>Puedes solicitar becas para varios hermanos en una \u00fanica solicitud, as\u00ed solo necesitas presentar la documentaci\u00f3n una vez.<\/li>\n\n\n\n<li>Debes proporcionar un certificado de fecha probable de parto para que compute como miembro de la unidad familiar, si tu hijo a\u00fan no ha nacido al presentar la solicitud.<\/li>\n\n\n\n<li>Ten en cuenta que:<br>\n<ol start=\"1\" style=\"list-style-type:lower-alpha\" class=\"wp-block-list\">\n<li>Est\u00e1s declarando el n\u00famero de personas consideradas para calcular la renta por persona, al completar los datos familiares.<\/li>\n\n\n\n<li>Autorizas a la Direcci\u00f3n General a comunicarse contigo sobre el estado de tu solicitud, al proporcionar tu n\u00famero de tel\u00e9fono m\u00f3vil y correo electr\u00f3nico. Puedes cancelar esta autorizaci\u00f3n en cualquier momento.<\/li>\n<\/ol>\n<\/li>\n<\/ol>\n<\/div><\/div>\n\n\n\n<p><br><\/p>\n\n\n\n<p class=\"has-text-align-center has-very-light-gray-color has-vivid-red-background-color has-text-color has-background has-medium-font-size\"><strong>PLAZO  DE PRESENTACI\u00d3N<\/strong><\/p>\n\n\n\n<p><strong>Fecha de inicio:<\/strong>\u00a029\/04\/2026\u00a0<strong>Fecha de fin:<\/strong>\u00a028\/05\/2026<\/p>\n\n\n\n<div style=\"height:100px\" aria-hidden=\"true\" class=\"wp-block-spacer\"><\/div>\n\n\n\n<p class=\"has-text-align-center has-very-light-gray-color has-vivid-red-background-color has-text-color has-background has-medium-font-size\"><strong>DOCUMENTACI\u00d3N NECESARI<\/strong>A<\/p>\n\n\n\n<ul class=\"wp-block-list\">\n<li>Impreso firmado por&nbsp;padre y madre o tutores, salvo unidades familiares monoparentales, en las que s\u00f3lo firmar\u00e1 el que tenga la guarda y custodia del menor.<\/li>\n<\/ul>\n\n\n\n<div style=\"height:58px\" aria-hidden=\"true\" class=\"wp-block-spacer\"><\/div>\n\n\n\n<p class=\"has-text-align-center has-very-light-gray-color has-vivid-red-background-color has-text-color has-background has-medium-font-size\"><strong>VIAS PARA PRESENTA<\/strong>RLA<\/p>\n\n\n\n<p>A. <strong>PRESENTACI\u00d3N TELEM\u00c1TICA:<\/strong><\/p>\n\n\n\n<p>Las solicitudes se realizar\u00e1n preferentemente de forma telem\u00e1tica, sin perjuicio de poderse presentar de manera presencial, ajust\u00e1ndose al modelo oficial que podr\u00e1 obtenerse y cumplimentarse a trav\u00e9s de la p\u00e1gina web institucional de la Comunidad de Madrid (<a href=\"https:\/\/digital.comunidad.madrid\/acceso\">CUENTA DIGITAL DE LA COMUNIDAD DE MADRID<\/a>) o trav\u00e9s del<\/p>\n\n\n\n<p>siguiente enlace <a href=\"https:\/\/sede.comunidad.madrid\/ayudas-becas-subvenciones\/becas-comedor-escolar-2026-2027\">Becas para el comedor escolar<\/a> y se presentar\u00e1 en los lugares establecidos en el art\u00edculo 11 de las normas reguladoras. En el caso de presentaci\u00f3n presencial se puede obtener en las oficinas de asistencia en materia de registro y en las Direcciones de \u00c1rea Territorial (se adjunta normativa en la presente comunicaci\u00f3n) adem\u00e1s pueden rellenar telem\u00e1ticamente la solicitud, para posteriormente, presentarla electr\u00f3nicamente, o imprimirla para llevarla ya cumplimentada al Registro o al centro de forma excepcional.<\/p>\n\n\n\n<p>Tambi\u00e9n se recuerda que, como el a\u00f1o pasado, los ciudadanos pueden presentar telem\u00e1ticamente la solicitud a trav\u00e9s del acceso habilitado en el portal de internet de la Comunidad de Madrid <a href=\"http:\/\/www.comunidad.madrid\/\">(www.comunidad.madrid),<\/a> en la direcci\u00f3n electr\u00f3nica: sede.comunidad.madrid. y que aquellos que resultaron beneficiarios de la beca en el curso 2025\/2026, siempre que no haya cambiado la situaci\u00f3n familiar y se sigan cumpliendo los requisitos por los que se le concedi\u00f3, pueden solicitar la pr\u00f3rroga de la beca, marc\u00e1ndolo\u00a0en\u00a0la\u00a0solicitud.<\/p>\n\n\n\n<div style=\"height:36px\" aria-hidden=\"true\" class=\"wp-block-spacer\"><\/div>\n\n\n\n<p><\/p>\n\n\n\n<p><\/p>\n","protected":false},"excerpt":{"rendered":"<p>Han salido las instrucciones y solicitud de precios reducidos de comedor para el curso 2026 \u2013 2027. Plazo de presentaci\u00f3n de solicitudes Fecha de inicio:\u00a029\/04\/2026\u00a0Fecha de fin:\u00a028\/05\/2026 Las pueden solicitar las familias que est\u00e9n en alguna de estas situaciones: Consideraciones de la solicitud: PLAZO DE PRESENTACI\u00d3N Fecha de inicio:\u00a029\/04\/2026\u00a0Fecha de fin:\u00a028\/05\/2026 DOCUMENTACI\u00d3N NECESARIA VIAS PARA<\/p><\/div>\n<div class=\"blog-btn\"><a href=\"https:\/\/site.educa.madrid.org\/cp.sanjuandelacruz.madrid\/index.php\/becas-de-comedor\/\" class=\"home-blog-btn\">Leer m\u00e1s<\/a><\/p>\n","protected":false},"author":5,"featured_media":0,"parent":0,"menu_order":0,"comment_status":"open","ping_status":"closed","template":"","meta":{"footnotes":""},"folder":[],"class_list":["post-1562","page","type-page","status-publish","hentry"],"rttpg_featured_image_url":null,"rttpg_author":{"display_name":"jestudios","author_link":"https:\/\/site.educa.madrid.org\/cp.sanjuandelacruz.madrid\/index.php\/author\/cuenta_jestudios-cp-sanjuandelacruz-madrid\/"},"rttpg_comment":0,"rttpg_category":false,"rttpg_excerpt":"Han salido las instrucciones y solicitud de precios reducidos de comedor para el curso 2026 \u2013 2027. Plazo de presentaci\u00f3n de solicitudes Fecha de inicio:\u00a029\/04\/2026\u00a0Fecha de fin:\u00a028\/05\/2026 Las pueden solicitar las familias que est\u00e9n en alguna de estas situaciones: Consideraciones de la solicitud: PLAZO DE PRESENTACI\u00d3N Fecha de inicio:\u00a029\/04\/2026\u00a0Fecha de fin:\u00a028\/05\/2026 DOCUMENTACI\u00d3N NECESARIA VIAS PARALeer&hellip;","post_mailing_queue_ids":[],"_links":{"self":[{"href":"https:\/\/site.educa.madrid.org\/cp.sanjuandelacruz.madrid\/index.php\/wp-json\/wp\/v2\/pages\/1562","targetHints":{"allow":["GET"]}}],"collection":[{"href":"https:\/\/site.educa.madrid.org\/cp.sanjuandelacruz.madrid\/index.php\/wp-json\/wp\/v2\/pages"}],"about":[{"href":"https:\/\/site.educa.madrid.org\/cp.sanjuandelacruz.madrid\/index.php\/wp-json\/wp\/v2\/types\/page"}],"author":[{"embeddable":true,"href":"https:\/\/site.educa.madrid.org\/cp.sanjuandelacruz.madrid\/index.php\/wp-json\/wp\/v2\/users\/5"}],"replies":[{"embeddable":true,"href":"https:\/\/site.educa.madrid.org\/cp.sanjuandelacruz.madrid\/index.php\/wp-json\/wp\/v2\/comments?post=1562"}],"version-history":[{"count":13,"href":"https:\/\/site.educa.madrid.org\/cp.sanjuandelacruz.madrid\/index.php\/wp-json\/wp\/v2\/pages\/1562\/revisions"}],"predecessor-version":[{"id":7271,"href":"https:\/\/site.educa.madrid.org\/cp.sanjuandelacruz.madrid\/index.php\/wp-json\/wp\/v2\/pages\/1562\/revisions\/7271"}],"wp:attachment":[{"href":"https:\/\/site.educa.madrid.org\/cp.sanjuandelacruz.madrid\/index.php\/wp-json\/wp\/v2\/media?parent=1562"}],"wp:term":[{"taxonomy":"folder","embeddable":true,"href":"https:\/\/site.educa.madrid.org\/cp.sanjuandelacruz.madrid\/index.php\/wp-json\/wp\/v2\/folder?post=1562"}],"curies":[{"name":"wp","href":"https:\/\/api.w.org\/{rel}","templated":true}]}}