{"id":1611,"date":"2020-09-24T19:47:01","date_gmt":"2020-09-24T19:47:01","guid":{"rendered":"https:\/\/site.educa.madrid.org\/cp.sanjuandelacruz.madrid\/?page_id=1611"},"modified":"2025-03-14T07:37:49","modified_gmt":"2025-03-14T06:37:49","slug":"aula-virtual-2","status":"publish","type":"page","link":"https:\/\/site.educa.madrid.org\/cp.sanjuandelacruz.madrid\/index.php\/aula-virtual-2\/","title":{"rendered":"AULA VIRTUAL"},"content":{"rendered":"\n<p>Desde el cursos 2020-21 como complemento a la actividad diaria los alumnos y alumnas est\u00e1n matriculados en sus respectivas <a href=\"https:\/\/aulavirtual35.educa.madrid.org\/cp.sanjuandelacruz.madrid\/\" target=\"_blank\" rel=\"noreferrer noopener\">Aulas Virtuales<\/a>. Cada curso tiene su Aula Virtual y los cursos de 4\u00ba a 6\u00ba la espec\u00edfica de educaci\u00f3n f\u00edsica. <\/p>\n\n\n\n<div style=\"height:40px\" aria-hidden=\"true\" class=\"wp-block-spacer\"><\/div>\n\n\n\n<figure class=\"wp-block-image size-large\"><img loading=\"lazy\" decoding=\"async\" width=\"1024\" height=\"467\" src=\"https:\/\/site.educa.madrid.org\/cp.sanjuandelacruz.madrid\/\/wp-content\/uploads\/cp.sanjuandelacruz.madrid\/2025\/01\/AULA-VIRTUAL-SJC-1024x467.jpg\" alt=\"\" class=\"wp-image-5612\" srcset=\"https:\/\/site.educa.madrid.org\/cp.sanjuandelacruz.madrid\/\/wp-content\/uploads\/cp.sanjuandelacruz.madrid\/2025\/01\/AULA-VIRTUAL-SJC-1024x467.jpg 1024w, https:\/\/site.educa.madrid.org\/cp.sanjuandelacruz.madrid\/\/wp-content\/uploads\/cp.sanjuandelacruz.madrid\/2025\/01\/AULA-VIRTUAL-SJC-300x137.jpg 300w, https:\/\/site.educa.madrid.org\/cp.sanjuandelacruz.madrid\/\/wp-content\/uploads\/cp.sanjuandelacruz.madrid\/2025\/01\/AULA-VIRTUAL-SJC-768x350.jpg 768w, https:\/\/site.educa.madrid.org\/cp.sanjuandelacruz.madrid\/\/wp-content\/uploads\/cp.sanjuandelacruz.madrid\/2025\/01\/AULA-VIRTUAL-SJC-1536x701.jpg 1536w, https:\/\/site.educa.madrid.org\/cp.sanjuandelacruz.madrid\/\/wp-content\/uploads\/cp.sanjuandelacruz.madrid\/2025\/01\/AULA-VIRTUAL-SJC.jpg 1896w\" sizes=\"auto, (max-width: 1024px) 100vw, 1024px\" \/><\/figure>\n\n\n\n<p>Todo el alumnado est\u00e1 matriculado en sus respectivas Aulas Virtuales y se ha facilitado la credencial a sus tutores legales cuando un alumno se matricula por primera vez.  El uso que se da var\u00eda en funci\u00f3n del curso y la asignatura: compartir experiencias del aula, reforzar tareas, ampliar conocimientos, realizar trabajos&#8230;.<\/p>\n\n\n\n<p>En cualquier caso, es importante que todo el alumnado de primaria conozca su usuario y contrase\u00f1a y acceda al aula de manera regular.<\/p>\n\n\n\n<p>Os dejamos alguna orientaci\u00f3n para hacerlo <\/p>\n\n\n\n<div style=\"height:65px\" aria-hidden=\"true\" class=\"wp-block-spacer\"><\/div>\n\n\n\n<p class=\"has-drop-cap has-vivid-red-color has-pale-ocean-gradient-background has-text-color has-background\">Para empezar &#8230;.<\/p>\n\n\n\n<div class=\"wp-block-file\"><a id=\"wp-block-file--media-263ba098-6fe4-4fbf-9e0f-9880a2add8b6\" href=\"https:\/\/site.educa.madrid.org\/cp.sanjuandelacruz.madrid\/\/wp-content\/uploads\/cp.sanjuandelacruz.madrid\/2020\/09\/AULAS-VIRTUALES_como-entrar.pdf\" target=\"_blank\" rel=\"noreferrer noopener\">AULAS-VIRTUALES_como-entrar<\/a><a href=\"https:\/\/site.educa.madrid.org\/cp.sanjuandelacruz.madrid\/\/wp-content\/uploads\/cp.sanjuandelacruz.madrid\/2020\/09\/AULAS-VIRTUALES_como-entrar.pdf\" class=\"wp-block-file__button wp-element-button\" download aria-describedby=\"wp-block-file--media-263ba098-6fe4-4fbf-9e0f-9880a2add8b6\">Descarga<\/a><\/div>\n\n\n\n<div class=\"wp-block-file\"><a id=\"wp-block-file--media-89906c82-478a-491d-a0a5-5398389281d7\" href=\"https:\/\/site.educa.madrid.org\/cp.sanjuandelacruz.madrid\/\/wp-content\/uploads\/cp.sanjuandelacruz.madrid\/2020\/09\/CAMBIAR-LA-CONTRASE\u00d1A-1.pdf\" target=\"_blank\" rel=\"noreferrer noopener\">CAMBIAR-LA-CONTRASE\u00d1A<\/a><a href=\"https:\/\/site.educa.madrid.org\/cp.sanjuandelacruz.madrid\/\/wp-content\/uploads\/cp.sanjuandelacruz.madrid\/2020\/09\/CAMBIAR-LA-CONTRASE\u00d1A-1.pdf\" class=\"wp-block-file__button wp-element-button\" download aria-describedby=\"wp-block-file--media-89906c82-478a-491d-a0a5-5398389281d7\">Descarga<\/a><\/div>\n\n\n\n<p class=\"has-drop-cap has-vivid-red-color has-pale-ocean-gradient-background has-text-color has-background\">Ra\u00edces o Educamadrid&#8230;<\/p>\n\n\n\n<p>Ra\u00edces, y la app para familias Robles, es la plataforma de gesti\u00f3n de la Comunidad de Madrid. A trav\u00e9s de ellas nos comunicarnos familia-escuela para informar de todo aquello que es importante: funcionamiento, comedor, justificaci\u00f3n de faltas, calificaicones, comunicaciones con el profesorado y\/o equipo directivo&#8230;<\/p>\n\n\n\n<p>C\u00f3mo ya hemos dicho, Educamadrid es la plataforma de formaci\u00f3n del alumnado. En las Aulas Virtuales el alumando encontrar\u00e1 tareas, actividades y recursos que los profesores crean para ellos y as\u00ed promovemos mayores niveles de aprendizaje y de desarrollo de la competencia digital del alumnado.<\/p>\n\n\n\n<p>Dado que, Educamadrid es un entorno seguro y cerrado, para cada grupo, tambi\u00e9n publicamos las fotos  de aquellos alumnos\/as cuyas familias nos han autorizado.<\/p>\n\n\n\n<div data-wp-interactive=\"core\/file\" class=\"wp-block-file\"><object data-wp-bind--hidden=\"!state.hasPdfPreview\" hidden class=\"wp-block-file__embed\" data=\"https:\/\/site.educa.madrid.org\/cp.sanjuandelacruz.madrid\/\/wp-content\/uploads\/cp.sanjuandelacruz.madrid\/2025\/03\/infromacion-familias_plataformas_2024-25_EDUCAMADRID.pdf\" type=\"application\/pdf\" style=\"width:100%;height:600px\" aria-label=\"Incrustado de infromacion familias_plataformas_2024-25_EDUCAMADRID.\"><\/object><a id=\"wp-block-file--media-7bc45197-da0b-4873-8900-60c1d3ecc548\" href=\"https:\/\/site.educa.madrid.org\/cp.sanjuandelacruz.madrid\/\/wp-content\/uploads\/cp.sanjuandelacruz.madrid\/2025\/03\/infromacion-familias_plataformas_2024-25_EDUCAMADRID.pdf\" target=\"_blank\" rel=\"noreferrer noopener\">infromacion familias_plataformas_2024-25_EDUCAMADRID<\/a><a href=\"https:\/\/site.educa.madrid.org\/cp.sanjuandelacruz.madrid\/\/wp-content\/uploads\/cp.sanjuandelacruz.madrid\/2025\/03\/infromacion-familias_plataformas_2024-25_EDUCAMADRID.pdf\" class=\"wp-block-file__button wp-element-button\" download aria-describedby=\"wp-block-file--media-7bc45197-da0b-4873-8900-60c1d3ecc548\">Descarga<\/a><\/div>\n\n\n\n<div style=\"height:63px\" aria-hidden=\"true\" class=\"wp-block-spacer\"><\/div>\n\n\n\n<p class=\"has-text-align-right has-black-color has-blush-light-purple-gradient-background has-text-color has-background has-medium-font-size\">Tutorial del AULA DE INFANTIL<\/p>\n\n\n\n<p>Aqu\u00ed ten\u00e9is un video tutorial sobre las posibilidades del aula virtual para infantil y sobre todo como devolver una tarea a trav\u00e9s de ellas.<\/p>\n\n\n\n<p><\/p>\n\n\n\n<iframe loading=\"lazy\" src=\"https:\/\/mediateca.educa.madrid.org\/video\/98vlx23v6oa8phmp\/fs\" width=\"420\" height=\"315\" frameborder=\"0\" scrolling=\"no\" style=\"border:0;overflow:hidden\" allowfullscreen=\"\"><\/iframe>\n\n\n\n<div style=\"height:100px\" aria-hidden=\"true\" class=\"wp-block-spacer\"><\/div>\n\n\n\n<p class=\"has-text-align-left has-black-color has-blush-light-purple-gradient-background has-text-color has-background has-medium-font-size\">Tutorial del AULA DE PRIMARA<\/p>\n\n\n\n<p>Este es el v\u00eddeo para Primaria, aunque la forma de trabajar es la misma, en primaria est\u00e1 estructurada por asignaturas.<\/p>\n\n\n\n<p><\/p>\n\n\n\n<figure><iframe loading=\"lazy\" src=\"https:\/\/mediateca.educa.madrid.org\/video\/bli2wph5nhbos9th\/fs\" width=\"420\" height=\"315\" frameborder=\"0\" scrolling=\"no\" style=\"border:0;overflow:hidden\" allowfullscreen=\"\"><\/iframe><\/figure>\n\n\n\n<div style=\"height:100px\" aria-hidden=\"true\" class=\"wp-block-spacer\"><\/div>\n\n\n\n<p class=\"has-text-align-left has-black-color has-blush-light-purple-gradient-background has-text-color has-background has-medium-font-size\">Acceso al aula virtual a trav\u00e9s de un m\u00f3vil<\/p>\n\n\n\n<p>Desde los dispositivos m\u00f3viles puedes acceder a trav\u00e9s de los navegadores, pero tambi\u00e9n puedes descargarte  la App de <strong>\u00abMoodle Mobile\u00bb<\/strong> disponible gratuitamente en <a href=\"https:\/\/play.google.com\/store\/apps\/details?id=com.moodle.moodlemobile&amp;hl=es\" target=\"_blank\" rel=\"noreferrer noopener\">Google Play<\/a> y la <a href=\"https:\/\/apps.apple.com\/es\/app\/moodle\/id633359593\" target=\"_blank\" rel=\"noreferrer noopener\">Apple Store<\/a> para acceder.<\/p>\n\n\n\n<p>Una vez descargada hay que introducir la URL del Aula Virtual de nuestro Centro en EducaMadrid. Esta URL ha de ser la misma que vemos cuando accedemos directamente a trav\u00e9s del navegador. En nuestro caso: <a rel=\"noreferrer noopener\" href=\"https:\/\/aulavirtual35.educa.madrid.org\/cp.sanjuandelacruz.madrid\/\" target=\"_blank\">https:\/\/aulavirtual35.educa.madrid.org\/cp.sanjuandelacruz.madrid\/<\/a><\/p>\n\n\n\n<p>Despu\u00e9s introduce  el usuario y la contrase\u00f1a del alumno. Para posteriores ocasiones no ser\u00eda necesario volver a introducir usuario y contrase\u00f1a, simplemente abrir la aplicaci\u00f3n.<\/p>\n\n\n\n<p>En esta p\u00e1gina ten\u00e9is una gu\u00eda sobre c\u00f3mo hacerlo: <a href=\"https:\/\/documentacion.educa.madrid.org\/books\/aula-virtual-%28principiante%29\/page\/instalaci%C3%B3n-de-moodlemobile-en-un-dispositivo-m%C3%B3vil\" target=\"_blank\" rel=\"noreferrer noopener\">https:\/\/documentacion.educa.madrid.org\/books\/aula-virtual-%28principiante%29\/page\/instalaci%C3%B3n-de-moodlemobile-en-un-dispositivo-m%C3%B3vil<\/a><\/p>\n","protected":false},"excerpt":{"rendered":"<p>Desde el cursos 2020-21 como complemento a la actividad diaria los alumnos y alumnas est\u00e1n matriculados en sus respectivas Aulas Virtuales. Cada curso tiene su Aula Virtual y los cursos de 4\u00ba a 6\u00ba la espec\u00edfica de educaci\u00f3n f\u00edsica. Todo el alumnado est\u00e1 matriculado en sus respectivas Aulas Virtuales y se ha facilitado la credencial<\/p><\/div>\n<div class=\"blog-btn\"><a href=\"https:\/\/site.educa.madrid.org\/cp.sanjuandelacruz.madrid\/index.php\/aula-virtual-2\/\" class=\"home-blog-btn\">Leer m\u00e1s<\/a><\/p>\n","protected":false},"author":5,"featured_media":0,"parent":0,"menu_order":0,"comment_status":"open","ping_status":"closed","template":"","meta":{"footnotes":""},"folder":[],"class_list":["post-1611","page","type-page","status-publish","hentry"],"rttpg_featured_image_url":null,"rttpg_author":{"display_name":"jestudios","author_link":"https:\/\/site.educa.madrid.org\/cp.sanjuandelacruz.madrid\/index.php\/author\/cuenta_jestudios-cp-sanjuandelacruz-madrid\/"},"rttpg_comment":0,"rttpg_category":false,"rttpg_excerpt":"Desde el cursos 2020-21 como complemento a la actividad diaria los alumnos y alumnas est\u00e1n matriculados en sus respectivas Aulas Virtuales. Cada curso tiene su Aula Virtual y los cursos de 4\u00ba a 6\u00ba la espec\u00edfica de educaci\u00f3n f\u00edsica. Todo el alumnado est\u00e1 matriculado en sus respectivas Aulas Virtuales y se ha facilitado la credencialLeer&hellip;","post_mailing_queue_ids":[],"_links":{"self":[{"href":"https:\/\/site.educa.madrid.org\/cp.sanjuandelacruz.madrid\/index.php\/wp-json\/wp\/v2\/pages\/1611","targetHints":{"allow":["GET"]}}],"collection":[{"href":"https:\/\/site.educa.madrid.org\/cp.sanjuandelacruz.madrid\/index.php\/wp-json\/wp\/v2\/pages"}],"about":[{"href":"https:\/\/site.educa.madrid.org\/cp.sanjuandelacruz.madrid\/index.php\/wp-json\/wp\/v2\/types\/page"}],"author":[{"embeddable":true,"href":"https:\/\/site.educa.madrid.org\/cp.sanjuandelacruz.madrid\/index.php\/wp-json\/wp\/v2\/users\/5"}],"replies":[{"embeddable":true,"href":"https:\/\/site.educa.madrid.org\/cp.sanjuandelacruz.madrid\/index.php\/wp-json\/wp\/v2\/comments?post=1611"}],"version-history":[{"count":16,"href":"https:\/\/site.educa.madrid.org\/cp.sanjuandelacruz.madrid\/index.php\/wp-json\/wp\/v2\/pages\/1611\/revisions"}],"predecessor-version":[{"id":5778,"href":"https:\/\/site.educa.madrid.org\/cp.sanjuandelacruz.madrid\/index.php\/wp-json\/wp\/v2\/pages\/1611\/revisions\/5778"}],"wp:attachment":[{"href":"https:\/\/site.educa.madrid.org\/cp.sanjuandelacruz.madrid\/index.php\/wp-json\/wp\/v2\/media?parent=1611"}],"wp:term":[{"taxonomy":"folder","embeddable":true,"href":"https:\/\/site.educa.madrid.org\/cp.sanjuandelacruz.madrid\/index.php\/wp-json\/wp\/v2\/folder?post=1611"}],"curies":[{"name":"wp","href":"https:\/\/api.w.org\/{rel}","templated":true}]}}