{"id":242,"date":"2019-08-07T21:24:26","date_gmt":"2019-08-07T21:24:26","guid":{"rendered":"https:\/\/site.educa.madrid.org\/cp.sanjuandelacruz.madrid\/?page_id=242"},"modified":"2025-10-17T10:13:49","modified_gmt":"2025-10-17T08:13:49","slug":"servicio-de-comedor","status":"publish","type":"page","link":"https:\/\/site.educa.madrid.org\/cp.sanjuandelacruz.madrid\/index.php\/servicio-de-comedor\/","title":{"rendered":"SERVICIO DE COMEDOR"},"content":{"rendered":"\n<p>El Colegio P\u00fablico San Juan de la Cruz ofrece el servicio del comedor escolar y dispone de cocina donde se elaboran diariamente las comidas. Este <strong>servicio complementario <\/strong>de car\u00e1cter educativo, contribuye a una mejora de calidad de la ense\u00f1anza y desempe\u00f1a una destacada funci\u00f3n social, adem\u00e1s de cumplir la funci\u00f3n b\u00e1sica de la alimentaci\u00f3n y nutrici\u00f3n.<\/p>\n\n\n\n<p><\/p>\n\n\n\n<div class=\"wp-block-columns has-2-columns is-layout-flex wp-container-core-columns-is-layout-9d6595d7 wp-block-columns-is-layout-flex\">\n<div class=\"wp-block-column is-layout-flow wp-block-column-is-layout-flow\">\n<p>Cada d\u00eda hacen uso del servicio de comedor m\u00e1s de 150 alumnos de nuestro colegio. El <strong>horario<\/strong> es de 12:30 a 14:30. <\/p>\n\n\n\n<p>El <strong>precio del men\u00fa<\/strong> escolar lo establece la Consejer\u00eda de Educaci\u00f3n de la Comunidad de Madrid siendo para este curso de 5,50 \u20ac para los alumnos fijos y 6&#8217;50\u20ac para los espor\u00e1dicos.<\/p>\n<\/div>\n\n\n\n<div class=\"wp-block-column is-layout-flow wp-block-column-is-layout-flow\"><div class=\"wp-block-image\">\n<figure class=\"alignright\"><img loading=\"lazy\" decoding=\"async\" width=\"800\" height=\"600\" src=\"https:\/\/site.educa.madrid.org\/cp.sanjuandelacruz.madrid\/\/wp-content\/uploads\/cp.sanjuandelacruz.madrid\/2019\/08\/COMEDOR3-1.jpg\" alt=\"\" class=\"wp-image-334\" srcset=\"https:\/\/site.educa.madrid.org\/cp.sanjuandelacruz.madrid\/\/wp-content\/uploads\/cp.sanjuandelacruz.madrid\/2019\/08\/COMEDOR3-1.jpg 800w, https:\/\/site.educa.madrid.org\/cp.sanjuandelacruz.madrid\/\/wp-content\/uploads\/cp.sanjuandelacruz.madrid\/2019\/08\/COMEDOR3-1-300x225.jpg 300w, https:\/\/site.educa.madrid.org\/cp.sanjuandelacruz.madrid\/\/wp-content\/uploads\/cp.sanjuandelacruz.madrid\/2019\/08\/COMEDOR3-1-768x576.jpg 768w\" sizes=\"auto, (max-width: 800px) 100vw, 800px\" \/><\/figure>\n<\/div><\/div>\n<\/div>\n\n\n\n<p><\/p>\n","protected":false},"excerpt":{"rendered":"<p>El Colegio P\u00fablico San Juan de la Cruz ofrece el servicio del comedor escolar y dispone de cocina donde se elaboran diariamente las comidas. Este servicio complementario de car\u00e1cter educativo, contribuye a una mejora de calidad de la ense\u00f1anza y desempe\u00f1a una destacada funci\u00f3n social, adem\u00e1s de cumplir la funci\u00f3n b\u00e1sica de la alimentaci\u00f3n y<\/p><\/div>\n<div class=\"blog-btn\"><a href=\"https:\/\/site.educa.madrid.org\/cp.sanjuandelacruz.madrid\/index.php\/servicio-de-comedor\/\" class=\"home-blog-btn\">Leer m\u00e1s<\/a><\/p>\n","protected":false},"author":2,"featured_media":0,"parent":0,"menu_order":0,"comment_status":"closed","ping_status":"closed","template":"","meta":{"footnotes":""},"folder":[],"class_list":["post-242","page","type-page","status-publish","hentry"],"rttpg_featured_image_url":null,"rttpg_author":{"display_name":"Cuenta TIC","author_link":"https:\/\/site.educa.madrid.org\/cp.sanjuandelacruz.madrid\/index.php\/author\/cuenta_tic-cp-sanjuandelacruz-madrid\/"},"rttpg_comment":0,"rttpg_category":false,"rttpg_excerpt":"El Colegio P\u00fablico San Juan de la Cruz ofrece el servicio del comedor escolar y dispone de cocina donde se elaboran diariamente las comidas. Este servicio complementario de car\u00e1cter educativo, contribuye a una mejora de calidad de la ense\u00f1anza y desempe\u00f1a una destacada funci\u00f3n social, adem\u00e1s de cumplir la funci\u00f3n b\u00e1sica de la alimentaci\u00f3n yLeer&hellip;","post_mailing_queue_ids":[],"_links":{"self":[{"href":"https:\/\/site.educa.madrid.org\/cp.sanjuandelacruz.madrid\/index.php\/wp-json\/wp\/v2\/pages\/242","targetHints":{"allow":["GET"]}}],"collection":[{"href":"https:\/\/site.educa.madrid.org\/cp.sanjuandelacruz.madrid\/index.php\/wp-json\/wp\/v2\/pages"}],"about":[{"href":"https:\/\/site.educa.madrid.org\/cp.sanjuandelacruz.madrid\/index.php\/wp-json\/wp\/v2\/types\/page"}],"author":[{"embeddable":true,"href":"https:\/\/site.educa.madrid.org\/cp.sanjuandelacruz.madrid\/index.php\/wp-json\/wp\/v2\/users\/2"}],"replies":[{"embeddable":true,"href":"https:\/\/site.educa.madrid.org\/cp.sanjuandelacruz.madrid\/index.php\/wp-json\/wp\/v2\/comments?post=242"}],"version-history":[{"count":10,"href":"https:\/\/site.educa.madrid.org\/cp.sanjuandelacruz.madrid\/index.php\/wp-json\/wp\/v2\/pages\/242\/revisions"}],"predecessor-version":[{"id":6019,"href":"https:\/\/site.educa.madrid.org\/cp.sanjuandelacruz.madrid\/index.php\/wp-json\/wp\/v2\/pages\/242\/revisions\/6019"}],"wp:attachment":[{"href":"https:\/\/site.educa.madrid.org\/cp.sanjuandelacruz.madrid\/index.php\/wp-json\/wp\/v2\/media?parent=242"}],"wp:term":[{"taxonomy":"folder","embeddable":true,"href":"https:\/\/site.educa.madrid.org\/cp.sanjuandelacruz.madrid\/index.php\/wp-json\/wp\/v2\/folder?post=242"}],"curies":[{"name":"wp","href":"https:\/\/api.w.org\/{rel}","templated":true}]}}