{"id":256,"date":"2019-08-07T21:40:17","date_gmt":"2019-08-07T21:40:17","guid":{"rendered":"https:\/\/site.educa.madrid.org\/cp.sanjuandelacruz.madrid\/?page_id=256"},"modified":"2025-11-19T12:56:51","modified_gmt":"2025-11-19T11:56:51","slug":"bibilioteca","status":"publish","type":"page","link":"https:\/\/site.educa.madrid.org\/cp.sanjuandelacruz.madrid\/index.php\/bibilioteca\/","title":{"rendered":"BIBLIOTECA"},"content":{"rendered":"\n<p>Nuestra Biblioteca es un espacio vivo y acogedor, pensado para el uso de alumnos y profesores. Cuenta con una amplia dotaci\u00f3n de materiales: \u00e1lbumes ilustrados, revistas, cuentos gigantes, diccionarios, enciclopedias y libros multitud de tem\u00e1ticas tanto en espa\u00f1ol como en ingl\u00e9s.<br>Para facilitar el acceso a la lectura y atender a los distintos ritmos e intereses del alumnado, los fondos est\u00e1n organizados en cuatro secciones:&nbsp;<strong>prelectores, iniciaci\u00f3n, intermedio y avanzado<\/strong>.<\/p>\n\n\n\n<p>En este espacio se desarrollan m\u00faltiples actividades relacionadas con el fomento de la lectura:<\/p>\n\n\n\n<ul class=\"wp-block-list\">\n<li><strong>Sesi\u00f3n semanal de pr\u00e9stamo y lectura<\/strong>\u00a0para cada curso.<\/li>\n\n\n\n<li><strong>Actividades de animaci\u00f3n a la lectura<\/strong>, tales como cuentacuentos, narraciones y peque\u00f1as dramatizaciones.<\/li>\n\n\n\n<li><strong>BiblioPatio<\/strong>: la biblioteca abre durante los recreos de los mi\u00e9rcoles, permitiendo que el alumnado consulte libremente los ejemplares, disfrute de un tiempo de lectura o participe en sesiones de cuentacuentos organizadas por los propios estudiantes, siempre acompa\u00f1ados por la Coordinadora de Biblioteca.<\/li>\n<\/ul>\n\n\n\n<p>La Biblioteca pretende ser un punto de encuentro donde descubrir historias, aprender y disfrutar del placer de leer. Por ello, cada a\u00f1o&nbsp;se realiza una consulta al alumnado y al profesorado para seguir ampliando y actualizando, en colaboraci\u00f3n con el&nbsp;<strong>AMPA<\/strong>, los fondos de la Biblioteca, asegurando as\u00ed que respondan a sus intereses y necesidades.<\/p>\n\n\n\n<p><\/p>\n\n\n\n<figure class=\"wp-block-gallery aligncenter has-nested-images columns-default is-cropped wp-block-gallery-1 is-layout-flex wp-block-gallery-is-layout-flex\">\n<figure class=\"wp-block-image size-large\"><img loading=\"lazy\" decoding=\"async\" width=\"300\" height=\"225\" data-id=\"257\" src=\"https:\/\/site.educa.madrid.org\/cp.sanjuandelacruz.madrid\/\/wp-content\/uploads\/cp.sanjuandelacruz.madrid\/2019\/08\/BIBLIOTECA-300x225.jpg\" alt=\"BIBLITECA\" class=\"wp-image-257\" srcset=\"https:\/\/site.educa.madrid.org\/cp.sanjuandelacruz.madrid\/\/wp-content\/uploads\/cp.sanjuandelacruz.madrid\/2019\/08\/BIBLIOTECA-300x225.jpg 300w, https:\/\/site.educa.madrid.org\/cp.sanjuandelacruz.madrid\/\/wp-content\/uploads\/cp.sanjuandelacruz.madrid\/2019\/08\/BIBLIOTECA-768x576.jpg 768w, https:\/\/site.educa.madrid.org\/cp.sanjuandelacruz.madrid\/\/wp-content\/uploads\/cp.sanjuandelacruz.madrid\/2019\/08\/BIBLIOTECA.jpg 800w\" sizes=\"auto, (max-width: 300px) 100vw, 300px\" \/><\/figure>\n\n\n\n<figure class=\"wp-block-image size-large\"><img loading=\"lazy\" decoding=\"async\" width=\"1000\" height=\"835\" data-id=\"332\" src=\"https:\/\/site.educa.madrid.org\/cp.sanjuandelacruz.madrid\/\/wp-content\/uploads\/cp.sanjuandelacruz.madrid\/2019\/08\/cartel_biblioteca.jpg\" alt=\"\" class=\"wp-image-332\" srcset=\"https:\/\/site.educa.madrid.org\/cp.sanjuandelacruz.madrid\/\/wp-content\/uploads\/cp.sanjuandelacruz.madrid\/2019\/08\/cartel_biblioteca.jpg 1000w, https:\/\/site.educa.madrid.org\/cp.sanjuandelacruz.madrid\/\/wp-content\/uploads\/cp.sanjuandelacruz.madrid\/2019\/08\/cartel_biblioteca-300x251.jpg 300w, https:\/\/site.educa.madrid.org\/cp.sanjuandelacruz.madrid\/\/wp-content\/uploads\/cp.sanjuandelacruz.madrid\/2019\/08\/cartel_biblioteca-768x641.jpg 768w\" sizes=\"auto, (max-width: 1000px) 100vw, 1000px\" \/><\/figure>\n<\/figure>\n","protected":false},"excerpt":{"rendered":"<p>Nuestra Biblioteca es un espacio vivo y acogedor, pensado para el uso de alumnos y profesores. Cuenta con una amplia dotaci\u00f3n de materiales: \u00e1lbumes ilustrados, revistas, cuentos gigantes, diccionarios, enciclopedias y libros multitud de tem\u00e1ticas tanto en espa\u00f1ol como en ingl\u00e9s.Para facilitar el acceso a la lectura y atender a los distintos ritmos e intereses<\/p><\/div>\n<div class=\"blog-btn\"><a href=\"https:\/\/site.educa.madrid.org\/cp.sanjuandelacruz.madrid\/index.php\/bibilioteca\/\" class=\"home-blog-btn\">Leer m\u00e1s<\/a><\/p>\n","protected":false},"author":2,"featured_media":0,"parent":0,"menu_order":0,"comment_status":"closed","ping_status":"closed","template":"","meta":{"footnotes":""},"folder":[],"class_list":["post-256","page","type-page","status-publish","hentry"],"rttpg_featured_image_url":null,"rttpg_author":{"display_name":"Cuenta TIC","author_link":"https:\/\/site.educa.madrid.org\/cp.sanjuandelacruz.madrid\/index.php\/author\/cuenta_tic-cp-sanjuandelacruz-madrid\/"},"rttpg_comment":0,"rttpg_category":false,"rttpg_excerpt":"Nuestra Biblioteca es un espacio vivo y acogedor, pensado para el uso de alumnos y profesores. Cuenta con una amplia dotaci\u00f3n de materiales: \u00e1lbumes ilustrados, revistas, cuentos gigantes, diccionarios, enciclopedias y libros multitud de tem\u00e1ticas tanto en espa\u00f1ol como en ingl\u00e9s.Para facilitar el acceso a la lectura y atender a los distintos ritmos e interesesLeer&hellip;","post_mailing_queue_ids":[],"_links":{"self":[{"href":"https:\/\/site.educa.madrid.org\/cp.sanjuandelacruz.madrid\/index.php\/wp-json\/wp\/v2\/pages\/256","targetHints":{"allow":["GET"]}}],"collection":[{"href":"https:\/\/site.educa.madrid.org\/cp.sanjuandelacruz.madrid\/index.php\/wp-json\/wp\/v2\/pages"}],"about":[{"href":"https:\/\/site.educa.madrid.org\/cp.sanjuandelacruz.madrid\/index.php\/wp-json\/wp\/v2\/types\/page"}],"author":[{"embeddable":true,"href":"https:\/\/site.educa.madrid.org\/cp.sanjuandelacruz.madrid\/index.php\/wp-json\/wp\/v2\/users\/2"}],"replies":[{"embeddable":true,"href":"https:\/\/site.educa.madrid.org\/cp.sanjuandelacruz.madrid\/index.php\/wp-json\/wp\/v2\/comments?post=256"}],"version-history":[{"count":7,"href":"https:\/\/site.educa.madrid.org\/cp.sanjuandelacruz.madrid\/index.php\/wp-json\/wp\/v2\/pages\/256\/revisions"}],"predecessor-version":[{"id":6328,"href":"https:\/\/site.educa.madrid.org\/cp.sanjuandelacruz.madrid\/index.php\/wp-json\/wp\/v2\/pages\/256\/revisions\/6328"}],"wp:attachment":[{"href":"https:\/\/site.educa.madrid.org\/cp.sanjuandelacruz.madrid\/index.php\/wp-json\/wp\/v2\/media?parent=256"}],"wp:term":[{"taxonomy":"folder","embeddable":true,"href":"https:\/\/site.educa.madrid.org\/cp.sanjuandelacruz.madrid\/index.php\/wp-json\/wp\/v2\/folder?post=256"}],"curies":[{"name":"wp","href":"https:\/\/api.w.org\/{rel}","templated":true}]}}