{"id":2789,"date":"2021-06-29T17:14:45","date_gmt":"2021-06-29T17:14:45","guid":{"rendered":"https:\/\/site.educa.madrid.org\/cp.sanjuandelacruz.madrid\/?page_id=2789"},"modified":"2025-06-24T12:10:17","modified_gmt":"2025-06-24T10:10:17","slug":"libros-de-texto-2","status":"publish","type":"page","link":"https:\/\/site.educa.madrid.org\/cp.sanjuandelacruz.madrid\/index.php\/libros-de-texto-2\/","title":{"rendered":"LIBROS DE TEXTO"},"content":{"rendered":"\n<p>Estos son los libros de texto para el pr\u00f3ximo curso 2025-26.<\/p>\n\n\n\n<p>Recordad que en Primaria, si est\u00e1is adheridos al programa ACCEDE, el centro durante los primeros d\u00edas de septiembre os los entregar\u00e1 y por tanto, s\u00f3lo deb\u00e9is comprar los libros que no entran en este programa como son los libros de las asignatura de Valores c\u00edvicos y Sociales, los libros de lectura y los cuadernillos o cuadernos de trabajo de cualquier asignatura. <\/p>\n\n\n\n<p><\/p>\n\n\n\n<div style=\"height:47px\" aria-hidden=\"true\" class=\"wp-block-spacer\"><\/div>\n\n\n\n<div class=\"wp-block-file\"><a id=\"wp-block-file--media-a69ec9fe-e0b1-4683-b148-baf2df77478a\" href=\"https:\/\/site.educa.madrid.org\/cp.sanjuandelacruz.madrid\/\/wp-content\/uploads\/cp.sanjuandelacruz.madrid\/2025\/06\/libros-INFANTI-2025-2026.docx\">libros INFANTI 2025-2026<\/a><a href=\"https:\/\/site.educa.madrid.org\/cp.sanjuandelacruz.madrid\/\/wp-content\/uploads\/cp.sanjuandelacruz.madrid\/2025\/06\/libros-INFANTI-2025-2026.docx\" class=\"wp-block-file__button wp-element-button\" download aria-describedby=\"wp-block-file--media-a69ec9fe-e0b1-4683-b148-baf2df77478a\">Descarga<\/a><\/div>\n\n\n\n<div style=\"height:100px\" aria-hidden=\"true\" class=\"wp-block-spacer\"><\/div>\n\n\n\n<div class=\"wp-block-file\"><a id=\"wp-block-file--media-e9445008-023d-4dde-ac9a-f5695fdd6a14\" href=\"https:\/\/site.educa.madrid.org\/cp.sanjuandelacruz.madrid\/\/wp-content\/uploads\/cp.sanjuandelacruz.madrid\/2025\/06\/1-PRIMERO_202-26.doc\">1 PRIMERO_202-26<\/a><a href=\"https:\/\/site.educa.madrid.org\/cp.sanjuandelacruz.madrid\/\/wp-content\/uploads\/cp.sanjuandelacruz.madrid\/2025\/06\/1-PRIMERO_202-26.doc\" class=\"wp-block-file__button wp-element-button\" download aria-describedby=\"wp-block-file--media-e9445008-023d-4dde-ac9a-f5695fdd6a14\">Descarga<\/a><\/div>\n\n\n\n<div style=\"height:100px\" aria-hidden=\"true\" class=\"wp-block-spacer\"><\/div>\n\n\n\n<div class=\"wp-block-file\"><a id=\"wp-block-file--media-d26407ab-fcad-4f0b-be83-45370ac2c4ce\" href=\"https:\/\/site.educa.madrid.org\/cp.sanjuandelacruz.madrid\/\/wp-content\/uploads\/cp.sanjuandelacruz.madrid\/2025\/06\/2-SEGUNDO_2025-26.doc\">2 SEGUNDO_2025-26<\/a><a href=\"https:\/\/site.educa.madrid.org\/cp.sanjuandelacruz.madrid\/\/wp-content\/uploads\/cp.sanjuandelacruz.madrid\/2025\/06\/2-SEGUNDO_2025-26.doc\" class=\"wp-block-file__button wp-element-button\" download aria-describedby=\"wp-block-file--media-d26407ab-fcad-4f0b-be83-45370ac2c4ce\">Download<\/a><\/div>\n\n\n\n<div style=\"height:100px\" aria-hidden=\"true\" class=\"wp-block-spacer\"><\/div>\n\n\n\n<div class=\"wp-block-file\"><a id=\"wp-block-file--media-67ec86df-8bb6-4b3e-a7a0-8d2468a3110a\" href=\"https:\/\/site.educa.madrid.org\/cp.sanjuandelacruz.madrid\/\/wp-content\/uploads\/cp.sanjuandelacruz.madrid\/2025\/06\/3-TERCERO_2024-251.doc\">3 TERCERO_2025-26<\/a><a href=\"https:\/\/site.educa.madrid.org\/cp.sanjuandelacruz.madrid\/\/wp-content\/uploads\/cp.sanjuandelacruz.madrid\/2025\/06\/3-TERCERO_2024-251.doc\" class=\"wp-block-file__button wp-element-button\" download aria-describedby=\"wp-block-file--media-67ec86df-8bb6-4b3e-a7a0-8d2468a3110a\">Download<\/a><\/div>\n\n\n\n<div style=\"height:100px\" aria-hidden=\"true\" class=\"wp-block-spacer\"><\/div>\n\n\n\n<div class=\"wp-block-file\"><a id=\"wp-block-file--media-377fc165-48e6-4a1b-9394-4902494ae303\" href=\"https:\/\/site.educa.madrid.org\/cp.sanjuandelacruz.madrid\/\/wp-content\/uploads\/cp.sanjuandelacruz.madrid\/2025\/06\/4-CUARTO_2024-25.doc\">4 CUARTO_2025-26<\/a><a href=\"https:\/\/site.educa.madrid.org\/cp.sanjuandelacruz.madrid\/\/wp-content\/uploads\/cp.sanjuandelacruz.madrid\/2025\/06\/4-CUARTO_2024-25.doc\" class=\"wp-block-file__button wp-element-button\" download aria-describedby=\"wp-block-file--media-377fc165-48e6-4a1b-9394-4902494ae303\">Download<\/a><\/div>\n\n\n\n<div style=\"height:100px\" aria-hidden=\"true\" class=\"wp-block-spacer\"><\/div>\n\n\n\n<div class=\"wp-block-file\"><a id=\"wp-block-file--media-8431b067-39e4-429f-ae50-c96b5718a68d\" href=\"https:\/\/site.educa.madrid.org\/cp.sanjuandelacruz.madrid\/\/wp-content\/uploads\/cp.sanjuandelacruz.madrid\/2025\/06\/5-QUINTO_2025-26.doc\">5 QUINTO_2025-26<\/a><a href=\"https:\/\/site.educa.madrid.org\/cp.sanjuandelacruz.madrid\/\/wp-content\/uploads\/cp.sanjuandelacruz.madrid\/2025\/06\/5-QUINTO_2025-26.doc\" class=\"wp-block-file__button wp-element-button\" download aria-describedby=\"wp-block-file--media-8431b067-39e4-429f-ae50-c96b5718a68d\">Download<\/a><\/div>\n\n\n\n<div style=\"height:100px\" aria-hidden=\"true\" class=\"wp-block-spacer\"><\/div>\n\n\n\n<div class=\"wp-block-file\"><a id=\"wp-block-file--media-233b79f1-576e-492b-aee7-0c7a9bb39f07\" href=\"https:\/\/site.educa.madrid.org\/cp.sanjuandelacruz.madrid\/\/wp-content\/uploads\/cp.sanjuandelacruz.madrid\/2025\/06\/6-SEXTO_2025-26.doc\">6 SEXTO_2025-26<\/a><a href=\"https:\/\/site.educa.madrid.org\/cp.sanjuandelacruz.madrid\/\/wp-content\/uploads\/cp.sanjuandelacruz.madrid\/2025\/06\/6-SEXTO_2025-26.doc\" class=\"wp-block-file__button wp-element-button\" download aria-describedby=\"wp-block-file--media-233b79f1-576e-492b-aee7-0c7a9bb39f07\">Download<\/a><\/div>\n\n\n\n<div style=\"height:100px\" aria-hidden=\"true\" class=\"wp-block-spacer\"><\/div>\n\n\n\n<p><\/p>\n","protected":false},"excerpt":{"rendered":"<p>Estos son los libros de texto para el pr\u00f3ximo curso 2025-26. Recordad que en Primaria, si est\u00e1is adheridos al programa ACCEDE, el centro durante los primeros d\u00edas de septiembre os los entregar\u00e1 y por tanto, s\u00f3lo deb\u00e9is comprar los libros que no entran en este programa como son los libros de las asignatura de Valores<\/p><\/div>\n<div class=\"blog-btn\"><a href=\"https:\/\/site.educa.madrid.org\/cp.sanjuandelacruz.madrid\/index.php\/libros-de-texto-2\/\" class=\"home-blog-btn\">Leer m\u00e1s<\/a><\/p>\n","protected":false},"author":5,"featured_media":0,"parent":0,"menu_order":0,"comment_status":"open","ping_status":"closed","template":"","meta":{"footnotes":""},"folder":[],"class_list":["post-2789","page","type-page","status-publish","hentry"],"rttpg_featured_image_url":null,"rttpg_author":{"display_name":"jestudios","author_link":"https:\/\/site.educa.madrid.org\/cp.sanjuandelacruz.madrid\/index.php\/author\/cuenta_jestudios-cp-sanjuandelacruz-madrid\/"},"rttpg_comment":0,"rttpg_category":false,"rttpg_excerpt":"Estos son los libros de texto para el pr\u00f3ximo curso 2025-26. Recordad que en Primaria, si est\u00e1is adheridos al programa ACCEDE, el centro durante los primeros d\u00edas de septiembre os los entregar\u00e1 y por tanto, s\u00f3lo deb\u00e9is comprar los libros que no entran en este programa como son los libros de las asignatura de ValoresLeer&hellip;","post_mailing_queue_ids":[],"_links":{"self":[{"href":"https:\/\/site.educa.madrid.org\/cp.sanjuandelacruz.madrid\/index.php\/wp-json\/wp\/v2\/pages\/2789","targetHints":{"allow":["GET"]}}],"collection":[{"href":"https:\/\/site.educa.madrid.org\/cp.sanjuandelacruz.madrid\/index.php\/wp-json\/wp\/v2\/pages"}],"about":[{"href":"https:\/\/site.educa.madrid.org\/cp.sanjuandelacruz.madrid\/index.php\/wp-json\/wp\/v2\/types\/page"}],"author":[{"embeddable":true,"href":"https:\/\/site.educa.madrid.org\/cp.sanjuandelacruz.madrid\/index.php\/wp-json\/wp\/v2\/users\/5"}],"replies":[{"embeddable":true,"href":"https:\/\/site.educa.madrid.org\/cp.sanjuandelacruz.madrid\/index.php\/wp-json\/wp\/v2\/comments?post=2789"}],"version-history":[{"count":11,"href":"https:\/\/site.educa.madrid.org\/cp.sanjuandelacruz.madrid\/index.php\/wp-json\/wp\/v2\/pages\/2789\/revisions"}],"predecessor-version":[{"id":5937,"href":"https:\/\/site.educa.madrid.org\/cp.sanjuandelacruz.madrid\/index.php\/wp-json\/wp\/v2\/pages\/2789\/revisions\/5937"}],"wp:attachment":[{"href":"https:\/\/site.educa.madrid.org\/cp.sanjuandelacruz.madrid\/index.php\/wp-json\/wp\/v2\/media?parent=2789"}],"wp:term":[{"taxonomy":"folder","embeddable":true,"href":"https:\/\/site.educa.madrid.org\/cp.sanjuandelacruz.madrid\/index.php\/wp-json\/wp\/v2\/folder?post=2789"}],"curies":[{"name":"wp","href":"https:\/\/api.w.org\/{rel}","templated":true}]}}