{"id":2837,"date":"2021-09-01T16:28:54","date_gmt":"2021-09-01T16:28:54","guid":{"rendered":"https:\/\/site.educa.madrid.org\/cp.sanjuandelacruz.madrid\/?page_id=2837"},"modified":"2025-09-11T12:47:10","modified_gmt":"2025-09-11T10:47:10","slug":"profesorado-2","status":"publish","type":"page","link":"https:\/\/site.educa.madrid.org\/cp.sanjuandelacruz.madrid\/index.php\/profesorado-2\/","title":{"rendered":"PROFESORADO"},"content":{"rendered":"\n<p>La plantilla del centro para el curso 2025-26 est\u00e1 formada por 16 profesores. Esta esta es su distribuci\u00f3n y especialidades para este curso escolar.<\/p>\n\n\n\n<p class=\"has-text-align-center has-white-color has-vivid-red-background-color has-text-color has-background has-large-font-size\">TUTORES<\/p>\n\n\n\n<div style=\"height:37px\" aria-hidden=\"true\" class=\"wp-block-spacer\"><\/div>\n\n\n\n<figure class=\"wp-block-table is-style-stripes has-x-large-font-size\" style=\"font-style:normal;font-weight:700\"><table class=\"has-vivid-red-color has-text-color\"><tbody><tr><td class=\"has-text-align-right\" data-align=\"right\"><img loading=\"lazy\" decoding=\"async\" width=\"100\" height=\"66\" class=\"wp-image-4615\" style=\"width: 100px;\" src=\"https:\/\/site.educa.madrid.org\/cp.sanjuandelacruz.madrid\/\/wp-content\/uploads\/cp.sanjuandelacruz.madrid\/2023\/08\/PIZARRA-3anos.png\" alt=\"PIZARRA 3 A\u00d1OS\" srcset=\"https:\/\/site.educa.madrid.org\/cp.sanjuandelacruz.madrid\/\/wp-content\/uploads\/cp.sanjuandelacruz.madrid\/2023\/08\/PIZARRA-3anos.png 497w, https:\/\/site.educa.madrid.org\/cp.sanjuandelacruz.madrid\/\/wp-content\/uploads\/cp.sanjuandelacruz.madrid\/2023\/08\/PIZARRA-3anos-300x198.png 300w, https:\/\/site.educa.madrid.org\/cp.sanjuandelacruz.madrid\/\/wp-content\/uploads\/cp.sanjuandelacruz.madrid\/2023\/08\/PIZARRA-3anos-391x260.png 391w, https:\/\/site.educa.madrid.org\/cp.sanjuandelacruz.madrid\/\/wp-content\/uploads\/cp.sanjuandelacruz.madrid\/2023\/08\/PIZARRA-3anos-272x182.png 272w\" sizes=\"auto, (max-width: 100px) 100vw, 100px\" \/><\/td><td class=\"has-text-align-left\" data-align=\"left\">GEMA<\/td><\/tr><tr><td class=\"has-text-align-right\" data-align=\"right\"><img loading=\"lazy\" decoding=\"async\" width=\"100\" height=\"66\" class=\"wp-image-4616\" style=\"width: 100px;\" src=\"https:\/\/site.educa.madrid.org\/cp.sanjuandelacruz.madrid\/\/wp-content\/uploads\/cp.sanjuandelacruz.madrid\/2023\/08\/PIZARRA-4anos.png\" alt=\"\" srcset=\"https:\/\/site.educa.madrid.org\/cp.sanjuandelacruz.madrid\/\/wp-content\/uploads\/cp.sanjuandelacruz.madrid\/2023\/08\/PIZARRA-4anos.png 497w, https:\/\/site.educa.madrid.org\/cp.sanjuandelacruz.madrid\/\/wp-content\/uploads\/cp.sanjuandelacruz.madrid\/2023\/08\/PIZARRA-4anos-300x198.png 300w, https:\/\/site.educa.madrid.org\/cp.sanjuandelacruz.madrid\/\/wp-content\/uploads\/cp.sanjuandelacruz.madrid\/2023\/08\/PIZARRA-4anos-391x260.png 391w, https:\/\/site.educa.madrid.org\/cp.sanjuandelacruz.madrid\/\/wp-content\/uploads\/cp.sanjuandelacruz.madrid\/2023\/08\/PIZARRA-4anos-272x182.png 272w\" sizes=\"auto, (max-width: 100px) 100vw, 100px\" \/><\/td><td class=\"has-text-align-left\" data-align=\"left\">RUTH<\/td><\/tr><tr><td class=\"has-text-align-right\" data-align=\"right\"><img loading=\"lazy\" decoding=\"async\" width=\"100\" height=\"66\" class=\"wp-image-4617\" style=\"width: 100px;\" src=\"https:\/\/site.educa.madrid.org\/cp.sanjuandelacruz.madrid\/\/wp-content\/uploads\/cp.sanjuandelacruz.madrid\/2023\/08\/PIZARRA-5anos.png\" alt=\"\" srcset=\"https:\/\/site.educa.madrid.org\/cp.sanjuandelacruz.madrid\/\/wp-content\/uploads\/cp.sanjuandelacruz.madrid\/2023\/08\/PIZARRA-5anos.png 497w, https:\/\/site.educa.madrid.org\/cp.sanjuandelacruz.madrid\/\/wp-content\/uploads\/cp.sanjuandelacruz.madrid\/2023\/08\/PIZARRA-5anos-300x198.png 300w, https:\/\/site.educa.madrid.org\/cp.sanjuandelacruz.madrid\/\/wp-content\/uploads\/cp.sanjuandelacruz.madrid\/2023\/08\/PIZARRA-5anos-391x260.png 391w, https:\/\/site.educa.madrid.org\/cp.sanjuandelacruz.madrid\/\/wp-content\/uploads\/cp.sanjuandelacruz.madrid\/2023\/08\/PIZARRA-5anos-272x182.png 272w\" sizes=\"auto, (max-width: 100px) 100vw, 100px\" \/><\/td><td class=\"has-text-align-left\" data-align=\"left\">HELENA<\/td><\/tr><tr><td class=\"has-text-align-right\" data-align=\"right\"><img loading=\"lazy\" decoding=\"async\" width=\"100\" height=\"66\" class=\"wp-image-4621\" style=\"width: 100px;\" src=\"https:\/\/site.educa.madrid.org\/cp.sanjuandelacruz.madrid\/\/wp-content\/uploads\/cp.sanjuandelacruz.madrid\/2023\/08\/PIZARRA-1primaria.png\" alt=\"\" srcset=\"https:\/\/site.educa.madrid.org\/cp.sanjuandelacruz.madrid\/\/wp-content\/uploads\/cp.sanjuandelacruz.madrid\/2023\/08\/PIZARRA-1primaria.png 497w, https:\/\/site.educa.madrid.org\/cp.sanjuandelacruz.madrid\/\/wp-content\/uploads\/cp.sanjuandelacruz.madrid\/2023\/08\/PIZARRA-1primaria-300x198.png 300w, https:\/\/site.educa.madrid.org\/cp.sanjuandelacruz.madrid\/\/wp-content\/uploads\/cp.sanjuandelacruz.madrid\/2023\/08\/PIZARRA-1primaria-391x260.png 391w, https:\/\/site.educa.madrid.org\/cp.sanjuandelacruz.madrid\/\/wp-content\/uploads\/cp.sanjuandelacruz.madrid\/2023\/08\/PIZARRA-1primaria-272x182.png 272w\" sizes=\"auto, (max-width: 100px) 100vw, 100px\" \/><\/td><td class=\"has-text-align-left\" data-align=\"left\">CONCHI<\/td><\/tr><tr><td class=\"has-text-align-right\" data-align=\"right\"><img loading=\"lazy\" decoding=\"async\" width=\"100\" height=\"66\" class=\"wp-image-4622\" style=\"width: 100px;\" src=\"https:\/\/site.educa.madrid.org\/cp.sanjuandelacruz.madrid\/\/wp-content\/uploads\/cp.sanjuandelacruz.madrid\/2023\/08\/PIZARRA-2primaria.png\" alt=\"\" srcset=\"https:\/\/site.educa.madrid.org\/cp.sanjuandelacruz.madrid\/\/wp-content\/uploads\/cp.sanjuandelacruz.madrid\/2023\/08\/PIZARRA-2primaria.png 497w, https:\/\/site.educa.madrid.org\/cp.sanjuandelacruz.madrid\/\/wp-content\/uploads\/cp.sanjuandelacruz.madrid\/2023\/08\/PIZARRA-2primaria-300x198.png 300w, https:\/\/site.educa.madrid.org\/cp.sanjuandelacruz.madrid\/\/wp-content\/uploads\/cp.sanjuandelacruz.madrid\/2023\/08\/PIZARRA-2primaria-391x260.png 391w, https:\/\/site.educa.madrid.org\/cp.sanjuandelacruz.madrid\/\/wp-content\/uploads\/cp.sanjuandelacruz.madrid\/2023\/08\/PIZARRA-2primaria-272x182.png 272w\" sizes=\"auto, (max-width: 100px) 100vw, 100px\" \/><\/td><td class=\"has-text-align-left\" data-align=\"left\">ROBERTO<\/td><\/tr><tr><td class=\"has-text-align-right\" data-align=\"right\"><img loading=\"lazy\" decoding=\"async\" width=\"100\" height=\"66\" class=\"wp-image-4623\" style=\"width: 100px;\" src=\"https:\/\/site.educa.madrid.org\/cp.sanjuandelacruz.madrid\/\/wp-content\/uploads\/cp.sanjuandelacruz.madrid\/2023\/08\/PIZARRA-3primaria.png\" alt=\"\" srcset=\"https:\/\/site.educa.madrid.org\/cp.sanjuandelacruz.madrid\/\/wp-content\/uploads\/cp.sanjuandelacruz.madrid\/2023\/08\/PIZARRA-3primaria.png 497w, https:\/\/site.educa.madrid.org\/cp.sanjuandelacruz.madrid\/\/wp-content\/uploads\/cp.sanjuandelacruz.madrid\/2023\/08\/PIZARRA-3primaria-300x198.png 300w, https:\/\/site.educa.madrid.org\/cp.sanjuandelacruz.madrid\/\/wp-content\/uploads\/cp.sanjuandelacruz.madrid\/2023\/08\/PIZARRA-3primaria-391x260.png 391w, https:\/\/site.educa.madrid.org\/cp.sanjuandelacruz.madrid\/\/wp-content\/uploads\/cp.sanjuandelacruz.madrid\/2023\/08\/PIZARRA-3primaria-272x182.png 272w\" sizes=\"auto, (max-width: 100px) 100vw, 100px\" \/><\/td><td class=\"has-text-align-left\" data-align=\"left\">FRANCISCA<\/td><\/tr><tr><td class=\"has-text-align-right\" data-align=\"right\"><img loading=\"lazy\" decoding=\"async\" width=\"100\" height=\"66\" class=\"wp-image-4618\" style=\"width: 100px;\" src=\"https:\/\/site.educa.madrid.org\/cp.sanjuandelacruz.madrid\/\/wp-content\/uploads\/cp.sanjuandelacruz.madrid\/2023\/08\/PIZARRA-4primaria.png\" alt=\"\" srcset=\"https:\/\/site.educa.madrid.org\/cp.sanjuandelacruz.madrid\/\/wp-content\/uploads\/cp.sanjuandelacruz.madrid\/2023\/08\/PIZARRA-4primaria.png 497w, https:\/\/site.educa.madrid.org\/cp.sanjuandelacruz.madrid\/\/wp-content\/uploads\/cp.sanjuandelacruz.madrid\/2023\/08\/PIZARRA-4primaria-300x198.png 300w, https:\/\/site.educa.madrid.org\/cp.sanjuandelacruz.madrid\/\/wp-content\/uploads\/cp.sanjuandelacruz.madrid\/2023\/08\/PIZARRA-4primaria-391x260.png 391w, https:\/\/site.educa.madrid.org\/cp.sanjuandelacruz.madrid\/\/wp-content\/uploads\/cp.sanjuandelacruz.madrid\/2023\/08\/PIZARRA-4primaria-272x182.png 272w\" sizes=\"auto, (max-width: 100px) 100vw, 100px\" \/><\/td><td class=\"has-text-align-left\" data-align=\"left\">IRIS<\/td><\/tr><tr><td class=\"has-text-align-right\" data-align=\"right\"><img loading=\"lazy\" decoding=\"async\" width=\"100\" height=\"66\" class=\"wp-image-4619\" style=\"width: 100px;\" src=\"https:\/\/site.educa.madrid.org\/cp.sanjuandelacruz.madrid\/\/wp-content\/uploads\/cp.sanjuandelacruz.madrid\/2023\/08\/PIZARRA-5primaria.png\" alt=\"\" srcset=\"https:\/\/site.educa.madrid.org\/cp.sanjuandelacruz.madrid\/\/wp-content\/uploads\/cp.sanjuandelacruz.madrid\/2023\/08\/PIZARRA-5primaria.png 497w, https:\/\/site.educa.madrid.org\/cp.sanjuandelacruz.madrid\/\/wp-content\/uploads\/cp.sanjuandelacruz.madrid\/2023\/08\/PIZARRA-5primaria-300x198.png 300w, https:\/\/site.educa.madrid.org\/cp.sanjuandelacruz.madrid\/\/wp-content\/uploads\/cp.sanjuandelacruz.madrid\/2023\/08\/PIZARRA-5primaria-391x260.png 391w, https:\/\/site.educa.madrid.org\/cp.sanjuandelacruz.madrid\/\/wp-content\/uploads\/cp.sanjuandelacruz.madrid\/2023\/08\/PIZARRA-5primaria-272x182.png 272w\" sizes=\"auto, (max-width: 100px) 100vw, 100px\" \/><\/td><td class=\"has-text-align-left\" data-align=\"left\">MAR\u00cdA JOS\u00c9<\/td><\/tr><tr><td class=\"has-text-align-right\" data-align=\"right\"><img loading=\"lazy\" decoding=\"async\" width=\"100\" height=\"66\" class=\"wp-image-4620\" style=\"width: 100px;\" src=\"https:\/\/site.educa.madrid.org\/cp.sanjuandelacruz.madrid\/\/wp-content\/uploads\/cp.sanjuandelacruz.madrid\/2023\/08\/PIZARRA-6primaria.png\" alt=\"\" srcset=\"https:\/\/site.educa.madrid.org\/cp.sanjuandelacruz.madrid\/\/wp-content\/uploads\/cp.sanjuandelacruz.madrid\/2023\/08\/PIZARRA-6primaria.png 497w, https:\/\/site.educa.madrid.org\/cp.sanjuandelacruz.madrid\/\/wp-content\/uploads\/cp.sanjuandelacruz.madrid\/2023\/08\/PIZARRA-6primaria-300x198.png 300w, https:\/\/site.educa.madrid.org\/cp.sanjuandelacruz.madrid\/\/wp-content\/uploads\/cp.sanjuandelacruz.madrid\/2023\/08\/PIZARRA-6primaria-391x260.png 391w, https:\/\/site.educa.madrid.org\/cp.sanjuandelacruz.madrid\/\/wp-content\/uploads\/cp.sanjuandelacruz.madrid\/2023\/08\/PIZARRA-6primaria-272x182.png 272w\" sizes=\"auto, (max-width: 100px) 100vw, 100px\" \/><\/td><td class=\"has-text-align-left\" data-align=\"left\">LUIS<\/td><\/tr><\/tbody><\/table><\/figure>\n\n\n\n<p class=\"has-text-align-center has-white-color has-vivid-red-background-color has-text-color has-background has-large-font-size\">ESPECIALISTAS<\/p>\n\n\n\n<figure class=\"wp-block-table is-style-stripes has-x-large-font-size\"><table class=\"has-fixed-layout\"><tbody><tr><td class=\"has-text-align-right\" data-align=\"right\"><img loading=\"lazy\" decoding=\"async\" width=\"80\" height=\"80\" class=\"wp-image-4629\" style=\"width: 80px;\" src=\"https:\/\/site.educa.madrid.org\/cp.sanjuandelacruz.madrid\/\/wp-content\/uploads\/cp.sanjuandelacruz.madrid\/2023\/08\/maestra-de-educacion-fisica_picto_color.png\" alt=\"\" srcset=\"https:\/\/site.educa.madrid.org\/cp.sanjuandelacruz.madrid\/\/wp-content\/uploads\/cp.sanjuandelacruz.madrid\/2023\/08\/maestra-de-educacion-fisica_picto_color.png 417w, https:\/\/site.educa.madrid.org\/cp.sanjuandelacruz.madrid\/\/wp-content\/uploads\/cp.sanjuandelacruz.madrid\/2023\/08\/maestra-de-educacion-fisica_picto_color-300x300.png 300w, https:\/\/site.educa.madrid.org\/cp.sanjuandelacruz.madrid\/\/wp-content\/uploads\/cp.sanjuandelacruz.madrid\/2023\/08\/maestra-de-educacion-fisica_picto_color-150x150.png 150w\" sizes=\"auto, (max-width: 80px) 100vw, 80px\" \/><\/td><td>MAITE<\/td><\/tr><tr><td class=\"has-text-align-right\" data-align=\"right\"><img loading=\"lazy\" decoding=\"async\" width=\"80\" height=\"80\" class=\"wp-image-4629\" style=\"width: 80px;\" src=\"https:\/\/site.educa.madrid.org\/cp.sanjuandelacruz.madrid\/\/wp-content\/uploads\/cp.sanjuandelacruz.madrid\/2023\/08\/maestra-de-educacion-fisica_picto_color.png\" alt=\"\" srcset=\"https:\/\/site.educa.madrid.org\/cp.sanjuandelacruz.madrid\/\/wp-content\/uploads\/cp.sanjuandelacruz.madrid\/2023\/08\/maestra-de-educacion-fisica_picto_color.png 417w, https:\/\/site.educa.madrid.org\/cp.sanjuandelacruz.madrid\/\/wp-content\/uploads\/cp.sanjuandelacruz.madrid\/2023\/08\/maestra-de-educacion-fisica_picto_color-300x300.png 300w, https:\/\/site.educa.madrid.org\/cp.sanjuandelacruz.madrid\/\/wp-content\/uploads\/cp.sanjuandelacruz.madrid\/2023\/08\/maestra-de-educacion-fisica_picto_color-150x150.png 150w\" sizes=\"auto, (max-width: 80px) 100vw, 80px\" \/><\/td><td>MAR\u00cdA JOS\u00c9<\/td><\/tr><tr><td class=\"has-text-align-right\" data-align=\"right\"><img loading=\"lazy\" decoding=\"async\" width=\"80\" height=\"80\" class=\"wp-image-4630\" style=\"width: 80px;\" src=\"https:\/\/site.educa.madrid.org\/cp.sanjuandelacruz.madrid\/\/wp-content\/uploads\/cp.sanjuandelacruz.madrid\/2023\/08\/maestra-de-musica_picto_color.png\" alt=\"\" srcset=\"https:\/\/site.educa.madrid.org\/cp.sanjuandelacruz.madrid\/\/wp-content\/uploads\/cp.sanjuandelacruz.madrid\/2023\/08\/maestra-de-musica_picto_color.png 417w, https:\/\/site.educa.madrid.org\/cp.sanjuandelacruz.madrid\/\/wp-content\/uploads\/cp.sanjuandelacruz.madrid\/2023\/08\/maestra-de-musica_picto_color-300x300.png 300w, https:\/\/site.educa.madrid.org\/cp.sanjuandelacruz.madrid\/\/wp-content\/uploads\/cp.sanjuandelacruz.madrid\/2023\/08\/maestra-de-musica_picto_color-150x150.png 150w\" sizes=\"auto, (max-width: 80px) 100vw, 80px\" \/><\/td><td>ARANCHA<\/td><\/tr><tr><td class=\"has-text-align-right\" data-align=\"right\"><img loading=\"lazy\" decoding=\"async\" width=\"80\" height=\"80\" class=\"wp-image-4630\" style=\"width: 80px;\" src=\"https:\/\/site.educa.madrid.org\/cp.sanjuandelacruz.madrid\/\/wp-content\/uploads\/cp.sanjuandelacruz.madrid\/2023\/08\/maestra-de-musica_picto_color.png\" alt=\"\" srcset=\"https:\/\/site.educa.madrid.org\/cp.sanjuandelacruz.madrid\/\/wp-content\/uploads\/cp.sanjuandelacruz.madrid\/2023\/08\/maestra-de-musica_picto_color.png 417w, https:\/\/site.educa.madrid.org\/cp.sanjuandelacruz.madrid\/\/wp-content\/uploads\/cp.sanjuandelacruz.madrid\/2023\/08\/maestra-de-musica_picto_color-300x300.png 300w, https:\/\/site.educa.madrid.org\/cp.sanjuandelacruz.madrid\/\/wp-content\/uploads\/cp.sanjuandelacruz.madrid\/2023\/08\/maestra-de-musica_picto_color-150x150.png 150w\" sizes=\"auto, (max-width: 80px) 100vw, 80px\" \/><\/td><td>LUIS<\/td><\/tr><tr><td class=\"has-text-align-right\" data-align=\"right\"><img loading=\"lazy\" decoding=\"async\" width=\"80\" height=\"80\" class=\"wp-image-4632\" style=\"width: 80px;\" src=\"https:\/\/site.educa.madrid.org\/cp.sanjuandelacruz.madrid\/\/wp-content\/uploads\/cp.sanjuandelacruz.madrid\/2023\/08\/maestra-de-religion-catolica_picto_color.png\" alt=\"\" srcset=\"https:\/\/site.educa.madrid.org\/cp.sanjuandelacruz.madrid\/\/wp-content\/uploads\/cp.sanjuandelacruz.madrid\/2023\/08\/maestra-de-religion-catolica_picto_color.png 417w, https:\/\/site.educa.madrid.org\/cp.sanjuandelacruz.madrid\/\/wp-content\/uploads\/cp.sanjuandelacruz.madrid\/2023\/08\/maestra-de-religion-catolica_picto_color-300x300.png 300w, https:\/\/site.educa.madrid.org\/cp.sanjuandelacruz.madrid\/\/wp-content\/uploads\/cp.sanjuandelacruz.madrid\/2023\/08\/maestra-de-religion-catolica_picto_color-150x150.png 150w\" sizes=\"auto, (max-width: 80px) 100vw, 80px\" \/><\/td><td>ANA<\/td><\/tr><tr><td class=\"has-text-align-right\" data-align=\"right\"><img loading=\"lazy\" decoding=\"async\" width=\"80\" height=\"80\" class=\"wp-image-4634\" style=\"width: 80px;\" src=\"https:\/\/site.educa.madrid.org\/cp.sanjuandelacruz.madrid\/\/wp-content\/uploads\/cp.sanjuandelacruz.madrid\/2023\/08\/maestra_picto_color.png\" alt=\"\" srcset=\"https:\/\/site.educa.madrid.org\/cp.sanjuandelacruz.madrid\/\/wp-content\/uploads\/cp.sanjuandelacruz.madrid\/2023\/08\/maestra_picto_color.png 420w, https:\/\/site.educa.madrid.org\/cp.sanjuandelacruz.madrid\/\/wp-content\/uploads\/cp.sanjuandelacruz.madrid\/2023\/08\/maestra_picto_color-300x300.png 300w, https:\/\/site.educa.madrid.org\/cp.sanjuandelacruz.madrid\/\/wp-content\/uploads\/cp.sanjuandelacruz.madrid\/2023\/08\/maestra_picto_color-150x150.png 150w\" sizes=\"auto, (max-width: 80px) 100vw, 80px\" \/><\/td><td>ALICIA<\/td><\/tr><tr><td class=\"has-text-align-right\" data-align=\"right\"><img loading=\"lazy\" decoding=\"async\" width=\"80\" height=\"80\" class=\"wp-image-4634\" style=\"width: 80px;\" src=\"https:\/\/site.educa.madrid.org\/cp.sanjuandelacruz.madrid\/\/wp-content\/uploads\/cp.sanjuandelacruz.madrid\/2023\/08\/maestra_picto_color.png\" alt=\"\" srcset=\"https:\/\/site.educa.madrid.org\/cp.sanjuandelacruz.madrid\/\/wp-content\/uploads\/cp.sanjuandelacruz.madrid\/2023\/08\/maestra_picto_color.png 420w, https:\/\/site.educa.madrid.org\/cp.sanjuandelacruz.madrid\/\/wp-content\/uploads\/cp.sanjuandelacruz.madrid\/2023\/08\/maestra_picto_color-300x300.png 300w, https:\/\/site.educa.madrid.org\/cp.sanjuandelacruz.madrid\/\/wp-content\/uploads\/cp.sanjuandelacruz.madrid\/2023\/08\/maestra_picto_color-150x150.png 150w\" sizes=\"auto, (max-width: 80px) 100vw, 80px\" \/><\/td><td>LUC\u00cdA<\/td><\/tr><tr><td class=\"has-text-align-right\" data-align=\"right\"><img loading=\"lazy\" decoding=\"async\" width=\"80\" height=\"80\" class=\"wp-image-4631\" style=\"width: 80px;\" src=\"https:\/\/site.educa.madrid.org\/cp.sanjuandelacruz.madrid\/\/wp-content\/uploads\/cp.sanjuandelacruz.madrid\/2023\/08\/maestra-de-pedagogia-terapeutica_picto_color.png\" alt=\"\" srcset=\"https:\/\/site.educa.madrid.org\/cp.sanjuandelacruz.madrid\/\/wp-content\/uploads\/cp.sanjuandelacruz.madrid\/2023\/08\/maestra-de-pedagogia-terapeutica_picto_color.png 417w, https:\/\/site.educa.madrid.org\/cp.sanjuandelacruz.madrid\/\/wp-content\/uploads\/cp.sanjuandelacruz.madrid\/2023\/08\/maestra-de-pedagogia-terapeutica_picto_color-300x300.png 300w, https:\/\/site.educa.madrid.org\/cp.sanjuandelacruz.madrid\/\/wp-content\/uploads\/cp.sanjuandelacruz.madrid\/2023\/08\/maestra-de-pedagogia-terapeutica_picto_color-150x150.png 150w\" sizes=\"auto, (max-width: 80px) 100vw, 80px\" \/><\/td><td>LAURA \/ ENCARNA<\/td><\/tr><tr><td class=\"has-text-align-right\" data-align=\"right\"><img loading=\"lazy\" decoding=\"async\" width=\"80\" height=\"80\" class=\"wp-image-4628\" style=\"width: 80px;\" src=\"https:\/\/site.educa.madrid.org\/cp.sanjuandelacruz.madrid\/\/wp-content\/uploads\/cp.sanjuandelacruz.madrid\/2023\/08\/maestra-de-audicion-y-lenguaje_picto_color.png\" alt=\"\" srcset=\"https:\/\/site.educa.madrid.org\/cp.sanjuandelacruz.madrid\/\/wp-content\/uploads\/cp.sanjuandelacruz.madrid\/2023\/08\/maestra-de-audicion-y-lenguaje_picto_color.png 417w, https:\/\/site.educa.madrid.org\/cp.sanjuandelacruz.madrid\/\/wp-content\/uploads\/cp.sanjuandelacruz.madrid\/2023\/08\/maestra-de-audicion-y-lenguaje_picto_color-300x300.png 300w, https:\/\/site.educa.madrid.org\/cp.sanjuandelacruz.madrid\/\/wp-content\/uploads\/cp.sanjuandelacruz.madrid\/2023\/08\/maestra-de-audicion-y-lenguaje_picto_color-150x150.png 150w\" sizes=\"auto, (max-width: 80px) 100vw, 80px\" \/><\/td><td>HENAR<\/td><\/tr><\/tbody><\/table><\/figure>\n\n\n\n<div style=\"height:67px\" aria-hidden=\"true\" class=\"wp-block-spacer\"><\/div>\n\n\n\n<p class=\"has-text-align-center has-white-color has-vivid-red-background-color has-text-color has-background has-large-font-size\">EQUIPO DIRECTIVO<\/p>\n\n\n\n<figure class=\"wp-block-table is-style-stripes has-x-large-font-size\" style=\"font-style:normal;font-weight:700\"><table><tbody><tr><td class=\"has-text-align-right\" data-align=\"right\"><img loading=\"lazy\" decoding=\"async\" width=\"80\" height=\"80\" class=\"wp-image-4626\" style=\"width: 80px;\" src=\"https:\/\/site.educa.madrid.org\/cp.sanjuandelacruz.madrid\/\/wp-content\/uploads\/cp.sanjuandelacruz.madrid\/2023\/08\/directora_picto_color.png\" alt=\"\" srcset=\"https:\/\/site.educa.madrid.org\/cp.sanjuandelacruz.madrid\/\/wp-content\/uploads\/cp.sanjuandelacruz.madrid\/2023\/08\/directora_picto_color.png 417w, https:\/\/site.educa.madrid.org\/cp.sanjuandelacruz.madrid\/\/wp-content\/uploads\/cp.sanjuandelacruz.madrid\/2023\/08\/directora_picto_color-300x300.png 300w, https:\/\/site.educa.madrid.org\/cp.sanjuandelacruz.madrid\/\/wp-content\/uploads\/cp.sanjuandelacruz.madrid\/2023\/08\/directora_picto_color-150x150.png 150w\" sizes=\"auto, (max-width: 80px) 100vw, 80px\" \/><\/td><td>ARANCHA<\/td><\/tr><tr><td class=\"has-text-align-right\" data-align=\"right\"><img loading=\"lazy\" decoding=\"async\" width=\"80\" height=\"80\" class=\"wp-image-4627\" style=\"width: 80px;\" src=\"https:\/\/site.educa.madrid.org\/cp.sanjuandelacruz.madrid\/\/wp-content\/uploads\/cp.sanjuandelacruz.madrid\/2023\/08\/jefa-de-estudios_picto_color.png\" alt=\"\" srcset=\"https:\/\/site.educa.madrid.org\/cp.sanjuandelacruz.madrid\/\/wp-content\/uploads\/cp.sanjuandelacruz.madrid\/2023\/08\/jefa-de-estudios_picto_color.png 417w, https:\/\/site.educa.madrid.org\/cp.sanjuandelacruz.madrid\/\/wp-content\/uploads\/cp.sanjuandelacruz.madrid\/2023\/08\/jefa-de-estudios_picto_color-300x300.png 300w, https:\/\/site.educa.madrid.org\/cp.sanjuandelacruz.madrid\/\/wp-content\/uploads\/cp.sanjuandelacruz.madrid\/2023\/08\/jefa-de-estudios_picto_color-150x150.png 150w\" sizes=\"auto, (max-width: 80px) 100vw, 80px\" \/><\/td><td>AURORA<\/td><\/tr><tr><td class=\"has-text-align-right\" data-align=\"right\"><img loading=\"lazy\" decoding=\"async\" width=\"80\" height=\"80\" class=\"wp-image-4625\" style=\"width: 80px;\" src=\"https:\/\/site.educa.madrid.org\/cp.sanjuandelacruz.madrid\/\/wp-content\/uploads\/cp.sanjuandelacruz.madrid\/2023\/08\/secretaria_picto_color.png\" alt=\"\" srcset=\"https:\/\/site.educa.madrid.org\/cp.sanjuandelacruz.madrid\/\/wp-content\/uploads\/cp.sanjuandelacruz.madrid\/2023\/08\/secretaria_picto_color.png 417w, https:\/\/site.educa.madrid.org\/cp.sanjuandelacruz.madrid\/\/wp-content\/uploads\/cp.sanjuandelacruz.madrid\/2023\/08\/secretaria_picto_color-300x300.png 300w, https:\/\/site.educa.madrid.org\/cp.sanjuandelacruz.madrid\/\/wp-content\/uploads\/cp.sanjuandelacruz.madrid\/2023\/08\/secretaria_picto_color-150x150.png 150w\" sizes=\"auto, (max-width: 80px) 100vw, 80px\" \/><\/td><td>MAITE<\/td><\/tr><\/tbody><\/table><\/figure>\n\n\n\n<p class=\"has-small-font-size\">Las im\u00e1genes utilizadas han sido descargadas de EducaSAAC (http:\/\/educasaac.educa.madrid.org\/) y pueden ser utilizadas de acuerdo a los t\u00e9rminos de la licencia \u00abReconocimiento-NoComercial-CompartirIgual 3.0\u00bb de Creative Commons. EdusaSAAC usa recursos de ARASAAC (pictogramas elaborados Sergio Palao, publicados bajo esa misma licencia en http:\/\/www.arasaac.org\/) <\/p>\n","protected":false},"excerpt":{"rendered":"<p>La plantilla del centro para el curso 2025-26 est\u00e1 formada por 16 profesores. Esta esta es su distribuci\u00f3n y especialidades para este curso escolar. TUTORES GEMA RUTH HELENA CONCHI ROBERTO FRANCISCA IRIS MAR\u00cdA JOS\u00c9 LUIS ESPECIALISTAS MAITE MAR\u00cdA JOS\u00c9 ARANCHA LUIS ANA ALICIA LUC\u00cdA LAURA \/ ENCARNA HENAR EQUIPO DIRECTIVO ARANCHA AURORA MAITE Las im\u00e1genes<\/p><\/div>\n<div class=\"blog-btn\"><a href=\"https:\/\/site.educa.madrid.org\/cp.sanjuandelacruz.madrid\/index.php\/profesorado-2\/\" class=\"home-blog-btn\">Leer m\u00e1s<\/a><\/p>\n","protected":false},"author":5,"featured_media":0,"parent":0,"menu_order":0,"comment_status":"closed","ping_status":"closed","template":"","meta":{"footnotes":""},"folder":[],"class_list":["post-2837","page","type-page","status-publish","hentry"],"rttpg_featured_image_url":null,"rttpg_author":{"display_name":"jestudios","author_link":"https:\/\/site.educa.madrid.org\/cp.sanjuandelacruz.madrid\/index.php\/author\/cuenta_jestudios-cp-sanjuandelacruz-madrid\/"},"rttpg_comment":0,"rttpg_category":false,"rttpg_excerpt":"La plantilla del centro para el curso 2025-26 est\u00e1 formada por 16 profesores. Esta esta es su distribuci\u00f3n y especialidades para este curso escolar. TUTORES GEMA RUTH HELENA CONCHI ROBERTO FRANCISCA IRIS MAR\u00cdA JOS\u00c9 LUIS ESPECIALISTAS MAITE MAR\u00cdA JOS\u00c9 ARANCHA LUIS ANA ALICIA LUC\u00cdA LAURA \/ ENCARNA HENAR EQUIPO DIRECTIVO ARANCHA AURORA MAITE Las im\u00e1genesLeer&hellip;","post_mailing_queue_ids":[],"_links":{"self":[{"href":"https:\/\/site.educa.madrid.org\/cp.sanjuandelacruz.madrid\/index.php\/wp-json\/wp\/v2\/pages\/2837","targetHints":{"allow":["GET"]}}],"collection":[{"href":"https:\/\/site.educa.madrid.org\/cp.sanjuandelacruz.madrid\/index.php\/wp-json\/wp\/v2\/pages"}],"about":[{"href":"https:\/\/site.educa.madrid.org\/cp.sanjuandelacruz.madrid\/index.php\/wp-json\/wp\/v2\/types\/page"}],"author":[{"embeddable":true,"href":"https:\/\/site.educa.madrid.org\/cp.sanjuandelacruz.madrid\/index.php\/wp-json\/wp\/v2\/users\/5"}],"replies":[{"embeddable":true,"href":"https:\/\/site.educa.madrid.org\/cp.sanjuandelacruz.madrid\/index.php\/wp-json\/wp\/v2\/comments?post=2837"}],"version-history":[{"count":35,"href":"https:\/\/site.educa.madrid.org\/cp.sanjuandelacruz.madrid\/index.php\/wp-json\/wp\/v2\/pages\/2837\/revisions"}],"predecessor-version":[{"id":5953,"href":"https:\/\/site.educa.madrid.org\/cp.sanjuandelacruz.madrid\/index.php\/wp-json\/wp\/v2\/pages\/2837\/revisions\/5953"}],"wp:attachment":[{"href":"https:\/\/site.educa.madrid.org\/cp.sanjuandelacruz.madrid\/index.php\/wp-json\/wp\/v2\/media?parent=2837"}],"wp:term":[{"taxonomy":"folder","embeddable":true,"href":"https:\/\/site.educa.madrid.org\/cp.sanjuandelacruz.madrid\/index.php\/wp-json\/wp\/v2\/folder?post=2837"}],"curies":[{"name":"wp","href":"https:\/\/api.w.org\/{rel}","templated":true}]}}