{"id":2876,"date":"2021-10-05T08:33:03","date_gmt":"2021-10-05T06:33:03","guid":{"rendered":"https:\/\/site.educa.madrid.org\/cp.sanjuandelacruz.madrid\/?page_id=2876"},"modified":"2025-10-21T14:54:45","modified_gmt":"2025-10-21T12:54:45","slug":"horarios-2","status":"publish","type":"page","link":"https:\/\/site.educa.madrid.org\/cp.sanjuandelacruz.madrid\/index.php\/horarios-2\/","title":{"rendered":"HORARIOS"},"content":{"rendered":"<p>Los horarios y reuniones de padres para el presente curso escolar 2022-23 son los siguientes.<\/p>\n<hr id=\"block-ff203f71-ceb9-45f8-a433-98d0874bafd0\" class=\"wp-block-separator is-style-wide block-editor-block-list__block wp-block\" tabindex=\"0\" role=\"group\" aria-label=\"Bloque: Separador\" data-block=\"ff203f71-ceb9-45f8-a433-98d0874bafd0\" data-type=\"core\/separator\" data-title=\"Separador\">\n\n\n<h2 class=\"wp-block-heading has-text-align-center has-white-color has-text-color has-background\" style=\"background-color:#d05555\"><strong>HORARIO DE LOS ALUMNOS EN LOS MESES DE SEPTIEMBRE Y JUNIO<\/strong><\/h2>\n\n\n\n<figure class=\"wp-block-image size-full\" id=\"block-f2bfe812-cb88-4e3b-9143-7939ffd1e8c5\"><img loading=\"lazy\" decoding=\"async\" width=\"756\" height=\"614\" src=\"https:\/\/site.educa.madrid.org\/cp.sanjuandelacruz.madrid\/\/wp-content\/uploads\/cp.sanjuandelacruz.madrid\/2022\/09\/horario_jp_septiembre-1.jpg\" alt=\"\" class=\"wp-image-3825\" srcset=\"https:\/\/site.educa.madrid.org\/cp.sanjuandelacruz.madrid\/\/wp-content\/uploads\/cp.sanjuandelacruz.madrid\/2022\/09\/horario_jp_septiembre-1.jpg 756w, https:\/\/site.educa.madrid.org\/cp.sanjuandelacruz.madrid\/\/wp-content\/uploads\/cp.sanjuandelacruz.madrid\/2022\/09\/horario_jp_septiembre-1-300x244.jpg 300w\" sizes=\"auto, (max-width: 756px) 100vw, 756px\" \/><\/figure>\n\n\n\n<div style=\"height:100px\" aria-hidden=\"true\" class=\"wp-block-spacer\"><\/div>\n\n\n\n<h2 class=\"wp-block-heading has-text-align-center has-white-color has-text-color has-background\" style=\"background-color:#d05555\"><strong>HORARIO DE LOS ALUMNOS EN LOS MESES DE OCTUBRE A MAYO<\/strong><\/h2>\n\n\n\n<figure class=\"wp-block-image size-full\" id=\"block-4bfa7102-5d99-4f2a-9630-a51ada10c053\"><img loading=\"lazy\" decoding=\"async\" width=\"753\" height=\"690\" src=\"https:\/\/site.educa.madrid.org\/cp.sanjuandelacruz.madrid\/\/wp-content\/uploads\/cp.sanjuandelacruz.madrid\/2022\/09\/HORARIO_JP.jpg\" alt=\"\" class=\"wp-image-3826\" srcset=\"https:\/\/site.educa.madrid.org\/cp.sanjuandelacruz.madrid\/\/wp-content\/uploads\/cp.sanjuandelacruz.madrid\/2022\/09\/HORARIO_JP.jpg 753w, https:\/\/site.educa.madrid.org\/cp.sanjuandelacruz.madrid\/\/wp-content\/uploads\/cp.sanjuandelacruz.madrid\/2022\/09\/HORARIO_JP-300x275.jpg 300w\" sizes=\"auto, (max-width: 753px) 100vw, 753px\" \/><\/figure>\n\n\n\n<div style=\"height:100px\" aria-hidden=\"true\" class=\"wp-block-spacer\"><\/div>\n\n\n\n<h2 class=\"wp-block-heading has-text-align-center has-white-color has-text-color has-background\" style=\"background-color:#d05555\"><strong>HORARIO DEL EQUIPO DIRECTIVO<\/strong><\/h2>\n\n\n\n<div class=\"wp-block-columns is-layout-flex wp-container-core-columns-is-layout-9d6595d7 wp-block-columns-is-layout-flex\">\n<div class=\"wp-block-column is-layout-flow wp-block-column-is-layout-flow\">\n<p><strong>DIRECCI\u00d3N<\/strong> <strong>(Arancha):<\/strong> Todos los d\u00edas previa petici\u00f3n de hora.<\/p>\n\n\n\n<p id=\"block-f7d9cec7-03fd-4d79-a83b-7af6614edc1f\"><strong>FUNCI\u00d3N:<\/strong> Gesti\u00f3n general del centro<\/p>\n\n\n\n<p id=\"block-0e8e2da9-dcb0-4b93-9e07-047c4e217a1a\">Para pedir cita escribir mensaje en Ra\u00edces\/Roble o correo: cp.sanjuandelacruz.madrid@educa.madrid.org<\/p>\n<\/div>\n\n\n\n<div class=\"wp-block-column is-layout-flow wp-block-column-is-layout-flow\">\n<p id=\"block-74aab1f3-7d24-4173-8e89-6e039cd6fd31\"><strong>JEFATURA (Aurora):<\/strong> Todos los d\u00edas previa petici\u00f3n de hora<\/p>\n\n\n\n<p id=\"block-e9d231c2-c056-4116-9710-c8ae6a539c12\"><strong>FUNCI\u00d3N:<\/strong> Organizaci\u00f3n acad\u00e9mica del centro<\/p>\n\n\n\n<p id=\"block-74cf8221-a8e5-48c6-8fcb-1a0d310a53bf\">Para pedir cita escribir mensaje en Ra\u00edces\/Roble o correo: jestudios.cp.sanjuandelacruz.madrid@educa.madrid.org<\/p>\n<\/div>\n\n\n\n<div class=\"wp-block-column is-layout-flow wp-block-column-is-layout-flow\">\n<p id=\"block-e517bbac-914e-4bc5-a513-4a2a39502c55\"><strong>SECRETAR\u00cdA (Maite):<\/strong> De 9:15 a 10:30, previa petici\u00f3n de hora<\/p>\n\n\n\n<p id=\"block-162ceefa-ddbd-4a70-897e-420b9b6eda04\"><strong>FUNCI\u00d3N: <\/strong>Becas, comedor, certficados&#8230;<\/p>\n\n\n\n<p id=\"block-ab54a560-9f6c-4ceb-a021-bfb21e788097\">Para pedir cita escribir mensaje en en Ra\u00edces\/Roble o correo: secretaria.cp.sanjuandelacruz.madrid@educa.madrid.org<\/p>\n<\/div>\n<\/div>\n\n\n\n<div style=\"height:100px\" aria-hidden=\"true\" class=\"wp-block-spacer\"><\/div>\n\n\n\n<h2 class=\"wp-block-heading has-text-align-center has-white-color has-text-color has-background\" style=\"background-color:#d05555\"><strong>REUNIONES GENERALES<\/strong> 202-26<\/h2>\n\n\n\n<h2 class=\"wp-block-heading\" id=\"block-87886c0a-0176-443a-bd02-2260800c24bb\"><strong>1\u00ba TRIMESTRE:<\/strong><\/h2>\n\n\n\n<div class=\"wp-block-columns is-layout-flex wp-container-core-columns-is-layout-9d6595d7 wp-block-columns-is-layout-flex\">\n<div class=\"wp-block-column is-layout-flow wp-block-column-is-layout-flow\">\n<div class=\"wp-block-columns is-layout-flex wp-container-core-columns-is-layout-9d6595d7 wp-block-columns-is-layout-flex\">\n<div class=\"wp-block-column is-layout-flow wp-block-column-is-layout-flow\">\n<p id=\"block-20c2c3d3-524f-4b84-ab8b-454f6691e481\">3 A\u00d1OS, 4 A\u00d1OS y 3\u00ba  PRIMARIA<\/p>\n\n\n\n<p id=\"block-51b75098-0b7d-4fba-b6a5-119ba82465dc\">5 A\u00d1OS, 5\u00ba y 6\u00ba de PRIMARIA<\/p>\n\n\n\n<p id=\"block-3339b6b5-1a64-4cf8-8a47-dba3deff2a5a\">1\u00ba, 2\u00ba y 4\u00ba de PRIMARIA<\/p>\n<\/div>\n\n\n\n<div class=\"wp-block-column is-layout-flow wp-block-column-is-layout-flow\">\n<p id=\"block-9b3bc343-f0ac-44b1-bcaa-f9204f79b8a3\">6 de octubre a las 12:35<\/p>\n\n\n\n<p>7 de octubre a las 12:35<\/p>\n\n\n\n<p>8 de octubre a las 12:35<\/p>\n<\/div>\n<\/div>\n<\/div>\n<\/div>\n\n\n\n<h2 class=\"wp-block-heading\" id=\"block-91ac4b32-c748-4d4a-a8d1-8ebf1f28f9fd\"><strong>2\u00ba TRIMESTRE:<\/strong><\/h2>\n\n\n\n<div class=\"wp-block-columns is-layout-flex wp-container-core-columns-is-layout-9d6595d7 wp-block-columns-is-layout-flex\">\n<div class=\"wp-block-column is-layout-flow wp-block-column-is-layout-flow\">\n<p id=\"block-20c2c3d3-524f-4b84-ab8b-454f6691e481\">3 A\u00d1OS, 4 A\u00d1OS y 3\u00ba  PRIMARIA<\/p>\n\n\n\n<p id=\"block-51b75098-0b7d-4fba-b6a5-119ba82465dc\">5 A\u00d1OS, 5\u00ba y 6\u00ba de PRIMARIA<\/p>\n\n\n\n<p id=\"block-3339b6b5-1a64-4cf8-8a47-dba3deff2a5a\">1\u00ba, 2\u00ba y 4\u00ba de PRIMARIA<\/p>\n<\/div>\n\n\n\n<div class=\"wp-block-column is-layout-flow wp-block-column-is-layout-flow\">\n<p id=\"block-9b3bc343-f0ac-44b1-bcaa-f9204f79b8a3\">9 de febrero a las 12:35<\/p>\n\n\n\n<p>10 de febrero a las 12:35<\/p>\n\n\n\n<p>11 de febrero a las 12:35<\/p>\n<\/div>\n<\/div>\n\n\n\n<hr class=\"wp-block-separator\" id=\"block-df5fd147-9185-4d2e-acae-9e12f44efa25\"\/>\n\n\n\n<h2 class=\"wp-block-heading has-text-align-center has-white-color has-text-color has-background\" style=\"background-color:#d05555\"><strong>ENTREGA DE INFORMES DE EVALUACI\u00d3N<\/strong><\/h2>\n\n\n\n<p id=\"block-36aab6ce-c36b-4c26-8205-012b6c117c01\"><strong>Evaluaci\u00f3n inicial:<\/strong> 30 de septiembre de 2025<\/p>\n\n\n\n<p><strong>1\u00aa Evaluaci\u00f3n:<\/strong> 19 de diciembre de 2025 (Ra\u00edces\/Roble)<\/p>\n\n\n\n<p><strong>2\u00aa Evaluaci\u00f3n:<\/strong> 25 de marzo de 2025 (Ra\u00edces\/Roble)<\/p>\n\n\n\n<p><strong>3\u00aa Evaluaci\u00f3n:<\/strong> 22 de junio de 2025 (Entrega en mano y Ra\u00edces\/Roble)<\/p>\n","protected":false},"excerpt":{"rendered":"<p>Los horarios y reuniones de padres para el presente curso escolar 2022-23 son los siguientes. HORARIO DE LOS ALUMNOS EN LOS MESES DE SEPTIEMBRE Y JUNIO HORARIO DE LOS ALUMNOS EN LOS MESES DE OCTUBRE A MAYO HORARIO DEL EQUIPO DIRECTIVO DIRECCI\u00d3N (Arancha): Todos los d\u00edas previa petici\u00f3n de hora. FUNCI\u00d3N: Gesti\u00f3n general del centro<\/p><\/div>\n<div class=\"blog-btn\"><a href=\"https:\/\/site.educa.madrid.org\/cp.sanjuandelacruz.madrid\/index.php\/horarios-2\/\" class=\"home-blog-btn\">Leer m\u00e1s<\/a><\/p>\n","protected":false},"author":5,"featured_media":0,"parent":0,"menu_order":0,"comment_status":"closed","ping_status":"closed","template":"","meta":{"footnotes":""},"folder":[],"class_list":["post-2876","page","type-page","status-publish","hentry"],"rttpg_featured_image_url":null,"rttpg_author":{"display_name":"jestudios","author_link":"https:\/\/site.educa.madrid.org\/cp.sanjuandelacruz.madrid\/index.php\/author\/cuenta_jestudios-cp-sanjuandelacruz-madrid\/"},"rttpg_comment":0,"rttpg_category":false,"rttpg_excerpt":"Los horarios y reuniones de padres para el presente curso escolar 2022-23 son los siguientes. HORARIO DE LOS ALUMNOS EN LOS MESES DE SEPTIEMBRE Y JUNIO HORARIO DE LOS ALUMNOS EN LOS MESES DE OCTUBRE A MAYO HORARIO DEL EQUIPO DIRECTIVO DIRECCI\u00d3N (Arancha): Todos los d\u00edas previa petici\u00f3n de hora. FUNCI\u00d3N: Gesti\u00f3n general del centroLeer&hellip;","post_mailing_queue_ids":[],"_links":{"self":[{"href":"https:\/\/site.educa.madrid.org\/cp.sanjuandelacruz.madrid\/index.php\/wp-json\/wp\/v2\/pages\/2876","targetHints":{"allow":["GET"]}}],"collection":[{"href":"https:\/\/site.educa.madrid.org\/cp.sanjuandelacruz.madrid\/index.php\/wp-json\/wp\/v2\/pages"}],"about":[{"href":"https:\/\/site.educa.madrid.org\/cp.sanjuandelacruz.madrid\/index.php\/wp-json\/wp\/v2\/types\/page"}],"author":[{"embeddable":true,"href":"https:\/\/site.educa.madrid.org\/cp.sanjuandelacruz.madrid\/index.php\/wp-json\/wp\/v2\/users\/5"}],"replies":[{"embeddable":true,"href":"https:\/\/site.educa.madrid.org\/cp.sanjuandelacruz.madrid\/index.php\/wp-json\/wp\/v2\/comments?post=2876"}],"version-history":[{"count":15,"href":"https:\/\/site.educa.madrid.org\/cp.sanjuandelacruz.madrid\/index.php\/wp-json\/wp\/v2\/pages\/2876\/revisions"}],"predecessor-version":[{"id":6047,"href":"https:\/\/site.educa.madrid.org\/cp.sanjuandelacruz.madrid\/index.php\/wp-json\/wp\/v2\/pages\/2876\/revisions\/6047"}],"wp:attachment":[{"href":"https:\/\/site.educa.madrid.org\/cp.sanjuandelacruz.madrid\/index.php\/wp-json\/wp\/v2\/media?parent=2876"}],"wp:term":[{"taxonomy":"folder","embeddable":true,"href":"https:\/\/site.educa.madrid.org\/cp.sanjuandelacruz.madrid\/index.php\/wp-json\/wp\/v2\/folder?post=2876"}],"curies":[{"name":"wp","href":"https:\/\/api.w.org\/{rel}","templated":true}]}}