{"id":3206,"date":"2023-04-23T08:31:15","date_gmt":"2023-04-23T06:31:15","guid":{"rendered":"https:\/\/site.educa.madrid.org\/cp.sanjuandelacruz.madrid\/?page_id=3206"},"modified":"2024-12-09T07:40:56","modified_gmt":"2024-12-09T06:40:56","slug":"programa-bilingue","status":"publish","type":"page","link":"https:\/\/site.educa.madrid.org\/cp.sanjuandelacruz.madrid\/index.php\/programa-bilingue\/","title":{"rendered":"PROGRAMA BILING\u00dcE"},"content":{"rendered":"<p>Este proyecto se realiza para promover el ingl\u00e9s como segundo idioma en nuestro centro y as\u00ed formar parte del conjunto de colegios p\u00fablicos biling\u00fces. Nuestro centro participa desde el curso 2005-2006.<\/p>\n<p>Los colegios biling\u00fces ha de impartir en lengua inglesa, como m\u00ednimo, un 30% del horario lectivo. As\u00ed, en nuestro centro, adem\u00e1s del \u00e1rea Primera Lengua Extranjera: Ingl\u00e9s, se dan en ingl\u00e9s las \u00e1reas de Ciencias (Social Science y Natural Science) y las de Artistita (Art&amp;Craft y Music) en primaria.<\/p>\n<p>En infantil, el programa se puso en marcha durante el curso 2022-23 comenzado por 3 a\u00f1os y consolid\u00e1ndose de manera progresiva en los cursos siguientes.<\/p>\n<p>En \u00e9l participan todos los maestros que cuentan con habilitaci\u00f3n ling\u00fc\u00edstica en lenga inglesa para el desempe\u00f1o de puestos biling\u00fces y las auxiliares de conversaci\u00f3n.<\/p>\n<p>El papel de los auxiliares de conversaci\u00f3n se considera una de las claves para poder llevar a cabo con \u00e9xito el programa, pues permiten a los alumnos un contacto directo con la lengua inglesa y con la cultura de sus pa\u00edses de origen.<\/p>\n<p><img loading=\"lazy\" decoding=\"async\" title=\"Ni\u00b1oBanderaBiling\u00b3e.png\" src=\"https:\/\/www.educa2.madrid.org\/web\/educamadrid\/principal\/files\/bf4099b6-e1a3-458f-ac7e-e344f9425b4b\/Ni%C2%B1oBanderaBiling%C2%B3e.png?t=1637607228413&amp;mediumSize=true\" width=\"249\" height=\"127\" \/>Con el fin de evaluar el nivel de competencia ling\u00fc\u00edstica que los alumnos de colegios biling\u00fces van adquiriendo a lo largo de su escolaridad la Comunidad de Madrid encarga a organismos externos la aplicaci\u00f3n de pruebas espec\u00edficas a los alumnos de 6\u00ba.\u00a0Estas pruebas se realizar\u00e1n en el colegio, habitualmente en el mes de mayo y son independientes de la evaluaci\u00f3n que cada profesor va realizando a lo largo del curso.<\/p>\n<p>Los alumnos de 6\u00ba. se examinar\u00e1n de la prueba oral y escrita de nivel A2 o B1 y previamente el tutor en colaboraci\u00f3n con el profesor de ingl\u00e9s decidir\u00e1 qu\u00e9 alumno se presenta a un nivel u otro..<\/p>\n\n\n<p><\/p>\n","protected":false},"excerpt":{"rendered":"<p>Este proyecto se realiza para promover el ingl\u00e9s como segundo idioma en nuestro centro y as\u00ed formar parte del conjunto de colegios p\u00fablicos biling\u00fces. Nuestro centro participa desde el curso 2005-2006. Los colegios biling\u00fces ha de impartir en lengua inglesa, como m\u00ednimo, un 30% del horario lectivo. As\u00ed, en nuestro centro, adem\u00e1s del \u00e1rea Primera<\/p><\/div>\n<div class=\"blog-btn\"><a href=\"https:\/\/site.educa.madrid.org\/cp.sanjuandelacruz.madrid\/index.php\/programa-bilingue\/\" class=\"home-blog-btn\">Leer m\u00e1s<\/a><\/p>\n","protected":false},"author":5,"featured_media":0,"parent":0,"menu_order":0,"comment_status":"closed","ping_status":"closed","template":"","meta":{"footnotes":""},"folder":[],"class_list":["post-3206","page","type-page","status-publish","hentry"],"rttpg_featured_image_url":null,"rttpg_author":{"display_name":"jestudios","author_link":"https:\/\/site.educa.madrid.org\/cp.sanjuandelacruz.madrid\/index.php\/author\/cuenta_jestudios-cp-sanjuandelacruz-madrid\/"},"rttpg_comment":0,"rttpg_category":false,"rttpg_excerpt":"Este proyecto se realiza para promover el ingl\u00e9s como segundo idioma en nuestro centro y as\u00ed formar parte del conjunto de colegios p\u00fablicos biling\u00fces. Nuestro centro participa desde el curso 2005-2006. Los colegios biling\u00fces ha de impartir en lengua inglesa, como m\u00ednimo, un 30% del horario lectivo. As\u00ed, en nuestro centro, adem\u00e1s del \u00e1rea PrimeraLeer&hellip;","post_mailing_queue_ids":[],"_links":{"self":[{"href":"https:\/\/site.educa.madrid.org\/cp.sanjuandelacruz.madrid\/index.php\/wp-json\/wp\/v2\/pages\/3206","targetHints":{"allow":["GET"]}}],"collection":[{"href":"https:\/\/site.educa.madrid.org\/cp.sanjuandelacruz.madrid\/index.php\/wp-json\/wp\/v2\/pages"}],"about":[{"href":"https:\/\/site.educa.madrid.org\/cp.sanjuandelacruz.madrid\/index.php\/wp-json\/wp\/v2\/types\/page"}],"author":[{"embeddable":true,"href":"https:\/\/site.educa.madrid.org\/cp.sanjuandelacruz.madrid\/index.php\/wp-json\/wp\/v2\/users\/5"}],"replies":[{"embeddable":true,"href":"https:\/\/site.educa.madrid.org\/cp.sanjuandelacruz.madrid\/index.php\/wp-json\/wp\/v2\/comments?post=3206"}],"version-history":[{"count":7,"href":"https:\/\/site.educa.madrid.org\/cp.sanjuandelacruz.madrid\/index.php\/wp-json\/wp\/v2\/pages\/3206\/revisions"}],"predecessor-version":[{"id":5432,"href":"https:\/\/site.educa.madrid.org\/cp.sanjuandelacruz.madrid\/index.php\/wp-json\/wp\/v2\/pages\/3206\/revisions\/5432"}],"wp:attachment":[{"href":"https:\/\/site.educa.madrid.org\/cp.sanjuandelacruz.madrid\/index.php\/wp-json\/wp\/v2\/media?parent=3206"}],"wp:term":[{"taxonomy":"folder","embeddable":true,"href":"https:\/\/site.educa.madrid.org\/cp.sanjuandelacruz.madrid\/index.php\/wp-json\/wp\/v2\/folder?post=3206"}],"curies":[{"name":"wp","href":"https:\/\/api.w.org\/{rel}","templated":true}]}}