{"id":4284,"date":"2023-04-16T22:27:03","date_gmt":"2023-04-16T20:27:03","guid":{"rendered":"https:\/\/site.educa.madrid.org\/cp.sanjuandelacruz.madrid\/?page_id=4284"},"modified":"2024-06-22T10:31:40","modified_gmt":"2024-06-22T08:31:40","slug":"proyecto-huerto","status":"publish","type":"page","link":"https:\/\/site.educa.madrid.org\/cp.sanjuandelacruz.madrid\/index.php\/proyecto-huerto\/","title":{"rendered":"PROYECTO HUERTO"},"content":{"rendered":"\n<p>Hace unos 7 a\u00f1os, aprovechando las obras del centro, el equipo de infantil solicit\u00f3 que se habilitara un peque\u00f1o espacio del patio de infantil para poner un huerto escolar. En esos a\u00f1os, los alumnos y alumnas de infantil, as\u00ed como sus profesoras, se involucraron en este proyecto acondicionando el espacio y plantando y cuidando las plantas y, aunque no siempre vimos sus frutos, si pudimos disfrutar del crecimiento de las plantas.<\/p>\n\n\n\n<div class=\"wp-block-cover is-light has-custom-content-position is-position-top-right\" style=\"min-height:355px;aspect-ratio:unset;\"><span aria-hidden=\"true\" class=\"wp-block-cover__background has-background-dim-30 has-background-dim\"><\/span><img loading=\"lazy\" decoding=\"async\" width=\"800\" height=\"600\" class=\"wp-block-cover__image-background wp-image-717\" alt=\"\" src=\"https:\/\/site.educa.madrid.org\/cp.sanjuandelacruz.madrid\/\/wp-content\/uploads\/cp.sanjuandelacruz.madrid\/2019\/08\/HUERTO3.jpg\" style=\"object-position:54% 100%\" data-object-fit=\"cover\" data-object-position=\"54% 100%\" srcset=\"https:\/\/site.educa.madrid.org\/cp.sanjuandelacruz.madrid\/\/wp-content\/uploads\/cp.sanjuandelacruz.madrid\/2019\/08\/HUERTO3.jpg 800w, https:\/\/site.educa.madrid.org\/cp.sanjuandelacruz.madrid\/\/wp-content\/uploads\/cp.sanjuandelacruz.madrid\/2019\/08\/HUERTO3-300x225.jpg 300w, https:\/\/site.educa.madrid.org\/cp.sanjuandelacruz.madrid\/\/wp-content\/uploads\/cp.sanjuandelacruz.madrid\/2019\/08\/HUERTO3-768x576.jpg 768w\" sizes=\"auto, (max-width: 800px) 100vw, 800px\" \/><div class=\"wp-block-cover__inner-container is-layout-flow wp-block-cover-is-layout-flow\">\n<p class=\"has-text-align-center has-white-color has-text-color has-medium-font-size\">HUERTO EN EL CURSO 2018-2019<\/p>\n<\/div><\/div>\n\n\n\n<p>Llegada la pandemia, la situaci\u00f3n hizo que no se pudiera continuar con el proyecto. En el presente curso, hemos querido retomar nuestro huerto implicando a todo el alumnado y equipo docente del colegio para desarrollar el proyecto.<\/p>\n\n\n\n<p>Hemos comenzado acondicionando el espacio con la colaboraci\u00f3n de familias del AMPA y poco a poco y con la implicaci\u00f3n de todo el alumnado y profesorado iremos poniendo en marcha nuestro peque\u00f1o huerto escolar.<\/p>\n\n\n\n<div style=\"height:40px\" aria-hidden=\"true\" class=\"wp-block-spacer\"><\/div>\n\n\n\n<p class=\"has-text-align-center has-white-color has-text-color has-background has-medium-font-size\" style=\"background-color:#006440\"><strong>NOTICIAS DEL HUERTO     CURSO 2024-2<\/strong>5<\/p>\n\n\n\n<p class=\"has-text-align-center has-white-color has-text-color has-background has-medium-font-size\" style=\"background-color:#03925e\"><strong>NOTICIAS DEL HUERTO     CURSO 2023-24<\/strong><\/p>\n\n\n\n<figure class=\"wp-block-embed is-type-wp-embed is-provider-san-juan-de-la-cruz wp-block-embed-san-juan-de-la-cruz\"><div class=\"wp-block-embed__wrapper\">\n<blockquote class=\"wp-embedded-content\" data-secret=\"5YJW3DLkI6\"><a href=\"https:\/\/site.educa.madrid.org\/cp.sanjuandelacruz.madrid\/index.php\/2024\/05\/04\/tiempo-de-huerto\/\">TIEMPO DE HUERTO<\/a><\/blockquote><iframe loading=\"lazy\" class=\"wp-embedded-content\" sandbox=\"allow-scripts\" security=\"restricted\" style=\"position: absolute; clip: rect(1px, 1px, 1px, 1px);\" title=\"\u00abTIEMPO DE HUERTO\u00bb \u2014 SAN JUAN DE LA CRUZ\" src=\"https:\/\/site.educa.madrid.org\/cp.sanjuandelacruz.madrid\/index.php\/2024\/05\/04\/tiempo-de-huerto\/embed\/#?secret=b5WtXLQNVA#?secret=5YJW3DLkI6\" data-secret=\"5YJW3DLkI6\" width=\"600\" height=\"338\" frameborder=\"0\" marginwidth=\"0\" marginheight=\"0\" scrolling=\"no\"><\/iframe>\n<\/div><\/figure>\n\n\n\n<figure class=\"wp-block-embed is-type-wp-embed is-provider-san-juan-de-la-cruz wp-block-embed-san-juan-de-la-cruz\"><div class=\"wp-block-embed__wrapper\">\n<blockquote class=\"wp-embedded-content\" data-secret=\"fHGLiEtq3w\"><a href=\"https:\/\/site.educa.madrid.org\/cp.sanjuandelacruz.madrid\/index.php\/2024\/05\/27\/creciendo\/\">CRECIENDO<\/a><\/blockquote><iframe loading=\"lazy\" class=\"wp-embedded-content\" sandbox=\"allow-scripts\" security=\"restricted\" style=\"position: absolute; clip: rect(1px, 1px, 1px, 1px);\" title=\"\u00abCRECIENDO\u00bb \u2014 SAN JUAN DE LA CRUZ\" src=\"https:\/\/site.educa.madrid.org\/cp.sanjuandelacruz.madrid\/index.php\/2024\/05\/27\/creciendo\/embed\/#?secret=MefiQLUdik#?secret=fHGLiEtq3w\" data-secret=\"fHGLiEtq3w\" width=\"600\" height=\"338\" frameborder=\"0\" marginwidth=\"0\" marginheight=\"0\" scrolling=\"no\"><\/iframe>\n<\/div><\/figure>\n\n\n\n<figure class=\"wp-block-embed is-type-wp-embed is-provider-san-juan-de-la-cruz wp-block-embed-san-juan-de-la-cruz\"><div class=\"wp-block-embed__wrapper\">\n<blockquote class=\"wp-embedded-content\" data-secret=\"WXr9mV09Pl\"><a href=\"https:\/\/site.educa.madrid.org\/cp.sanjuandelacruz.madrid\/index.php\/2024\/06\/22\/ultimo-dia\/\">\u00a1\u00daLTIMO D\u00cdA!<\/a><\/blockquote><iframe loading=\"lazy\" class=\"wp-embedded-content\" sandbox=\"allow-scripts\" security=\"restricted\" style=\"position: absolute; clip: rect(1px, 1px, 1px, 1px);\" title=\"\u00ab\u00a1\u00daLTIMO D\u00cdA!\u00bb \u2014 SAN JUAN DE LA CRUZ\" src=\"https:\/\/site.educa.madrid.org\/cp.sanjuandelacruz.madrid\/index.php\/2024\/06\/22\/ultimo-dia\/embed\/#?secret=aNFEdlS7tR#?secret=WXr9mV09Pl\" data-secret=\"WXr9mV09Pl\" width=\"600\" height=\"338\" frameborder=\"0\" marginwidth=\"0\" marginheight=\"0\" scrolling=\"no\"><\/iframe>\n<\/div><\/figure>\n\n\n\n<p class=\"has-text-align-center has-white-color has-vivid-green-cyan-background-color has-text-color has-background has-medium-font-size\"><strong>NOTICIAS DEL HUERTO     CURSO 2022-23<\/strong><\/p>\n\n\n\n<figure class=\"wp-block-embed is-type-wp-embed is-provider-san-juan-de-la-cruz wp-block-embed-san-juan-de-la-cruz\"><div class=\"wp-block-embed__wrapper\">\n<blockquote class=\"wp-embedded-content\" data-secret=\"D2IDkocu4B\"><a href=\"https:\/\/site.educa.madrid.org\/cp.sanjuandelacruz.madrid\/index.php\/2023\/04\/17\/retomamos-nuestro-huerto\/\">RETOMAMOS NUESTRO HUERTO<\/a><\/blockquote><iframe loading=\"lazy\" class=\"wp-embedded-content\" sandbox=\"allow-scripts\" security=\"restricted\" style=\"position: absolute; clip: rect(1px, 1px, 1px, 1px);\" title=\"\u00abRETOMAMOS NUESTRO HUERTO\u00bb \u2014 SAN JUAN DE LA CRUZ\" src=\"https:\/\/site.educa.madrid.org\/cp.sanjuandelacruz.madrid\/index.php\/2023\/04\/17\/retomamos-nuestro-huerto\/embed\/#?secret=mkNrW77bC8#?secret=D2IDkocu4B\" data-secret=\"D2IDkocu4B\" width=\"600\" height=\"338\" frameborder=\"0\" marginwidth=\"0\" marginheight=\"0\" scrolling=\"no\"><\/iframe>\n<\/div><\/figure>\n\n\n\n<figure class=\"wp-block-embed is-type-wp-embed is-provider-san-juan-de-la-cruz wp-block-embed-san-juan-de-la-cruz\"><div class=\"wp-block-embed__wrapper\">\n<blockquote class=\"wp-embedded-content\" data-secret=\"NTDTy31DRm\"><a href=\"https:\/\/site.educa.madrid.org\/cp.sanjuandelacruz.madrid\/index.php\/2023\/04\/23\/comenzamos-a-plantar\/\">COMENZAMOS A PLANTAR<\/a><\/blockquote><iframe loading=\"lazy\" class=\"wp-embedded-content\" sandbox=\"allow-scripts\" security=\"restricted\" style=\"position: absolute; clip: rect(1px, 1px, 1px, 1px);\" title=\"\u00abCOMENZAMOS A PLANTAR\u00bb \u2014 SAN JUAN DE LA CRUZ\" src=\"https:\/\/site.educa.madrid.org\/cp.sanjuandelacruz.madrid\/index.php\/2023\/04\/23\/comenzamos-a-plantar\/embed\/#?secret=3nCSaygU80#?secret=NTDTy31DRm\" data-secret=\"NTDTy31DRm\" width=\"600\" height=\"338\" frameborder=\"0\" marginwidth=\"0\" marginheight=\"0\" scrolling=\"no\"><\/iframe>\n<\/div><\/figure>\n\n\n\n<figure class=\"wp-block-embed is-type-wp-embed is-provider-san-juan-de-la-cruz wp-block-embed-san-juan-de-la-cruz\"><div class=\"wp-block-embed__wrapper\">\n<blockquote class=\"wp-embedded-content\" data-secret=\"pv7nLGpkxA\"><a href=\"https:\/\/site.educa.madrid.org\/cp.sanjuandelacruz.madrid\/index.php\/2023\/04\/28\/progresos-en-nuestro-huerto\/\">PROGRESOS EN NUESTRO HUERTO<\/a><\/blockquote><iframe loading=\"lazy\" class=\"wp-embedded-content\" sandbox=\"allow-scripts\" security=\"restricted\" style=\"position: absolute; clip: rect(1px, 1px, 1px, 1px);\" title=\"\u00abPROGRESOS EN NUESTRO HUERTO\u00bb \u2014 SAN JUAN DE LA CRUZ\" src=\"https:\/\/site.educa.madrid.org\/cp.sanjuandelacruz.madrid\/index.php\/2023\/04\/28\/progresos-en-nuestro-huerto\/embed\/#?secret=TEmFfIffIZ#?secret=pv7nLGpkxA\" data-secret=\"pv7nLGpkxA\" width=\"600\" height=\"338\" frameborder=\"0\" marginwidth=\"0\" marginheight=\"0\" scrolling=\"no\"><\/iframe>\n<\/div><\/figure>\n\n\n\n<figure class=\"wp-block-embed is-type-wp-embed is-provider-san-juan-de-la-cruz wp-block-embed-san-juan-de-la-cruz\"><div class=\"wp-block-embed__wrapper\">\n<blockquote class=\"wp-embedded-content\" data-secret=\"qQQqzTYRBZ\"><a href=\"https:\/\/site.educa.madrid.org\/cp.sanjuandelacruz.madrid\/index.php\/2023\/05\/17\/las-semillas-ya-estan-germinando\/\">LAS SEMILLAS YA EST\u00c1N GERMINANDO<\/a><\/blockquote><iframe loading=\"lazy\" class=\"wp-embedded-content\" sandbox=\"allow-scripts\" security=\"restricted\" style=\"position: absolute; clip: rect(1px, 1px, 1px, 1px);\" title=\"\u00abLAS SEMILLAS YA EST\u00c1N GERMINANDO\u00bb \u2014 SAN JUAN DE LA CRUZ\" src=\"https:\/\/site.educa.madrid.org\/cp.sanjuandelacruz.madrid\/index.php\/2023\/05\/17\/las-semillas-ya-estan-germinando\/embed\/#?secret=NbnRTVOOZp#?secret=qQQqzTYRBZ\" data-secret=\"qQQqzTYRBZ\" width=\"600\" height=\"338\" frameborder=\"0\" marginwidth=\"0\" marginheight=\"0\" scrolling=\"no\"><\/iframe>\n<\/div><\/figure>\n\n\n\n<figure class=\"wp-block-embed is-type-wp-embed is-provider-san-juan-de-la-cruz wp-block-embed-san-juan-de-la-cruz\"><div class=\"wp-block-embed__wrapper\">\n<blockquote class=\"wp-embedded-content\" data-secret=\"UM7L8g1WIi\"><a href=\"https:\/\/site.educa.madrid.org\/cp.sanjuandelacruz.madrid\/index.php\/2023\/06\/13\/huerto-o-bosque\/\">\u00bfHUERTO O BOSQUE?<\/a><\/blockquote><iframe loading=\"lazy\" class=\"wp-embedded-content\" sandbox=\"allow-scripts\" security=\"restricted\" style=\"position: absolute; clip: rect(1px, 1px, 1px, 1px);\" title=\"\u00ab\u00bfHUERTO O BOSQUE?\u00bb \u2014 SAN JUAN DE LA CRUZ\" src=\"https:\/\/site.educa.madrid.org\/cp.sanjuandelacruz.madrid\/index.php\/2023\/06\/13\/huerto-o-bosque\/embed\/#?secret=nW8iOmE6pH#?secret=UM7L8g1WIi\" data-secret=\"UM7L8g1WIi\" width=\"600\" height=\"338\" frameborder=\"0\" marginwidth=\"0\" marginheight=\"0\" scrolling=\"no\"><\/iframe>\n<\/div><\/figure>\n\n\n\n<figure class=\"wp-block-embed is-type-wp-embed is-provider-san-juan-de-la-cruz wp-block-embed-san-juan-de-la-cruz\"><div class=\"wp-block-embed__wrapper\">\n<blockquote class=\"wp-embedded-content\" data-secret=\"raNlWSeAYf\"><a href=\"https:\/\/site.educa.madrid.org\/cp.sanjuandelacruz.madrid\/index.php\/2023\/09\/01\/dando-frutos\/\">DANDO FRUTOS<\/a><\/blockquote><iframe loading=\"lazy\" class=\"wp-embedded-content\" sandbox=\"allow-scripts\" security=\"restricted\" style=\"position: absolute; clip: rect(1px, 1px, 1px, 1px);\" title=\"\u00abDANDO FRUTOS\u00bb \u2014 SAN JUAN DE LA CRUZ\" src=\"https:\/\/site.educa.madrid.org\/cp.sanjuandelacruz.madrid\/index.php\/2023\/09\/01\/dando-frutos\/embed\/#?secret=MVMnVhYOET#?secret=raNlWSeAYf\" data-secret=\"raNlWSeAYf\" width=\"600\" height=\"338\" frameborder=\"0\" marginwidth=\"0\" marginheight=\"0\" scrolling=\"no\"><\/iframe>\n<\/div><\/figure>\n","protected":false},"excerpt":{"rendered":"<p>Hace unos 7 a\u00f1os, aprovechando las obras del centro, el equipo de infantil solicit\u00f3 que se habilitara un peque\u00f1o espacio del patio de infantil para poner un huerto escolar. En esos a\u00f1os, los alumnos y alumnas de infantil, as\u00ed como sus profesoras, se involucraron en este proyecto acondicionando el espacio y plantando y cuidando las<\/p><\/div>\n<div class=\"blog-btn\"><a href=\"https:\/\/site.educa.madrid.org\/cp.sanjuandelacruz.madrid\/index.php\/proyecto-huerto\/\" class=\"home-blog-btn\">Leer m\u00e1s<\/a><\/p>\n","protected":false},"author":5,"featured_media":0,"parent":0,"menu_order":0,"comment_status":"closed","ping_status":"closed","template":"","meta":{"footnotes":""},"folder":[],"class_list":["post-4284","page","type-page","status-publish","hentry"],"rttpg_featured_image_url":null,"rttpg_author":{"display_name":"jestudios","author_link":"https:\/\/site.educa.madrid.org\/cp.sanjuandelacruz.madrid\/index.php\/author\/cuenta_jestudios-cp-sanjuandelacruz-madrid\/"},"rttpg_comment":0,"rttpg_category":false,"rttpg_excerpt":"Hace unos 7 a\u00f1os, aprovechando las obras del centro, el equipo de infantil solicit\u00f3 que se habilitara un peque\u00f1o espacio del patio de infantil para poner un huerto escolar. En esos a\u00f1os, los alumnos y alumnas de infantil, as\u00ed como sus profesoras, se involucraron en este proyecto acondicionando el espacio y plantando y cuidando lasLeer&hellip;","post_mailing_queue_ids":[],"_links":{"self":[{"href":"https:\/\/site.educa.madrid.org\/cp.sanjuandelacruz.madrid\/index.php\/wp-json\/wp\/v2\/pages\/4284","targetHints":{"allow":["GET"]}}],"collection":[{"href":"https:\/\/site.educa.madrid.org\/cp.sanjuandelacruz.madrid\/index.php\/wp-json\/wp\/v2\/pages"}],"about":[{"href":"https:\/\/site.educa.madrid.org\/cp.sanjuandelacruz.madrid\/index.php\/wp-json\/wp\/v2\/types\/page"}],"author":[{"embeddable":true,"href":"https:\/\/site.educa.madrid.org\/cp.sanjuandelacruz.madrid\/index.php\/wp-json\/wp\/v2\/users\/5"}],"replies":[{"embeddable":true,"href":"https:\/\/site.educa.madrid.org\/cp.sanjuandelacruz.madrid\/index.php\/wp-json\/wp\/v2\/comments?post=4284"}],"version-history":[{"count":13,"href":"https:\/\/site.educa.madrid.org\/cp.sanjuandelacruz.madrid\/index.php\/wp-json\/wp\/v2\/pages\/4284\/revisions"}],"predecessor-version":[{"id":5244,"href":"https:\/\/site.educa.madrid.org\/cp.sanjuandelacruz.madrid\/index.php\/wp-json\/wp\/v2\/pages\/4284\/revisions\/5244"}],"wp:attachment":[{"href":"https:\/\/site.educa.madrid.org\/cp.sanjuandelacruz.madrid\/index.php\/wp-json\/wp\/v2\/media?parent=4284"}],"wp:term":[{"taxonomy":"folder","embeddable":true,"href":"https:\/\/site.educa.madrid.org\/cp.sanjuandelacruz.madrid\/index.php\/wp-json\/wp\/v2\/folder?post=4284"}],"curies":[{"name":"wp","href":"https:\/\/api.w.org\/{rel}","templated":true}]}}