{"id":4394,"date":"2023-04-29T06:56:59","date_gmt":"2023-04-29T04:56:59","guid":{"rendered":"https:\/\/site.educa.madrid.org\/cp.sanjuandelacruz.madrid\/?page_id=4394"},"modified":"2025-11-20T12:19:05","modified_gmt":"2025-11-20T11:19:05","slug":"proyecto-de-mediacion-y-convivencia","status":"publish","type":"page","link":"https:\/\/site.educa.madrid.org\/cp.sanjuandelacruz.madrid\/index.php\/proyecto-de-mediacion-y-convivencia\/","title":{"rendered":"PROYECTO DE MEDIACI\u00d3N Y CONVIVENCIA"},"content":{"rendered":"\n<div class=\"wp-block-media-text alignwide is-stacked-on-mobile is-vertically-aligned-center\"><figure class=\"wp-block-media-text__media\"><img loading=\"lazy\" decoding=\"async\" width=\"1024\" height=\"387\" src=\"https:\/\/site.educa.madrid.org\/cp.sanjuandelacruz.madrid\/\/wp-content\/uploads\/cp.sanjuandelacruz.madrid\/2019\/08\/plan_convivencia-1024x387.jpg\" alt=\"\" class=\"wp-image-677 size-full\" srcset=\"https:\/\/site.educa.madrid.org\/cp.sanjuandelacruz.madrid\/\/wp-content\/uploads\/cp.sanjuandelacruz.madrid\/2019\/08\/plan_convivencia-1024x387.jpg 1024w, https:\/\/site.educa.madrid.org\/cp.sanjuandelacruz.madrid\/\/wp-content\/uploads\/cp.sanjuandelacruz.madrid\/2019\/08\/plan_convivencia-300x113.jpg 300w, https:\/\/site.educa.madrid.org\/cp.sanjuandelacruz.madrid\/\/wp-content\/uploads\/cp.sanjuandelacruz.madrid\/2019\/08\/plan_convivencia-768x290.jpg 768w, https:\/\/site.educa.madrid.org\/cp.sanjuandelacruz.madrid\/\/wp-content\/uploads\/cp.sanjuandelacruz.madrid\/2019\/08\/plan_convivencia.jpg 1600w\" sizes=\"auto, (max-width: 1024px) 100vw, 1024px\" \/><\/figure><div class=\"wp-block-media-text__content\">\n<p style=\"font-size:18px\">Desde el curso&nbsp;<strong>2016-2017<\/strong>, nuestro colegio desarrolla un&nbsp;<strong>Proyecto de Mediaci\u00f3n Escolar<\/strong>&nbsp;para mejorar la convivencia y potenciar las habilidades sociales del alumnado. A lo largo de los a\u00f1os, el programa ha ido creciendo y adapt\u00e1ndose para responder mejor a las necesidades del centro.<\/p>\n<\/div><\/div>\n\n\n\n<p><strong>Alumnado Mediador<\/strong><\/p>\n\n\n\n<p>El objetivo principal es&nbsp;<strong>prevenir, detectar y resolver pac\u00edficamente peque\u00f1os conflictos<\/strong>, dando protagonismo a los propios alumnos y creando redes de apoyo entre ellos.<\/p>\n\n\n\n<p>Cada curso del segundo y tercer ciclo de Primaria elige a&nbsp;<strong>dos mediadores<\/strong>, que reciben formaci\u00f3n espec\u00edfica por parte de la&nbsp;<strong>Coordinadora de Bienestar<\/strong>.<\/p>\n\n\n\n<h3 class=\"wp-block-heading\" style=\"font-size:18px\"><strong>\u00bfQu\u00e9 hacen los mediadores?<\/strong><\/h3>\n\n\n\n<ul class=\"wp-block-list\">\n<li><strong>Ayudan en peque\u00f1os conflictos<\/strong>, guiando a los compa\u00f1eros para que lleguen a acuerdos o pidiendo ayuda a un adulto cuando es necesario.<\/li>\n\n\n\n<li><strong>Escuchan y acompa\u00f1an<\/strong>&nbsp;a alumnos que se sientan solos, tristes o poco integrados.<\/li>\n\n\n\n<li><strong>Acogen a los nuevos compa\u00f1eros<\/strong>, facilitando sus primeros d\u00edas y ayud\u00e1ndoles a adaptarse al centro.<\/li>\n<\/ul>\n\n\n\n<h2 class=\"wp-block-heading\" style=\"font-size:18px\"><strong>T\u00e9cnica del \u201cPuzzle\u201d o del \u201cPuente\u201d<\/strong><\/h2>\n\n\n\n<p>Para facilitar la resoluci\u00f3n de conflictos, hemos implantado en el centro la t\u00e9cnica del&nbsp;<strong>\u201cPuzzle\u201d o \u201cPuente\u201d<\/strong>, utilizada por el alumnado mediador como herramienta principal durante el proceso de mediaci\u00f3n.<\/p>\n\n\n\n<p>El&nbsp;<strong>profesorado<\/strong>&nbsp;tambi\u00e9n emplea esta t\u00e9cnica cuando lo considera necesario, y en la etapa de&nbsp;<strong>Infantil<\/strong>&nbsp;se aplica una&nbsp;<strong>adaptaci\u00f3n<\/strong>&nbsp;adecuada a la edad de los m\u00e1s peque\u00f1os.<\/p>\n\n\n\n<p>Fotos<\/p>\n\n\n\n<hr class=\"wp-block-separator has-alpha-channel-opacity\"\/>\n\n\n\n<figure class=\"wp-block-image size-large\"><img loading=\"lazy\" decoding=\"async\" width=\"1024\" height=\"1024\" src=\"https:\/\/site.educa.madrid.org\/cp.sanjuandelacruz.madrid\/\/wp-content\/uploads\/cp.sanjuandelacruz.madrid\/2025\/11\/20251016_135453-1024x1024.jpg\" alt=\"\" class=\"wp-image-6334\" srcset=\"https:\/\/site.educa.madrid.org\/cp.sanjuandelacruz.madrid\/\/wp-content\/uploads\/cp.sanjuandelacruz.madrid\/2025\/11\/20251016_135453-1024x1024.jpg 1024w, https:\/\/site.educa.madrid.org\/cp.sanjuandelacruz.madrid\/\/wp-content\/uploads\/cp.sanjuandelacruz.madrid\/2025\/11\/20251016_135453-300x300.jpg 300w, https:\/\/site.educa.madrid.org\/cp.sanjuandelacruz.madrid\/\/wp-content\/uploads\/cp.sanjuandelacruz.madrid\/2025\/11\/20251016_135453-150x150.jpg 150w, https:\/\/site.educa.madrid.org\/cp.sanjuandelacruz.madrid\/\/wp-content\/uploads\/cp.sanjuandelacruz.madrid\/2025\/11\/20251016_135453-768x768.jpg 768w, https:\/\/site.educa.madrid.org\/cp.sanjuandelacruz.madrid\/\/wp-content\/uploads\/cp.sanjuandelacruz.madrid\/2025\/11\/20251016_135453-500x500.jpg 500w, https:\/\/site.educa.madrid.org\/cp.sanjuandelacruz.madrid\/\/wp-content\/uploads\/cp.sanjuandelacruz.madrid\/2025\/11\/20251016_135453-1536x1536.jpg 1536w, https:\/\/site.educa.madrid.org\/cp.sanjuandelacruz.madrid\/\/wp-content\/uploads\/cp.sanjuandelacruz.madrid\/2025\/11\/20251016_135453-2048x2048.jpg 2048w\" sizes=\"auto, (max-width: 1024px) 100vw, 1024px\" \/><\/figure>\n\n\n\n<figure class=\"wp-block-image size-large\"><img loading=\"lazy\" decoding=\"async\" width=\"1024\" height=\"1024\" src=\"https:\/\/site.educa.madrid.org\/cp.sanjuandelacruz.madrid\/\/wp-content\/uploads\/cp.sanjuandelacruz.madrid\/2025\/11\/20251016_133757-1024x1024.jpg\" alt=\"\" class=\"wp-image-6333\" srcset=\"https:\/\/site.educa.madrid.org\/cp.sanjuandelacruz.madrid\/\/wp-content\/uploads\/cp.sanjuandelacruz.madrid\/2025\/11\/20251016_133757-1024x1024.jpg 1024w, https:\/\/site.educa.madrid.org\/cp.sanjuandelacruz.madrid\/\/wp-content\/uploads\/cp.sanjuandelacruz.madrid\/2025\/11\/20251016_133757-300x300.jpg 300w, https:\/\/site.educa.madrid.org\/cp.sanjuandelacruz.madrid\/\/wp-content\/uploads\/cp.sanjuandelacruz.madrid\/2025\/11\/20251016_133757-150x150.jpg 150w, https:\/\/site.educa.madrid.org\/cp.sanjuandelacruz.madrid\/\/wp-content\/uploads\/cp.sanjuandelacruz.madrid\/2025\/11\/20251016_133757-768x768.jpg 768w, https:\/\/site.educa.madrid.org\/cp.sanjuandelacruz.madrid\/\/wp-content\/uploads\/cp.sanjuandelacruz.madrid\/2025\/11\/20251016_133757-500x500.jpg 500w, https:\/\/site.educa.madrid.org\/cp.sanjuandelacruz.madrid\/\/wp-content\/uploads\/cp.sanjuandelacruz.madrid\/2025\/11\/20251016_133757-1536x1536.jpg 1536w, https:\/\/site.educa.madrid.org\/cp.sanjuandelacruz.madrid\/\/wp-content\/uploads\/cp.sanjuandelacruz.madrid\/2025\/11\/20251016_133757-2048x2048.jpg 2048w\" sizes=\"auto, (max-width: 1024px) 100vw, 1024px\" \/><\/figure>\n\n\n\n<div class=\"wp-block-columns is-layout-flex wp-container-core-columns-is-layout-9d6595d7 wp-block-columns-is-layout-flex\">\n<div class=\"wp-block-column is-layout-flow wp-block-column-is-layout-flow\" style=\"flex-basis:100%\">\n<figure class=\"wp-block-image size-large\"><img loading=\"lazy\" decoding=\"async\" width=\"1024\" height=\"1024\" src=\"https:\/\/site.educa.madrid.org\/cp.sanjuandelacruz.madrid\/\/wp-content\/uploads\/cp.sanjuandelacruz.madrid\/2025\/11\/20251016_143702-1024x1024.jpg\" alt=\"\" class=\"wp-image-6331\" srcset=\"https:\/\/site.educa.madrid.org\/cp.sanjuandelacruz.madrid\/\/wp-content\/uploads\/cp.sanjuandelacruz.madrid\/2025\/11\/20251016_143702-1024x1024.jpg 1024w, https:\/\/site.educa.madrid.org\/cp.sanjuandelacruz.madrid\/\/wp-content\/uploads\/cp.sanjuandelacruz.madrid\/2025\/11\/20251016_143702-300x300.jpg 300w, https:\/\/site.educa.madrid.org\/cp.sanjuandelacruz.madrid\/\/wp-content\/uploads\/cp.sanjuandelacruz.madrid\/2025\/11\/20251016_143702-150x150.jpg 150w, https:\/\/site.educa.madrid.org\/cp.sanjuandelacruz.madrid\/\/wp-content\/uploads\/cp.sanjuandelacruz.madrid\/2025\/11\/20251016_143702-768x768.jpg 768w, https:\/\/site.educa.madrid.org\/cp.sanjuandelacruz.madrid\/\/wp-content\/uploads\/cp.sanjuandelacruz.madrid\/2025\/11\/20251016_143702-500x500.jpg 500w, https:\/\/site.educa.madrid.org\/cp.sanjuandelacruz.madrid\/\/wp-content\/uploads\/cp.sanjuandelacruz.madrid\/2025\/11\/20251016_143702-1536x1536.jpg 1536w, https:\/\/site.educa.madrid.org\/cp.sanjuandelacruz.madrid\/\/wp-content\/uploads\/cp.sanjuandelacruz.madrid\/2025\/11\/20251016_143702-2048x2048.jpg 2048w\" sizes=\"auto, (max-width: 1024px) 100vw, 1024px\" \/><\/figure>\n<\/div>\n<\/div>\n\n\n\n<h2 class=\"wp-block-heading\"><strong>Alumnado Dinamizador<\/strong><\/h2>\n\n\n\n<p>Su misi\u00f3n es favorecer un entorno escolar&nbsp;<strong>basado en el respeto, la participaci\u00f3n y la buena convivencia<\/strong>.<\/p>\n\n\n\n<h3 class=\"wp-block-heading\"><strong>\u00bfQu\u00e9 hacen los dinamizadores?<\/strong><\/h3>\n\n\n\n<p><strong>Fomentan el juego limpio en los patios<\/strong>, ayudando a prevenir conflictos.<\/p>\n\n\n\n<p><strong>Dinamizan los recreos de los viernes<\/strong>, proponiendo y organizando distintos tipos de juegos para que todos puedan participar.<\/p>\n\n\n\n<p><strong>Promueven el respeto y la comunicaci\u00f3n<\/strong>&nbsp;entre iguales.<\/p>\n\n\n\n<p><\/p>\n","protected":false},"excerpt":{"rendered":"<p>Desde el curso&nbsp;2016-2017, nuestro colegio desarrolla un&nbsp;Proyecto de Mediaci\u00f3n Escolar&nbsp;para mejorar la convivencia y potenciar las habilidades sociales del alumnado. A lo largo de los a\u00f1os, el programa ha ido creciendo y adapt\u00e1ndose para responder mejor a las necesidades del centro. Alumnado Mediador El objetivo principal es&nbsp;prevenir, detectar y resolver pac\u00edficamente peque\u00f1os conflictos, dando protagonismo<\/p><\/div>\n<div class=\"blog-btn\"><a href=\"https:\/\/site.educa.madrid.org\/cp.sanjuandelacruz.madrid\/index.php\/proyecto-de-mediacion-y-convivencia\/\" class=\"home-blog-btn\">Leer m\u00e1s<\/a><\/p>\n","protected":false},"author":5,"featured_media":0,"parent":0,"menu_order":0,"comment_status":"closed","ping_status":"closed","template":"","meta":{"footnotes":""},"folder":[],"class_list":["post-4394","page","type-page","status-publish","hentry"],"rttpg_featured_image_url":null,"rttpg_author":{"display_name":"jestudios","author_link":"https:\/\/site.educa.madrid.org\/cp.sanjuandelacruz.madrid\/index.php\/author\/cuenta_jestudios-cp-sanjuandelacruz-madrid\/"},"rttpg_comment":0,"rttpg_category":false,"rttpg_excerpt":"Desde el curso&nbsp;2016-2017, nuestro colegio desarrolla un&nbsp;Proyecto de Mediaci\u00f3n Escolar&nbsp;para mejorar la convivencia y potenciar las habilidades sociales del alumnado. A lo largo de los a\u00f1os, el programa ha ido creciendo y adapt\u00e1ndose para responder mejor a las necesidades del centro. Alumnado Mediador El objetivo principal es&nbsp;prevenir, detectar y resolver pac\u00edficamente peque\u00f1os conflictos, dando protagonismoLeer&hellip;","post_mailing_queue_ids":[],"_links":{"self":[{"href":"https:\/\/site.educa.madrid.org\/cp.sanjuandelacruz.madrid\/index.php\/wp-json\/wp\/v2\/pages\/4394","targetHints":{"allow":["GET"]}}],"collection":[{"href":"https:\/\/site.educa.madrid.org\/cp.sanjuandelacruz.madrid\/index.php\/wp-json\/wp\/v2\/pages"}],"about":[{"href":"https:\/\/site.educa.madrid.org\/cp.sanjuandelacruz.madrid\/index.php\/wp-json\/wp\/v2\/types\/page"}],"author":[{"embeddable":true,"href":"https:\/\/site.educa.madrid.org\/cp.sanjuandelacruz.madrid\/index.php\/wp-json\/wp\/v2\/users\/5"}],"replies":[{"embeddable":true,"href":"https:\/\/site.educa.madrid.org\/cp.sanjuandelacruz.madrid\/index.php\/wp-json\/wp\/v2\/comments?post=4394"}],"version-history":[{"count":6,"href":"https:\/\/site.educa.madrid.org\/cp.sanjuandelacruz.madrid\/index.php\/wp-json\/wp\/v2\/pages\/4394\/revisions"}],"predecessor-version":[{"id":6346,"href":"https:\/\/site.educa.madrid.org\/cp.sanjuandelacruz.madrid\/index.php\/wp-json\/wp\/v2\/pages\/4394\/revisions\/6346"}],"wp:attachment":[{"href":"https:\/\/site.educa.madrid.org\/cp.sanjuandelacruz.madrid\/index.php\/wp-json\/wp\/v2\/media?parent=4394"}],"wp:term":[{"taxonomy":"folder","embeddable":true,"href":"https:\/\/site.educa.madrid.org\/cp.sanjuandelacruz.madrid\/index.php\/wp-json\/wp\/v2\/folder?post=4394"}],"curies":[{"name":"wp","href":"https:\/\/api.w.org\/{rel}","templated":true}]}}