{"id":4604,"date":"2023-08-15T19:00:39","date_gmt":"2023-08-15T17:00:39","guid":{"rendered":"https:\/\/site.educa.madrid.org\/cp.sanjuandelacruz.madrid\/?page_id=4604"},"modified":"2024-06-02T23:00:51","modified_gmt":"2024-06-02T21:00:51","slug":"actividades-complementarias-celebraciones-curso-2023-24","status":"publish","type":"page","link":"https:\/\/site.educa.madrid.org\/cp.sanjuandelacruz.madrid\/index.php\/actividades-complementarias-celebraciones-curso-2023-24\/","title":{"rendered":"ACTIVIDADES COMPLEMENTARIAS: CELEBRACIONES CURSO 2023-24"},"content":{"rendered":"\n<p class=\"has-text-align-center has-very-light-gray-color has-luminous-vivid-orange-background-color has-text-color has-background has-large-font-size\"><strong>HALLOWEEN<\/strong><\/p>\n\n\n\n<figure class=\"wp-block-embed is-type-wp-embed is-provider-san-juan-de-la-cruz wp-block-embed-san-juan-de-la-cruz\"><div class=\"wp-block-embed__wrapper\">\n<blockquote class=\"wp-embedded-content\" data-secret=\"PV5ga24T1n\"><a href=\"https:\/\/site.educa.madrid.org\/cp.sanjuandelacruz.madrid\/index.php\/2023\/11\/03\/fiesta-de-halloween\/\">FIESTA DE HALLOWEEN<\/a><\/blockquote><iframe loading=\"lazy\" class=\"wp-embedded-content\" sandbox=\"allow-scripts\" security=\"restricted\" style=\"position: absolute; clip: rect(1px, 1px, 1px, 1px);\" title=\"\u00abFIESTA DE HALLOWEEN\u00bb \u2014 SAN JUAN DE LA CRUZ\" src=\"https:\/\/site.educa.madrid.org\/cp.sanjuandelacruz.madrid\/index.php\/2023\/11\/03\/fiesta-de-halloween\/embed\/#?secret=LjSiIQNtLF#?secret=PV5ga24T1n\" data-secret=\"PV5ga24T1n\" width=\"600\" height=\"338\" frameborder=\"0\" marginwidth=\"0\" marginheight=\"0\" scrolling=\"no\"><\/iframe>\n<\/div><\/figure>\n\n\n\n<p class=\"has-text-align-center has-very-light-gray-color has-vivid-green-cyan-background-color has-text-color has-background has-large-font-size\"><strong>NAVIDAD<\/strong><\/p>\n\n\n\n<figure class=\"wp-block-embed is-type-wp-embed is-provider-san-juan-de-la-cruz wp-block-embed-san-juan-de-la-cruz\"><div class=\"wp-block-embed__wrapper\">\n<blockquote class=\"wp-embedded-content\" data-secret=\"vGLEROskqB\"><a href=\"https:\/\/site.educa.madrid.org\/cp.sanjuandelacruz.madrid\/index.php\/2023\/12\/12\/the-elf-on-the-shelf-2\/\">The elf on the shelf<\/a><\/blockquote><iframe loading=\"lazy\" class=\"wp-embedded-content\" sandbox=\"allow-scripts\" security=\"restricted\" style=\"position: absolute; clip: rect(1px, 1px, 1px, 1px);\" title=\"\u00abThe elf on the shelf\u00bb \u2014 SAN JUAN DE LA CRUZ\" src=\"https:\/\/site.educa.madrid.org\/cp.sanjuandelacruz.madrid\/index.php\/2023\/12\/12\/the-elf-on-the-shelf-2\/embed\/#?secret=xKhjNZxeD7#?secret=vGLEROskqB\" data-secret=\"vGLEROskqB\" width=\"600\" height=\"338\" frameborder=\"0\" marginwidth=\"0\" marginheight=\"0\" scrolling=\"no\"><\/iframe>\n<\/div><\/figure>\n\n\n\n<figure class=\"wp-block-embed is-type-wp-embed is-provider-san-juan-de-la-cruz wp-block-embed-san-juan-de-la-cruz\"><div class=\"wp-block-embed__wrapper\">\n<blockquote class=\"wp-embedded-content\" data-secret=\"ksk1ItMYqp\"><a href=\"https:\/\/site.educa.madrid.org\/cp.sanjuandelacruz.madrid\/index.php\/2023\/12\/21\/feliz-navidad\/\">FELIZ NAVIDAD<\/a><\/blockquote><iframe loading=\"lazy\" class=\"wp-embedded-content\" sandbox=\"allow-scripts\" security=\"restricted\" style=\"position: absolute; clip: rect(1px, 1px, 1px, 1px);\" title=\"\u00abFELIZ NAVIDAD\u00bb \u2014 SAN JUAN DE LA CRUZ\" src=\"https:\/\/site.educa.madrid.org\/cp.sanjuandelacruz.madrid\/index.php\/2023\/12\/21\/feliz-navidad\/embed\/#?secret=UPjdYZeVQZ#?secret=ksk1ItMYqp\" data-secret=\"ksk1ItMYqp\" width=\"600\" height=\"338\" frameborder=\"0\" marginwidth=\"0\" marginheight=\"0\" scrolling=\"no\"><\/iframe>\n<\/div><\/figure>\n\n\n\n<p class=\"has-text-align-center has-very-light-gray-color has-vivid-cyan-blue-background-color has-text-color has-background has-large-font-size\"><strong>D\u00cdA DE LA PAZ<\/strong><\/p>\n\n\n\n<p class=\"has-text-align-center has-very-light-gray-color has-luminous-vivid-amber-background-color has-text-color has-background has-large-font-size\"><strong>CARNAVAL<\/strong><\/p>\n\n\n\n<figure class=\"wp-block-embed is-type-wp-embed is-provider-san-juan-de-la-cruz wp-block-embed-san-juan-de-la-cruz\"><div class=\"wp-block-embed__wrapper\">\n<blockquote class=\"wp-embedded-content\" data-secret=\"DtekwHHY6T\"><a href=\"https:\/\/site.educa.madrid.org\/cp.sanjuandelacruz.madrid\/index.php\/2024\/02\/14\/mascaras-de-carnaval-2\/\">M\u00c1SCARAS DE CARNAVAL<\/a><\/blockquote><iframe loading=\"lazy\" class=\"wp-embedded-content\" sandbox=\"allow-scripts\" security=\"restricted\" style=\"position: absolute; clip: rect(1px, 1px, 1px, 1px);\" title=\"\u00abM\u00c1SCARAS DE CARNAVAL\u00bb \u2014 SAN JUAN DE LA CRUZ\" src=\"https:\/\/site.educa.madrid.org\/cp.sanjuandelacruz.madrid\/index.php\/2024\/02\/14\/mascaras-de-carnaval-2\/embed\/#?secret=29TPpiLkaG#?secret=DtekwHHY6T\" data-secret=\"DtekwHHY6T\" width=\"600\" height=\"338\" frameborder=\"0\" marginwidth=\"0\" marginheight=\"0\" scrolling=\"no\"><\/iframe>\n<\/div><\/figure>\n\n\n\n<p class=\"has-text-align-center has-very-light-gray-color has-vivid-purple-background-color has-text-color has-background has-large-font-size\"><strong>D\u00cdA DE LA MUJER<\/strong><\/p>\n\n\n\n<figure class=\"wp-block-embed is-type-wp-embed is-provider-san-juan-de-la-cruz wp-block-embed-san-juan-de-la-cruz\"><div class=\"wp-block-embed__wrapper\">\n<blockquote class=\"wp-embedded-content\" data-secret=\"PemgV7qrh5\"><a href=\"https:\/\/site.educa.madrid.org\/cp.sanjuandelacruz.madrid\/index.php\/2024\/04\/26\/la-publicidad-para-chicos-o-chicas\/\">LA PUBLICIDAD&#8230; PARA CHICOS O CHICAS<\/a><\/blockquote><iframe loading=\"lazy\" class=\"wp-embedded-content\" sandbox=\"allow-scripts\" security=\"restricted\" style=\"position: absolute; clip: rect(1px, 1px, 1px, 1px);\" title=\"\u00abLA PUBLICIDAD&#8230; PARA CHICOS O CHICAS\u00bb \u2014 SAN JUAN DE LA CRUZ\" src=\"https:\/\/site.educa.madrid.org\/cp.sanjuandelacruz.madrid\/index.php\/2024\/04\/26\/la-publicidad-para-chicos-o-chicas\/embed\/#?secret=aeqaCvCUgC#?secret=PemgV7qrh5\" data-secret=\"PemgV7qrh5\" width=\"600\" height=\"338\" frameborder=\"0\" marginwidth=\"0\" marginheight=\"0\" scrolling=\"no\"><\/iframe>\n<\/div><\/figure>\n\n\n\n<p class=\"has-text-align-center has-very-light-gray-color has-pale-pink-background-color has-text-color has-background has-large-font-size\"><strong>D\u00cdA DEL LIBRO<\/strong><\/p>\n\n\n\n<figure class=\"wp-block-embed is-type-wp-embed is-provider-san-juan-de-la-cruz wp-block-embed-san-juan-de-la-cruz\"><div class=\"wp-block-embed__wrapper\">\n<blockquote class=\"wp-embedded-content\" data-secret=\"CyYiyh2Zfm\"><a href=\"https:\/\/site.educa.madrid.org\/cp.sanjuandelacruz.madrid\/index.php\/2024\/04\/23\/dia-del-libro-23-abril-2024\/\">D\u00cdA DEL LIBRO 23-ABRIL-2024<\/a><\/blockquote><iframe loading=\"lazy\" class=\"wp-embedded-content\" sandbox=\"allow-scripts\" security=\"restricted\" style=\"position: absolute; clip: rect(1px, 1px, 1px, 1px);\" title=\"\u00abD\u00cdA DEL LIBRO 23-ABRIL-2024\u00bb \u2014 SAN JUAN DE LA CRUZ\" src=\"https:\/\/site.educa.madrid.org\/cp.sanjuandelacruz.madrid\/index.php\/2024\/04\/23\/dia-del-libro-23-abril-2024\/embed\/#?secret=tGieDbboVB#?secret=CyYiyh2Zfm\" data-secret=\"CyYiyh2Zfm\" width=\"600\" height=\"338\" frameborder=\"0\" marginwidth=\"0\" marginheight=\"0\" scrolling=\"no\"><\/iframe>\n<\/div><\/figure>\n\n\n\n<figure class=\"wp-block-embed is-type-wp-embed is-provider-san-juan-de-la-cruz wp-block-embed-san-juan-de-la-cruz\"><div class=\"wp-block-embed__wrapper\">\n<blockquote class=\"wp-embedded-content\" data-secret=\"lexQ1vXCcP\"><a href=\"https:\/\/site.educa.madrid.org\/cp.sanjuandelacruz.madrid\/index.php\/2024\/04\/26\/nuestro-podcast-mas-literario\/\">Nuestro podcast m\u00e1s literario<\/a><\/blockquote><iframe loading=\"lazy\" class=\"wp-embedded-content\" sandbox=\"allow-scripts\" security=\"restricted\" style=\"position: absolute; clip: rect(1px, 1px, 1px, 1px);\" title=\"\u00abNuestro podcast m\u00e1s literario\u00bb \u2014 SAN JUAN DE LA CRUZ\" src=\"https:\/\/site.educa.madrid.org\/cp.sanjuandelacruz.madrid\/index.php\/2024\/04\/26\/nuestro-podcast-mas-literario\/embed\/#?secret=ui5CiCNjaz#?secret=lexQ1vXCcP\" data-secret=\"lexQ1vXCcP\" width=\"600\" height=\"338\" frameborder=\"0\" marginwidth=\"0\" marginheight=\"0\" scrolling=\"no\"><\/iframe>\n<\/div><\/figure>\n\n\n\n<p class=\"has-text-align-center has-very-light-gray-color has-vivid-red-background-color has-text-color has-background\" style=\"font-size:34px\"><strong>SAN ISIDRO <\/strong><\/p>\n\n\n\n<p class=\"has-text-align-center has-very-light-gray-color has-light-green-cyan-background-color has-text-color has-background\" style=\"font-size:34px\"><strong> SEMANA CULTURAL<\/strong><\/p>\n\n\n\n<figure class=\"wp-block-embed is-type-wp-embed is-provider-san-juan-de-la-cruz wp-block-embed-san-juan-de-la-cruz\"><div class=\"wp-block-embed__wrapper\">\n<blockquote class=\"wp-embedded-content\" data-secret=\"MKF5oPgXXI\"><a href=\"https:\/\/site.educa.madrid.org\/cp.sanjuandelacruz.madrid\/index.php\/2024\/06\/02\/semana-cultural-paises-de-habla-inglesa\/\">SEMANA CULTURAL: PA\u00cdSES DE HABLA INGLESA<\/a><\/blockquote><iframe loading=\"lazy\" class=\"wp-embedded-content\" sandbox=\"allow-scripts\" security=\"restricted\" style=\"position: absolute; clip: rect(1px, 1px, 1px, 1px);\" title=\"\u00abSEMANA CULTURAL: PA\u00cdSES DE HABLA INGLESA\u00bb \u2014 SAN JUAN DE LA CRUZ\" src=\"https:\/\/site.educa.madrid.org\/cp.sanjuandelacruz.madrid\/index.php\/2024\/06\/02\/semana-cultural-paises-de-habla-inglesa\/embed\/#?secret=mLbhF5nD6p#?secret=MKF5oPgXXI\" data-secret=\"MKF5oPgXXI\" width=\"600\" height=\"338\" frameborder=\"0\" marginwidth=\"0\" marginheight=\"0\" scrolling=\"no\"><\/iframe>\n<\/div><\/figure>\n\n\n\n<p class=\"has-text-align-center has-very-light-gray-color has-pale-cyan-blue-background-color has-text-color has-background has-large-font-size\"><strong>GRADUACIONES<\/strong><\/p>\n","protected":false},"excerpt":{"rendered":"<p>HALLOWEEN NAVIDAD D\u00cdA DE LA PAZ CARNAVAL D\u00cdA DE LA MUJER D\u00cdA DEL LIBRO SAN ISIDRO SEMANA CULTURAL GRADUACIONES<\/p>\n","protected":false},"author":5,"featured_media":0,"parent":0,"menu_order":0,"comment_status":"closed","ping_status":"closed","template":"","meta":{"footnotes":""},"folder":[],"class_list":["post-4604","page","type-page","status-publish","hentry"],"rttpg_featured_image_url":null,"rttpg_author":{"display_name":"jestudios","author_link":"https:\/\/site.educa.madrid.org\/cp.sanjuandelacruz.madrid\/index.php\/author\/cuenta_jestudios-cp-sanjuandelacruz-madrid\/"},"rttpg_comment":0,"rttpg_category":false,"rttpg_excerpt":"HALLOWEEN NAVIDAD D\u00cdA DE LA PAZ CARNAVAL D\u00cdA DE LA MUJER D\u00cdA DEL LIBRO SAN ISIDRO SEMANA CULTURAL GRADUACIONES","post_mailing_queue_ids":[],"_links":{"self":[{"href":"https:\/\/site.educa.madrid.org\/cp.sanjuandelacruz.madrid\/index.php\/wp-json\/wp\/v2\/pages\/4604","targetHints":{"allow":["GET"]}}],"collection":[{"href":"https:\/\/site.educa.madrid.org\/cp.sanjuandelacruz.madrid\/index.php\/wp-json\/wp\/v2\/pages"}],"about":[{"href":"https:\/\/site.educa.madrid.org\/cp.sanjuandelacruz.madrid\/index.php\/wp-json\/wp\/v2\/types\/page"}],"author":[{"embeddable":true,"href":"https:\/\/site.educa.madrid.org\/cp.sanjuandelacruz.madrid\/index.php\/wp-json\/wp\/v2\/users\/5"}],"replies":[{"embeddable":true,"href":"https:\/\/site.educa.madrid.org\/cp.sanjuandelacruz.madrid\/index.php\/wp-json\/wp\/v2\/comments?post=4604"}],"version-history":[{"count":9,"href":"https:\/\/site.educa.madrid.org\/cp.sanjuandelacruz.madrid\/index.php\/wp-json\/wp\/v2\/pages\/4604\/revisions"}],"predecessor-version":[{"id":5198,"href":"https:\/\/site.educa.madrid.org\/cp.sanjuandelacruz.madrid\/index.php\/wp-json\/wp\/v2\/pages\/4604\/revisions\/5198"}],"wp:attachment":[{"href":"https:\/\/site.educa.madrid.org\/cp.sanjuandelacruz.madrid\/index.php\/wp-json\/wp\/v2\/media?parent=4604"}],"wp:term":[{"taxonomy":"folder","embeddable":true,"href":"https:\/\/site.educa.madrid.org\/cp.sanjuandelacruz.madrid\/index.php\/wp-json\/wp\/v2\/folder?post=4604"}],"curies":[{"name":"wp","href":"https:\/\/api.w.org\/{rel}","templated":true}]}}