{"id":4682,"date":"2023-10-01T13:58:58","date_gmt":"2023-10-01T11:58:58","guid":{"rendered":"https:\/\/site.educa.madrid.org\/cp.sanjuandelacruz.madrid\/?page_id=4682"},"modified":"2024-06-22T09:42:21","modified_gmt":"2024-06-22T07:42:21","slug":"radio-curso-2023-24","status":"publish","type":"page","link":"https:\/\/site.educa.madrid.org\/cp.sanjuandelacruz.madrid\/index.php\/radio-curso-2023-24\/","title":{"rendered":"RADIO CURSO 2023-24"},"content":{"rendered":"\n<p>Os compartimos el primer podcast de radio que hemos elaborado con motivo del <mark style=\"background-color:#8ed1fc\" class=\"has-inline-color has-white-color\"><strong>D\u00cdA DE LA PAZ.<\/strong> <\/mark><\/p>\n\n\n\n<p>Cada curso ha estado trabajando sobre un personaje que haya sido importante en la paz mundial y ha grabado un audio contando cosas muy interesantes sobre el personaje escogido.<\/p>\n\n\n\n<p>Esperamos que os guste mucho!<\/p>\n\n\n\n<figure class=\"wp-block-audio\"><audio controls src=\"https:\/\/site.educa.madrid.org\/cp.sanjuandelacruz.madrid\/\/wp-content\/uploads\/cp.sanjuandelacruz.madrid\/2024\/02\/podcast-dia-paz-1.mp3\"><\/audio><\/figure>\n\n\n\n<div style=\"height:38px\" aria-hidden=\"true\" class=\"wp-block-spacer\"><\/div>\n\n\n\n<hr class=\"wp-block-separator has-alpha-channel-opacity\"\/>\n\n\n\n<div style=\"height:38px\" aria-hidden=\"true\" class=\"wp-block-spacer\"><\/div>\n\n\n\n<p>Nuestra segunda producci\u00f3n es en ingl\u00e9s y su publicaci\u00f3n coincide con el <strong><mark style=\"background-color:#9b51e0\" class=\"has-inline-color has-white-color\">D\u00cdA DE LA MUJER.<\/mark><\/strong><\/p>\n\n\n\n<p>En ella hemos querido mirar la publicidad con nuestras gafas violetas y los alumnos de 1\u00ba, 2\u00ba y 3\u00ba han entrevistado a los alumnos de 4\u00ba, 5\u00ba o 6\u00ba sobre diversas im\u00e1genes publicitarias, sus caracter\u00edsticas, su sesgo y lo que nos transmiten.<\/p>\n\n\n\n<figure class=\"wp-block-audio\"><audio controls src=\"https:\/\/site.educa.madrid.org\/cp.sanjuandelacruz.madrid\/\/wp-content\/uploads\/cp.sanjuandelacruz.madrid\/2024\/03\/womens-day-podcast-final.mp3\"><\/audio><\/figure>\n\n\n\n<p>Estas son las im\u00e1genes utilizadas:<\/p>\n\n\n\n<figure class=\"wp-block-gallery has-nested-images columns-default is-cropped wp-block-gallery-1 is-layout-flex wp-block-gallery-is-layout-flex\">\n<figure class=\"wp-block-image size-full\"><img loading=\"lazy\" decoding=\"async\" width=\"667\" height=\"375\" data-id=\"5056\" src=\"https:\/\/site.educa.madrid.org\/cp.sanjuandelacruz.madrid\/\/wp-content\/uploads\/cp.sanjuandelacruz.madrid\/2024\/03\/Catalogo-juguetes_1205889845_78971720_667x375.png\" alt=\"Primera imagen de la primera entrevista\" class=\"wp-image-5056\" srcset=\"https:\/\/site.educa.madrid.org\/cp.sanjuandelacruz.madrid\/\/wp-content\/uploads\/cp.sanjuandelacruz.madrid\/2024\/03\/Catalogo-juguetes_1205889845_78971720_667x375.png 667w, https:\/\/site.educa.madrid.org\/cp.sanjuandelacruz.madrid\/\/wp-content\/uploads\/cp.sanjuandelacruz.madrid\/2024\/03\/Catalogo-juguetes_1205889845_78971720_667x375-300x169.png 300w\" sizes=\"auto, (max-width: 667px) 100vw, 667px\" \/><figcaption class=\"wp-element-caption\">Primera imagen de la primera entrevista<\/figcaption><\/figure>\n\n\n\n<figure class=\"wp-block-image size-large\"><img loading=\"lazy\" decoding=\"async\" width=\"1024\" height=\"681\" data-id=\"5057\" src=\"https:\/\/site.educa.madrid.org\/cp.sanjuandelacruz.madrid\/\/wp-content\/uploads\/cp.sanjuandelacruz.madrid\/2024\/03\/dia-de-la-madre-padre-1024x681.jpg\" alt=\"\" class=\"wp-image-5057\" srcset=\"https:\/\/site.educa.madrid.org\/cp.sanjuandelacruz.madrid\/\/wp-content\/uploads\/cp.sanjuandelacruz.madrid\/2024\/03\/dia-de-la-madre-padre-1024x681.jpg 1024w, https:\/\/site.educa.madrid.org\/cp.sanjuandelacruz.madrid\/\/wp-content\/uploads\/cp.sanjuandelacruz.madrid\/2024\/03\/dia-de-la-madre-padre-300x200.jpg 300w, https:\/\/site.educa.madrid.org\/cp.sanjuandelacruz.madrid\/\/wp-content\/uploads\/cp.sanjuandelacruz.madrid\/2024\/03\/dia-de-la-madre-padre-768x511.jpg 768w, https:\/\/site.educa.madrid.org\/cp.sanjuandelacruz.madrid\/\/wp-content\/uploads\/cp.sanjuandelacruz.madrid\/2024\/03\/dia-de-la-madre-padre-391x260.jpg 391w, https:\/\/site.educa.madrid.org\/cp.sanjuandelacruz.madrid\/\/wp-content\/uploads\/cp.sanjuandelacruz.madrid\/2024\/03\/dia-de-la-madre-padre-272x182.jpg 272w, https:\/\/site.educa.madrid.org\/cp.sanjuandelacruz.madrid\/\/wp-content\/uploads\/cp.sanjuandelacruz.madrid\/2024\/03\/dia-de-la-madre-padre.jpg 1320w\" sizes=\"auto, (max-width: 1024px) 100vw, 1024px\" \/><figcaption class=\"wp-element-caption\">Segunda imagen de la primera entrevista<\/figcaption><\/figure>\n\n\n\n<figure class=\"wp-block-image size-large\"><img loading=\"lazy\" decoding=\"async\" width=\"1024\" height=\"513\" data-id=\"5059\" src=\"https:\/\/site.educa.madrid.org\/cp.sanjuandelacruz.madrid\/\/wp-content\/uploads\/cp.sanjuandelacruz.madrid\/2024\/03\/1366_2000-1024x513.png\" alt=\"Im\u00e1genes utilizadas\" class=\"wp-image-5059\" srcset=\"https:\/\/site.educa.madrid.org\/cp.sanjuandelacruz.madrid\/\/wp-content\/uploads\/cp.sanjuandelacruz.madrid\/2024\/03\/1366_2000-1024x513.png 1024w, https:\/\/site.educa.madrid.org\/cp.sanjuandelacruz.madrid\/\/wp-content\/uploads\/cp.sanjuandelacruz.madrid\/2024\/03\/1366_2000-300x150.png 300w, https:\/\/site.educa.madrid.org\/cp.sanjuandelacruz.madrid\/\/wp-content\/uploads\/cp.sanjuandelacruz.madrid\/2024\/03\/1366_2000-768x385.png 768w, https:\/\/site.educa.madrid.org\/cp.sanjuandelacruz.madrid\/\/wp-content\/uploads\/cp.sanjuandelacruz.madrid\/2024\/03\/1366_2000.png 1366w\" sizes=\"auto, (max-width: 1024px) 100vw, 1024px\" \/><figcaption class=\"wp-element-caption\">Imagen A de la segunda entrevista<\/figcaption><\/figure>\n\n\n\n<figure class=\"wp-block-image size-large\"><img loading=\"lazy\" decoding=\"async\" width=\"900\" height=\"675\" data-id=\"5058\" src=\"https:\/\/site.educa.madrid.org\/cp.sanjuandelacruz.madrid\/\/wp-content\/uploads\/cp.sanjuandelacruz.madrid\/2024\/03\/libparajugar2-700x700_20521576_20201026123838.jpg\" alt=\"\" class=\"wp-image-5058\" srcset=\"https:\/\/site.educa.madrid.org\/cp.sanjuandelacruz.madrid\/\/wp-content\/uploads\/cp.sanjuandelacruz.madrid\/2024\/03\/libparajugar2-700x700_20521576_20201026123838.jpg 900w, https:\/\/site.educa.madrid.org\/cp.sanjuandelacruz.madrid\/\/wp-content\/uploads\/cp.sanjuandelacruz.madrid\/2024\/03\/libparajugar2-700x700_20521576_20201026123838-300x225.jpg 300w, https:\/\/site.educa.madrid.org\/cp.sanjuandelacruz.madrid\/\/wp-content\/uploads\/cp.sanjuandelacruz.madrid\/2024\/03\/libparajugar2-700x700_20521576_20201026123838-768x576.jpg 768w\" sizes=\"auto, (max-width: 900px) 100vw, 900px\" \/><figcaption class=\"wp-element-caption\">Imagen B de la segunda entrevista<\/figcaption><\/figure>\n\n\n\n<figure class=\"wp-block-image size-large\"><img loading=\"lazy\" decoding=\"async\" width=\"1024\" height=\"765\" data-id=\"5075\" src=\"https:\/\/site.educa.madrid.org\/cp.sanjuandelacruz.madrid\/\/wp-content\/uploads\/cp.sanjuandelacruz.madrid\/2024\/03\/IMG-20240314-WA0001-1024x765.jpg\" alt=\"\" class=\"wp-image-5075\" srcset=\"https:\/\/site.educa.madrid.org\/cp.sanjuandelacruz.madrid\/\/wp-content\/uploads\/cp.sanjuandelacruz.madrid\/2024\/03\/IMG-20240314-WA0001-1024x765.jpg 1024w, https:\/\/site.educa.madrid.org\/cp.sanjuandelacruz.madrid\/\/wp-content\/uploads\/cp.sanjuandelacruz.madrid\/2024\/03\/IMG-20240314-WA0001-300x224.jpg 300w, https:\/\/site.educa.madrid.org\/cp.sanjuandelacruz.madrid\/\/wp-content\/uploads\/cp.sanjuandelacruz.madrid\/2024\/03\/IMG-20240314-WA0001-768x574.jpg 768w, https:\/\/site.educa.madrid.org\/cp.sanjuandelacruz.madrid\/\/wp-content\/uploads\/cp.sanjuandelacruz.madrid\/2024\/03\/IMG-20240314-WA0001.jpg 1080w\" sizes=\"auto, (max-width: 1024px) 100vw, 1024px\" \/><figcaption class=\"wp-element-caption\">Primera imagen de la tercera entrevista<\/figcaption><\/figure>\n\n\n\n<figure class=\"wp-block-image size-large\"><img loading=\"lazy\" decoding=\"async\" width=\"840\" height=\"560\" data-id=\"5076\" src=\"https:\/\/site.educa.madrid.org\/cp.sanjuandelacruz.madrid\/\/wp-content\/uploads\/cp.sanjuandelacruz.madrid\/2024\/03\/840_560.jpg\" alt=\"\" class=\"wp-image-5076\" srcset=\"https:\/\/site.educa.madrid.org\/cp.sanjuandelacruz.madrid\/\/wp-content\/uploads\/cp.sanjuandelacruz.madrid\/2024\/03\/840_560.jpg 840w, https:\/\/site.educa.madrid.org\/cp.sanjuandelacruz.madrid\/\/wp-content\/uploads\/cp.sanjuandelacruz.madrid\/2024\/03\/840_560-300x200.jpg 300w, https:\/\/site.educa.madrid.org\/cp.sanjuandelacruz.madrid\/\/wp-content\/uploads\/cp.sanjuandelacruz.madrid\/2024\/03\/840_560-768x512.jpg 768w, https:\/\/site.educa.madrid.org\/cp.sanjuandelacruz.madrid\/\/wp-content\/uploads\/cp.sanjuandelacruz.madrid\/2024\/03\/840_560-391x260.jpg 391w, https:\/\/site.educa.madrid.org\/cp.sanjuandelacruz.madrid\/\/wp-content\/uploads\/cp.sanjuandelacruz.madrid\/2024\/03\/840_560-272x182.jpg 272w\" sizes=\"auto, (max-width: 840px) 100vw, 840px\" \/><figcaption class=\"wp-element-caption\">Segunda imagen de la tercera entrevista<\/figcaption><\/figure>\n<\/figure>\n\n\n\n<p style=\"font-size:11px\">Estas im\u00e1genes han sido obtenidas de diversas p\u00e1ginas de Internet para el trabajo educativo a trav\u00e9s de buscadores. Su publicaci\u00f3n en esta p\u00e1gina tiene el fin de informar a las familias del material educativo. No existe ninguna intenci\u00f3n de vulnerar derechos de imagen, pero si alguna empresa considera vulnerados sus derechos, rogamos nos lo hagan saber para retirar esta publicaci\u00f3n.<\/p>\n\n\n\n<div class=\"wp-block-file\"><a id=\"wp-block-file--media-3916125d-03b2-42f0-b504-6886582e382f\" href=\"https:\/\/site.educa.madrid.org\/cp.sanjuandelacruz.madrid\/\/wp-content\/uploads\/cp.sanjuandelacruz.madrid\/2024\/03\/Transcipicion-del-podcast_dia-de-la-mujer.pdf\" target=\"_blank\" rel=\"noreferrer noopener\">Transcipicion-del-podcast_dia-de-la-mujer<\/a><a href=\"https:\/\/site.educa.madrid.org\/cp.sanjuandelacruz.madrid\/\/wp-content\/uploads\/cp.sanjuandelacruz.madrid\/2024\/03\/Transcipicion-del-podcast_dia-de-la-mujer.pdf\" class=\"wp-block-file__button wp-element-button\" download aria-describedby=\"wp-block-file--media-3916125d-03b2-42f0-b504-6886582e382f\">Descarga<\/a><\/div>\n\n\n\n<div style=\"height:47px\" aria-hidden=\"true\" class=\"wp-block-spacer\"><\/div>\n\n\n\n<hr class=\"wp-block-separator has-alpha-channel-opacity\"\/>\n\n\n\n<div style=\"height:47px\" aria-hidden=\"true\" class=\"wp-block-spacer\"><\/div>\n\n\n\n<p><\/p>\n\n\n\n<p><\/p>\n\n\n\n<p>Os presentamos un nuevo podcast elaborado por nuestros alumnos con motivo del <strong><mark style=\"background-color:#fcb900\" class=\"has-inline-color has-white-color\">D\u00cdA DEL LIBRO<\/mark><\/strong><\/p>\n\n\n\n<p>En \u00e9l pod\u00e9is encontrar adivinanzas, poes\u00edas, trabalenguas y recomendaciones de lectura muy interesantes.<\/p>\n\n\n\n<p>Esperamos que lo disfrut\u00e9is mucho!<\/p>\n\n\n\n<figure class=\"wp-block-audio\"><audio controls src=\"https:\/\/site.educa.madrid.org\/cp.sanjuandelacruz.madrid\/\/wp-content\/uploads\/cp.sanjuandelacruz.madrid\/2024\/06\/Dia-del-libro1.mp3\"><\/audio><\/figure>\n\n\n\n<div style=\"height:70px\" aria-hidden=\"true\" class=\"wp-block-spacer\"><\/div>\n\n\n\n<hr class=\"wp-block-separator has-alpha-channel-opacity\"\/>\n\n\n\n<div style=\"height:73px\" aria-hidden=\"true\" class=\"wp-block-spacer\"><\/div>\n\n\n\n<p>Este es el \u00faltimo podcast del curso dedicado a los pa\u00edses de habla inglesa trabajados en la <strong><mark style=\"background-color:#7bdcb5\" class=\"has-inline-color has-white-color\">SEMANA CULTURAL<\/mark><mark style=\"background-color:rgba(0, 0, 0, 0)\" class=\"has-inline-color has-vivid-green-cyan-color\">.<\/mark><\/strong> Est\u00e1 grabado en ingl\u00e9s.<\/p>\n\n\n\n<p><\/p>\n\n\n\n<figure class=\"wp-block-audio\"><audio controls src=\"https:\/\/site.educa.madrid.org\/cp.sanjuandelacruz.madrid\/\/wp-content\/uploads\/cp.sanjuandelacruz.madrid\/2024\/06\/Semana-culltural.mp3\"><\/audio><\/figure>\n\n\n\n<div class=\"wp-block-file\"><a id=\"wp-block-file--media-544c7085-bc7d-4e2d-88fd-10b232d5497c\" href=\"https:\/\/site.educa.madrid.org\/cp.sanjuandelacruz.madrid\/\/wp-content\/uploads\/cp.sanjuandelacruz.madrid\/2024\/06\/Escaleta-Sesmana-Cultural.pdf\" target=\"_blank\" rel=\"noreferrer noopener\">Transcripci\u00f3n del audio de Semana Cultural<\/a><a href=\"https:\/\/site.educa.madrid.org\/cp.sanjuandelacruz.madrid\/\/wp-content\/uploads\/cp.sanjuandelacruz.madrid\/2024\/06\/Escaleta-Sesmana-Cultural.pdf\" class=\"wp-block-file__button wp-element-button\" download aria-describedby=\"wp-block-file--media-544c7085-bc7d-4e2d-88fd-10b232d5497c\">Download<\/a><\/div>\n","protected":false},"excerpt":{"rendered":"<p>Os compartimos el primer podcast de radio que hemos elaborado con motivo del D\u00cdA DE LA PAZ. Cada curso ha estado trabajando sobre un personaje que haya sido importante en la paz mundial y ha grabado un audio contando cosas muy interesantes sobre el personaje escogido. Esperamos que os guste mucho! Nuestra segunda producci\u00f3n es<\/p><\/div>\n<div class=\"blog-btn\"><a href=\"https:\/\/site.educa.madrid.org\/cp.sanjuandelacruz.madrid\/index.php\/radio-curso-2023-24\/\" class=\"home-blog-btn\">Leer m\u00e1s<\/a><\/p>\n","protected":false},"author":5,"featured_media":0,"parent":0,"menu_order":0,"comment_status":"closed","ping_status":"closed","template":"","meta":{"footnotes":""},"folder":[],"class_list":["post-4682","page","type-page","status-publish","hentry"],"rttpg_featured_image_url":null,"rttpg_author":{"display_name":"jestudios","author_link":"https:\/\/site.educa.madrid.org\/cp.sanjuandelacruz.madrid\/index.php\/author\/cuenta_jestudios-cp-sanjuandelacruz-madrid\/"},"rttpg_comment":0,"rttpg_category":false,"rttpg_excerpt":"Os compartimos el primer podcast de radio que hemos elaborado con motivo del D\u00cdA DE LA PAZ. Cada curso ha estado trabajando sobre un personaje que haya sido importante en la paz mundial y ha grabado un audio contando cosas muy interesantes sobre el personaje escogido. Esperamos que os guste mucho! Nuestra segunda producci\u00f3n esLeer&hellip;","post_mailing_queue_ids":[],"_links":{"self":[{"href":"https:\/\/site.educa.madrid.org\/cp.sanjuandelacruz.madrid\/index.php\/wp-json\/wp\/v2\/pages\/4682","targetHints":{"allow":["GET"]}}],"collection":[{"href":"https:\/\/site.educa.madrid.org\/cp.sanjuandelacruz.madrid\/index.php\/wp-json\/wp\/v2\/pages"}],"about":[{"href":"https:\/\/site.educa.madrid.org\/cp.sanjuandelacruz.madrid\/index.php\/wp-json\/wp\/v2\/types\/page"}],"author":[{"embeddable":true,"href":"https:\/\/site.educa.madrid.org\/cp.sanjuandelacruz.madrid\/index.php\/wp-json\/wp\/v2\/users\/5"}],"replies":[{"embeddable":true,"href":"https:\/\/site.educa.madrid.org\/cp.sanjuandelacruz.madrid\/index.php\/wp-json\/wp\/v2\/comments?post=4682"}],"version-history":[{"count":16,"href":"https:\/\/site.educa.madrid.org\/cp.sanjuandelacruz.madrid\/index.php\/wp-json\/wp\/v2\/pages\/4682\/revisions"}],"predecessor-version":[{"id":5232,"href":"https:\/\/site.educa.madrid.org\/cp.sanjuandelacruz.madrid\/index.php\/wp-json\/wp\/v2\/pages\/4682\/revisions\/5232"}],"wp:attachment":[{"href":"https:\/\/site.educa.madrid.org\/cp.sanjuandelacruz.madrid\/index.php\/wp-json\/wp\/v2\/media?parent=4682"}],"wp:term":[{"taxonomy":"folder","embeddable":true,"href":"https:\/\/site.educa.madrid.org\/cp.sanjuandelacruz.madrid\/index.php\/wp-json\/wp\/v2\/folder?post=4682"}],"curies":[{"name":"wp","href":"https:\/\/api.w.org\/{rel}","templated":true}]}}