{"id":4789,"date":"2023-11-29T18:24:42","date_gmt":"2023-11-29T17:24:42","guid":{"rendered":"https:\/\/site.educa.madrid.org\/cp.sanjuandelacruz.madrid\/?page_id=4789"},"modified":"2024-03-15T07:29:10","modified_gmt":"2024-03-15T06:29:10","slug":"actividades-complementarias-salidas-2","status":"publish","type":"page","link":"https:\/\/site.educa.madrid.org\/cp.sanjuandelacruz.madrid\/index.php\/actividades-complementarias-salidas-2\/","title":{"rendered":"ACTIVIDADES COMPLEMENTARIAS: SALIDAS CURSO 2023-24"},"content":{"rendered":"\n<p>Durante este curso 2023-24 se realizar\u00e1n las siguientes  salidas y actividades complementarias previa aprobaci\u00f3n del Consejo Escolar.<\/p>\n\n\n\n<div class=\"wp-block-columns has-2-columns is-layout-flex wp-container-core-columns-is-layout-9d6595d7 wp-block-columns-is-layout-flex\">\n<div class=\"wp-block-column is-layout-flow wp-block-column-is-layout-flow\">\n<p class=\"has-large-font-size\">3 a\u00f1os<\/p>\n<\/div>\n\n\n\n<div class=\"wp-block-column is-layout-flow wp-block-column-is-layout-flow\" style=\"flex-basis:500px\">\n<ul class=\"wp-block-list\">\n<li>Teatro \u00abMaleteando\u00bb (colegio)<\/li>\n<\/ul>\n<\/div>\n<\/div>\n\n\n\n<hr class=\"wp-block-separator has-css-opacity is-style-wide\"\/>\n\n\n\n<div class=\"wp-block-columns has-2-columns is-layout-flex wp-container-core-columns-is-layout-9d6595d7 wp-block-columns-is-layout-flex\">\n<div class=\"wp-block-column is-layout-flow wp-block-column-is-layout-flow\">\n<p class=\"has-large-font-size\">4 a\u00f1os<\/p>\n<\/div>\n\n\n\n<div class=\"wp-block-column is-layout-flow wp-block-column-is-layout-flow\" style=\"flex-basis:500px\">\n<ul class=\"wp-block-list\">\n<li>Teatro \u00abMaleteando\u00bb (colegio)<\/li>\n\n\n\n<li>Actividad de Lego<\/li>\n\n\n\n<li>Visita al Zoo<\/li>\n<\/ul>\n<\/div>\n<\/div>\n\n\n\n<hr class=\"wp-block-separator has-css-opacity is-style-wide\"\/>\n\n\n\n<div class=\"wp-block-columns has-2-columns is-layout-flex wp-container-core-columns-is-layout-9d6595d7 wp-block-columns-is-layout-flex\">\n<div class=\"wp-block-column is-layout-flow wp-block-column-is-layout-flow\">\n<p class=\"has-large-font-size\">5 a\u00f1os<\/p>\n<\/div>\n\n\n\n<div class=\"wp-block-column is-layout-flow wp-block-column-is-layout-flow\" style=\"flex-basis:500px\">\n<ul class=\"wp-block-list\">\n<li>Teatro \u00abMaleteando\u00bb (colegio)<\/li>\n\n\n\n<li>Visita a Arqueopinto (prehistoria)<\/li>\n\n\n\n<li>Actividad de Lego<\/li>\n<\/ul>\n<\/div>\n<\/div>\n\n\n\n<hr class=\"wp-block-separator has-css-opacity is-style-wide\"\/>\n\n\n\n<div class=\"wp-block-columns has-2-columns is-layout-flex wp-container-core-columns-is-layout-9d6595d7 wp-block-columns-is-layout-flex\">\n<div class=\"wp-block-column is-layout-flow wp-block-column-is-layout-flow\">\n<p class=\"has-large-font-size\">1\u00ba Primaria<\/p>\n<\/div>\n\n\n\n<div class=\"wp-block-column is-layout-flow wp-block-column-is-layout-flow\" style=\"flex-basis:500px\">\n<ul class=\"wp-block-list\">\n<li>Teatro \u00abMaleteando\u00bb (colegio)<\/li>\n\n\n\n<li>Educaci\u00f3n Vial impartida por Polic\u00eda Municipal (colegio)<\/li>\n\n\n\n<li>Zoo (Madrid, Un libro abierto)<\/li>\n\n\n\n<li>Sesiones de Educaci\u00f3n Emocional (Junta Municipal de Chamart\u00edn)<\/li>\n\n\n\n<li>Talleres Navide\u00f1os de la Junta Municipal<\/li>\n\n\n\n<li>Actividad de Lego<\/li>\n\n\n\n<li>Visita a la Biblioteca D\u00e1maso Alonso<\/li>\n<\/ul>\n<\/div>\n<\/div>\n\n\n\n<hr class=\"wp-block-separator has-css-opacity is-style-wide\"\/>\n\n\n\n<div class=\"wp-block-columns has-2-columns is-layout-flex wp-container-core-columns-is-layout-9d6595d7 wp-block-columns-is-layout-flex\">\n<div class=\"wp-block-column is-layout-flow wp-block-column-is-layout-flow\">\n<p class=\"has-large-font-size\">2\u00ba Primaria<\/p>\n<\/div>\n\n\n\n<div class=\"wp-block-column is-layout-flow wp-block-column-is-layout-flow\" style=\"flex-basis:500px\">\n<ul class=\"wp-block-list\">\n<li>Sesiones de Educaci\u00f3n Emocional (Junta Municipal de Chamart\u00edn)<\/li>\n\n\n\n<li>Musical en CC. Sanchinarro<\/li>\n\n\n\n<li>Talleres Navide\u00f1os de la Junta Municipal<\/li>\n\n\n\n<li>Actividad de Lego<\/li>\n\n\n\n<li>Concierto en la Escuela Municipal Amaniel<\/li>\n\n\n\n<li>Granja-escuela<\/li>\n\n\n\n<li>Visita a la Biblioteca D\u00e1maso Alonso<\/li>\n<\/ul>\n<\/div>\n<\/div>\n\n\n\n<hr class=\"wp-block-separator has-css-opacity is-style-wide\"\/>\n\n\n\n<div class=\"wp-block-columns has-2-columns is-layout-flex wp-container-core-columns-is-layout-9d6595d7 wp-block-columns-is-layout-flex\">\n<div class=\"wp-block-column is-layout-flow wp-block-column-is-layout-flow\">\n<p class=\"has-large-font-size\">3\u00ba Primaria<\/p>\n<\/div>\n\n\n\n<div class=\"wp-block-column is-layout-flow wp-block-column-is-layout-flow\" style=\"flex-basis:500px\">\n<ul class=\"wp-block-list\">\n<li>Educaci\u00f3n Vial impartida por Polic\u00eda Municipal (colegio)<\/li>\n\n\n\n<li>Visita al Retiro (Madrid, Un libro abierto)<\/li>\n\n\n\n<li>Visita al Parque de Bomberos (Madrid, Un libro abierto)<\/li>\n\n\n\n<li>Sesiones de Educaci\u00f3n Emocional (Junta Municipal de Chamart\u00edn)<\/li>\n\n\n\n<li>Talleres Navide\u00f1os de la Junta Municipal<\/li>\n\n\n\n<li>Actividad de Lego<\/li>\n\n\n\n<li>Visita a la Biblioteca D\u00e1maso Alonso<\/li>\n\n\n\n<li>SnowZone (Madrid, Comunidad Ol\u00edmpica)<\/li>\n<\/ul>\n<\/div>\n<\/div>\n\n\n\n<hr class=\"wp-block-separator has-css-opacity is-style-wide\"\/>\n\n\n\n<div class=\"wp-block-columns has-2-columns is-layout-flex wp-container-core-columns-is-layout-9d6595d7 wp-block-columns-is-layout-flex\">\n<div class=\"wp-block-column is-layout-flow wp-block-column-is-layout-flow\">\n<p class=\"has-large-font-size\">4\u00ba Primaria<\/p>\n<\/div>\n\n\n\n<div class=\"wp-block-column is-layout-flow wp-block-column-is-layout-flow\" style=\"flex-basis:500px\">\n<ul class=\"wp-block-list\">\n<li>Visita al Retiro (Madrid, Un libro abierto)<\/li>\n\n\n\n<li>Duatlon y padel ( Organizado por el Ayuntamiento)<\/li>\n\n\n\n<li>Actividad de Lego<\/li>\n\n\n\n<li>Todos ol\u00edmpicos (colegio)<\/li>\n\n\n\n<li>Talleres de Stop-motion (Organizados por la Junta Municipal de Chamart\u00edn)<\/li>\n\n\n\n<li>Visita a Arqueopinto (Roma)<\/li>\n\n\n\n<li>Visita a la Biblioteca D\u00e1maso Alonso<\/li>\n\n\n\n<li>SnowZone (Madrid, Comunidad Ol\u00edmpica)<\/li>\n<\/ul>\n<\/div>\n<\/div>\n\n\n\n<hr class=\"wp-block-separator has-css-opacity is-style-wide\"\/>\n\n\n\n<div class=\"wp-block-columns has-2-columns is-layout-flex wp-container-core-columns-is-layout-9d6595d7 wp-block-columns-is-layout-flex\">\n<div class=\"wp-block-column is-layout-flow wp-block-column-is-layout-flow\">\n<p class=\"has-large-font-size\">5\u00ba Primaria<\/p>\n<\/div>\n\n\n\n<div class=\"wp-block-column is-layout-flow wp-block-column-is-layout-flow\" style=\"flex-basis:500px\">\n<ul class=\"wp-block-list\">\n<li>Educaci\u00f3n Vial impartida por Polic\u00eda Municipal (colegio)<\/li>\n\n\n\n<li>Duatl\u00f3n y p\u00e1del (Organizado por el Ayuntamiento)<\/li>\n\n\n\n<li>Visita al Jard\u00edn Bot\u00e1nico (Madrid, un libro abierto)<\/li>\n\n\n\n<li>Actividad de Lego<\/li>\n\n\n\n<li>Todos ol\u00edmpicos (colegio)<\/li>\n\n\n\n<li>Talleres de Stop-motion (Organizados por la Junta Municipal de Chamart\u00edn)<\/li>\n\n\n\n<li>Visita a la Biblioteca D\u00e1maso Alonso<\/li>\n\n\n\n<li>Olimpiadas Escolares (Ayuntamiento de Madrid)<\/li>\n\n\n\n<li>Charla \u00abFundaci\u00f3n Margarita Salas\u00bb (gratuita)<\/li>\n\n\n\n<li>Charla Uni\u00f3n Europea (gratuita)<\/li>\n<\/ul>\n<\/div>\n<\/div>\n\n\n\n<hr class=\"wp-block-separator has-css-opacity is-style-wide\"\/>\n\n\n\n<div class=\"wp-block-columns has-2-columns is-layout-flex wp-container-core-columns-is-layout-9d6595d7 wp-block-columns-is-layout-flex\">\n<div class=\"wp-block-column is-layout-flow wp-block-column-is-layout-flow\">\n<p class=\"has-large-font-size\">6\u00ba Primaria<\/p>\n<\/div>\n\n\n\n<div class=\"wp-block-column is-layout-flow wp-block-column-is-layout-flow\" style=\"flex-basis:500px\">\n<ul class=\"wp-block-list\">\n<li>Educaci\u00f3n Vial (Parque de Aluche de la Polic\u00eda Municipal)<\/li>\n\n\n\n<li>Duatl\u00f3n y p\u00e1del (Organizado por el Ayuntamiento)<\/li>\n\n\n\n<li>Visita al Jard\u00edn Bot\u00e1nico (Madrid, un libro abierto)<\/li>\n\n\n\n<li>Visita al Instituto Santamarca<\/li>\n\n\n\n<li>Actividad de Lego<\/li>\n\n\n\n<li>Todos ol\u00edmpicos (colegio)<\/li>\n\n\n\n<li>Talleres de Stop-motion (Organizados por la Junta Municipal de Chamart\u00edn)<\/li>\n\n\n\n<li>Olimpiadas Escolares (Ayuntamiento de Madrid)<\/li>\n\n\n\n<li>Charla \u00abFundaci\u00f3n Margarita Salas\u00bb (gratuita)<\/li>\n\n\n\n<li>Charla Uni\u00f3n Europea <\/li>\n\n\n\n<li>(gratuita)<\/li>\n\n\n\n<li><\/li>\n<\/ul>\n<\/div>\n<\/div>\n","protected":false},"excerpt":{"rendered":"<p>Durante este curso 2023-24 se realizar\u00e1n las siguientes salidas y actividades complementarias previa aprobaci\u00f3n del Consejo Escolar. 3 a\u00f1os 4 a\u00f1os 5 a\u00f1os 1\u00ba Primaria 2\u00ba Primaria 3\u00ba Primaria 4\u00ba Primaria 5\u00ba Primaria 6\u00ba Primaria<\/p>\n","protected":false},"author":5,"featured_media":0,"parent":0,"menu_order":0,"comment_status":"closed","ping_status":"closed","template":"","meta":{"footnotes":""},"folder":[],"class_list":["post-4789","page","type-page","status-publish","hentry"],"rttpg_featured_image_url":null,"rttpg_author":{"display_name":"jestudios","author_link":"https:\/\/site.educa.madrid.org\/cp.sanjuandelacruz.madrid\/index.php\/author\/cuenta_jestudios-cp-sanjuandelacruz-madrid\/"},"rttpg_comment":0,"rttpg_category":false,"rttpg_excerpt":"Durante este curso 2023-24 se realizar\u00e1n las siguientes salidas y actividades complementarias previa aprobaci\u00f3n del Consejo Escolar. 3 a\u00f1os 4 a\u00f1os 5 a\u00f1os 1\u00ba Primaria 2\u00ba Primaria 3\u00ba Primaria 4\u00ba Primaria 5\u00ba Primaria 6\u00ba Primaria","post_mailing_queue_ids":[],"_links":{"self":[{"href":"https:\/\/site.educa.madrid.org\/cp.sanjuandelacruz.madrid\/index.php\/wp-json\/wp\/v2\/pages\/4789","targetHints":{"allow":["GET"]}}],"collection":[{"href":"https:\/\/site.educa.madrid.org\/cp.sanjuandelacruz.madrid\/index.php\/wp-json\/wp\/v2\/pages"}],"about":[{"href":"https:\/\/site.educa.madrid.org\/cp.sanjuandelacruz.madrid\/index.php\/wp-json\/wp\/v2\/types\/page"}],"author":[{"embeddable":true,"href":"https:\/\/site.educa.madrid.org\/cp.sanjuandelacruz.madrid\/index.php\/wp-json\/wp\/v2\/users\/5"}],"replies":[{"embeddable":true,"href":"https:\/\/site.educa.madrid.org\/cp.sanjuandelacruz.madrid\/index.php\/wp-json\/wp\/v2\/comments?post=4789"}],"version-history":[{"count":5,"href":"https:\/\/site.educa.madrid.org\/cp.sanjuandelacruz.madrid\/index.php\/wp-json\/wp\/v2\/pages\/4789\/revisions"}],"predecessor-version":[{"id":5088,"href":"https:\/\/site.educa.madrid.org\/cp.sanjuandelacruz.madrid\/index.php\/wp-json\/wp\/v2\/pages\/4789\/revisions\/5088"}],"wp:attachment":[{"href":"https:\/\/site.educa.madrid.org\/cp.sanjuandelacruz.madrid\/index.php\/wp-json\/wp\/v2\/media?parent=4789"}],"wp:term":[{"taxonomy":"folder","embeddable":true,"href":"https:\/\/site.educa.madrid.org\/cp.sanjuandelacruz.madrid\/index.php\/wp-json\/wp\/v2\/folder?post=4789"}],"curies":[{"name":"wp","href":"https:\/\/api.w.org\/{rel}","templated":true}]}}