{"id":4950,"date":"2024-01-28T20:30:26","date_gmt":"2024-01-28T19:30:26","guid":{"rendered":"https:\/\/site.educa.madrid.org\/cp.sanjuandelacruz.madrid\/?page_id=4950"},"modified":"2025-10-16T10:57:24","modified_gmt":"2025-10-16T08:57:24","slug":"informacion-a-las-familias","status":"publish","type":"page","link":"https:\/\/site.educa.madrid.org\/cp.sanjuandelacruz.madrid\/index.php\/informacion-a-las-familias\/","title":{"rendered":"INFORMACI\u00d3N A LAS FAMILIAS"},"content":{"rendered":"\n<p class=\"has-text-align-center has-white-color has-blush-bordeaux-gradient-background has-text-color has-background\" style=\"font-size:21px\"><strong>DIRECCIONES \u00daTILES DEL CENTRO<\/strong><\/p>\n\n\n\n<p class=\"has-vivid-red-color has-text-color has-medium-font-size\">C\u00d3DIGO DEL CENTRO: 28006354<\/p>\n\n\n\n<p class=\"has-vivid-red-color has-text-color\">DIRECCI\u00d3N: <\/p>\n\n\n\n<p>&nbsp;&nbsp; Calle Honduras, 10&nbsp;<br>&nbsp;&nbsp;&nbsp;&nbsp; 28016 \u2013 Madrid<\/p>\n\n\n\n<p class=\"has-vivid-red-color has-text-color\">Tel\u00e9fono: 91 345 30 44<\/p>\n\n\n\n<p class=\"has-vivid-red-color has-text-color\">CORREOS:<\/p>\n\n\n\n<p><\/p>\n\n\n\n<figure class=\"wp-block-table\"><table><tbody><tr><td>DIRECCI\u00d3N<\/td><td><a href=\"mailto:cp.sanjuandelacruz.madrid@educa.madrid.org\" target=\"_blank\" rel=\"noreferrer noopener\">cp.sanjuandelacruz.madrid@educa.madrid.org<\/a><\/td><\/tr><tr><td>JEFATURA<\/td><td><a href=\"mailto:jestudios.cp.sanjuandelacruz.madrid@educa.madrid.org\" data-type=\"mailto\" data-id=\"mailto:jestudios.cp.sanjuandelacruz.madrid@educa.madrid.org\" target=\"_blank\" rel=\"noreferrer noopener\">jestudios.cp.sanjuandelacruz.madrid@educa.madrid.org<\/a><\/td><\/tr><tr><td>SECRETARIA<\/td><td><a href=\"mailto:secretaria.cp.sanjuandelacruz.madrid@educa.madrid.org\">secretaria.cp.sanjuandelacruz.madrid@educa.madrid.org<\/a><\/td><\/tr><\/tbody><\/table><\/figure>\n\n\n\n<p><\/p>\n\n\n\n<p class=\"has-text-align-center has-white-color has-blush-bordeaux-gradient-background has-text-color has-background\" style=\"font-size:21px\"><strong>OFERTA EDUCATIVA<\/strong><\/p>\n\n\n\n<p>El CEIP San Juan de la Cruz es un centro de educaci\u00f3n biling\u00fce infantil y primaria, escolarizando alumnos de los tres cursos del segundo ciclo de educaci\u00f3n infantil ( 3-6 a\u00f1os) y los seis cursos de la etapa educaci\u00f3n primaria (6-12 a\u00f1os). <\/p>\n\n\n\n<p>El horario lectivo se reparte en una jornada de ma\u00f1ana de 9:00 a 12:30 y otra de tarde 14:30 a 16:00.<\/p>\n\n\n\n<p class=\"has-text-align-center has-white-color has-blush-bordeaux-gradient-background has-text-color has-background\" style=\"font-size:21px\"><strong>PROYECTO EDUCATIV<\/strong>0<\/p>\n\n\n\n<p>El Colegio P\u00fablico San Juan de la Cruz es una comunidad de aprendizaje cuyo objetivo fundamental es la educaci\u00f3n integral de sus alumnos y alumnas, empleando los recursos que la sociedad actual ofrece y requiere y apostando por el trato personalizado y la atenci\u00f3n directa en el proceso de aprendizaje y de formaci\u00f3n. Este es nuestro proyecto educativo<\/p>\n\n\n\n<div class=\"wp-block-file\"><a id=\"wp-block-file--media-6bc91d24-b422-45e0-a011-d9cc11477a62\" href=\"https:\/\/site.educa.madrid.org\/cp.sanjuandelacruz.madrid\/\/wp-content\/uploads\/cp.sanjuandelacruz.madrid\/2025\/01\/PROYECTO-EDUCATIVO-DE-CENTRO-2024-25-1.pdf\">PROYECTO-EDUCATIVO-DE-CENTRO-2024-25-1<\/a><a href=\"https:\/\/site.educa.madrid.org\/cp.sanjuandelacruz.madrid\/\/wp-content\/uploads\/cp.sanjuandelacruz.madrid\/2025\/01\/PROYECTO-EDUCATIVO-DE-CENTRO-2024-25-1.pdf\" class=\"wp-block-file__button wp-element-button\" download aria-describedby=\"wp-block-file--media-6bc91d24-b422-45e0-a011-d9cc11477a62\">Descarga<\/a><\/div>\n\n\n\n<p class=\"has-text-align-center has-white-color has-blush-bordeaux-gradient-background has-text-color has-background\" style=\"font-size:21px\"><strong>PROGRAMAS Y PROYECTOS DE CENTRO<\/strong><\/p>\n\n\n\n<figure class=\"wp-block-embed is-type-wp-embed is-provider-san-juan-de-la-cruz wp-block-embed-san-juan-de-la-cruz\"><div class=\"wp-block-embed__wrapper\">\n<blockquote class=\"wp-embedded-content\" data-secret=\"Z5dWZD8Cyn\"><a href=\"https:\/\/site.educa.madrid.org\/cp.sanjuandelacruz.madrid\/index.php\/programa-bilingue\/\">PROGRAMA BILING\u00dcE<\/a><\/blockquote><iframe loading=\"lazy\" class=\"wp-embedded-content\" sandbox=\"allow-scripts\" security=\"restricted\" style=\"position: absolute; visibility: hidden;\" title=\"\u00abPROGRAMA BILING\u00dcE\u00bb \u2014 SAN JUAN DE LA CRUZ\" src=\"https:\/\/site.educa.madrid.org\/cp.sanjuandelacruz.madrid\/index.php\/programa-bilingue\/embed\/#?secret=Xqmg5R8kZh#?secret=Z5dWZD8Cyn\" data-secret=\"Z5dWZD8Cyn\" width=\"600\" height=\"338\" frameborder=\"0\" marginwidth=\"0\" marginheight=\"0\" scrolling=\"no\"><\/iframe>\n<\/div><\/figure>\n\n\n\n<figure class=\"wp-block-embed is-type-wp-embed is-provider-san-juan-de-la-cruz wp-block-embed-san-juan-de-la-cruz\"><div class=\"wp-block-embed__wrapper\">\n<blockquote class=\"wp-embedded-content\" data-secret=\"uVyfGokiOC\"><a href=\"https:\/\/site.educa.madrid.org\/cp.sanjuandelacruz.madrid\/index.php\/proyecto-de-mediacion-y-convivencia\/\">PROYECTO DE MEDIACI\u00d3N Y CONVIVENCIA<\/a><\/blockquote><iframe loading=\"lazy\" class=\"wp-embedded-content\" sandbox=\"allow-scripts\" security=\"restricted\" style=\"position: absolute; visibility: hidden;\" title=\"\u00abPROYECTO DE MEDIACI\u00d3N Y CONVIVENCIA\u00bb \u2014 SAN JUAN DE LA CRUZ\" src=\"https:\/\/site.educa.madrid.org\/cp.sanjuandelacruz.madrid\/index.php\/proyecto-de-mediacion-y-convivencia\/embed\/#?secret=NhkgFH9j69#?secret=uVyfGokiOC\" data-secret=\"uVyfGokiOC\" width=\"600\" height=\"338\" frameborder=\"0\" marginwidth=\"0\" marginheight=\"0\" scrolling=\"no\"><\/iframe>\n<\/div><\/figure>\n\n\n\n<figure class=\"wp-block-embed is-type-wp-embed is-provider-san-juan-de-la-cruz wp-block-embed-san-juan-de-la-cruz\"><div class=\"wp-block-embed__wrapper\">\n<blockquote class=\"wp-embedded-content\" data-secret=\"LIN6whPwGv\"><a href=\"https:\/\/site.educa.madrid.org\/cp.sanjuandelacruz.madrid\/index.php\/plan-de-fomento-a-la-lectura\/\">PLAN DE FOMENTO A LA LECTURA<\/a><\/blockquote><iframe loading=\"lazy\" class=\"wp-embedded-content\" sandbox=\"allow-scripts\" security=\"restricted\" style=\"position: absolute; visibility: hidden;\" title=\"\u00abPLAN DE FOMENTO A LA LECTURA\u00bb \u2014 SAN JUAN DE LA CRUZ\" src=\"https:\/\/site.educa.madrid.org\/cp.sanjuandelacruz.madrid\/index.php\/plan-de-fomento-a-la-lectura\/embed\/#?secret=PILDtrgFzC#?secret=LIN6whPwGv\" data-secret=\"LIN6whPwGv\" width=\"600\" height=\"338\" frameborder=\"0\" marginwidth=\"0\" marginheight=\"0\" scrolling=\"no\"><\/iframe>\n<\/div><\/figure>\n\n\n\n<figure class=\"wp-block-embed is-type-wp-embed is-provider-san-juan-de-la-cruz wp-block-embed-san-juan-de-la-cruz\"><div class=\"wp-block-embed__wrapper\">\n<blockquote class=\"wp-embedded-content\" data-secret=\"GAvGE6JcOJ\"><a href=\"https:\/\/site.educa.madrid.org\/cp.sanjuandelacruz.madrid\/index.php\/proyecto-huerto\/\">PROYECTO HUERTO<\/a><\/blockquote><iframe loading=\"lazy\" class=\"wp-embedded-content\" sandbox=\"allow-scripts\" security=\"restricted\" style=\"position: absolute; visibility: hidden;\" title=\"\u00abPROYECTO HUERTO\u00bb \u2014 SAN JUAN DE LA CRUZ\" src=\"https:\/\/site.educa.madrid.org\/cp.sanjuandelacruz.madrid\/index.php\/proyecto-huerto\/embed\/#?secret=BJhb5XqnBz#?secret=GAvGE6JcOJ\" data-secret=\"GAvGE6JcOJ\" width=\"600\" height=\"338\" frameborder=\"0\" marginwidth=\"0\" marginheight=\"0\" scrolling=\"no\"><\/iframe>\n<\/div><\/figure>\n\n\n\n<figure class=\"wp-block-embed is-type-wp-embed is-provider-san-juan-de-la-cruz wp-block-embed-san-juan-de-la-cruz\"><div class=\"wp-block-embed__wrapper\">\n<blockquote class=\"wp-embedded-content\" data-secret=\"Y0uWQccASP\"><a href=\"https:\/\/site.educa.madrid.org\/cp.sanjuandelacruz.madrid\/index.php\/proyecto-de-radio\/\">PROYECTO DE RADIO<\/a><\/blockquote><iframe loading=\"lazy\" class=\"wp-embedded-content\" sandbox=\"allow-scripts\" security=\"restricted\" style=\"position: absolute; visibility: hidden;\" title=\"\u00abPROYECTO DE RADIO\u00bb \u2014 SAN JUAN DE LA CRUZ\" src=\"https:\/\/site.educa.madrid.org\/cp.sanjuandelacruz.madrid\/index.php\/proyecto-de-radio\/embed\/#?secret=N9BpR46nt1#?secret=Y0uWQccASP\" data-secret=\"Y0uWQccASP\" width=\"600\" height=\"338\" frameborder=\"0\" marginwidth=\"0\" marginheight=\"0\" scrolling=\"no\"><\/iframe>\n<\/div><\/figure>\n\n\n\n<p class=\"has-text-align-center has-white-color has-blush-bordeaux-gradient-background has-text-color has-background\" style=\"font-size:21px\"><strong>NORMAS DE ORGANIZACI\u00d3N, FUNCIONAMIENTO Y PLAN DE CONVIVENCIA<\/strong><\/p>\n\n\n\n<p>En este documento se recogen las Normas de organizaci\u00f3n y funcionamiento de nuestro centro, as\u00ed como el Plan de convivencia del mismo<\/p>\n\n\n\n<div class=\"wp-block-file\"><a id=\"wp-block-file--media-886c3608-b391-401d-9b2d-cf0756dc3eaa\" href=\"https:\/\/site.educa.madrid.org\/cp.sanjuandelacruz.madrid\/\/wp-content\/uploads\/cp.sanjuandelacruz.madrid\/2023\/11\/PLANDECONVIVENCIA_2023-24.pdf\">PLAN+DE+CONVIVENCIA_2024-2025<\/a><a href=\"https:\/\/site.educa.madrid.org\/cp.sanjuandelacruz.madrid\/\/wp-content\/uploads\/cp.sanjuandelacruz.madrid\/2023\/11\/PLANDECONVIVENCIA_2023-24.pdf\" class=\"wp-block-file__button wp-element-button\" download aria-describedby=\"wp-block-file--media-886c3608-b391-401d-9b2d-cf0756dc3eaa\">Descarga<\/a><\/div>\n\n\n\n<p class=\"has-text-align-center has-white-color has-blush-bordeaux-gradient-background has-text-color has-background\" style=\"font-size:21px\"><strong>SERVICIOS COMPLEMENTARIOS DEL CENTRO<\/strong><\/p>\n\n\n\n<figure class=\"wp-block-embed is-type-wp-embed is-provider-san-juan-de-la-cruz wp-block-embed-san-juan-de-la-cruz\"><div class=\"wp-block-embed__wrapper\">\n<blockquote class=\"wp-embedded-content\" data-secret=\"cy7oVMlmit\"><a href=\"https:\/\/site.educa.madrid.org\/cp.sanjuandelacruz.madrid\/index.php\/servicio-de-comedor\/\">SERVICIO DE COMEDOR<\/a><\/blockquote><iframe loading=\"lazy\" class=\"wp-embedded-content\" sandbox=\"allow-scripts\" security=\"restricted\" style=\"position: absolute; visibility: hidden;\" title=\"\u00abSERVICIO DE COMEDOR\u00bb \u2014 SAN JUAN DE LA CRUZ\" src=\"https:\/\/site.educa.madrid.org\/cp.sanjuandelacruz.madrid\/index.php\/servicio-de-comedor\/embed\/#?secret=YIzyWqpQXW#?secret=cy7oVMlmit\" data-secret=\"cy7oVMlmit\" width=\"600\" height=\"338\" frameborder=\"0\" marginwidth=\"0\" marginheight=\"0\" scrolling=\"no\"><\/iframe>\n<\/div><\/figure>\n\n\n\n<figure class=\"wp-block-embed is-type-wp-embed is-provider-san-juan-de-la-cruz wp-block-embed-san-juan-de-la-cruz\"><div class=\"wp-block-embed__wrapper\">\n<blockquote class=\"wp-embedded-content\" data-secret=\"rkTz4LrAka\"><a href=\"https:\/\/site.educa.madrid.org\/cp.sanjuandelacruz.madrid\/index.php\/actividades-extraescolares\/\">ACTIVIDADES EXTRAESCOLARES<\/a><\/blockquote><iframe loading=\"lazy\" class=\"wp-embedded-content\" sandbox=\"allow-scripts\" security=\"restricted\" style=\"position: absolute; visibility: hidden;\" title=\"\u00abACTIVIDADES EXTRAESCOLARES\u00bb \u2014 SAN JUAN DE LA CRUZ\" src=\"https:\/\/site.educa.madrid.org\/cp.sanjuandelacruz.madrid\/index.php\/actividades-extraescolares\/embed\/#?secret=pukWBJvsSs#?secret=rkTz4LrAka\" data-secret=\"rkTz4LrAka\" width=\"600\" height=\"338\" frameborder=\"0\" marginwidth=\"0\" marginheight=\"0\" scrolling=\"no\"><\/iframe>\n<\/div><\/figure>\n\n\n\n<p class=\"has-text-align-center has-white-color has-blush-bordeaux-gradient-background has-text-color has-background\" style=\"font-size:21px\"><strong>ACTIVIDADES COMPLEMENTARIAS: SALIDAS<\/strong><\/p>\n\n\n\n<figure class=\"wp-block-embed is-type-wp-embed is-provider-san-juan-de-la-cruz wp-block-embed-san-juan-de-la-cruz\"><div class=\"wp-block-embed__wrapper\">\n<blockquote class=\"wp-embedded-content\" data-secret=\"7TXClBNWx9\"><a href=\"https:\/\/site.educa.madrid.org\/cp.sanjuandelacruz.madrid\/index.php\/actividades-complementarias\/\">ACTIVIDADES COMPLEMENTARIAS: SALIDAS<\/a><\/blockquote><iframe loading=\"lazy\" class=\"wp-embedded-content\" sandbox=\"allow-scripts\" security=\"restricted\" style=\"position: absolute; visibility: hidden;\" title=\"\u00abACTIVIDADES COMPLEMENTARIAS: SALIDAS\u00bb \u2014 SAN JUAN DE LA CRUZ\" src=\"https:\/\/site.educa.madrid.org\/cp.sanjuandelacruz.madrid\/index.php\/actividades-complementarias\/embed\/#?secret=fshtU0cQpO#?secret=7TXClBNWx9\" data-secret=\"7TXClBNWx9\" width=\"600\" height=\"338\" frameborder=\"0\" marginwidth=\"0\" marginheight=\"0\" scrolling=\"no\"><\/iframe>\n<\/div><\/figure>\n\n\n\n<p class=\"has-text-align-center has-white-color has-blush-bordeaux-gradient-background has-text-color has-background\" style=\"font-size:21px\"><strong>ACTIVIDADES COMPLEMENTARIAS DE CENTRO<\/strong><\/p>\n\n\n\n<p><a href=\"https:\/\/site.educa.madrid.org\/cp.sanjuandelacruz.madrid\/index.php\/actividades-complementarias-salidas\/\">CELEBRACIONES CURSO 2022-23<\/a><\/p>\n\n\n\n<p><a href=\"https:\/\/site.educa.madrid.org\/cp.sanjuandelacruz.madrid\/index.php\/actividades-complementarias-celebraciones-curso-2023-24\/\">CELEBRACIONES CURSO 2023-24<\/a><\/p>\n\n\n\n<p><a href=\"https:\/\/site.educa.madrid.org\/cp.sanjuandelacruz.madrid\/index.php\/actividades-complementarias-celebraciones-curso-2023-24-2\/\">CELEBRACIONES CURSO 2024-25<\/a><\/p>\n\n\n\n<p><\/p>\n\n\n\n<p class=\"has-text-align-center has-white-color has-blush-bordeaux-gradient-background has-text-color has-background\" style=\"font-size:21px\">RESULTADOS EN LAS PRUEBAS EXTERNAS<\/p>\n\n\n\n<div class=\"wp-block-file\"><a id=\"wp-block-file--media-9b4f9549-b2b6-4ffe-a229-8f9e5fd1bfd7\" href=\"https:\/\/site.educa.madrid.org\/cp.sanjuandelacruz.madrid\/\/wp-content\/uploads\/cp.sanjuandelacruz.madrid\/2025\/10\/RESULTADO-DEL-CENTRO-EN-LAS-PRUEBAS-EXTERNAS-1.pdf\">RESULTADO-DEL-CENTRO-EN-LAS-PRUEBAS-EXTERNAS<\/a><a href=\"https:\/\/site.educa.madrid.org\/cp.sanjuandelacruz.madrid\/\/wp-content\/uploads\/cp.sanjuandelacruz.madrid\/2025\/10\/RESULTADO-DEL-CENTRO-EN-LAS-PRUEBAS-EXTERNAS-1.pdf\" class=\"wp-block-file__button wp-element-button\" download aria-describedby=\"wp-block-file--media-9b4f9549-b2b6-4ffe-a229-8f9e5fd1bfd7\">Descarga<\/a><\/div>\n\n\n\n<div class=\"wp-block-file\"><a id=\"wp-block-file--media-5193ee5b-4e73-4b45-b133-05fdeb070106\" href=\"https:\/\/site.educa.madrid.org\/cp.sanjuandelacruz.madrid\/\/wp-content\/uploads\/cp.sanjuandelacruz.madrid\/2025\/10\/RESULTADO-DEL-CENTRO-EN-LAS-PRUEBAS-EXTERNAS-INGLES.pdf\">RESULTADO-DEL-CENTRO-EN-LAS-PRUEBAS-EXTERNAS-INGLES<\/a><a href=\"https:\/\/site.educa.madrid.org\/cp.sanjuandelacruz.madrid\/\/wp-content\/uploads\/cp.sanjuandelacruz.madrid\/2025\/10\/RESULTADO-DEL-CENTRO-EN-LAS-PRUEBAS-EXTERNAS-INGLES.pdf\" class=\"wp-block-file__button wp-element-button\" download aria-describedby=\"wp-block-file--media-5193ee5b-4e73-4b45-b133-05fdeb070106\">Descarga<\/a><\/div>\n","protected":false},"excerpt":{"rendered":"<p>DIRECCIONES \u00daTILES DEL CENTRO C\u00d3DIGO DEL CENTRO: 28006354 DIRECCI\u00d3N: &nbsp;&nbsp; Calle Honduras, 10&nbsp;&nbsp;&nbsp;&nbsp;&nbsp; 28016 \u2013 Madrid Tel\u00e9fono: 91 345 30 44 CORREOS: DIRECCI\u00d3N cp.sanjuandelacruz.madrid@educa.madrid.org JEFATURA jestudios.cp.sanjuandelacruz.madrid@educa.madrid.org SECRETARIA secretaria.cp.sanjuandelacruz.madrid@educa.madrid.org OFERTA EDUCATIVA El CEIP San Juan de la Cruz es un centro de educaci\u00f3n biling\u00fce infantil y primaria, escolarizando alumnos de los tres cursos del segundo ciclo<\/p><\/div>\n<div class=\"blog-btn\"><a href=\"https:\/\/site.educa.madrid.org\/cp.sanjuandelacruz.madrid\/index.php\/informacion-a-las-familias\/\" class=\"home-blog-btn\">Leer m\u00e1s<\/a><\/p>\n","protected":false},"author":5,"featured_media":0,"parent":0,"menu_order":0,"comment_status":"closed","ping_status":"closed","template":"","meta":{"footnotes":""},"folder":[],"class_list":["post-4950","page","type-page","status-publish","hentry"],"rttpg_featured_image_url":null,"rttpg_author":{"display_name":"jestudios","author_link":"https:\/\/site.educa.madrid.org\/cp.sanjuandelacruz.madrid\/index.php\/author\/cuenta_jestudios-cp-sanjuandelacruz-madrid\/"},"rttpg_comment":0,"rttpg_category":false,"rttpg_excerpt":"DIRECCIONES \u00daTILES DEL CENTRO C\u00d3DIGO DEL CENTRO: 28006354 DIRECCI\u00d3N: &nbsp;&nbsp; Calle Honduras, 10&nbsp;&nbsp;&nbsp;&nbsp;&nbsp; 28016 \u2013 Madrid Tel\u00e9fono: 91 345 30 44 CORREOS: DIRECCI\u00d3N cp.sanjuandelacruz.madrid@educa.madrid.org JEFATURA jestudios.cp.sanjuandelacruz.madrid@educa.madrid.org SECRETARIA secretaria.cp.sanjuandelacruz.madrid@educa.madrid.org OFERTA EDUCATIVA El CEIP San Juan de la Cruz es un centro de educaci\u00f3n biling\u00fce infantil y primaria, escolarizando alumnos de los tres cursos del segundo cicloLeer&hellip;","post_mailing_queue_ids":[],"_links":{"self":[{"href":"https:\/\/site.educa.madrid.org\/cp.sanjuandelacruz.madrid\/index.php\/wp-json\/wp\/v2\/pages\/4950","targetHints":{"allow":["GET"]}}],"collection":[{"href":"https:\/\/site.educa.madrid.org\/cp.sanjuandelacruz.madrid\/index.php\/wp-json\/wp\/v2\/pages"}],"about":[{"href":"https:\/\/site.educa.madrid.org\/cp.sanjuandelacruz.madrid\/index.php\/wp-json\/wp\/v2\/types\/page"}],"author":[{"embeddable":true,"href":"https:\/\/site.educa.madrid.org\/cp.sanjuandelacruz.madrid\/index.php\/wp-json\/wp\/v2\/users\/5"}],"replies":[{"embeddable":true,"href":"https:\/\/site.educa.madrid.org\/cp.sanjuandelacruz.madrid\/index.php\/wp-json\/wp\/v2\/comments?post=4950"}],"version-history":[{"count":11,"href":"https:\/\/site.educa.madrid.org\/cp.sanjuandelacruz.madrid\/index.php\/wp-json\/wp\/v2\/pages\/4950\/revisions"}],"predecessor-version":[{"id":6003,"href":"https:\/\/site.educa.madrid.org\/cp.sanjuandelacruz.madrid\/index.php\/wp-json\/wp\/v2\/pages\/4950\/revisions\/6003"}],"wp:attachment":[{"href":"https:\/\/site.educa.madrid.org\/cp.sanjuandelacruz.madrid\/index.php\/wp-json\/wp\/v2\/media?parent=4950"}],"wp:term":[{"taxonomy":"folder","embeddable":true,"href":"https:\/\/site.educa.madrid.org\/cp.sanjuandelacruz.madrid\/index.php\/wp-json\/wp\/v2\/folder?post=4950"}],"curies":[{"name":"wp","href":"https:\/\/api.w.org\/{rel}","templated":true}]}}