{"id":521,"date":"2019-08-10T09:39:22","date_gmt":"2019-08-10T09:39:22","guid":{"rendered":"https:\/\/site.educa.madrid.org\/cp.sanjuandelacruz.madrid\/?page_id=521"},"modified":"2019-08-14T09:55:42","modified_gmt":"2019-08-14T09:55:42","slug":"nuestra-historia","status":"publish","type":"page","link":"https:\/\/site.educa.madrid.org\/cp.sanjuandelacruz.madrid\/index.php\/nuestra-historia\/","title":{"rendered":"NUESTRA HISTORIA"},"content":{"rendered":"\n<p>\n\nEl Colegio P\u00fablico San Juan de la Cruz es una comunidad de aprendizaje cuyo objetivo fundamental es la educaci\u00f3n integral de sus alumnos y alumnas, empleando los recursos que la sociedad actual ofrece y requiere y apostando por el trato personalizado y la atenci\u00f3n directa en el proceso de aprendizaje y de formaci\u00f3n.\n\n<\/p>\n\n\n\n<div class=\"wp-block-columns has-2-columns is-layout-flex wp-container-core-columns-is-layout-9d6595d7 wp-block-columns-is-layout-flex\">\n<div class=\"wp-block-column is-layout-flow wp-block-column-is-layout-flow\">\n<figure class=\"wp-block-image is-resized\"><img loading=\"lazy\" decoding=\"async\" src=\"https:\/\/site.educa.madrid.org\/cp.sanjuandelacruz.madrid\/\/wp-content\/uploads\/cp.sanjuandelacruz.madrid\/2019\/07\/logotipo_colegio-e1565370838677.png\" alt=\"Logotipo del colegio\" class=\"wp-image-94\" width=\"261\" height=\"191\"\/><\/figure>\n<\/div>\n\n\n\n<div class=\"wp-block-column is-layout-flow wp-block-column-is-layout-flow\">\n<p>\n\nEl edificio de nuestro colegio fue construido en el a\u00f1o 1934 en terrenos que pertenec\u00edan entonces al Municipio Logotipo del colegio de Chamart\u00edn de la Rosa (de ah\u00ed los s\u00edmbolos de nuestro escudo) pasando a formar parte del Ayuntamiento de Madrid el 29 de Noviembre de 1945, fecha en el que este pueblo se anexion\u00f3 a la capital.\n\n<\/p>\n<\/div>\n<\/div>\n\n\n\n<p> Durante el curso 2003-2004 el edificio fue remodelado y en el primer trimestre el Centro se traslad\u00f3 \u00edntegramente a las instalaciones del Colegio Joaqu\u00edn Turina, en Chamart\u00edn. De esta reforma destacan la construcci\u00f3n de un gimnasio, un ascensor, la remodelaci\u00f3n del comedor y la cocina, los accesos sin barreras arquitect\u00f3nicas y muchas obras m\u00e1s.<\/p>\n\n\n\n<p>En el curso 2005-2006, nuestro centro inici\u00f3 su andadura como Colegio biling\u00fce en ingl\u00e9s. Durante este periodo, en nuestras aulas han resonado con la lengua de Shakespeare las voces de nuestros alumnos y alumnas, de los profesores y de los auxiliares de conversaci\u00f3n que, desde otros pa\u00edses, han venido a apoyar en esta labor educativa.<\/p>\n\n\n\n<ul class=\"wp-block-gallery columns-3 is-cropped wp-block-gallery-1 is-layout-flex wp-block-gallery-is-layout-flex\"><li class=\"blocks-gallery-item\"><figure><img loading=\"lazy\" decoding=\"async\" width=\"1024\" height=\"1020\" src=\"https:\/\/site.educa.madrid.org\/cp.sanjuandelacruz.madrid\/\/wp-content\/uploads\/cp.sanjuandelacruz.madrid\/2019\/08\/biblioteca-1024x1020.jpg\" alt=\"\" data-id=\"531\" data-link=\"https:\/\/site.educa.madrid.org\/cp.sanjuandelacruz.madrid\/?attachment_id=531\" class=\"wp-image-531\" srcset=\"https:\/\/site.educa.madrid.org\/cp.sanjuandelacruz.madrid\/\/wp-content\/uploads\/cp.sanjuandelacruz.madrid\/2019\/08\/biblioteca-1024x1020.jpg 1024w, https:\/\/site.educa.madrid.org\/cp.sanjuandelacruz.madrid\/\/wp-content\/uploads\/cp.sanjuandelacruz.madrid\/2019\/08\/biblioteca-150x150.jpg 150w, https:\/\/site.educa.madrid.org\/cp.sanjuandelacruz.madrid\/\/wp-content\/uploads\/cp.sanjuandelacruz.madrid\/2019\/08\/biblioteca-300x300.jpg 300w, https:\/\/site.educa.madrid.org\/cp.sanjuandelacruz.madrid\/\/wp-content\/uploads\/cp.sanjuandelacruz.madrid\/2019\/08\/biblioteca-768x765.jpg 768w\" sizes=\"auto, (max-width: 1024px) 100vw, 1024px\" \/><figcaption>BIBLIOTECA<\/figcaption><\/figure><\/li><li class=\"blocks-gallery-item\"><figure><img loading=\"lazy\" decoding=\"async\" width=\"1024\" height=\"1011\" src=\"https:\/\/site.educa.madrid.org\/cp.sanjuandelacruz.madrid\/\/wp-content\/uploads\/cp.sanjuandelacruz.madrid\/2019\/08\/colegio_entrada-1024x1011.jpg\" alt=\"\" data-id=\"532\" data-link=\"https:\/\/site.educa.madrid.org\/cp.sanjuandelacruz.madrid\/?attachment_id=532\" class=\"wp-image-532\" srcset=\"https:\/\/site.educa.madrid.org\/cp.sanjuandelacruz.madrid\/\/wp-content\/uploads\/cp.sanjuandelacruz.madrid\/2019\/08\/colegio_entrada-1024x1011.jpg 1024w, https:\/\/site.educa.madrid.org\/cp.sanjuandelacruz.madrid\/\/wp-content\/uploads\/cp.sanjuandelacruz.madrid\/2019\/08\/colegio_entrada-300x296.jpg 300w, https:\/\/site.educa.madrid.org\/cp.sanjuandelacruz.madrid\/\/wp-content\/uploads\/cp.sanjuandelacruz.madrid\/2019\/08\/colegio_entrada-768x758.jpg 768w\" sizes=\"auto, (max-width: 1024px) 100vw, 1024px\" \/><figcaption>PORCHE DE ENTRADA<\/figcaption><\/figure><\/li><li class=\"blocks-gallery-item\"><figure><img loading=\"lazy\" decoding=\"async\" width=\"1024\" height=\"1013\" src=\"https:\/\/site.educa.madrid.org\/cp.sanjuandelacruz.madrid\/\/wp-content\/uploads\/cp.sanjuandelacruz.madrid\/2019\/08\/comedor2-1024x1013.jpg\" alt=\"\" data-id=\"533\" data-link=\"https:\/\/site.educa.madrid.org\/cp.sanjuandelacruz.madrid\/?attachment_id=533\" class=\"wp-image-533\" srcset=\"https:\/\/site.educa.madrid.org\/cp.sanjuandelacruz.madrid\/\/wp-content\/uploads\/cp.sanjuandelacruz.madrid\/2019\/08\/comedor2-1024x1013.jpg 1024w, https:\/\/site.educa.madrid.org\/cp.sanjuandelacruz.madrid\/\/wp-content\/uploads\/cp.sanjuandelacruz.madrid\/2019\/08\/comedor2-300x297.jpg 300w, https:\/\/site.educa.madrid.org\/cp.sanjuandelacruz.madrid\/\/wp-content\/uploads\/cp.sanjuandelacruz.madrid\/2019\/08\/comedor2-768x760.jpg 768w\" sizes=\"auto, (max-width: 1024px) 100vw, 1024px\" \/><figcaption>COMEDOR<\/figcaption><\/figure><\/li><\/ul>\n\n\n\n<p>Al final del curso 2008-09 se inici\u00f3 una nueva remodelaci\u00f3n, especialmente para construir un nuevo gimnasio en la primera planta y zonas cubiertas en el patio, mejorando tambi\u00e9n la situaci\u00f3n y el espacio de la biblioteca y del aula de m\u00fasica y creando nuevos espacios que han facilitado la comodidad y el aprendizaje de nuestros ni\u00f1os y ni\u00f1as en nuestro colegio.<\/p>\n\n\n\n<p>Sin embargo, y sin dejar de sentirnos orgullosos de la historia que albergan sus muros y de la cantidad de alumnos, maestros y padres que han pisado sus pasillos, nuestro Colegio no ha perdido el tren de los tiempos modernos, de la era de la informaci\u00f3n, de los nuevos recursos inform\u00e1ticos y audiovisuales, sin olvidar nunca los valores educativos y los niveles de ense\u00f1anza que posibilitar\u00e1n a nuestros alumnos una integraci\u00f3n social eficaz y exitosa.<\/p>\n","protected":false},"excerpt":{"rendered":"<p>El Colegio P\u00fablico San Juan de la Cruz es una comunidad de aprendizaje cuyo objetivo fundamental es la educaci\u00f3n integral de sus alumnos y alumnas, empleando los recursos que la sociedad actual ofrece y requiere y apostando por el trato personalizado y la atenci\u00f3n directa en el proceso de aprendizaje y de formaci\u00f3n. El edificio<\/p><\/div>\n<div class=\"blog-btn\"><a href=\"https:\/\/site.educa.madrid.org\/cp.sanjuandelacruz.madrid\/index.php\/nuestra-historia\/\" class=\"home-blog-btn\">Leer m\u00e1s<\/a><\/p>\n","protected":false},"author":2,"featured_media":0,"parent":0,"menu_order":0,"comment_status":"closed","ping_status":"closed","template":"","meta":{"footnotes":""},"folder":[],"class_list":["post-521","page","type-page","status-publish","hentry"],"rttpg_featured_image_url":null,"rttpg_author":{"display_name":"Cuenta TIC","author_link":"https:\/\/site.educa.madrid.org\/cp.sanjuandelacruz.madrid\/index.php\/author\/cuenta_tic-cp-sanjuandelacruz-madrid\/"},"rttpg_comment":0,"rttpg_category":false,"rttpg_excerpt":"El Colegio P\u00fablico San Juan de la Cruz es una comunidad de aprendizaje cuyo objetivo fundamental es la educaci\u00f3n integral de sus alumnos y alumnas, empleando los recursos que la sociedad actual ofrece y requiere y apostando por el trato personalizado y la atenci\u00f3n directa en el proceso de aprendizaje y de formaci\u00f3n. El edificioLeer&hellip;","post_mailing_queue_ids":[],"_links":{"self":[{"href":"https:\/\/site.educa.madrid.org\/cp.sanjuandelacruz.madrid\/index.php\/wp-json\/wp\/v2\/pages\/521","targetHints":{"allow":["GET"]}}],"collection":[{"href":"https:\/\/site.educa.madrid.org\/cp.sanjuandelacruz.madrid\/index.php\/wp-json\/wp\/v2\/pages"}],"about":[{"href":"https:\/\/site.educa.madrid.org\/cp.sanjuandelacruz.madrid\/index.php\/wp-json\/wp\/v2\/types\/page"}],"author":[{"embeddable":true,"href":"https:\/\/site.educa.madrid.org\/cp.sanjuandelacruz.madrid\/index.php\/wp-json\/wp\/v2\/users\/2"}],"replies":[{"embeddable":true,"href":"https:\/\/site.educa.madrid.org\/cp.sanjuandelacruz.madrid\/index.php\/wp-json\/wp\/v2\/comments?post=521"}],"version-history":[{"count":7,"href":"https:\/\/site.educa.madrid.org\/cp.sanjuandelacruz.madrid\/index.php\/wp-json\/wp\/v2\/pages\/521\/revisions"}],"predecessor-version":[{"id":746,"href":"https:\/\/site.educa.madrid.org\/cp.sanjuandelacruz.madrid\/index.php\/wp-json\/wp\/v2\/pages\/521\/revisions\/746"}],"wp:attachment":[{"href":"https:\/\/site.educa.madrid.org\/cp.sanjuandelacruz.madrid\/index.php\/wp-json\/wp\/v2\/media?parent=521"}],"wp:term":[{"taxonomy":"folder","embeddable":true,"href":"https:\/\/site.educa.madrid.org\/cp.sanjuandelacruz.madrid\/index.php\/wp-json\/wp\/v2\/folder?post=521"}],"curies":[{"name":"wp","href":"https:\/\/api.w.org\/{rel}","templated":true}]}}